{"id":7592,"date":"2022-09-23T21:21:20","date_gmt":"2022-09-23T21:21:20","guid":{"rendered":"https:\/\/eastwings-diagnostics.com\/?post_type=product&#038;p=7592"},"modified":"2022-09-29T12:14:23","modified_gmt":"2022-09-29T12:14:23","slug":"blood-ammonia-meter-pocketchem-ba-pa-4140","status":"publish","type":"product","link":"https:\/\/eastwings-diagnostics.com\/fr\/produit\/blood-ammonia-meter-pocketchem-ba-pa-4140\/","title":{"rendered":"Lecteur d&#039;ammoniac sanguin PocketChem BA PA-4140"},"content":{"rendered":"","protected":false},"excerpt":{"rendered":"<p>PocketChem BA est un appareil de mesure de la taille d&#039;une paume avec une imprimante s\u00e9par\u00e9e et un \u00e9chantillon de sang total est disponible .<\/p>\n<ul>\n<li>N\u00e9cessite 20 \u00b5l de sang total<\/li>\n<li>Seulement 124 (L) x 85 (P) x 38 (H) mm et un poids de 150 g<\/li>\n<li>2 piles s\u00e8ches de taille AA pour la mobilit\u00e9 et\/ou l&#039;adaptateur secteur<\/li>\n<\/ul>\n<h3>Sp\u00e9cifications du PA-4140<\/h3>\n<table class=\"tbl01\">\n<tbody>\n<tr>\n<th>Go\u00fbter<\/th>\n<td>Le sang total<\/td>\n<\/tr>\n<tr>\n<th>Bandelette de test<\/th>\n<td>KIT DE TEST D&#039;AMMONIAC II<\/td>\n<\/tr>\n<tr>\n<th>\u00c9l\u00e9ment de mesure<\/th>\n<td>Concentration d&#039;ammoniaque dans le sang<\/td>\n<\/tr>\n<tr>\n<th>Plage de mesure<\/th>\n<td>10 \u00e0 400 N \u2013 \u03bcg\/dL<\/td>\n<\/tr>\n<tr>\n<th>Principe de mesure<\/th>\n<td>Bandelette de test, m\u00e9thode de r\u00e9flectance \u00e0 une seule longueur d&#039;onde<\/td>\n<\/tr>\n<tr>\n<th>Longueur d&#039;onde de mesure<\/th>\n<td>LED \u00e0 longueur d&#039;onde unique (635 nm)<\/td>\n<\/tr>\n<tr>\n<th>M\u00e9thode d&#039;approvisionnement de l&#039;\u00e9chantillon<\/th>\n<td>Gouttes avec pipette<\/td>\n<\/tr>\n<tr>\n<th>Temps de r\u00e9action<\/th>\n<td>Environ. 3 minutes et 20 secondes par test<\/td>\n<\/tr>\n<tr>\n<th>Temps de pr\u00e9chauffage<\/th>\n<td>Max.10 secondes<\/td>\n<\/tr>\n<tr>\n<th>Types de mesure<\/th>\n<td>Mesure normale, mesure continue et mesure de contr\u00f4le<\/td>\n<\/tr>\n<tr>\n<th>Affichage<\/th>\n<td>LCD<\/td>\n<\/tr>\n<tr>\n<th>Capacit\u00e9 m\u00e9moire<\/th>\n<td>R\u00e9sultats des tests pour 50 \u00e9chantillons<\/td>\n<\/tr>\n<tr>\n<th>Sortie externe<\/th>\n<td>Conformit\u00e9 RS-232 C<\/td>\n<\/tr>\n<tr>\n<th>Compensation thermique<\/th>\n<td>Compensation automatique \u00e0 l&#039;aide d&#039;un capteur de temp\u00e9rature int\u00e9gr\u00e9<\/td>\n<\/tr>\n<tr>\n<th>Environnement d&#039;exploitation<\/th>\n<td>Temp\u00e9rature : 10-35 \u00b0C ; Humidit\u00e9 : 25 \u2013 85 % HR<\/td>\n<\/tr>\n<tr>\n<th>Dimensions<\/th>\n<td>Instrument : 124 (L) \u00d7 85 (P) \u00d7 38 (H) mm<\/td>\n<\/tr>\n<tr>\n<th>Lester<\/th>\n<td>Environ. 150 g (sans piles)<\/td>\n<\/tr>\n<tr>\n<th>Source de courant<\/th>\n<td>Instrument : Deux piles AA ou adaptateur secteur 7,5 VDC 3A<\/td>\n<\/tr>\n<tr>\n<th>Consommation d&#039;\u00e9nergie<\/th>\n<td>Puissance de la batterie : 0,15 W (alimentation secteur : 4 W)<\/td>\n<\/tr>\n<\/tbody>\n<\/table>\n<div class=\"mb10\"><\/div>\n<h3>Sp\u00e9cifications de l&#039;imprimante<\/h3>\n<table class=\"tbl01\">\n<tbody>\n<tr>\n<th>Imprimante<\/th>\n<td>Imprimante ligne thermique<\/td>\n<\/tr>\n<tr>\n<th>Papier d&#039;imprimante<\/th>\n<td>Papier thermique \u00e0 d\u00e9veloppement de couleurs \u00e9lev\u00e9 (L 58 mm \u00d7 26 mm)<\/td>\n<\/tr>\n<tr>\n<th>Dimensions<\/th>\n<td>125 (L) \u00d7 133 (P) \u00d7 36 (H) mm<\/td>\n<\/tr>\n<tr>\n<th>Lester<\/th>\n<td>180 g (hors papier d&#039;imprimante)<\/td>\n<\/tr>\n<tr>\n<th>Source de courant<\/th>\n<td>Adaptateur secteur 7,5 VCC 3A<\/td>\n<\/tr>\n<tr>\n<th>Consommation d&#039;\u00e9nergie<\/th>\n<td>20W<\/td>\n<\/tr>\n<\/tbody>\n<\/table>","protected":false},"featured_media":7614,"template":"","meta":{"nf_dc_page":""},"product_brand":[],"product_cat":[58],"product_tag":[],"class_list":{"0":"post-7592","1":"product","2":"type-product","3":"status-publish","4":"has-post-thumbnail","6":"product_cat-chemistry-electrolytes-blood-gas-analysers","8":"first","9":"instock","10":"shipping-taxable","11":"product-type-simple"},"yoast_head":"<!-- This site is optimized with the Yoast SEO Premium plugin v23.9 (Yoast SEO v27.5) - https:\/\/yoast.com\/product\/yoast-seo-premium-wordpress\/ -->\n<title>Blood Ammonia Meter PocketChem BA PA-4140 - Eastwings Diagnostics Ltd<\/title>\n<meta name=\"description\" content=\"Blood Ammonia Meter PocketChem BA PA-4140 is a palm size meter with the separate printer unit, and whole blood sample is available.\" \/>\n<meta name=\"robots\" content=\"index, follow, max-snippet:-1, max-image-preview:large, max-video-preview:-1\" \/>\n<link rel=\"canonical\" href=\"https:\/\/eastwings-diagnostics.com\/fr\/produit\/blood-ammonia-meter-pocketchem-ba-pa-4140\/\" \/>\n<meta property=\"og:locale\" content=\"fr_FR\" \/>\n<meta property=\"og:type\" content=\"article\" \/>\n<meta property=\"og:title\" content=\"Blood Ammonia Meter PocketChem BA PA-4140\" \/>\n<meta property=\"og:description\" content=\"Blood Ammonia Meter PocketChem BA PA-4140 is a palm size meter with the separate printer unit, and whole blood sample is available.\" \/>\n<meta property=\"og:url\" content=\"https:\/\/eastwings-diagnostics.com\/fr\/produit\/blood-ammonia-meter-pocketchem-ba-pa-4140\/\" \/>\n<meta property=\"og:site_name\" content=\"Eastwings Diagnostics Ltd\" \/>\n<meta property=\"article:modified_time\" content=\"2022-09-29T12:14:23+00:00\" \/>\n<meta property=\"og:image\" content=\"https:\/\/i0.wp.com\/eastwings-diagnostics.com\/wp-content\/uploads\/2022\/09\/BA-4140.jpg?fit=580%2C600&ssl=1\" \/>\n\t<meta property=\"og:image:width\" content=\"580\" \/>\n\t<meta property=\"og:image:height\" content=\"600\" \/>\n\t<meta property=\"og:image:type\" content=\"image\/jpeg\" \/>\n<meta name=\"twitter:card\" content=\"summary_large_image\" \/>\n<meta name=\"twitter:site\" content=\"@eastwings3\" \/>\n<script type=\"application\/ld+json\" class=\"yoast-schema-graph\">{\"@context\":\"https:\\\/\\\/schema.org\",\"@graph\":[{\"@type\":\"WebPage\",\"@id\":\"https:\\\/\\\/eastwings-diagnostics.com\\\/product\\\/blood-ammonia-meter-pocketchem-ba-pa-4140\\\/\",\"url\":\"https:\\\/\\\/eastwings-diagnostics.com\\\/product\\\/blood-ammonia-meter-pocketchem-ba-pa-4140\\\/\",\"name\":\"Blood Ammonia Meter PocketChem BA PA-4140 - Eastwings Diagnostics Ltd\",\"isPartOf\":{\"@id\":\"https:\\\/\\\/eastwings-diagnostics.com\\\/#website\"},\"primaryImageOfPage\":{\"@id\":\"https:\\\/\\\/eastwings-diagnostics.com\\\/product\\\/blood-ammonia-meter-pocketchem-ba-pa-4140\\\/#primaryimage\"},\"image\":{\"@id\":\"https:\\\/\\\/eastwings-diagnostics.com\\\/product\\\/blood-ammonia-meter-pocketchem-ba-pa-4140\\\/#primaryimage\"},\"thumbnailUrl\":\"https:\\\/\\\/i0.wp.com\\\/eastwings-diagnostics.com\\\/wp-content\\\/uploads\\\/2022\\\/09\\\/BA-4140.jpg?fit=580%2C600&ssl=1\",\"datePublished\":\"2022-09-23T21:21:20+00:00\",\"dateModified\":\"2022-09-29T12:14:23+00:00\",\"description\":\"Blood Ammonia Meter PocketChem BA PA-4140 is a palm size meter with the separate printer unit, and whole blood sample is available.\",\"breadcrumb\":{\"@id\":\"https:\\\/\\\/eastwings-diagnostics.com\\\/product\\\/blood-ammonia-meter-pocketchem-ba-pa-4140\\\/#breadcrumb\"},\"inLanguage\":\"fr-FR\",\"potentialAction\":[{\"@type\":\"ReadAction\",\"target\":[\"https:\\\/\\\/eastwings-diagnostics.com\\\/product\\\/blood-ammonia-meter-pocketchem-ba-pa-4140\\\/\"]}]},{\"@type\":\"ImageObject\",\"inLanguage\":\"fr-FR\",\"@id\":\"https:\\\/\\\/eastwings-diagnostics.com\\\/product\\\/blood-ammonia-meter-pocketchem-ba-pa-4140\\\/#primaryimage\",\"url\":\"https:\\\/\\\/i0.wp.com\\\/eastwings-diagnostics.com\\\/wp-content\\\/uploads\\\/2022\\\/09\\\/BA-4140.jpg?fit=580%2C600&ssl=1\",\"contentUrl\":\"https:\\\/\\\/i0.wp.com\\\/eastwings-diagnostics.com\\\/wp-content\\\/uploads\\\/2022\\\/09\\\/BA-4140.jpg?fit=580%2C600&ssl=1\",\"width\":580,\"height\":600,\"caption\":\"PocketChem BA PA-4140\"},{\"@type\":\"BreadcrumbList\",\"@id\":\"https:\\\/\\\/eastwings-diagnostics.com\\\/product\\\/blood-ammonia-meter-pocketchem-ba-pa-4140\\\/#breadcrumb\",\"itemListElement\":[{\"@type\":\"ListItem\",\"position\":1,\"name\":\"Home\",\"item\":\"https:\\\/\\\/eastwings-diagnostics.com\\\/\"},{\"@type\":\"ListItem\",\"position\":2,\"name\":\"Products\",\"item\":\"https:\\\/\\\/eastwings-diagnostics.com\\\/products\\\/\"},{\"@type\":\"ListItem\",\"position\":3,\"name\":\"Blood Ammonia Meter PocketChem BA PA-4140\"}]},{\"@type\":\"WebSite\",\"@id\":\"https:\\\/\\\/eastwings-diagnostics.com\\\/#website\",\"url\":\"https:\\\/\\\/eastwings-diagnostics.com\\\/\",\"name\":\"Eastwings Diagnostics Ltd\",\"description\":\"\",\"publisher\":{\"@id\":\"https:\\\/\\\/eastwings-diagnostics.com\\\/#organization\"},\"potentialAction\":[{\"@type\":\"SearchAction\",\"target\":{\"@type\":\"EntryPoint\",\"urlTemplate\":\"https:\\\/\\\/eastwings-diagnostics.com\\\/?s={search_term_string}\"},\"query-input\":{\"@type\":\"PropertyValueSpecification\",\"valueRequired\":true,\"valueName\":\"search_term_string\"}}],\"inLanguage\":\"fr-FR\"},{\"@type\":\"Organization\",\"@id\":\"https:\\\/\\\/eastwings-diagnostics.com\\\/#organization\",\"name\":\"Eastwings Diagnostics LTD\",\"url\":\"https:\\\/\\\/eastwings-diagnostics.com\\\/\",\"logo\":{\"@type\":\"ImageObject\",\"inLanguage\":\"fr-FR\",\"@id\":\"https:\\\/\\\/eastwings-diagnostics.com\\\/#\\\/schema\\\/logo\\\/image\\\/\",\"url\":\"https:\\\/\\\/eastwings-diagnostics.com\\\/wp-content\\\/uploads\\\/2021\\\/11\\\/eastwingss-diaa.png\",\"contentUrl\":\"https:\\\/\\\/eastwings-diagnostics.com\\\/wp-content\\\/uploads\\\/2021\\\/11\\\/eastwingss-diaa.png\",\"width\":512,\"height\":120,\"caption\":\"Eastwings Diagnostics LTD\"},\"image\":{\"@id\":\"https:\\\/\\\/eastwings-diagnostics.com\\\/#\\\/schema\\\/logo\\\/image\\\/\"},\"sameAs\":[\"https:\\\/\\\/x.com\\\/eastwings3\",\"http:\\\/\\\/www.linkedin.com\\\/in\\\/eastwings-diagnostics-213031226\"]}]}<\/script>\n<!-- \/ Yoast SEO Premium plugin. -->","yoast_head_json":{"title":"Blood Ammonia Meter PocketChem BA PA-4140 - Eastwings Diagnostics Ltd","description":"Blood Ammonia Meter PocketChem BA PA-4140 is a palm size meter with the separate printer unit, and whole blood sample is available.","robots":{"index":"index","follow":"follow","max-snippet":"max-snippet:-1","max-image-preview":"max-image-preview:large","max-video-preview":"max-video-preview:-1"},"canonical":"https:\/\/eastwings-diagnostics.com\/fr\/produit\/blood-ammonia-meter-pocketchem-ba-pa-4140\/","og_locale":"fr_FR","og_type":"article","og_title":"Blood Ammonia Meter PocketChem BA PA-4140","og_description":"Blood Ammonia Meter PocketChem BA PA-4140 is a palm size meter with the separate printer unit, and whole blood sample is available.","og_url":"https:\/\/eastwings-diagnostics.com\/fr\/produit\/blood-ammonia-meter-pocketchem-ba-pa-4140\/","og_site_name":"Eastwings Diagnostics Ltd","article_modified_time":"2022-09-29T12:14:23+00:00","og_image":[{"width":580,"height":600,"url":"https:\/\/i0.wp.com\/eastwings-diagnostics.com\/wp-content\/uploads\/2022\/09\/BA-4140.jpg?fit=580%2C600&ssl=1","type":"image\/jpeg"}],"twitter_card":"summary_large_image","twitter_site":"@eastwings3","schema":{"@context":"https:\/\/schema.org","@graph":[{"@type":"WebPage","@id":"https:\/\/eastwings-diagnostics.com\/product\/blood-ammonia-meter-pocketchem-ba-pa-4140\/","url":"https:\/\/eastwings-diagnostics.com\/product\/blood-ammonia-meter-pocketchem-ba-pa-4140\/","name":"Blood Ammonia Meter PocketChem BA PA-4140 - Eastwings Diagnostics Ltd","isPartOf":{"@id":"https:\/\/eastwings-diagnostics.com\/#website"},"primaryImageOfPage":{"@id":"https:\/\/eastwings-diagnostics.com\/product\/blood-ammonia-meter-pocketchem-ba-pa-4140\/#primaryimage"},"image":{"@id":"https:\/\/eastwings-diagnostics.com\/product\/blood-ammonia-meter-pocketchem-ba-pa-4140\/#primaryimage"},"thumbnailUrl":"https:\/\/i0.wp.com\/eastwings-diagnostics.com\/wp-content\/uploads\/2022\/09\/BA-4140.jpg?fit=580%2C600&ssl=1","datePublished":"2022-09-23T21:21:20+00:00","dateModified":"2022-09-29T12:14:23+00:00","description":"Blood Ammonia Meter PocketChem BA PA-4140 is a palm size meter with the separate printer unit, and whole blood sample is available.","breadcrumb":{"@id":"https:\/\/eastwings-diagnostics.com\/product\/blood-ammonia-meter-pocketchem-ba-pa-4140\/#breadcrumb"},"inLanguage":"fr-FR","potentialAction":[{"@type":"ReadAction","target":["https:\/\/eastwings-diagnostics.com\/product\/blood-ammonia-meter-pocketchem-ba-pa-4140\/"]}]},{"@type":"ImageObject","inLanguage":"fr-FR","@id":"https:\/\/eastwings-diagnostics.com\/product\/blood-ammonia-meter-pocketchem-ba-pa-4140\/#primaryimage","url":"https:\/\/i0.wp.com\/eastwings-diagnostics.com\/wp-content\/uploads\/2022\/09\/BA-4140.jpg?fit=580%2C600&ssl=1","contentUrl":"https:\/\/i0.wp.com\/eastwings-diagnostics.com\/wp-content\/uploads\/2022\/09\/BA-4140.jpg?fit=580%2C600&ssl=1","width":580,"height":600,"caption":"PocketChem BA PA-4140"},{"@type":"BreadcrumbList","@id":"https:\/\/eastwings-diagnostics.com\/product\/blood-ammonia-meter-pocketchem-ba-pa-4140\/#breadcrumb","itemListElement":[{"@type":"ListItem","position":1,"name":"Home","item":"https:\/\/eastwings-diagnostics.com\/"},{"@type":"ListItem","position":2,"name":"Products","item":"https:\/\/eastwings-diagnostics.com\/products\/"},{"@type":"ListItem","position":3,"name":"Blood Ammonia Meter PocketChem BA PA-4140"}]},{"@type":"WebSite","@id":"https:\/\/eastwings-diagnostics.com\/#website","url":"https:\/\/eastwings-diagnostics.com\/","name":"Eastwings Diagnostics Ltd","description":"","publisher":{"@id":"https:\/\/eastwings-diagnostics.com\/#organization"},"potentialAction":[{"@type":"SearchAction","target":{"@type":"EntryPoint","urlTemplate":"https:\/\/eastwings-diagnostics.com\/?s={search_term_string}"},"query-input":{"@type":"PropertyValueSpecification","valueRequired":true,"valueName":"search_term_string"}}],"inLanguage":"fr-FR"},{"@type":"Organization","@id":"https:\/\/eastwings-diagnostics.com\/#organization","name":"Eastwings Diagnostics LTD","url":"https:\/\/eastwings-diagnostics.com\/","logo":{"@type":"ImageObject","inLanguage":"fr-FR","@id":"https:\/\/eastwings-diagnostics.com\/#\/schema\/logo\/image\/","url":"https:\/\/eastwings-diagnostics.com\/wp-content\/uploads\/2021\/11\/eastwingss-diaa.png","contentUrl":"https:\/\/eastwings-diagnostics.com\/wp-content\/uploads\/2021\/11\/eastwingss-diaa.png","width":512,"height":120,"caption":"Eastwings Diagnostics LTD"},"image":{"@id":"https:\/\/eastwings-diagnostics.com\/#\/schema\/logo\/image\/"},"sameAs":["https:\/\/x.com\/eastwings3","http:\/\/www.linkedin.com\/in\/eastwings-diagnostics-213031226"]}]}},"jetpack_sharing_enabled":true,"_links":{"self":[{"href":"https:\/\/eastwings-diagnostics.com\/fr\/wp-json\/wp\/v2\/product\/7592","targetHints":{"allow":["GET"]}}],"collection":[{"href":"https:\/\/eastwings-diagnostics.com\/fr\/wp-json\/wp\/v2\/product"}],"about":[{"href":"https:\/\/eastwings-diagnostics.com\/fr\/wp-json\/wp\/v2\/types\/product"}],"wp:featuredmedia":[{"embeddable":true,"href":"https:\/\/eastwings-diagnostics.com\/fr\/wp-json\/wp\/v2\/media\/7614"}],"wp:attachment":[{"href":"https:\/\/eastwings-diagnostics.com\/fr\/wp-json\/wp\/v2\/media?parent=7592"}],"wp:term":[{"taxonomy":"product_brand","embeddable":true,"href":"https:\/\/eastwings-diagnostics.com\/fr\/wp-json\/wp\/v2\/product_brand?post=7592"},{"taxonomy":"product_cat","embeddable":true,"href":"https:\/\/eastwings-diagnostics.com\/fr\/wp-json\/wp\/v2\/product_cat?post=7592"},{"taxonomy":"product_tag","embeddable":true,"href":"https:\/\/eastwings-diagnostics.com\/fr\/wp-json\/wp\/v2\/product_tag?post=7592"}],"curies":[{"name":"wp","href":"https:\/\/api.w.org\/{rel}","templated":true}]}}