{"id":7588,"date":"2022-09-23T21:00:32","date_gmt":"2022-09-23T21:00:32","guid":{"rendered":"https:\/\/eastwings-diagnostics.com\/?post_type=product&#038;p=7588"},"modified":"2022-10-01T16:20:57","modified_gmt":"2022-10-01T16:20:57","slug":"automated-analyzer-for-clinical-chemistry-spotchem-ez-sp-4430","status":"publish","type":"product","link":"https:\/\/eastwings-diagnostics.com\/fr\/produit\/automated-analyzer-for-clinical-chemistry-spotchem-ez-sp-4430\/","title":{"rendered":"Analyseur automatis\u00e9 pour la chimie clinique SPOTCHEM EZ SP-4430"},"content":{"rendered":"","protected":false},"excerpt":{"rendered":"<p>SPOTCHEM EZ effectue facilement des mesures biochimiques avec la m\u00e9thode s\u00e8che et le r\u00e9actif en phase solide. Une centrifugeuse compacte int\u00e9gr\u00e9e r\u00e9duit le pr\u00e9traitement des \u00e9chantillons avant la mesure.<\/p>\n<ul>\n<li>Taille compacte et l\u00e9g\u00e8re - L&#039;espace d&#039;un seul format de papier A4 est n\u00e9cessaire pour l&#039;installation<\/li>\n<li>Centrifugeuse compacte int\u00e9gr\u00e9e<\/li>\n<li>Op\u00e9ration simple<\/li>\n<li>Calibrage facile avec carte magn\u00e9tique<\/li>\n<li>R\u00e9actif multi-type (avec 5 ou 6 \u00e9l\u00e9ments) par maladie<\/li>\n<li>La gestion par code barre est disponible.<\/li>\n<\/ul>\n<h3>Caract\u00e9ristiques<\/h3>\n<table class=\"tbl01\">\n<tbody>\n<tr>\n<th>Go\u00fbter<\/th>\n<td>S\u00e9rum, Plasma, Sang total<\/td>\n<\/tr>\n<tr>\n<th>\u00c9l\u00e9ment de mesure<\/th>\n<td>Glu, UA, T-Cho, TG, BUN, T-Bil, Ca, T-Pro, Alb, GOT, GPT, LDH, CPK, Amy, GGT, ALP, Cre2, HDL-C, FRA, IP, Mg ( Nombre total d&#039;items\u00a0: 21)<br \/>\nUn maximum de 9 \u00e9l\u00e9ments de mesure simultan\u00e9e est disponible<\/td>\n<\/tr>\n<tr>\n<th>Longueur d&#039;onde de mesure<\/th>\n<td>5 longueurs d&#039;onde (405, 550, 575, 610 et 820 nm)<\/td>\n<\/tr>\n<tr>\n<th>Principe de mesure<\/th>\n<td>Mesure optique de l&#039;intensit\u00e9 de r\u00e9flexion de la r\u00e9action color\u00e9e du r\u00e9actif<\/td>\n<\/tr>\n<tr>\n<th>Bandelette r\u00e9active<\/th>\n<td>Bandelette r\u00e9active SPOTCHEM II<\/td>\n<\/tr>\n<tr>\n<th>Vitesse de traitement<\/th>\n<td>63 articles par heure<\/td>\n<\/tr>\n<tr>\n<th>Volume minimal d&#039;\u00e9chantillon<\/th>\n<td>6 \u00d7 le nombre d&#039;\u00e9l\u00e9ments de mesure + 38 \u03bcL : s\u00e9rum, plasma<\/td>\n<\/tr>\n<tr>\n<th>Consommation d&#039;\u00e9chantillon<\/th>\n<td>4 \u2013 6 \u03bcL (pour 1 \u00e9l\u00e9ment de mesure) : s\u00e9rum, plasma<\/td>\n<\/tr>\n<tr>\n<th>Conteneur d&#039;\u00e9chantillon<\/th>\n<td>Sang total\u00a0: tube de pr\u00e9l\u00e8vement de sang total exclusif, tube \u00e0 centrifuger<br \/>\nS\u00e9rum, plasma : tube \u00e9chantillon de s\u00e9rum exclusif<\/td>\n<\/tr>\n<tr>\n<th>Source de lumi\u00e8re<\/th>\n<td>LED et filtre d&#039;interf\u00e9rence<\/td>\n<\/tr>\n<tr>\n<th>Volume de stockage de donn\u00e9es<\/th>\n<td>100 essais<\/td>\n<\/tr>\n<tr>\n<th>Affichage<\/th>\n<td>LCD 20 chiffres \u00d7 2 lignes<\/td>\n<\/tr>\n<tr>\n<th>Imprimante int\u00e9gr\u00e9e<\/th>\n<td>Imprimante thermique 36 caract\u00e8res (largeur 58 mm)<\/td>\n<\/tr>\n<tr>\n<th>Sortie externe<\/th>\n<td>Interface RS-232C<\/td>\n<\/tr>\n<tr>\n<th>Conditions de mesure<\/th>\n<td>Temp\u00e9rature : 10 \u2013 30 \u00b0C<br \/>\nHumidit\u00e9 : 20 \u2013 80 % HR (sans condensation)<\/td>\n<\/tr>\n<tr>\n<th>Source de courant<\/th>\n<td>CA100 \u2013 120 V, 220 \u2013 240 V<br \/>\n50\/60 Hz (adaptateur secteur)<\/td>\n<\/tr>\n<tr>\n<th>Dimensions<\/th>\n<td>338 mm (L) \u00d7 203 mm (P) \u00d7 167 mm (H)<\/td>\n<\/tr>\n<tr>\n<th>Lester<\/th>\n<td>Environ 5,4 kg<\/td>\n<\/tr>\n<tr>\n<th>Entr\u00e9e de puissance<\/th>\n<td>Max. 100VA<\/td>\n<\/tr>\n<\/tbody>\n<\/table>","protected":false},"featured_media":7624,"template":"","meta":{"nf_dc_page":""},"product_brand":[],"product_cat":[58],"product_tag":[],"class_list":{"0":"post-7588","1":"product","2":"type-product","3":"status-publish","4":"has-post-thumbnail","6":"product_cat-chemistry-electrolytes-blood-gas-analysers","8":"first","9":"instock","10":"shipping-taxable","11":"product-type-simple"},"yoast_head":"<!-- This site is optimized with the Yoast SEO Premium plugin v23.9 (Yoast SEO v27.4) - https:\/\/yoast.com\/product\/yoast-seo-premium-wordpress\/ -->\n<title>Automated Analyzer for Clinical Chemistry SPOTCHEM EZ SP-4430 - Eastwings Diagnostics Ltd<\/title>\n<meta name=\"description\" content=\"SPOTCHEM EZ performs biochemical measurements easily with the dry method and solid phase reagent. A built-in compact centrifuge reduces...\" \/>\n<meta name=\"robots\" content=\"index, follow, max-snippet:-1, max-image-preview:large, max-video-preview:-1\" \/>\n<link rel=\"canonical\" href=\"https:\/\/eastwings-diagnostics.com\/fr\/produit\/automated-analyzer-for-clinical-chemistry-spotchem-ez-sp-4430\/\" \/>\n<meta property=\"og:locale\" content=\"fr_FR\" \/>\n<meta property=\"og:type\" content=\"article\" \/>\n<meta property=\"og:title\" content=\"Automated Analyzer for Clinical Chemistry SPOTCHEM EZ SP-4430\" \/>\n<meta property=\"og:description\" content=\"SPOTCHEM EZ performs biochemical measurements easily with the dry method and solid phase reagent. A built-in compact centrifuge reduces...\" \/>\n<meta property=\"og:url\" content=\"https:\/\/eastwings-diagnostics.com\/fr\/produit\/automated-analyzer-for-clinical-chemistry-spotchem-ez-sp-4430\/\" \/>\n<meta property=\"og:site_name\" content=\"Eastwings Diagnostics Ltd\" \/>\n<meta property=\"article:modified_time\" content=\"2022-10-01T16:20:57+00:00\" \/>\n<meta property=\"og:image\" content=\"https:\/\/eastwings-diagnostics.com\/wp-content\/uploads\/2022\/09\/SP-1-1024x853.jpg\" \/>\n\t<meta property=\"og:image:width\" content=\"1024\" \/>\n\t<meta property=\"og:image:height\" content=\"853\" \/>\n\t<meta property=\"og:image:type\" content=\"image\/jpeg\" \/>\n<meta name=\"twitter:card\" content=\"summary_large_image\" \/>\n<meta name=\"twitter:site\" content=\"@eastwings3\" \/>\n<script type=\"application\/ld+json\" class=\"yoast-schema-graph\">{\"@context\":\"https:\\\/\\\/schema.org\",\"@graph\":[{\"@type\":\"WebPage\",\"@id\":\"https:\\\/\\\/eastwings-diagnostics.com\\\/product\\\/automated-analyzer-for-clinical-chemistry-spotchem-ez-sp-4430\\\/\",\"url\":\"https:\\\/\\\/eastwings-diagnostics.com\\\/product\\\/automated-analyzer-for-clinical-chemistry-spotchem-ez-sp-4430\\\/\",\"name\":\"Automated Analyzer for Clinical Chemistry SPOTCHEM EZ SP-4430 - Eastwings Diagnostics Ltd\",\"isPartOf\":{\"@id\":\"https:\\\/\\\/eastwings-diagnostics.com\\\/#website\"},\"primaryImageOfPage\":{\"@id\":\"https:\\\/\\\/eastwings-diagnostics.com\\\/product\\\/automated-analyzer-for-clinical-chemistry-spotchem-ez-sp-4430\\\/#primaryimage\"},\"image\":{\"@id\":\"https:\\\/\\\/eastwings-diagnostics.com\\\/product\\\/automated-analyzer-for-clinical-chemistry-spotchem-ez-sp-4430\\\/#primaryimage\"},\"thumbnailUrl\":\"https:\\\/\\\/i0.wp.com\\\/eastwings-diagnostics.com\\\/wp-content\\\/uploads\\\/2022\\\/09\\\/SP-1.jpg?fit=2067%2C1722&ssl=1\",\"datePublished\":\"2022-09-23T21:00:32+00:00\",\"dateModified\":\"2022-10-01T16:20:57+00:00\",\"description\":\"SPOTCHEM EZ performs biochemical measurements easily with the dry method and solid phase reagent. A built-in compact centrifuge reduces...\",\"breadcrumb\":{\"@id\":\"https:\\\/\\\/eastwings-diagnostics.com\\\/product\\\/automated-analyzer-for-clinical-chemistry-spotchem-ez-sp-4430\\\/#breadcrumb\"},\"inLanguage\":\"fr-FR\",\"potentialAction\":[{\"@type\":\"ReadAction\",\"target\":[\"https:\\\/\\\/eastwings-diagnostics.com\\\/product\\\/automated-analyzer-for-clinical-chemistry-spotchem-ez-sp-4430\\\/\"]}]},{\"@type\":\"ImageObject\",\"inLanguage\":\"fr-FR\",\"@id\":\"https:\\\/\\\/eastwings-diagnostics.com\\\/product\\\/automated-analyzer-for-clinical-chemistry-spotchem-ez-sp-4430\\\/#primaryimage\",\"url\":\"https:\\\/\\\/i0.wp.com\\\/eastwings-diagnostics.com\\\/wp-content\\\/uploads\\\/2022\\\/09\\\/SP-1.jpg?fit=2067%2C1722&ssl=1\",\"contentUrl\":\"https:\\\/\\\/i0.wp.com\\\/eastwings-diagnostics.com\\\/wp-content\\\/uploads\\\/2022\\\/09\\\/SP-1.jpg?fit=2067%2C1722&ssl=1\",\"width\":2067,\"height\":1722,\"caption\":\"SPOTCHEM EZ SP-4430\"},{\"@type\":\"BreadcrumbList\",\"@id\":\"https:\\\/\\\/eastwings-diagnostics.com\\\/product\\\/automated-analyzer-for-clinical-chemistry-spotchem-ez-sp-4430\\\/#breadcrumb\",\"itemListElement\":[{\"@type\":\"ListItem\",\"position\":1,\"name\":\"Home\",\"item\":\"https:\\\/\\\/eastwings-diagnostics.com\\\/\"},{\"@type\":\"ListItem\",\"position\":2,\"name\":\"Products\",\"item\":\"https:\\\/\\\/eastwings-diagnostics.com\\\/products\\\/\"},{\"@type\":\"ListItem\",\"position\":3,\"name\":\"Automated Analyzer for Clinical Chemistry SPOTCHEM EZ SP-4430\"}]},{\"@type\":\"WebSite\",\"@id\":\"https:\\\/\\\/eastwings-diagnostics.com\\\/#website\",\"url\":\"https:\\\/\\\/eastwings-diagnostics.com\\\/\",\"name\":\"Eastwings Diagnostics Ltd\",\"description\":\"\",\"publisher\":{\"@id\":\"https:\\\/\\\/eastwings-diagnostics.com\\\/#organization\"},\"potentialAction\":[{\"@type\":\"SearchAction\",\"target\":{\"@type\":\"EntryPoint\",\"urlTemplate\":\"https:\\\/\\\/eastwings-diagnostics.com\\\/?s={search_term_string}\"},\"query-input\":{\"@type\":\"PropertyValueSpecification\",\"valueRequired\":true,\"valueName\":\"search_term_string\"}}],\"inLanguage\":\"fr-FR\"},{\"@type\":\"Organization\",\"@id\":\"https:\\\/\\\/eastwings-diagnostics.com\\\/#organization\",\"name\":\"Eastwings Diagnostics LTD\",\"url\":\"https:\\\/\\\/eastwings-diagnostics.com\\\/\",\"logo\":{\"@type\":\"ImageObject\",\"inLanguage\":\"fr-FR\",\"@id\":\"https:\\\/\\\/eastwings-diagnostics.com\\\/#\\\/schema\\\/logo\\\/image\\\/\",\"url\":\"https:\\\/\\\/eastwings-diagnostics.com\\\/wp-content\\\/uploads\\\/2021\\\/11\\\/eastwingss-diaa.png\",\"contentUrl\":\"https:\\\/\\\/eastwings-diagnostics.com\\\/wp-content\\\/uploads\\\/2021\\\/11\\\/eastwingss-diaa.png\",\"width\":512,\"height\":120,\"caption\":\"Eastwings Diagnostics LTD\"},\"image\":{\"@id\":\"https:\\\/\\\/eastwings-diagnostics.com\\\/#\\\/schema\\\/logo\\\/image\\\/\"},\"sameAs\":[\"https:\\\/\\\/x.com\\\/eastwings3\",\"http:\\\/\\\/www.linkedin.com\\\/in\\\/eastwings-diagnostics-213031226\"]}]}<\/script>\n<!-- \/ Yoast SEO Premium plugin. -->","yoast_head_json":{"title":"Automated Analyzer for Clinical Chemistry SPOTCHEM EZ SP-4430 - Eastwings Diagnostics Ltd","description":"SPOTCHEM EZ performs biochemical measurements easily with the dry method and solid phase reagent. A built-in compact centrifuge reduces...","robots":{"index":"index","follow":"follow","max-snippet":"max-snippet:-1","max-image-preview":"max-image-preview:large","max-video-preview":"max-video-preview:-1"},"canonical":"https:\/\/eastwings-diagnostics.com\/fr\/produit\/automated-analyzer-for-clinical-chemistry-spotchem-ez-sp-4430\/","og_locale":"fr_FR","og_type":"article","og_title":"Automated Analyzer for Clinical Chemistry SPOTCHEM EZ SP-4430","og_description":"SPOTCHEM EZ performs biochemical measurements easily with the dry method and solid phase reagent. A built-in compact centrifuge reduces...","og_url":"https:\/\/eastwings-diagnostics.com\/fr\/produit\/automated-analyzer-for-clinical-chemistry-spotchem-ez-sp-4430\/","og_site_name":"Eastwings Diagnostics Ltd","article_modified_time":"2022-10-01T16:20:57+00:00","og_image":[{"width":1024,"height":853,"url":"https:\/\/eastwings-diagnostics.com\/wp-content\/uploads\/2022\/09\/SP-1-1024x853.jpg","type":"image\/jpeg"}],"twitter_card":"summary_large_image","twitter_site":"@eastwings3","schema":{"@context":"https:\/\/schema.org","@graph":[{"@type":"WebPage","@id":"https:\/\/eastwings-diagnostics.com\/product\/automated-analyzer-for-clinical-chemistry-spotchem-ez-sp-4430\/","url":"https:\/\/eastwings-diagnostics.com\/product\/automated-analyzer-for-clinical-chemistry-spotchem-ez-sp-4430\/","name":"Automated Analyzer for Clinical Chemistry SPOTCHEM EZ SP-4430 - Eastwings Diagnostics Ltd","isPartOf":{"@id":"https:\/\/eastwings-diagnostics.com\/#website"},"primaryImageOfPage":{"@id":"https:\/\/eastwings-diagnostics.com\/product\/automated-analyzer-for-clinical-chemistry-spotchem-ez-sp-4430\/#primaryimage"},"image":{"@id":"https:\/\/eastwings-diagnostics.com\/product\/automated-analyzer-for-clinical-chemistry-spotchem-ez-sp-4430\/#primaryimage"},"thumbnailUrl":"https:\/\/i0.wp.com\/eastwings-diagnostics.com\/wp-content\/uploads\/2022\/09\/SP-1.jpg?fit=2067%2C1722&ssl=1","datePublished":"2022-09-23T21:00:32+00:00","dateModified":"2022-10-01T16:20:57+00:00","description":"SPOTCHEM EZ performs biochemical measurements easily with the dry method and solid phase reagent. A built-in compact centrifuge reduces...","breadcrumb":{"@id":"https:\/\/eastwings-diagnostics.com\/product\/automated-analyzer-for-clinical-chemistry-spotchem-ez-sp-4430\/#breadcrumb"},"inLanguage":"fr-FR","potentialAction":[{"@type":"ReadAction","target":["https:\/\/eastwings-diagnostics.com\/product\/automated-analyzer-for-clinical-chemistry-spotchem-ez-sp-4430\/"]}]},{"@type":"ImageObject","inLanguage":"fr-FR","@id":"https:\/\/eastwings-diagnostics.com\/product\/automated-analyzer-for-clinical-chemistry-spotchem-ez-sp-4430\/#primaryimage","url":"https:\/\/i0.wp.com\/eastwings-diagnostics.com\/wp-content\/uploads\/2022\/09\/SP-1.jpg?fit=2067%2C1722&ssl=1","contentUrl":"https:\/\/i0.wp.com\/eastwings-diagnostics.com\/wp-content\/uploads\/2022\/09\/SP-1.jpg?fit=2067%2C1722&ssl=1","width":2067,"height":1722,"caption":"SPOTCHEM EZ SP-4430"},{"@type":"BreadcrumbList","@id":"https:\/\/eastwings-diagnostics.com\/product\/automated-analyzer-for-clinical-chemistry-spotchem-ez-sp-4430\/#breadcrumb","itemListElement":[{"@type":"ListItem","position":1,"name":"Home","item":"https:\/\/eastwings-diagnostics.com\/"},{"@type":"ListItem","position":2,"name":"Products","item":"https:\/\/eastwings-diagnostics.com\/products\/"},{"@type":"ListItem","position":3,"name":"Automated Analyzer for Clinical Chemistry SPOTCHEM EZ SP-4430"}]},{"@type":"WebSite","@id":"https:\/\/eastwings-diagnostics.com\/#website","url":"https:\/\/eastwings-diagnostics.com\/","name":"Eastwings Diagnostics Ltd","description":"","publisher":{"@id":"https:\/\/eastwings-diagnostics.com\/#organization"},"potentialAction":[{"@type":"SearchAction","target":{"@type":"EntryPoint","urlTemplate":"https:\/\/eastwings-diagnostics.com\/?s={search_term_string}"},"query-input":{"@type":"PropertyValueSpecification","valueRequired":true,"valueName":"search_term_string"}}],"inLanguage":"fr-FR"},{"@type":"Organization","@id":"https:\/\/eastwings-diagnostics.com\/#organization","name":"Eastwings Diagnostics LTD","url":"https:\/\/eastwings-diagnostics.com\/","logo":{"@type":"ImageObject","inLanguage":"fr-FR","@id":"https:\/\/eastwings-diagnostics.com\/#\/schema\/logo\/image\/","url":"https:\/\/eastwings-diagnostics.com\/wp-content\/uploads\/2021\/11\/eastwingss-diaa.png","contentUrl":"https:\/\/eastwings-diagnostics.com\/wp-content\/uploads\/2021\/11\/eastwingss-diaa.png","width":512,"height":120,"caption":"Eastwings Diagnostics LTD"},"image":{"@id":"https:\/\/eastwings-diagnostics.com\/#\/schema\/logo\/image\/"},"sameAs":["https:\/\/x.com\/eastwings3","http:\/\/www.linkedin.com\/in\/eastwings-diagnostics-213031226"]}]}},"jetpack_sharing_enabled":true,"_links":{"self":[{"href":"https:\/\/eastwings-diagnostics.com\/fr\/wp-json\/wp\/v2\/product\/7588","targetHints":{"allow":["GET"]}}],"collection":[{"href":"https:\/\/eastwings-diagnostics.com\/fr\/wp-json\/wp\/v2\/product"}],"about":[{"href":"https:\/\/eastwings-diagnostics.com\/fr\/wp-json\/wp\/v2\/types\/product"}],"wp:featuredmedia":[{"embeddable":true,"href":"https:\/\/eastwings-diagnostics.com\/fr\/wp-json\/wp\/v2\/media\/7624"}],"wp:attachment":[{"href":"https:\/\/eastwings-diagnostics.com\/fr\/wp-json\/wp\/v2\/media?parent=7588"}],"wp:term":[{"taxonomy":"product_brand","embeddable":true,"href":"https:\/\/eastwings-diagnostics.com\/fr\/wp-json\/wp\/v2\/product_brand?post=7588"},{"taxonomy":"product_cat","embeddable":true,"href":"https:\/\/eastwings-diagnostics.com\/fr\/wp-json\/wp\/v2\/product_cat?post=7588"},{"taxonomy":"product_tag","embeddable":true,"href":"https:\/\/eastwings-diagnostics.com\/fr\/wp-json\/wp\/v2\/product_tag?post=7588"}],"curies":[{"name":"wp","href":"https:\/\/api.w.org\/{rel}","templated":true}]}}