{"id":7584,"date":"2022-09-23T20:49:53","date_gmt":"2022-09-23T20:49:53","guid":{"rendered":"https:\/\/eastwings-diagnostics.com\/?post_type=product&#038;p=7584"},"modified":"2022-10-01T13:27:55","modified_gmt":"2022-10-01T13:27:55","slug":"automatic-glycohemoglobin-analyzer-the-lab-001","status":"publish","type":"product","link":"https:\/\/eastwings-diagnostics.com\/fr\/produit\/automatic-glycohemoglobin-analyzer-the-lab-001\/","title":{"rendered":"Analyseur automatique de glycoh\u00e9moglobine The Lab 001"},"content":{"rendered":"","protected":false},"excerpt":{"rendered":"<p class=\"bold mb0\"><strong>Utilisant du sang total capillaire, le Lab 001 effectue la mesure en seulement 90 secondes.<\/strong><\/p>\n<p class=\"bold mb0\"><strong>Le principe de mesure innovant du Lab 001 am\u00e9liore la rapidit\u00e9 de l&#039;analyseur.<\/strong><\/p>\n<p>En introduisant le principe de mesure par \u00e9lectrophor\u00e8se capillaire avec la technologie des micropuces, nous avons pu r\u00e9duire la vitesse \u00e0 seulement 90 secondes. Avec The Lab 001, nous pr\u00e9sentons d&#039;excellentes performances dans un design compact.<\/p>\n<p class=\"bold mb0\"><strong>Convivialit\u00e9<\/strong><\/p>\n<p>La mesure est possible simplement en appliquant du sang total sur une cartouche de r\u00e9actif jetable et en l&#039;ins\u00e9rant dans l&#039;analyseur.<br \/>\nL&#039;\u00e9limination des d\u00e9chets liquides et l&#039;\u00e9talonnage permettent de gagner du temps dans le fonctionnement quotidien. Le sang total du bout des doigts peut \u00eatre utilis\u00e9 pour la mesure, ce qui r\u00e9duit la charge des patients.<\/p>\n<div class=\"flexb\">\n<div class=\"flexitem item1\">\n<figure style=\"width: 190px\" class=\"wp-caption alignleft\"><img decoding=\"async\" class=\"mt-image-none\" src=\"https:\/\/www.arkray.eu\/english\/upload\/img\/G6A6284_1.jpg\" alt=\"G6A6284_1.jpg\" width=\"190\" height=\"127\" \/><figcaption class=\"wp-caption-text\">Le volume d&#039;\u00e9chantillon requis n&#039;est que de 1,5 \u03bcL.<\/figcaption><\/figure>\n<\/div>\n<div class=\"flexitem item2\">\n<figure style=\"width: 190px\" class=\"wp-caption alignnone\"><img decoding=\"async\" class=\"mt-image-none\" src=\"https:\/\/www.arkray.eu\/english\/upload\/img\/reagent.jpg\" alt=\"reagent.jpg\" width=\"190\" height=\"127\" \/><figcaption class=\"wp-caption-text\">La cartouche de r\u00e9actifs peut \u00eatre conserv\u00e9e \u00e0 temp\u00e9rature ambiante.<\/figcaption><\/figure>\n<p class=\"mb0\">\n<\/div>\n<\/div>\n<p class=\"bold mb0\">La petite cartouche de test permet le fractionnement des h\u00e9moglobines, en utilisant la m\u00e9thode d&#039;\u00e9lectrophor\u00e8se capillaire.<\/p>\n<p>La capacit\u00e9 de fractionnement est disponible dans cette conception compacte, fournissant des r\u00e9sultats d&#039;HbA1c pr\u00e9cis en fractionnant les facteurs\/segments ayant un impact sur les valeurs d&#039;HbA1c (HbF et autres variantes d&#039;Hb). La sortie d&#039;informations de pointe s\u00e9par\u00e9e dans le r\u00e9sultat du test peut \u00eatre utilis\u00e9e comme l&#039;un des outils pour comprendre l&#039;\u00e9tat du patient.<\/p>\n<h3>Caract\u00e9ristiques<\/h3>\n<table class=\"tbl01\">\n<tbody>\n<tr>\n<th>Objet de mesure<\/th>\n<td>Sang total (sang veineux \/ sang capillaire du bout des doigts)<\/td>\n<\/tr>\n<tr>\n<th>\u00c9l\u00e9ments de mesure<\/th>\n<td>HbA1c stable<\/td>\n<\/tr>\n<tr>\n<th>Principe de mesure<\/th>\n<td>\u00c9lectrophor\u00e8se capillaire<\/td>\n<\/tr>\n<tr>\n<th>Plage de mesure<\/th>\n<td>HbA1c (IFCC) : 20,2 \u00e0 151,4 mmol\/mol<br \/>\nHbA1c (NGSP) : 4.00% \u00e0 16.00%<\/td>\n<\/tr>\n<tr>\n<th>Vitesse de traitement<\/th>\n<td>Environ 90 secondes\/mesure<\/td>\n<\/tr>\n<tr>\n<th>Consommation d&#039;\u00e9chantillon<\/th>\n<td>Environ 1,5 \u00b5L (sang total)<\/td>\n<\/tr>\n<tr>\n<th>Dimensions<\/th>\n<td>Environ 220 (L) \u00d7 326 (P) \u00d7 298 (H) mm<\/td>\n<\/tr>\n<tr>\n<th>Lester<\/th>\n<td>Environ 10 kg<\/td>\n<\/tr>\n<\/tbody>\n<\/table>","protected":false},"featured_media":7618,"template":"","meta":{"nf_dc_page":""},"product_brand":[],"product_cat":[58],"product_tag":[],"class_list":{"0":"post-7584","1":"product","2":"type-product","3":"status-publish","4":"has-post-thumbnail","6":"product_cat-chemistry-electrolytes-blood-gas-analysers","8":"first","9":"instock","10":"shipping-taxable","11":"product-type-simple"},"yoast_head":"<!-- This site is optimized with the Yoast SEO Premium plugin v23.9 (Yoast SEO v27.4) - https:\/\/yoast.com\/product\/yoast-seo-premium-wordpress\/ -->\n<title>Automatic Glycohemoglobin Analyzer The Lab 001 - Eastwings Diagnostics Ltd<\/title>\n<meta name=\"description\" content=\"Using capillary whole blood, The Lab 001 performs measurement in just 90 seconds. The Lab 001 innovative measurement principle enhances the speed...\" \/>\n<meta name=\"robots\" content=\"index, follow, max-snippet:-1, max-image-preview:large, max-video-preview:-1\" \/>\n<link rel=\"canonical\" href=\"https:\/\/eastwings-diagnostics.com\/fr\/produit\/automatic-glycohemoglobin-analyzer-the-lab-001\/\" \/>\n<meta property=\"og:locale\" content=\"fr_FR\" \/>\n<meta property=\"og:type\" content=\"article\" \/>\n<meta property=\"og:title\" content=\"Automatic Glycohemoglobin Analyzer The Lab 001\" \/>\n<meta property=\"og:description\" content=\"Using capillary whole blood, The Lab 001 performs measurement in just 90 seconds. The Lab 001 innovative measurement principle enhances the speed...\" \/>\n<meta property=\"og:url\" content=\"https:\/\/eastwings-diagnostics.com\/fr\/produit\/automatic-glycohemoglobin-analyzer-the-lab-001\/\" \/>\n<meta property=\"og:site_name\" content=\"Eastwings Diagnostics Ltd\" \/>\n<meta property=\"article:modified_time\" content=\"2022-10-01T13:27:55+00:00\" \/>\n<meta property=\"og:image\" content=\"https:\/\/i0.wp.com\/eastwings-diagnostics.com\/wp-content\/uploads\/2022\/09\/LB001-scaled.jpg?fit=1707%2C2560&ssl=1\" \/>\n\t<meta property=\"og:image:width\" content=\"1707\" \/>\n\t<meta property=\"og:image:height\" content=\"2560\" \/>\n\t<meta property=\"og:image:type\" content=\"image\/jpeg\" \/>\n<meta name=\"twitter:card\" content=\"summary_large_image\" \/>\n<meta name=\"twitter:site\" content=\"@eastwings3\" \/>\n<script type=\"application\/ld+json\" class=\"yoast-schema-graph\">{\"@context\":\"https:\\\/\\\/schema.org\",\"@graph\":[{\"@type\":\"WebPage\",\"@id\":\"https:\\\/\\\/eastwings-diagnostics.com\\\/product\\\/automatic-glycohemoglobin-analyzer-the-lab-001\\\/\",\"url\":\"https:\\\/\\\/eastwings-diagnostics.com\\\/product\\\/automatic-glycohemoglobin-analyzer-the-lab-001\\\/\",\"name\":\"Automatic Glycohemoglobin Analyzer The Lab 001 - Eastwings Diagnostics Ltd\",\"isPartOf\":{\"@id\":\"https:\\\/\\\/eastwings-diagnostics.com\\\/#website\"},\"primaryImageOfPage\":{\"@id\":\"https:\\\/\\\/eastwings-diagnostics.com\\\/product\\\/automatic-glycohemoglobin-analyzer-the-lab-001\\\/#primaryimage\"},\"image\":{\"@id\":\"https:\\\/\\\/eastwings-diagnostics.com\\\/product\\\/automatic-glycohemoglobin-analyzer-the-lab-001\\\/#primaryimage\"},\"thumbnailUrl\":\"https:\\\/\\\/i0.wp.com\\\/eastwings-diagnostics.com\\\/wp-content\\\/uploads\\\/2022\\\/09\\\/LB001-scaled.jpg?fit=1707%2C2560&ssl=1\",\"datePublished\":\"2022-09-23T20:49:53+00:00\",\"dateModified\":\"2022-10-01T13:27:55+00:00\",\"description\":\"Using capillary whole blood, The Lab 001 performs measurement in just 90 seconds. The Lab 001 innovative measurement principle enhances the speed...\",\"breadcrumb\":{\"@id\":\"https:\\\/\\\/eastwings-diagnostics.com\\\/product\\\/automatic-glycohemoglobin-analyzer-the-lab-001\\\/#breadcrumb\"},\"inLanguage\":\"fr-FR\",\"potentialAction\":[{\"@type\":\"ReadAction\",\"target\":[\"https:\\\/\\\/eastwings-diagnostics.com\\\/product\\\/automatic-glycohemoglobin-analyzer-the-lab-001\\\/\"]}]},{\"@type\":\"ImageObject\",\"inLanguage\":\"fr-FR\",\"@id\":\"https:\\\/\\\/eastwings-diagnostics.com\\\/product\\\/automatic-glycohemoglobin-analyzer-the-lab-001\\\/#primaryimage\",\"url\":\"https:\\\/\\\/i0.wp.com\\\/eastwings-diagnostics.com\\\/wp-content\\\/uploads\\\/2022\\\/09\\\/LB001-scaled.jpg?fit=1707%2C2560&ssl=1\",\"contentUrl\":\"https:\\\/\\\/i0.wp.com\\\/eastwings-diagnostics.com\\\/wp-content\\\/uploads\\\/2022\\\/09\\\/LB001-scaled.jpg?fit=1707%2C2560&ssl=1\",\"width\":1707,\"height\":2560,\"caption\":\"Automatic Glycohemoglobin Analyzer The Lab 001\"},{\"@type\":\"BreadcrumbList\",\"@id\":\"https:\\\/\\\/eastwings-diagnostics.com\\\/product\\\/automatic-glycohemoglobin-analyzer-the-lab-001\\\/#breadcrumb\",\"itemListElement\":[{\"@type\":\"ListItem\",\"position\":1,\"name\":\"Home\",\"item\":\"https:\\\/\\\/eastwings-diagnostics.com\\\/\"},{\"@type\":\"ListItem\",\"position\":2,\"name\":\"Products\",\"item\":\"https:\\\/\\\/eastwings-diagnostics.com\\\/products\\\/\"},{\"@type\":\"ListItem\",\"position\":3,\"name\":\"Automatic Glycohemoglobin Analyzer The Lab 001\"}]},{\"@type\":\"WebSite\",\"@id\":\"https:\\\/\\\/eastwings-diagnostics.com\\\/#website\",\"url\":\"https:\\\/\\\/eastwings-diagnostics.com\\\/\",\"name\":\"Eastwings Diagnostics Ltd\",\"description\":\"\",\"publisher\":{\"@id\":\"https:\\\/\\\/eastwings-diagnostics.com\\\/#organization\"},\"potentialAction\":[{\"@type\":\"SearchAction\",\"target\":{\"@type\":\"EntryPoint\",\"urlTemplate\":\"https:\\\/\\\/eastwings-diagnostics.com\\\/?s={search_term_string}\"},\"query-input\":{\"@type\":\"PropertyValueSpecification\",\"valueRequired\":true,\"valueName\":\"search_term_string\"}}],\"inLanguage\":\"fr-FR\"},{\"@type\":\"Organization\",\"@id\":\"https:\\\/\\\/eastwings-diagnostics.com\\\/#organization\",\"name\":\"Eastwings Diagnostics LTD\",\"url\":\"https:\\\/\\\/eastwings-diagnostics.com\\\/\",\"logo\":{\"@type\":\"ImageObject\",\"inLanguage\":\"fr-FR\",\"@id\":\"https:\\\/\\\/eastwings-diagnostics.com\\\/#\\\/schema\\\/logo\\\/image\\\/\",\"url\":\"https:\\\/\\\/eastwings-diagnostics.com\\\/wp-content\\\/uploads\\\/2021\\\/11\\\/eastwingss-diaa.png\",\"contentUrl\":\"https:\\\/\\\/eastwings-diagnostics.com\\\/wp-content\\\/uploads\\\/2021\\\/11\\\/eastwingss-diaa.png\",\"width\":512,\"height\":120,\"caption\":\"Eastwings Diagnostics LTD\"},\"image\":{\"@id\":\"https:\\\/\\\/eastwings-diagnostics.com\\\/#\\\/schema\\\/logo\\\/image\\\/\"},\"sameAs\":[\"https:\\\/\\\/x.com\\\/eastwings3\",\"http:\\\/\\\/www.linkedin.com\\\/in\\\/eastwings-diagnostics-213031226\"]}]}<\/script>\n<!-- \/ Yoast SEO Premium plugin. -->","yoast_head_json":{"title":"Automatic Glycohemoglobin Analyzer The Lab 001 - Eastwings Diagnostics Ltd","description":"Using capillary whole blood, The Lab 001 performs measurement in just 90 seconds. The Lab 001 innovative measurement principle enhances the speed...","robots":{"index":"index","follow":"follow","max-snippet":"max-snippet:-1","max-image-preview":"max-image-preview:large","max-video-preview":"max-video-preview:-1"},"canonical":"https:\/\/eastwings-diagnostics.com\/fr\/produit\/automatic-glycohemoglobin-analyzer-the-lab-001\/","og_locale":"fr_FR","og_type":"article","og_title":"Automatic Glycohemoglobin Analyzer The Lab 001","og_description":"Using capillary whole blood, The Lab 001 performs measurement in just 90 seconds. The Lab 001 innovative measurement principle enhances the speed...","og_url":"https:\/\/eastwings-diagnostics.com\/fr\/produit\/automatic-glycohemoglobin-analyzer-the-lab-001\/","og_site_name":"Eastwings Diagnostics Ltd","article_modified_time":"2022-10-01T13:27:55+00:00","og_image":[{"width":1707,"height":2560,"url":"https:\/\/i0.wp.com\/eastwings-diagnostics.com\/wp-content\/uploads\/2022\/09\/LB001-scaled.jpg?fit=1707%2C2560&ssl=1","type":"image\/jpeg"}],"twitter_card":"summary_large_image","twitter_site":"@eastwings3","schema":{"@context":"https:\/\/schema.org","@graph":[{"@type":"WebPage","@id":"https:\/\/eastwings-diagnostics.com\/product\/automatic-glycohemoglobin-analyzer-the-lab-001\/","url":"https:\/\/eastwings-diagnostics.com\/product\/automatic-glycohemoglobin-analyzer-the-lab-001\/","name":"Automatic Glycohemoglobin Analyzer The Lab 001 - Eastwings Diagnostics Ltd","isPartOf":{"@id":"https:\/\/eastwings-diagnostics.com\/#website"},"primaryImageOfPage":{"@id":"https:\/\/eastwings-diagnostics.com\/product\/automatic-glycohemoglobin-analyzer-the-lab-001\/#primaryimage"},"image":{"@id":"https:\/\/eastwings-diagnostics.com\/product\/automatic-glycohemoglobin-analyzer-the-lab-001\/#primaryimage"},"thumbnailUrl":"https:\/\/i0.wp.com\/eastwings-diagnostics.com\/wp-content\/uploads\/2022\/09\/LB001-scaled.jpg?fit=1707%2C2560&ssl=1","datePublished":"2022-09-23T20:49:53+00:00","dateModified":"2022-10-01T13:27:55+00:00","description":"Using capillary whole blood, The Lab 001 performs measurement in just 90 seconds. The Lab 001 innovative measurement principle enhances the speed...","breadcrumb":{"@id":"https:\/\/eastwings-diagnostics.com\/product\/automatic-glycohemoglobin-analyzer-the-lab-001\/#breadcrumb"},"inLanguage":"fr-FR","potentialAction":[{"@type":"ReadAction","target":["https:\/\/eastwings-diagnostics.com\/product\/automatic-glycohemoglobin-analyzer-the-lab-001\/"]}]},{"@type":"ImageObject","inLanguage":"fr-FR","@id":"https:\/\/eastwings-diagnostics.com\/product\/automatic-glycohemoglobin-analyzer-the-lab-001\/#primaryimage","url":"https:\/\/i0.wp.com\/eastwings-diagnostics.com\/wp-content\/uploads\/2022\/09\/LB001-scaled.jpg?fit=1707%2C2560&ssl=1","contentUrl":"https:\/\/i0.wp.com\/eastwings-diagnostics.com\/wp-content\/uploads\/2022\/09\/LB001-scaled.jpg?fit=1707%2C2560&ssl=1","width":1707,"height":2560,"caption":"Automatic Glycohemoglobin Analyzer The Lab 001"},{"@type":"BreadcrumbList","@id":"https:\/\/eastwings-diagnostics.com\/product\/automatic-glycohemoglobin-analyzer-the-lab-001\/#breadcrumb","itemListElement":[{"@type":"ListItem","position":1,"name":"Home","item":"https:\/\/eastwings-diagnostics.com\/"},{"@type":"ListItem","position":2,"name":"Products","item":"https:\/\/eastwings-diagnostics.com\/products\/"},{"@type":"ListItem","position":3,"name":"Automatic Glycohemoglobin Analyzer The Lab 001"}]},{"@type":"WebSite","@id":"https:\/\/eastwings-diagnostics.com\/#website","url":"https:\/\/eastwings-diagnostics.com\/","name":"Eastwings Diagnostics Ltd","description":"","publisher":{"@id":"https:\/\/eastwings-diagnostics.com\/#organization"},"potentialAction":[{"@type":"SearchAction","target":{"@type":"EntryPoint","urlTemplate":"https:\/\/eastwings-diagnostics.com\/?s={search_term_string}"},"query-input":{"@type":"PropertyValueSpecification","valueRequired":true,"valueName":"search_term_string"}}],"inLanguage":"fr-FR"},{"@type":"Organization","@id":"https:\/\/eastwings-diagnostics.com\/#organization","name":"Eastwings Diagnostics LTD","url":"https:\/\/eastwings-diagnostics.com\/","logo":{"@type":"ImageObject","inLanguage":"fr-FR","@id":"https:\/\/eastwings-diagnostics.com\/#\/schema\/logo\/image\/","url":"https:\/\/eastwings-diagnostics.com\/wp-content\/uploads\/2021\/11\/eastwingss-diaa.png","contentUrl":"https:\/\/eastwings-diagnostics.com\/wp-content\/uploads\/2021\/11\/eastwingss-diaa.png","width":512,"height":120,"caption":"Eastwings Diagnostics LTD"},"image":{"@id":"https:\/\/eastwings-diagnostics.com\/#\/schema\/logo\/image\/"},"sameAs":["https:\/\/x.com\/eastwings3","http:\/\/www.linkedin.com\/in\/eastwings-diagnostics-213031226"]}]}},"jetpack_sharing_enabled":true,"_links":{"self":[{"href":"https:\/\/eastwings-diagnostics.com\/fr\/wp-json\/wp\/v2\/product\/7584","targetHints":{"allow":["GET"]}}],"collection":[{"href":"https:\/\/eastwings-diagnostics.com\/fr\/wp-json\/wp\/v2\/product"}],"about":[{"href":"https:\/\/eastwings-diagnostics.com\/fr\/wp-json\/wp\/v2\/types\/product"}],"wp:featuredmedia":[{"embeddable":true,"href":"https:\/\/eastwings-diagnostics.com\/fr\/wp-json\/wp\/v2\/media\/7618"}],"wp:attachment":[{"href":"https:\/\/eastwings-diagnostics.com\/fr\/wp-json\/wp\/v2\/media?parent=7584"}],"wp:term":[{"taxonomy":"product_brand","embeddable":true,"href":"https:\/\/eastwings-diagnostics.com\/fr\/wp-json\/wp\/v2\/product_brand?post=7584"},{"taxonomy":"product_cat","embeddable":true,"href":"https:\/\/eastwings-diagnostics.com\/fr\/wp-json\/wp\/v2\/product_cat?post=7584"},{"taxonomy":"product_tag","embeddable":true,"href":"https:\/\/eastwings-diagnostics.com\/fr\/wp-json\/wp\/v2\/product_tag?post=7584"}],"curies":[{"name":"wp","href":"https:\/\/api.w.org\/{rel}","templated":true}]}}