{"id":7578,"date":"2022-09-23T12:51:19","date_gmt":"2022-09-23T12:51:19","guid":{"rendered":"https:\/\/eastwings-diagnostics.com\/?post_type=product&#038;p=7578"},"modified":"2022-09-24T14:16:16","modified_gmt":"2022-09-24T14:16:16","slug":"compact-biochemical-analyzer-the-lab-004","status":"publish","type":"product","link":"https:\/\/eastwings-diagnostics.com\/fr\/produit\/compact-biochemical-analyzer-the-lab-004\/","title":{"rendered":"Analyseur biochimique compact The Lab 004"},"content":{"rendered":"","protected":false},"excerpt":{"rendered":"<p>L&#039;instrument Lab 004 est destin\u00e9 \u00e0 la mesure quantitative et automatis\u00e9e de plusieurs marqueurs physiologiques dans le s\u00e9rum et le plasma.<\/p>\n<ul>\n<li class=\"txtIn2 mb10\"><strong><span class=\"bold\">D\u00e9pistage des fonctions r\u00e9nales et h\u00e9patiques<\/span><\/strong><\/li>\n<\/ul>\n<p class=\"txtIn2 mb10\">Il peut surveiller la fonction r\u00e9nale en mesurant la cr\u00e9atinine et surveiller les dommages aux reins et au foie caus\u00e9s par les effets secondaires des m\u00e9dicaments anti-VIH en mesurant l&#039;AST et l&#039;ALT.<\/p>\n<ul>\n<li class=\"txtIn2 mb10\"><strong><span class=\"bold\">La taille compacte permet une installation dans presque n&#039;importe quel endroit<\/span><\/strong><\/li>\n<\/ul>\n<p class=\"txtIn2 mb10\">L&#039;\u00e9quipement d&#039;approvisionnement en eau et de drainage n&#039;est pas n\u00e9cessaire, de sorte que l&#039;instrument peut \u00eatre facilement install\u00e9 dans presque n&#039;importe quel endroit et utilis\u00e9 pour des tests imm\u00e9diats lors d&#039;examens physiques et dans des cliniques.<\/p>\n<ul>\n<li class=\"txtIn2 mb10\"><strong><span class=\"bold\">Utilisation et entretien faciles<\/span><\/strong><\/li>\n<\/ul>\n<p class=\"txtIn2 mb10\">Apr\u00e8s avoir plac\u00e9 la bandelette de test dans l&#039;appareil, appuyez sur le bouton de d\u00e9marrage et appliquez l&#039;\u00e9chantillon. Ins\u00e9rez simplement le plateau pour commencer les mesures. La structure simple de l&#039;appareil ne n\u00e9cessite pas d&#039;entretien p\u00e9riodique.<\/p>\n<h3>Caract\u00e9ristiques<\/h3>\n<table class=\"tbl01 mb20\">\n<tbody>\n<tr>\n<th width=\"178px;\">Objets de mesure<\/th>\n<td>Plasma ou s\u00e9rum<\/td>\n<\/tr>\n<tr>\n<th width=\"178px;\">Bandelettes r\u00e9actives prises en charge<\/th>\n<td>Les bandelettes r\u00e9actives Lab 004<\/td>\n<\/tr>\n<tr>\n<th width=\"178px;\">\u00c9l\u00e9ments de mesure<\/th>\n<td>Inscrit dans la notice du r\u00e9actif<\/td>\n<\/tr>\n<tr>\n<th width=\"178px;\">Plages de mesure<\/th>\n<td>Inscrit dans la notice du r\u00e9actif<\/td>\n<\/tr>\n<tr>\n<th width=\"178px;\">Principe de mesure<\/th>\n<td>Mesure de la lumi\u00e8re transmise \u00e0 double longueur d&#039;onde<\/td>\n<\/tr>\n<tr>\n<th width=\"178px;\">Nombre de bandelettes r\u00e9actives mesurables \u00e0 la fois<\/th>\n<td>1<\/td>\n<\/tr>\n<tr>\n<th width=\"178px;\">Temps de mesure<\/th>\n<td>Inscrit dans la notice du r\u00e9actif<\/td>\n<\/tr>\n<tr>\n<th width=\"178px;\">Consommation d&#039;\u00e9chantillon<\/th>\n<td>Inscrit dans la notice du r\u00e9actif<\/td>\n<\/tr>\n<tr>\n<th width=\"178px;\">Volume d&#039;\u00e9chantillon requis<\/th>\n<td>Environ 4 \u00b5L<\/td>\n<\/tr>\n<tr>\n<th width=\"178px;\">Nombre d&#039;\u00e9chantillons de mesure<\/th>\n<td>1 \u00e9chantillon<\/td>\n<\/tr>\n<tr>\n<th width=\"178px;\">Temps de d\u00e9marrage<\/th>\n<td>Environ 10 minutes<br \/>\n(dans les environnements 25\u2103 et ci-dessous)<\/td>\n<\/tr>\n<tr>\n<th width=\"178px;\">Capacit\u00e9 m\u00e9moire<\/th>\n<td>50 mesures<\/td>\n<\/tr>\n<tr>\n<th width=\"178px;\">Affichage<\/th>\n<td>LCD segment\u00e9<\/td>\n<\/tr>\n<tr>\n<th width=\"178px;\">Sortie externe<\/th>\n<td>Micro USB type B<\/td>\n<\/tr>\n<tr>\n<th width=\"178px;\">Dimensions<\/th>\n<td>110 (L) x 225 (P) x 54 (H) mm<\/td>\n<\/tr>\n<tr>\n<th width=\"178px;\">Lester<\/th>\n<td>Environ 1kg<\/td>\n<\/tr>\n<tr>\n<th width=\"178px;\">Exigences d&#039;alimentation<\/th>\n<td>100 \u2013 240 V CA, 50\/60 Hz (avec adaptateur secteur)<\/td>\n<\/tr>\n<tr>\n<th width=\"178px;\">Consommation d&#039;\u00e9nergie<\/th>\n<td>Maximum 33 VA<\/td>\n<\/tr>\n<tr>\n<th width=\"178px;\">adaptateur pour courant alternatif<\/th>\n<td>5 V CC<\/td>\n<\/tr>\n<\/tbody>\n<\/table>","protected":false},"featured_media":7600,"template":"","meta":{"nf_dc_page":""},"product_brand":[],"product_cat":[117],"product_tag":[],"class_list":{"0":"post-7578","1":"product","2":"type-product","3":"status-publish","4":"has-post-thumbnail","6":"product_cat-primary-health-care","8":"first","9":"instock","10":"shipping-taxable","11":"product-type-simple"},"yoast_head":"<!-- This site is optimized with the Yoast SEO Premium plugin v23.9 (Yoast SEO v27.4) - https:\/\/yoast.com\/product\/yoast-seo-premium-wordpress\/ -->\n<title>Compact Biochemical Analyzer The Lab 004 - Eastwings Diagnostics Ltd<\/title>\n<meta name=\"description\" content=\"The Lab 004 instrument is intended for the quantitative and automated measurement of several physiological markers in serum and plasma.\" \/>\n<meta name=\"robots\" content=\"index, follow, max-snippet:-1, max-image-preview:large, max-video-preview:-1\" \/>\n<link rel=\"canonical\" href=\"https:\/\/eastwings-diagnostics.com\/fr\/produit\/compact-biochemical-analyzer-the-lab-004\/\" \/>\n<meta property=\"og:locale\" content=\"fr_FR\" \/>\n<meta property=\"og:type\" content=\"article\" \/>\n<meta property=\"og:title\" content=\"Compact Biochemical Analyzer The Lab 004\" \/>\n<meta property=\"og:description\" content=\"The Lab 004 instrument is intended for the quantitative and automated measurement of several physiological markers in serum and plasma.\" \/>\n<meta property=\"og:url\" content=\"https:\/\/eastwings-diagnostics.com\/fr\/produit\/compact-biochemical-analyzer-the-lab-004\/\" \/>\n<meta property=\"og:site_name\" content=\"Eastwings Diagnostics Ltd\" \/>\n<meta property=\"article:modified_time\" content=\"2022-09-24T14:16:16+00:00\" \/>\n<meta property=\"og:image\" content=\"https:\/\/i0.wp.com\/eastwings-diagnostics.com\/wp-content\/uploads\/2022\/09\/WhatsApp-Image-2022-09-21-at-12.13.57-PM-1.jpeg?fit=926%2C1389&ssl=1\" \/>\n\t<meta property=\"og:image:width\" content=\"926\" \/>\n\t<meta property=\"og:image:height\" content=\"1389\" \/>\n\t<meta property=\"og:image:type\" content=\"image\/jpeg\" \/>\n<meta name=\"twitter:card\" content=\"summary_large_image\" \/>\n<meta name=\"twitter:site\" content=\"@eastwings3\" \/>\n<script type=\"application\/ld+json\" class=\"yoast-schema-graph\">{\"@context\":\"https:\\\/\\\/schema.org\",\"@graph\":[{\"@type\":\"WebPage\",\"@id\":\"https:\\\/\\\/eastwings-diagnostics.com\\\/ru\\\/product\\\/compact-biochemical-analyzer-the-lab-004\\\/\",\"url\":\"https:\\\/\\\/eastwings-diagnostics.com\\\/ru\\\/product\\\/compact-biochemical-analyzer-the-lab-004\\\/\",\"name\":\"Compact Biochemical Analyzer The Lab 004 - Eastwings Diagnostics Ltd\",\"isPartOf\":{\"@id\":\"https:\\\/\\\/eastwings-diagnostics.com\\\/#website\"},\"primaryImageOfPage\":{\"@id\":\"https:\\\/\\\/eastwings-diagnostics.com\\\/ru\\\/product\\\/compact-biochemical-analyzer-the-lab-004\\\/#primaryimage\"},\"image\":{\"@id\":\"https:\\\/\\\/eastwings-diagnostics.com\\\/ru\\\/product\\\/compact-biochemical-analyzer-the-lab-004\\\/#primaryimage\"},\"thumbnailUrl\":\"https:\\\/\\\/i0.wp.com\\\/eastwings-diagnostics.com\\\/wp-content\\\/uploads\\\/2022\\\/09\\\/WhatsApp-Image-2022-09-21-at-12.13.57-PM-1.jpeg?fit=926%2C1389&ssl=1\",\"datePublished\":\"2022-09-23T12:51:19+00:00\",\"dateModified\":\"2022-09-24T14:16:16+00:00\",\"description\":\"The Lab 004 instrument is intended for the quantitative and automated measurement of several physiological markers in serum and plasma.\",\"breadcrumb\":{\"@id\":\"https:\\\/\\\/eastwings-diagnostics.com\\\/ru\\\/product\\\/compact-biochemical-analyzer-the-lab-004\\\/#breadcrumb\"},\"inLanguage\":\"fr-FR\",\"potentialAction\":[{\"@type\":\"ReadAction\",\"target\":[\"https:\\\/\\\/eastwings-diagnostics.com\\\/ru\\\/product\\\/compact-biochemical-analyzer-the-lab-004\\\/\"]}]},{\"@type\":\"ImageObject\",\"inLanguage\":\"fr-FR\",\"@id\":\"https:\\\/\\\/eastwings-diagnostics.com\\\/ru\\\/product\\\/compact-biochemical-analyzer-the-lab-004\\\/#primaryimage\",\"url\":\"https:\\\/\\\/i0.wp.com\\\/eastwings-diagnostics.com\\\/wp-content\\\/uploads\\\/2022\\\/09\\\/WhatsApp-Image-2022-09-21-at-12.13.57-PM-1.jpeg?fit=926%2C1389&ssl=1\",\"contentUrl\":\"https:\\\/\\\/i0.wp.com\\\/eastwings-diagnostics.com\\\/wp-content\\\/uploads\\\/2022\\\/09\\\/WhatsApp-Image-2022-09-21-at-12.13.57-PM-1.jpeg?fit=926%2C1389&ssl=1\",\"width\":926,\"height\":1389,\"caption\":\"Compact Biochemical Analyzer The Lab 004\"},{\"@type\":\"BreadcrumbList\",\"@id\":\"https:\\\/\\\/eastwings-diagnostics.com\\\/ru\\\/product\\\/compact-biochemical-analyzer-the-lab-004\\\/#breadcrumb\",\"itemListElement\":[{\"@type\":\"ListItem\",\"position\":1,\"name\":\"Home\",\"item\":\"https:\\\/\\\/eastwings-diagnostics.com\\\/\"},{\"@type\":\"ListItem\",\"position\":2,\"name\":\"Products\",\"item\":\"https:\\\/\\\/eastwings-diagnostics.com\\\/products\\\/\"},{\"@type\":\"ListItem\",\"position\":3,\"name\":\"Compact Biochemical Analyzer The Lab 004\"}]},{\"@type\":\"WebSite\",\"@id\":\"https:\\\/\\\/eastwings-diagnostics.com\\\/#website\",\"url\":\"https:\\\/\\\/eastwings-diagnostics.com\\\/\",\"name\":\"Eastwings Diagnostics Ltd\",\"description\":\"\",\"publisher\":{\"@id\":\"https:\\\/\\\/eastwings-diagnostics.com\\\/#organization\"},\"potentialAction\":[{\"@type\":\"SearchAction\",\"target\":{\"@type\":\"EntryPoint\",\"urlTemplate\":\"https:\\\/\\\/eastwings-diagnostics.com\\\/?s={search_term_string}\"},\"query-input\":{\"@type\":\"PropertyValueSpecification\",\"valueRequired\":true,\"valueName\":\"search_term_string\"}}],\"inLanguage\":\"fr-FR\"},{\"@type\":\"Organization\",\"@id\":\"https:\\\/\\\/eastwings-diagnostics.com\\\/#organization\",\"name\":\"Eastwings Diagnostics LTD\",\"url\":\"https:\\\/\\\/eastwings-diagnostics.com\\\/\",\"logo\":{\"@type\":\"ImageObject\",\"inLanguage\":\"fr-FR\",\"@id\":\"https:\\\/\\\/eastwings-diagnostics.com\\\/#\\\/schema\\\/logo\\\/image\\\/\",\"url\":\"https:\\\/\\\/eastwings-diagnostics.com\\\/wp-content\\\/uploads\\\/2021\\\/11\\\/eastwingss-diaa.png\",\"contentUrl\":\"https:\\\/\\\/eastwings-diagnostics.com\\\/wp-content\\\/uploads\\\/2021\\\/11\\\/eastwingss-diaa.png\",\"width\":512,\"height\":120,\"caption\":\"Eastwings Diagnostics LTD\"},\"image\":{\"@id\":\"https:\\\/\\\/eastwings-diagnostics.com\\\/#\\\/schema\\\/logo\\\/image\\\/\"},\"sameAs\":[\"https:\\\/\\\/x.com\\\/eastwings3\",\"http:\\\/\\\/www.linkedin.com\\\/in\\\/eastwings-diagnostics-213031226\"]}]}<\/script>\n<!-- \/ Yoast SEO Premium plugin. -->","yoast_head_json":{"title":"Compact Biochemical Analyzer The Lab 004 - Eastwings Diagnostics Ltd","description":"The Lab 004 instrument is intended for the quantitative and automated measurement of several physiological markers in serum and plasma.","robots":{"index":"index","follow":"follow","max-snippet":"max-snippet:-1","max-image-preview":"max-image-preview:large","max-video-preview":"max-video-preview:-1"},"canonical":"https:\/\/eastwings-diagnostics.com\/fr\/produit\/compact-biochemical-analyzer-the-lab-004\/","og_locale":"fr_FR","og_type":"article","og_title":"Compact Biochemical Analyzer The Lab 004","og_description":"The Lab 004 instrument is intended for the quantitative and automated measurement of several physiological markers in serum and plasma.","og_url":"https:\/\/eastwings-diagnostics.com\/fr\/produit\/compact-biochemical-analyzer-the-lab-004\/","og_site_name":"Eastwings Diagnostics Ltd","article_modified_time":"2022-09-24T14:16:16+00:00","og_image":[{"width":926,"height":1389,"url":"https:\/\/i0.wp.com\/eastwings-diagnostics.com\/wp-content\/uploads\/2022\/09\/WhatsApp-Image-2022-09-21-at-12.13.57-PM-1.jpeg?fit=926%2C1389&ssl=1","type":"image\/jpeg"}],"twitter_card":"summary_large_image","twitter_site":"@eastwings3","schema":{"@context":"https:\/\/schema.org","@graph":[{"@type":"WebPage","@id":"https:\/\/eastwings-diagnostics.com\/ru\/product\/compact-biochemical-analyzer-the-lab-004\/","url":"https:\/\/eastwings-diagnostics.com\/ru\/product\/compact-biochemical-analyzer-the-lab-004\/","name":"Compact Biochemical Analyzer The Lab 004 - Eastwings Diagnostics Ltd","isPartOf":{"@id":"https:\/\/eastwings-diagnostics.com\/#website"},"primaryImageOfPage":{"@id":"https:\/\/eastwings-diagnostics.com\/ru\/product\/compact-biochemical-analyzer-the-lab-004\/#primaryimage"},"image":{"@id":"https:\/\/eastwings-diagnostics.com\/ru\/product\/compact-biochemical-analyzer-the-lab-004\/#primaryimage"},"thumbnailUrl":"https:\/\/i0.wp.com\/eastwings-diagnostics.com\/wp-content\/uploads\/2022\/09\/WhatsApp-Image-2022-09-21-at-12.13.57-PM-1.jpeg?fit=926%2C1389&ssl=1","datePublished":"2022-09-23T12:51:19+00:00","dateModified":"2022-09-24T14:16:16+00:00","description":"The Lab 004 instrument is intended for the quantitative and automated measurement of several physiological markers in serum and plasma.","breadcrumb":{"@id":"https:\/\/eastwings-diagnostics.com\/ru\/product\/compact-biochemical-analyzer-the-lab-004\/#breadcrumb"},"inLanguage":"fr-FR","potentialAction":[{"@type":"ReadAction","target":["https:\/\/eastwings-diagnostics.com\/ru\/product\/compact-biochemical-analyzer-the-lab-004\/"]}]},{"@type":"ImageObject","inLanguage":"fr-FR","@id":"https:\/\/eastwings-diagnostics.com\/ru\/product\/compact-biochemical-analyzer-the-lab-004\/#primaryimage","url":"https:\/\/i0.wp.com\/eastwings-diagnostics.com\/wp-content\/uploads\/2022\/09\/WhatsApp-Image-2022-09-21-at-12.13.57-PM-1.jpeg?fit=926%2C1389&ssl=1","contentUrl":"https:\/\/i0.wp.com\/eastwings-diagnostics.com\/wp-content\/uploads\/2022\/09\/WhatsApp-Image-2022-09-21-at-12.13.57-PM-1.jpeg?fit=926%2C1389&ssl=1","width":926,"height":1389,"caption":"Compact Biochemical Analyzer The Lab 004"},{"@type":"BreadcrumbList","@id":"https:\/\/eastwings-diagnostics.com\/ru\/product\/compact-biochemical-analyzer-the-lab-004\/#breadcrumb","itemListElement":[{"@type":"ListItem","position":1,"name":"Home","item":"https:\/\/eastwings-diagnostics.com\/"},{"@type":"ListItem","position":2,"name":"Products","item":"https:\/\/eastwings-diagnostics.com\/products\/"},{"@type":"ListItem","position":3,"name":"Compact Biochemical Analyzer The Lab 004"}]},{"@type":"WebSite","@id":"https:\/\/eastwings-diagnostics.com\/#website","url":"https:\/\/eastwings-diagnostics.com\/","name":"Eastwings Diagnostics Ltd","description":"","publisher":{"@id":"https:\/\/eastwings-diagnostics.com\/#organization"},"potentialAction":[{"@type":"SearchAction","target":{"@type":"EntryPoint","urlTemplate":"https:\/\/eastwings-diagnostics.com\/?s={search_term_string}"},"query-input":{"@type":"PropertyValueSpecification","valueRequired":true,"valueName":"search_term_string"}}],"inLanguage":"fr-FR"},{"@type":"Organization","@id":"https:\/\/eastwings-diagnostics.com\/#organization","name":"Eastwings Diagnostics LTD","url":"https:\/\/eastwings-diagnostics.com\/","logo":{"@type":"ImageObject","inLanguage":"fr-FR","@id":"https:\/\/eastwings-diagnostics.com\/#\/schema\/logo\/image\/","url":"https:\/\/eastwings-diagnostics.com\/wp-content\/uploads\/2021\/11\/eastwingss-diaa.png","contentUrl":"https:\/\/eastwings-diagnostics.com\/wp-content\/uploads\/2021\/11\/eastwingss-diaa.png","width":512,"height":120,"caption":"Eastwings Diagnostics LTD"},"image":{"@id":"https:\/\/eastwings-diagnostics.com\/#\/schema\/logo\/image\/"},"sameAs":["https:\/\/x.com\/eastwings3","http:\/\/www.linkedin.com\/in\/eastwings-diagnostics-213031226"]}]}},"jetpack_sharing_enabled":true,"_links":{"self":[{"href":"https:\/\/eastwings-diagnostics.com\/fr\/wp-json\/wp\/v2\/product\/7578","targetHints":{"allow":["GET"]}}],"collection":[{"href":"https:\/\/eastwings-diagnostics.com\/fr\/wp-json\/wp\/v2\/product"}],"about":[{"href":"https:\/\/eastwings-diagnostics.com\/fr\/wp-json\/wp\/v2\/types\/product"}],"wp:featuredmedia":[{"embeddable":true,"href":"https:\/\/eastwings-diagnostics.com\/fr\/wp-json\/wp\/v2\/media\/7600"}],"wp:attachment":[{"href":"https:\/\/eastwings-diagnostics.com\/fr\/wp-json\/wp\/v2\/media?parent=7578"}],"wp:term":[{"taxonomy":"product_brand","embeddable":true,"href":"https:\/\/eastwings-diagnostics.com\/fr\/wp-json\/wp\/v2\/product_brand?post=7578"},{"taxonomy":"product_cat","embeddable":true,"href":"https:\/\/eastwings-diagnostics.com\/fr\/wp-json\/wp\/v2\/product_cat?post=7578"},{"taxonomy":"product_tag","embeddable":true,"href":"https:\/\/eastwings-diagnostics.com\/fr\/wp-json\/wp\/v2\/product_tag?post=7578"}],"curies":[{"name":"wp","href":"https:\/\/api.w.org\/{rel}","templated":true}]}}