{"id":7573,"date":"2022-09-21T22:29:12","date_gmt":"2022-09-21T22:29:12","guid":{"rendered":"https:\/\/eastwings-diagnostics.com\/?post_type=product&#038;p=7573"},"modified":"2022-09-29T12:23:05","modified_gmt":"2022-09-29T12:23:05","slug":"compact-urine-analyzer-pocketchem-ua-pu-4010","status":"publish","type":"product","link":"https:\/\/eastwings-diagnostics.com\/fr\/produit\/compact-urine-analyzer-pocketchem-ua-pu-4010\/","title":{"rendered":"Analyseur d&#039;urine compact PocketChem UA PU-4010"},"content":{"rendered":"","protected":false},"excerpt":{"rendered":"<p>De la taille d&#039;une paume, se glisse facilement dans un sac de m\u00e9decin ou une poche d&#039;uniforme.<br \/>\nL&#039;imprimante peut \u00eatre s\u00e9par\u00e9e de l&#039;analyseur &quot;PocketChem&quot;, lui laissant un poids de seulement 180g.<\/p>\n<p class=\"bold mb05\"><strong>Fonctions correctives pour obtenir des r\u00e9sultats de test pr\u00e9cis<\/strong><\/p>\n<ul>\n<li>Des lectures pr\u00e9cises peuvent \u00eatre obtenues en \u00e9liminant les effets de la chromaturie \u00e0 l&#039;aide du tampon de test de correction des couleurs, en compensant les mesures de la temp\u00e9rature de l&#039;environnement \u00e0 l&#039;aide d&#039;un capteur de temp\u00e9rature int\u00e9gr\u00e9 et en corrigeant la gravit\u00e9 sp\u00e9cifique en fonction des lectures de pH.<\/li>\n<\/ul>\n<p class=\"bold\"><strong>Analyseur de la taille d&#039;une paume aliment\u00e9 par deux batteries<\/strong><\/p>\n<ul>\n<li>L&#039;analyseur est d\u00e9tachable de l&#039;imprimante. L&#039;analyseur est vraiment portable et mobile.<\/li>\n<\/ul>\n<p class=\"bold\"><strong>Op\u00e9ration simple. Appuyez simplement sur le bouton de d\u00e9marrage<\/strong><\/p>\n<ul>\n<li>La mesure est effectu\u00e9e en appuyant simplement sur le bouton de d\u00e9marrage et en pla\u00e7ant une bandelette de test. Les r\u00e9sultats des tests peuvent \u00eatre visualis\u00e9s simultan\u00e9ment sur l&#039;\u00e9cran et imprim\u00e9s \u00e0 partir de l&#039;imprimante.<\/li>\n<\/ul>\n<p class=\"bold\"><strong>R\u00e9sultats de test fiables avec correction de la cr\u00e9atinine<\/strong><\/p>\n<ul>\n<li>M\u00eame avec l&#039;utilisation d&#039;urine ponctuelle, les r\u00e9sultats des tests sont fiables et ne sont pas affect\u00e9s par les dilutions ou les concentrations d&#039;urine. Le rapport P\/C ou rapport A\/C est efficace pour le d\u00e9pistage des maladies r\u00e9nales.<\/li>\n<\/ul>\n<h3>Caract\u00e9ristiques<\/h3>\n<table class=\"tbl01 mb20\">\n<tbody>\n<tr>\n<th width=\"178px;\">Go\u00fbter<\/th>\n<td>Urine<\/td>\n<\/tr>\n<tr>\n<th width=\"178px;\">Bandelettes r\u00e9actives<\/th>\n<td>B\u00e2tons AUTION\/ Uriflet S (9UB)* \/ \u00c9CRAN AUTION<br \/>\n* Sauf appareils avec sp\u00e9cifications 10V<\/td>\n<\/tr>\n<tr>\n<th width=\"178px;\">\u00c9l\u00e9ments de mesure<\/th>\n<td>GLU (glucose), PRO (prot\u00e9ine), BIL (bilirubine), URO (urobilinog\u00e8ne), SG (gravit\u00e9 sp\u00e9cifique), BLD (sang), PH (pH), KET (c\u00e9tones), NIT (nitrite), LEU (leucocytes) , CRE (cr\u00e9atinine) et ALB (albumine).<\/td>\n<\/tr>\n<tr>\n<th width=\"178px;\">Principe de mesure<\/th>\n<td>Bandelette de test\u00a0: m\u00e9thode de r\u00e9flectance \u00e0 double longueur d&#039;onde.<br \/>\n(une longueur d&#039;onde pour la mesure BLD)<\/td>\n<\/tr>\n<tr>\n<th width=\"178px;\">Longueurs d&#039;onde de mesure<\/th>\n<td>LED 3 longueurs d&#039;onde (565, 635, 760 nm)<\/td>\n<\/tr>\n<tr>\n<th width=\"178px;\">M\u00e9thode d&#039;approvisionnement de l&#039;\u00e9chantillon<\/th>\n<td>Trempage manuel<\/td>\n<\/tr>\n<tr>\n<th width=\"178px;\">Capacit\u00e9 de mesure<\/th>\n<td>50 tests par heure<\/td>\n<\/tr>\n<tr>\n<th width=\"178px;\">Temps de r\u00e9action de la bandelette de test<\/th>\n<td>Environ 60 secondes par test<\/td>\n<\/tr>\n<tr>\n<th width=\"178px;\">Types de mesure<\/th>\n<td>Mesure normale et mesure de contr\u00f4le<\/td>\n<\/tr>\n<tr>\n<th width=\"178px;\">Affichage<\/th>\n<td>\u00c9cran LCD personnalis\u00e9 qui affiche des informations, y compris le type de bandelette de test,<br \/>\nnum\u00e9ro de mesure (jusqu&#039;\u00e0 4 chiffres), ID patient (jusqu&#039;\u00e0 13 chiffres) et r\u00e9sultats de test.<\/td>\n<\/tr>\n<tr>\n<th width=\"178px;\">Panneau de commande<\/th>\n<td>Feuille de panneau qui fournit 14 boutons, y compris les boutons num\u00e9riques et le bouton de d\u00e9marrage.<\/td>\n<\/tr>\n<tr>\n<th width=\"178px;\">Capacit\u00e9 m\u00e9moire<\/th>\n<td>R\u00e9sultats des tests pour 100 \u00e9chantillons<\/td>\n<\/tr>\n<tr>\n<th width=\"178px;\">Sortie externe<\/th>\n<td>Conforme \u00e0 RS-232 C<\/td>\n<\/tr>\n<tr>\n<th width=\"178px;\">Environnement de mesure<\/th>\n<td>Temp\u00e9rature : 10 \u00e0 30 \u00b0C ; Humidit\u00e9 : 30 \u00e0 60 % HR (sans condensation) *Fonction de correction de temp\u00e9rature utilis\u00e9e<\/td>\n<\/tr>\n<tr>\n<th width=\"178px;\">Dimensions<\/th>\n<td>124 (L) x 81 (P) x 36 (H) mm<\/td>\n<\/tr>\n<tr>\n<th width=\"178px;\">Lester<\/th>\n<td>180 g (sans piles)<\/td>\n<\/tr>\n<tr>\n<th width=\"178px;\">Source de courant<\/th>\n<td>Instrument uniquement : deux piles alcalines AA ou un adaptateur secteur<br \/>\nInstrument avec imprimante : adaptateur secteur 7,5 V 3 A<\/td>\n<\/tr>\n<tr>\n<th width=\"178px;\">Consommation d&#039;\u00e9nergie<\/th>\n<td>3W<\/td>\n<\/tr>\n<\/tbody>\n<\/table>\n<h3>Sp\u00e9cifications de l&#039;imprimante<\/h3>\n<table class=\"tbl01 mb20\">\n<tbody>\n<tr>\n<th width=\"178px;\">Imprimante<\/th>\n<td>Imprimante \u00e0 enregistrement thermique<\/td>\n<\/tr>\n<tr>\n<th width=\"178px;\">Papier d&#039;imprimante<\/th>\n<td>Papier thermique \u00e0 d\u00e9veloppement de couleur \u00e9lev\u00e9<br \/>\n(L 58 mm x \u03c626 mm)<\/td>\n<\/tr>\n<tr>\n<th width=\"178px;\">Dimensions<\/th>\n<td>125 (L) x 133 (P) x 36 (H) mm<\/td>\n<\/tr>\n<tr>\n<th width=\"178px;\">Lester<\/th>\n<td>180 g (sans papier d&#039;imprimante)<\/td>\n<\/tr>\n<tr>\n<th width=\"178px;\">Source de courant<\/th>\n<td>Adaptateur secteur 7,5 V 3 A<\/td>\n<\/tr>\n<tr>\n<th width=\"178px;\">Consommation d&#039;\u00e9nergie<\/th>\n<td>20W<\/td>\n<\/tr>\n<\/tbody>\n<\/table>","protected":false},"featured_media":7616,"template":"","meta":{"nf_dc_page":""},"product_brand":[],"product_cat":[117,57],"product_tag":[],"class_list":{"0":"post-7573","1":"product","2":"type-product","3":"status-publish","4":"has-post-thumbnail","6":"product_cat-primary-health-care","7":"product_cat-urinalysis","9":"first","10":"instock","11":"shipping-taxable","12":"product-type-simple"},"yoast_head":"<!-- This site is optimized with the Yoast SEO Premium plugin v23.9 (Yoast SEO v27.4) - https:\/\/yoast.com\/product\/yoast-seo-premium-wordpress\/ -->\n<title>Compact Urine Analyzer PocketChem UA PU-4010 - Eastwings Diagnostics Ltd<\/title>\n<meta name=\"description\" content=\"Palm-sized, fitting easily into a doctor&#039;s bag or uniform pocket.The printer can be separated from the &quot;PocketChem&quot; analyzer, leaving it with a weight of just 180g.\" \/>\n<meta name=\"robots\" content=\"index, follow, max-snippet:-1, max-image-preview:large, max-video-preview:-1\" \/>\n<link rel=\"canonical\" href=\"https:\/\/eastwings-diagnostics.com\/fr\/produit\/compact-urine-analyzer-pocketchem-ua-pu-4010\/\" \/>\n<meta property=\"og:locale\" content=\"fr_FR\" \/>\n<meta property=\"og:type\" content=\"article\" \/>\n<meta property=\"og:title\" content=\"Compact Urine Analyzer PocketChem UA PU-4010\" \/>\n<meta property=\"og:description\" content=\"Palm-sized, fitting easily into a doctor&#039;s bag or uniform pocket.The printer can be separated from the &quot;PocketChem&quot; analyzer, leaving it with a weight of just 180g.\" \/>\n<meta property=\"og:url\" content=\"https:\/\/eastwings-diagnostics.com\/fr\/produit\/compact-urine-analyzer-pocketchem-ua-pu-4010\/\" \/>\n<meta property=\"og:site_name\" content=\"Eastwings Diagnostics Ltd\" \/>\n<meta property=\"article:modified_time\" content=\"2022-09-29T12:23:05+00:00\" \/>\n<meta property=\"og:image\" content=\"https:\/\/i0.wp.com\/eastwings-diagnostics.com\/wp-content\/uploads\/2022\/09\/MicrosoftTeams-image-scaled.jpg?fit=2439%2C2560&ssl=1\" \/>\n\t<meta property=\"og:image:width\" content=\"2439\" \/>\n\t<meta property=\"og:image:height\" content=\"2560\" \/>\n\t<meta property=\"og:image:type\" content=\"image\/jpeg\" \/>\n<meta name=\"twitter:card\" content=\"summary_large_image\" \/>\n<meta name=\"twitter:site\" content=\"@eastwings3\" \/>\n<script type=\"application\/ld+json\" class=\"yoast-schema-graph\">{\"@context\":\"https:\\\/\\\/schema.org\",\"@graph\":[{\"@type\":\"WebPage\",\"@id\":\"https:\\\/\\\/eastwings-diagnostics.com\\\/product\\\/compact-urine-analyzer-pocketchem-ua-pu-4010\\\/\",\"url\":\"https:\\\/\\\/eastwings-diagnostics.com\\\/product\\\/compact-urine-analyzer-pocketchem-ua-pu-4010\\\/\",\"name\":\"Compact Urine Analyzer PocketChem UA PU-4010 - Eastwings Diagnostics Ltd\",\"isPartOf\":{\"@id\":\"https:\\\/\\\/eastwings-diagnostics.com\\\/#website\"},\"primaryImageOfPage\":{\"@id\":\"https:\\\/\\\/eastwings-diagnostics.com\\\/product\\\/compact-urine-analyzer-pocketchem-ua-pu-4010\\\/#primaryimage\"},\"image\":{\"@id\":\"https:\\\/\\\/eastwings-diagnostics.com\\\/product\\\/compact-urine-analyzer-pocketchem-ua-pu-4010\\\/#primaryimage\"},\"thumbnailUrl\":\"https:\\\/\\\/i0.wp.com\\\/eastwings-diagnostics.com\\\/wp-content\\\/uploads\\\/2022\\\/09\\\/MicrosoftTeams-image-scaled.jpg?fit=2439%2C2560&ssl=1\",\"datePublished\":\"2022-09-21T22:29:12+00:00\",\"dateModified\":\"2022-09-29T12:23:05+00:00\",\"description\":\"Palm-sized, fitting easily into a doctor's bag or uniform pocket.The printer can be separated from the \\\"PocketChem\\\" analyzer, leaving it with a weight of just 180g.\",\"breadcrumb\":{\"@id\":\"https:\\\/\\\/eastwings-diagnostics.com\\\/product\\\/compact-urine-analyzer-pocketchem-ua-pu-4010\\\/#breadcrumb\"},\"inLanguage\":\"fr-FR\",\"potentialAction\":[{\"@type\":\"ReadAction\",\"target\":[\"https:\\\/\\\/eastwings-diagnostics.com\\\/product\\\/compact-urine-analyzer-pocketchem-ua-pu-4010\\\/\"]}]},{\"@type\":\"ImageObject\",\"inLanguage\":\"fr-FR\",\"@id\":\"https:\\\/\\\/eastwings-diagnostics.com\\\/product\\\/compact-urine-analyzer-pocketchem-ua-pu-4010\\\/#primaryimage\",\"url\":\"https:\\\/\\\/i0.wp.com\\\/eastwings-diagnostics.com\\\/wp-content\\\/uploads\\\/2022\\\/09\\\/MicrosoftTeams-image-scaled.jpg?fit=2439%2C2560&ssl=1\",\"contentUrl\":\"https:\\\/\\\/i0.wp.com\\\/eastwings-diagnostics.com\\\/wp-content\\\/uploads\\\/2022\\\/09\\\/MicrosoftTeams-image-scaled.jpg?fit=2439%2C2560&ssl=1\",\"width\":2439,\"height\":2560,\"caption\":\"PocketChem UA PU-4010\"},{\"@type\":\"BreadcrumbList\",\"@id\":\"https:\\\/\\\/eastwings-diagnostics.com\\\/product\\\/compact-urine-analyzer-pocketchem-ua-pu-4010\\\/#breadcrumb\",\"itemListElement\":[{\"@type\":\"ListItem\",\"position\":1,\"name\":\"Home\",\"item\":\"https:\\\/\\\/eastwings-diagnostics.com\\\/\"},{\"@type\":\"ListItem\",\"position\":2,\"name\":\"Products\",\"item\":\"https:\\\/\\\/eastwings-diagnostics.com\\\/products\\\/\"},{\"@type\":\"ListItem\",\"position\":3,\"name\":\"Compact Urine Analyzer PocketChem UA PU-4010\"}]},{\"@type\":\"WebSite\",\"@id\":\"https:\\\/\\\/eastwings-diagnostics.com\\\/#website\",\"url\":\"https:\\\/\\\/eastwings-diagnostics.com\\\/\",\"name\":\"Eastwings Diagnostics Ltd\",\"description\":\"\",\"publisher\":{\"@id\":\"https:\\\/\\\/eastwings-diagnostics.com\\\/#organization\"},\"potentialAction\":[{\"@type\":\"SearchAction\",\"target\":{\"@type\":\"EntryPoint\",\"urlTemplate\":\"https:\\\/\\\/eastwings-diagnostics.com\\\/?s={search_term_string}\"},\"query-input\":{\"@type\":\"PropertyValueSpecification\",\"valueRequired\":true,\"valueName\":\"search_term_string\"}}],\"inLanguage\":\"fr-FR\"},{\"@type\":\"Organization\",\"@id\":\"https:\\\/\\\/eastwings-diagnostics.com\\\/#organization\",\"name\":\"Eastwings Diagnostics LTD\",\"url\":\"https:\\\/\\\/eastwings-diagnostics.com\\\/\",\"logo\":{\"@type\":\"ImageObject\",\"inLanguage\":\"fr-FR\",\"@id\":\"https:\\\/\\\/eastwings-diagnostics.com\\\/#\\\/schema\\\/logo\\\/image\\\/\",\"url\":\"https:\\\/\\\/eastwings-diagnostics.com\\\/wp-content\\\/uploads\\\/2021\\\/11\\\/eastwingss-diaa.png\",\"contentUrl\":\"https:\\\/\\\/eastwings-diagnostics.com\\\/wp-content\\\/uploads\\\/2021\\\/11\\\/eastwingss-diaa.png\",\"width\":512,\"height\":120,\"caption\":\"Eastwings Diagnostics LTD\"},\"image\":{\"@id\":\"https:\\\/\\\/eastwings-diagnostics.com\\\/#\\\/schema\\\/logo\\\/image\\\/\"},\"sameAs\":[\"https:\\\/\\\/x.com\\\/eastwings3\",\"http:\\\/\\\/www.linkedin.com\\\/in\\\/eastwings-diagnostics-213031226\"]}]}<\/script>\n<!-- \/ Yoast SEO Premium plugin. -->","yoast_head_json":{"title":"Compact Urine Analyzer PocketChem UA PU-4010 - Eastwings Diagnostics Ltd","description":"Palm-sized, fitting easily into a doctor's bag or uniform pocket.The printer can be separated from the \"PocketChem\" analyzer, leaving it with a weight of just 180g.","robots":{"index":"index","follow":"follow","max-snippet":"max-snippet:-1","max-image-preview":"max-image-preview:large","max-video-preview":"max-video-preview:-1"},"canonical":"https:\/\/eastwings-diagnostics.com\/fr\/produit\/compact-urine-analyzer-pocketchem-ua-pu-4010\/","og_locale":"fr_FR","og_type":"article","og_title":"Compact Urine Analyzer PocketChem UA PU-4010","og_description":"Palm-sized, fitting easily into a doctor's bag or uniform pocket.The printer can be separated from the \"PocketChem\" analyzer, leaving it with a weight of just 180g.","og_url":"https:\/\/eastwings-diagnostics.com\/fr\/produit\/compact-urine-analyzer-pocketchem-ua-pu-4010\/","og_site_name":"Eastwings Diagnostics Ltd","article_modified_time":"2022-09-29T12:23:05+00:00","og_image":[{"width":2439,"height":2560,"url":"https:\/\/i0.wp.com\/eastwings-diagnostics.com\/wp-content\/uploads\/2022\/09\/MicrosoftTeams-image-scaled.jpg?fit=2439%2C2560&ssl=1","type":"image\/jpeg"}],"twitter_card":"summary_large_image","twitter_site":"@eastwings3","schema":{"@context":"https:\/\/schema.org","@graph":[{"@type":"WebPage","@id":"https:\/\/eastwings-diagnostics.com\/product\/compact-urine-analyzer-pocketchem-ua-pu-4010\/","url":"https:\/\/eastwings-diagnostics.com\/product\/compact-urine-analyzer-pocketchem-ua-pu-4010\/","name":"Compact Urine Analyzer PocketChem UA PU-4010 - Eastwings Diagnostics Ltd","isPartOf":{"@id":"https:\/\/eastwings-diagnostics.com\/#website"},"primaryImageOfPage":{"@id":"https:\/\/eastwings-diagnostics.com\/product\/compact-urine-analyzer-pocketchem-ua-pu-4010\/#primaryimage"},"image":{"@id":"https:\/\/eastwings-diagnostics.com\/product\/compact-urine-analyzer-pocketchem-ua-pu-4010\/#primaryimage"},"thumbnailUrl":"https:\/\/i0.wp.com\/eastwings-diagnostics.com\/wp-content\/uploads\/2022\/09\/MicrosoftTeams-image-scaled.jpg?fit=2439%2C2560&ssl=1","datePublished":"2022-09-21T22:29:12+00:00","dateModified":"2022-09-29T12:23:05+00:00","description":"Palm-sized, fitting easily into a doctor's bag or uniform pocket.The printer can be separated from the \"PocketChem\" analyzer, leaving it with a weight of just 180g.","breadcrumb":{"@id":"https:\/\/eastwings-diagnostics.com\/product\/compact-urine-analyzer-pocketchem-ua-pu-4010\/#breadcrumb"},"inLanguage":"fr-FR","potentialAction":[{"@type":"ReadAction","target":["https:\/\/eastwings-diagnostics.com\/product\/compact-urine-analyzer-pocketchem-ua-pu-4010\/"]}]},{"@type":"ImageObject","inLanguage":"fr-FR","@id":"https:\/\/eastwings-diagnostics.com\/product\/compact-urine-analyzer-pocketchem-ua-pu-4010\/#primaryimage","url":"https:\/\/i0.wp.com\/eastwings-diagnostics.com\/wp-content\/uploads\/2022\/09\/MicrosoftTeams-image-scaled.jpg?fit=2439%2C2560&ssl=1","contentUrl":"https:\/\/i0.wp.com\/eastwings-diagnostics.com\/wp-content\/uploads\/2022\/09\/MicrosoftTeams-image-scaled.jpg?fit=2439%2C2560&ssl=1","width":2439,"height":2560,"caption":"PocketChem UA PU-4010"},{"@type":"BreadcrumbList","@id":"https:\/\/eastwings-diagnostics.com\/product\/compact-urine-analyzer-pocketchem-ua-pu-4010\/#breadcrumb","itemListElement":[{"@type":"ListItem","position":1,"name":"Home","item":"https:\/\/eastwings-diagnostics.com\/"},{"@type":"ListItem","position":2,"name":"Products","item":"https:\/\/eastwings-diagnostics.com\/products\/"},{"@type":"ListItem","position":3,"name":"Compact Urine Analyzer PocketChem UA PU-4010"}]},{"@type":"WebSite","@id":"https:\/\/eastwings-diagnostics.com\/#website","url":"https:\/\/eastwings-diagnostics.com\/","name":"Eastwings Diagnostics Ltd","description":"","publisher":{"@id":"https:\/\/eastwings-diagnostics.com\/#organization"},"potentialAction":[{"@type":"SearchAction","target":{"@type":"EntryPoint","urlTemplate":"https:\/\/eastwings-diagnostics.com\/?s={search_term_string}"},"query-input":{"@type":"PropertyValueSpecification","valueRequired":true,"valueName":"search_term_string"}}],"inLanguage":"fr-FR"},{"@type":"Organization","@id":"https:\/\/eastwings-diagnostics.com\/#organization","name":"Eastwings Diagnostics LTD","url":"https:\/\/eastwings-diagnostics.com\/","logo":{"@type":"ImageObject","inLanguage":"fr-FR","@id":"https:\/\/eastwings-diagnostics.com\/#\/schema\/logo\/image\/","url":"https:\/\/eastwings-diagnostics.com\/wp-content\/uploads\/2021\/11\/eastwingss-diaa.png","contentUrl":"https:\/\/eastwings-diagnostics.com\/wp-content\/uploads\/2021\/11\/eastwingss-diaa.png","width":512,"height":120,"caption":"Eastwings Diagnostics LTD"},"image":{"@id":"https:\/\/eastwings-diagnostics.com\/#\/schema\/logo\/image\/"},"sameAs":["https:\/\/x.com\/eastwings3","http:\/\/www.linkedin.com\/in\/eastwings-diagnostics-213031226"]}]}},"jetpack_sharing_enabled":true,"_links":{"self":[{"href":"https:\/\/eastwings-diagnostics.com\/fr\/wp-json\/wp\/v2\/product\/7573","targetHints":{"allow":["GET"]}}],"collection":[{"href":"https:\/\/eastwings-diagnostics.com\/fr\/wp-json\/wp\/v2\/product"}],"about":[{"href":"https:\/\/eastwings-diagnostics.com\/fr\/wp-json\/wp\/v2\/types\/product"}],"wp:featuredmedia":[{"embeddable":true,"href":"https:\/\/eastwings-diagnostics.com\/fr\/wp-json\/wp\/v2\/media\/7616"}],"wp:attachment":[{"href":"https:\/\/eastwings-diagnostics.com\/fr\/wp-json\/wp\/v2\/media?parent=7573"}],"wp:term":[{"taxonomy":"product_brand","embeddable":true,"href":"https:\/\/eastwings-diagnostics.com\/fr\/wp-json\/wp\/v2\/product_brand?post=7573"},{"taxonomy":"product_cat","embeddable":true,"href":"https:\/\/eastwings-diagnostics.com\/fr\/wp-json\/wp\/v2\/product_cat?post=7573"},{"taxonomy":"product_tag","embeddable":true,"href":"https:\/\/eastwings-diagnostics.com\/fr\/wp-json\/wp\/v2\/product_tag?post=7573"}],"curies":[{"name":"wp","href":"https:\/\/api.w.org\/{rel}","templated":true}]}}