{"id":7571,"date":"2022-09-21T22:25:30","date_gmt":"2022-09-21T22:25:30","guid":{"rendered":"https:\/\/eastwings-diagnostics.com\/?post_type=product&#038;p=7571"},"modified":"2022-09-24T14:10:41","modified_gmt":"2022-09-24T14:10:41","slug":"semi-automatic-urine-analyzer-aution-idaten-ae-4070-urinalysis-compact","status":"publish","type":"product","link":"https:\/\/eastwings-diagnostics.com\/fr\/produit\/semi-automatic-urine-analyzer-aution-idaten-ae-4070-urinalysis-compact\/","title":{"rendered":"Analyseur d&#039;urine semi-automatique Aution IDaten AE-4070 Analyse d&#039;urine (Compact)"},"content":{"rendered":"","protected":false},"excerpt":{"rendered":"<h3>Atteint une vitesse de traitement qui est au plus haut niveau parmi la s\u00e9rie AUTION, m\u00eame avec son corps compact\u00a0!<\/h3>\n<p class=\"bold\"><strong>R\u00e9duit la charge du personnel m\u00e9dical en automatisant les examens<\/strong><\/p>\n<p class=\"bold\">\u00c9limination automatique des r\u00e9actifs apr\u00e8s la mesure<\/p>\n<p class=\"bold mb0\"><strong>Prise en charge multilingue<\/strong><\/p>\n<ul>\n<li>Prend en charge 8 langues : anglais, fran\u00e7ais, allemand, italien, grec, espagnol, portugais et n\u00e9erlandais.<\/li>\n<\/ul>\n<p class=\"bold mb0\"><strong>Con\u00e7u pour la convivialit\u00e9<\/strong><\/p>\n<ul>\n<li>D\u00e9marrage automatique du c\u00f4t\u00e9 gauche ou droit<\/li>\n<\/ul>\n<p class=\"bold mb0\"><strong>Entretien facile<\/strong><\/p>\n<ul>\n<li>Pour un entretien r\u00e9gulier, retirez simplement le plateau de l&#039;unit\u00e9 principale et lavez-le \u00e0 l&#039;eau.<br \/>\nDe plus, pour remplacer le papier d&#039;enregistrement thermique sur lequel les r\u00e9sultats sont imprim\u00e9s, il suffit de prendre le rouleau de papier entre les couvertures.<\/li>\n<\/ul>\n<p class=\"bold mb0\"><strong>Le rapport ALB\/CRE et le rapport PRO\/CRE peuvent \u00eatre mesur\u00e9s via la correction de la cr\u00e9atinine.<\/strong><\/p>\n<ul>\n<li>Il est possible d&#039;effectuer facilement des tests de d\u00e9pistage qualitatifs pour les maladies r\u00e9nales pr\u00e9coces et le diab\u00e8te sucr\u00e9, qui sont consid\u00e9r\u00e9s comme ne pr\u00e9sentant aucun sympt\u00f4me subjectif.<\/li>\n<\/ul>\n<h3>Caract\u00e9ristiques<\/h3>\n<table class=\"tbl01\">\n<tbody>\n<tr>\n<th>Objets de mesure<\/th>\n<td>Urine<\/td>\n<\/tr>\n<tr>\n<th>Bandelettes r\u00e9actives<\/th>\n<td>B\u00e2tons AUTION, Uriflet S, \u00c9CRAN AUTION<\/td>\n<\/tr>\n<tr>\n<th>\u00c9l\u00e9ments de mesure<\/th>\n<td>GLU, PRO, BIL, URO, KET, pH, NIT, BLD, LEU, gravit\u00e9 sp\u00e9cifique, tonalit\u00e9 de couleur,<br \/>\nALB, CRE, A\/C, P\/C<\/td>\n<\/tr>\n<tr>\n<th>Principe de mesure<\/th>\n<td>M\u00e9thode de la bandelette de test<br \/>\nM\u00e9thode photom\u00e9trique de r\u00e9flexion \u00e0 double longueur d&#039;onde (longueur d&#039;onde unique pour BLD)<\/td>\n<\/tr>\n<tr>\n<th>Longueur d&#039;onde de mesure<\/th>\n<td>LED \u00e0 4 longueurs d&#039;onde (430, 565, 635 et 760 nm)<\/td>\n<\/tr>\n<tr>\n<th>Vitesse de traitement<\/th>\n<td>514 \u00e9chantillons par heure<br \/>\n(mode de traitement maximal : intervalle de 7 secondes)<\/td>\n<\/tr>\n<tr>\n<th>Affichage<\/th>\n<td>\u00c9cran LCD couleur 7 pouces avec \u00e9cran tactile<\/td>\n<\/tr>\n<tr>\n<th>Imprimante<\/th>\n<td>\u00c0 utiliser avec du papier pour imprimante thermique de 58 mm de large<\/td>\n<\/tr>\n<tr>\n<th>Capacit\u00e9 m\u00e9moire<\/th>\n<td>520 \u00e9chantillons<\/td>\n<\/tr>\n<tr>\n<th>Sortie externe<\/th>\n<td>Conforme \u00e0 la norme RS-232C (s\u00e9rie)<br \/>\nOptions : Carte Ethernet<\/td>\n<\/tr>\n<tr>\n<th>Syst\u00e8me de communication<\/th>\n<td>Syst\u00e8me de communication unidirectionnel (RS-232C)<br \/>\nSyst\u00e8me de communication bidirectionnelle (RS-232C, Ethernet)<\/td>\n<\/tr>\n<tr>\n<th>Environnement de mesure<br \/>\n(Correction de temp\u00e9rature)<\/th>\n<td>Temp\u00e9rature : 10 \u00e0 30\u00b0C,<br \/>\nHumidit\u00e9 : 30 \u00e0 60% HR (sans condensation)<\/td>\n<\/tr>\n<tr>\n<th>Dimensions<\/th>\n<td>206 (largeur) \u00d7 365 (profondeur) \u00d7 180 (hauteur) mm<\/td>\n<\/tr>\n<tr>\n<th>Lester<\/th>\n<td>Environ. 5,0 kg<\/td>\n<\/tr>\n<tr>\n<th>Exigences d&#039;alimentation<\/th>\n<td>Adaptateur secteur : 100 \u00e0 240 V CA \u00b1 10%, 50\/60 Hz<br \/>\nUnit\u00e9 principale de l&#039;instrument\u00a0: 12\u00a0V\u00a0CC<\/td>\n<\/tr>\n<tr>\n<th>Entr\u00e9e de puissance<\/th>\n<td>Adaptateur secteur : 60 VA<br \/>\nUnit\u00e9 principale de l&#039;instrument\u00a0: 12\u00a0V\u00a0CC\/4,2\u00a0A<\/td>\n<\/tr>\n<\/tbody>\n<\/table>","protected":false},"featured_media":7597,"template":"","meta":{"nf_dc_page":""},"product_brand":[],"product_cat":[57],"product_tag":[],"class_list":{"0":"post-7571","1":"product","2":"type-product","3":"status-publish","4":"has-post-thumbnail","6":"product_cat-urinalysis","8":"first","9":"instock","10":"shipping-taxable","11":"product-type-simple"},"yoast_head":"<!-- This site is optimized with the Yoast SEO Premium plugin v23.9 (Yoast SEO v27.4) - https:\/\/yoast.com\/product\/yoast-seo-premium-wordpress\/ -->\n<title>Semi-automatic Urine Analyzer Aution IDaten AE-4070 Urinalysis (Compact) - Eastwings Diagnostics Ltd<\/title>\n<meta name=\"description\" content=\"Achieved a processing speed that&#039;s at the highest level among the AUTION series, even with its compact body!\" \/>\n<meta name=\"robots\" content=\"index, follow, max-snippet:-1, max-image-preview:large, max-video-preview:-1\" \/>\n<link rel=\"canonical\" href=\"https:\/\/eastwings-diagnostics.com\/fr\/produit\/semi-automatic-urine-analyzer-aution-idaten-ae-4070-urinalysis-compact\/\" \/>\n<meta property=\"og:locale\" content=\"fr_FR\" \/>\n<meta property=\"og:type\" content=\"article\" \/>\n<meta property=\"og:title\" content=\"Semi-automatic Urine Analyzer Aution IDaten AE-4070 Urinalysis (Compact)\" \/>\n<meta property=\"og:description\" content=\"Achieved a processing speed that&#039;s at the highest level among the AUTION series, even with its compact body!\" \/>\n<meta property=\"og:url\" content=\"https:\/\/eastwings-diagnostics.com\/fr\/produit\/semi-automatic-urine-analyzer-aution-idaten-ae-4070-urinalysis-compact\/\" \/>\n<meta property=\"og:site_name\" content=\"Eastwings Diagnostics Ltd\" \/>\n<meta property=\"article:modified_time\" content=\"2022-09-24T14:10:41+00:00\" \/>\n<meta property=\"og:image\" content=\"https:\/\/i0.wp.com\/eastwings-diagnostics.com\/wp-content\/uploads\/2022\/09\/AE4070.jpeg?fit=1066%2C1600&ssl=1\" \/>\n\t<meta property=\"og:image:width\" content=\"1066\" \/>\n\t<meta property=\"og:image:height\" content=\"1600\" \/>\n\t<meta property=\"og:image:type\" content=\"image\/jpeg\" \/>\n<meta name=\"twitter:card\" content=\"summary_large_image\" \/>\n<meta name=\"twitter:site\" content=\"@eastwings3\" \/>\n<script type=\"application\/ld+json\" class=\"yoast-schema-graph\">{\"@context\":\"https:\\\/\\\/schema.org\",\"@graph\":[{\"@type\":\"WebPage\",\"@id\":\"https:\\\/\\\/eastwings-diagnostics.com\\\/product\\\/semi-automatic-urine-analyzer-aution-idaten-ae-4070-urinalysis-compact\\\/\",\"url\":\"https:\\\/\\\/eastwings-diagnostics.com\\\/product\\\/semi-automatic-urine-analyzer-aution-idaten-ae-4070-urinalysis-compact\\\/\",\"name\":\"Semi-automatic Urine Analyzer Aution IDaten AE-4070 Urinalysis (Compact) - Eastwings Diagnostics Ltd\",\"isPartOf\":{\"@id\":\"https:\\\/\\\/eastwings-diagnostics.com\\\/#website\"},\"primaryImageOfPage\":{\"@id\":\"https:\\\/\\\/eastwings-diagnostics.com\\\/product\\\/semi-automatic-urine-analyzer-aution-idaten-ae-4070-urinalysis-compact\\\/#primaryimage\"},\"image\":{\"@id\":\"https:\\\/\\\/eastwings-diagnostics.com\\\/product\\\/semi-automatic-urine-analyzer-aution-idaten-ae-4070-urinalysis-compact\\\/#primaryimage\"},\"thumbnailUrl\":\"https:\\\/\\\/i0.wp.com\\\/eastwings-diagnostics.com\\\/wp-content\\\/uploads\\\/2022\\\/09\\\/AE4070.jpeg?fit=1066%2C1600&ssl=1\",\"datePublished\":\"2022-09-21T22:25:30+00:00\",\"dateModified\":\"2022-09-24T14:10:41+00:00\",\"description\":\"Achieved a processing speed that's at the highest level among the AUTION series, even with its compact body!\",\"breadcrumb\":{\"@id\":\"https:\\\/\\\/eastwings-diagnostics.com\\\/product\\\/semi-automatic-urine-analyzer-aution-idaten-ae-4070-urinalysis-compact\\\/#breadcrumb\"},\"inLanguage\":\"fr-FR\",\"potentialAction\":[{\"@type\":\"ReadAction\",\"target\":[\"https:\\\/\\\/eastwings-diagnostics.com\\\/product\\\/semi-automatic-urine-analyzer-aution-idaten-ae-4070-urinalysis-compact\\\/\"]}]},{\"@type\":\"ImageObject\",\"inLanguage\":\"fr-FR\",\"@id\":\"https:\\\/\\\/eastwings-diagnostics.com\\\/product\\\/semi-automatic-urine-analyzer-aution-idaten-ae-4070-urinalysis-compact\\\/#primaryimage\",\"url\":\"https:\\\/\\\/i0.wp.com\\\/eastwings-diagnostics.com\\\/wp-content\\\/uploads\\\/2022\\\/09\\\/AE4070.jpeg?fit=1066%2C1600&ssl=1\",\"contentUrl\":\"https:\\\/\\\/i0.wp.com\\\/eastwings-diagnostics.com\\\/wp-content\\\/uploads\\\/2022\\\/09\\\/AE4070.jpeg?fit=1066%2C1600&ssl=1\",\"width\":1066,\"height\":1600,\"caption\":\"Aution IDaten AE-4070 Urinalysis (Compact)\"},{\"@type\":\"BreadcrumbList\",\"@id\":\"https:\\\/\\\/eastwings-diagnostics.com\\\/product\\\/semi-automatic-urine-analyzer-aution-idaten-ae-4070-urinalysis-compact\\\/#breadcrumb\",\"itemListElement\":[{\"@type\":\"ListItem\",\"position\":1,\"name\":\"Home\",\"item\":\"https:\\\/\\\/eastwings-diagnostics.com\\\/\"},{\"@type\":\"ListItem\",\"position\":2,\"name\":\"Products\",\"item\":\"https:\\\/\\\/eastwings-diagnostics.com\\\/products\\\/\"},{\"@type\":\"ListItem\",\"position\":3,\"name\":\"Semi-automatic Urine Analyzer Aution IDaten AE-4070 Urinalysis (Compact)\"}]},{\"@type\":\"WebSite\",\"@id\":\"https:\\\/\\\/eastwings-diagnostics.com\\\/#website\",\"url\":\"https:\\\/\\\/eastwings-diagnostics.com\\\/\",\"name\":\"Eastwings Diagnostics Ltd\",\"description\":\"\",\"publisher\":{\"@id\":\"https:\\\/\\\/eastwings-diagnostics.com\\\/#organization\"},\"potentialAction\":[{\"@type\":\"SearchAction\",\"target\":{\"@type\":\"EntryPoint\",\"urlTemplate\":\"https:\\\/\\\/eastwings-diagnostics.com\\\/?s={search_term_string}\"},\"query-input\":{\"@type\":\"PropertyValueSpecification\",\"valueRequired\":true,\"valueName\":\"search_term_string\"}}],\"inLanguage\":\"fr-FR\"},{\"@type\":\"Organization\",\"@id\":\"https:\\\/\\\/eastwings-diagnostics.com\\\/#organization\",\"name\":\"Eastwings Diagnostics LTD\",\"url\":\"https:\\\/\\\/eastwings-diagnostics.com\\\/\",\"logo\":{\"@type\":\"ImageObject\",\"inLanguage\":\"fr-FR\",\"@id\":\"https:\\\/\\\/eastwings-diagnostics.com\\\/#\\\/schema\\\/logo\\\/image\\\/\",\"url\":\"https:\\\/\\\/eastwings-diagnostics.com\\\/wp-content\\\/uploads\\\/2021\\\/11\\\/eastwingss-diaa.png\",\"contentUrl\":\"https:\\\/\\\/eastwings-diagnostics.com\\\/wp-content\\\/uploads\\\/2021\\\/11\\\/eastwingss-diaa.png\",\"width\":512,\"height\":120,\"caption\":\"Eastwings Diagnostics LTD\"},\"image\":{\"@id\":\"https:\\\/\\\/eastwings-diagnostics.com\\\/#\\\/schema\\\/logo\\\/image\\\/\"},\"sameAs\":[\"https:\\\/\\\/x.com\\\/eastwings3\",\"http:\\\/\\\/www.linkedin.com\\\/in\\\/eastwings-diagnostics-213031226\"]}]}<\/script>\n<!-- \/ Yoast SEO Premium plugin. -->","yoast_head_json":{"title":"Semi-automatic Urine Analyzer Aution IDaten AE-4070 Urinalysis (Compact) - Eastwings Diagnostics Ltd","description":"Achieved a processing speed that's at the highest level among the AUTION series, even with its compact body!","robots":{"index":"index","follow":"follow","max-snippet":"max-snippet:-1","max-image-preview":"max-image-preview:large","max-video-preview":"max-video-preview:-1"},"canonical":"https:\/\/eastwings-diagnostics.com\/fr\/produit\/semi-automatic-urine-analyzer-aution-idaten-ae-4070-urinalysis-compact\/","og_locale":"fr_FR","og_type":"article","og_title":"Semi-automatic Urine Analyzer Aution IDaten AE-4070 Urinalysis (Compact)","og_description":"Achieved a processing speed that's at the highest level among the AUTION series, even with its compact body!","og_url":"https:\/\/eastwings-diagnostics.com\/fr\/produit\/semi-automatic-urine-analyzer-aution-idaten-ae-4070-urinalysis-compact\/","og_site_name":"Eastwings Diagnostics Ltd","article_modified_time":"2022-09-24T14:10:41+00:00","og_image":[{"width":1066,"height":1600,"url":"https:\/\/i0.wp.com\/eastwings-diagnostics.com\/wp-content\/uploads\/2022\/09\/AE4070.jpeg?fit=1066%2C1600&ssl=1","type":"image\/jpeg"}],"twitter_card":"summary_large_image","twitter_site":"@eastwings3","schema":{"@context":"https:\/\/schema.org","@graph":[{"@type":"WebPage","@id":"https:\/\/eastwings-diagnostics.com\/product\/semi-automatic-urine-analyzer-aution-idaten-ae-4070-urinalysis-compact\/","url":"https:\/\/eastwings-diagnostics.com\/product\/semi-automatic-urine-analyzer-aution-idaten-ae-4070-urinalysis-compact\/","name":"Semi-automatic Urine Analyzer Aution IDaten AE-4070 Urinalysis (Compact) - Eastwings Diagnostics Ltd","isPartOf":{"@id":"https:\/\/eastwings-diagnostics.com\/#website"},"primaryImageOfPage":{"@id":"https:\/\/eastwings-diagnostics.com\/product\/semi-automatic-urine-analyzer-aution-idaten-ae-4070-urinalysis-compact\/#primaryimage"},"image":{"@id":"https:\/\/eastwings-diagnostics.com\/product\/semi-automatic-urine-analyzer-aution-idaten-ae-4070-urinalysis-compact\/#primaryimage"},"thumbnailUrl":"https:\/\/i0.wp.com\/eastwings-diagnostics.com\/wp-content\/uploads\/2022\/09\/AE4070.jpeg?fit=1066%2C1600&ssl=1","datePublished":"2022-09-21T22:25:30+00:00","dateModified":"2022-09-24T14:10:41+00:00","description":"Achieved a processing speed that's at the highest level among the AUTION series, even with its compact body!","breadcrumb":{"@id":"https:\/\/eastwings-diagnostics.com\/product\/semi-automatic-urine-analyzer-aution-idaten-ae-4070-urinalysis-compact\/#breadcrumb"},"inLanguage":"fr-FR","potentialAction":[{"@type":"ReadAction","target":["https:\/\/eastwings-diagnostics.com\/product\/semi-automatic-urine-analyzer-aution-idaten-ae-4070-urinalysis-compact\/"]}]},{"@type":"ImageObject","inLanguage":"fr-FR","@id":"https:\/\/eastwings-diagnostics.com\/product\/semi-automatic-urine-analyzer-aution-idaten-ae-4070-urinalysis-compact\/#primaryimage","url":"https:\/\/i0.wp.com\/eastwings-diagnostics.com\/wp-content\/uploads\/2022\/09\/AE4070.jpeg?fit=1066%2C1600&ssl=1","contentUrl":"https:\/\/i0.wp.com\/eastwings-diagnostics.com\/wp-content\/uploads\/2022\/09\/AE4070.jpeg?fit=1066%2C1600&ssl=1","width":1066,"height":1600,"caption":"Aution IDaten AE-4070 Urinalysis (Compact)"},{"@type":"BreadcrumbList","@id":"https:\/\/eastwings-diagnostics.com\/product\/semi-automatic-urine-analyzer-aution-idaten-ae-4070-urinalysis-compact\/#breadcrumb","itemListElement":[{"@type":"ListItem","position":1,"name":"Home","item":"https:\/\/eastwings-diagnostics.com\/"},{"@type":"ListItem","position":2,"name":"Products","item":"https:\/\/eastwings-diagnostics.com\/products\/"},{"@type":"ListItem","position":3,"name":"Semi-automatic Urine Analyzer Aution IDaten AE-4070 Urinalysis (Compact)"}]},{"@type":"WebSite","@id":"https:\/\/eastwings-diagnostics.com\/#website","url":"https:\/\/eastwings-diagnostics.com\/","name":"Eastwings Diagnostics Ltd","description":"","publisher":{"@id":"https:\/\/eastwings-diagnostics.com\/#organization"},"potentialAction":[{"@type":"SearchAction","target":{"@type":"EntryPoint","urlTemplate":"https:\/\/eastwings-diagnostics.com\/?s={search_term_string}"},"query-input":{"@type":"PropertyValueSpecification","valueRequired":true,"valueName":"search_term_string"}}],"inLanguage":"fr-FR"},{"@type":"Organization","@id":"https:\/\/eastwings-diagnostics.com\/#organization","name":"Eastwings Diagnostics LTD","url":"https:\/\/eastwings-diagnostics.com\/","logo":{"@type":"ImageObject","inLanguage":"fr-FR","@id":"https:\/\/eastwings-diagnostics.com\/#\/schema\/logo\/image\/","url":"https:\/\/eastwings-diagnostics.com\/wp-content\/uploads\/2021\/11\/eastwingss-diaa.png","contentUrl":"https:\/\/eastwings-diagnostics.com\/wp-content\/uploads\/2021\/11\/eastwingss-diaa.png","width":512,"height":120,"caption":"Eastwings Diagnostics LTD"},"image":{"@id":"https:\/\/eastwings-diagnostics.com\/#\/schema\/logo\/image\/"},"sameAs":["https:\/\/x.com\/eastwings3","http:\/\/www.linkedin.com\/in\/eastwings-diagnostics-213031226"]}]}},"jetpack_sharing_enabled":true,"_links":{"self":[{"href":"https:\/\/eastwings-diagnostics.com\/fr\/wp-json\/wp\/v2\/product\/7571","targetHints":{"allow":["GET"]}}],"collection":[{"href":"https:\/\/eastwings-diagnostics.com\/fr\/wp-json\/wp\/v2\/product"}],"about":[{"href":"https:\/\/eastwings-diagnostics.com\/fr\/wp-json\/wp\/v2\/types\/product"}],"wp:featuredmedia":[{"embeddable":true,"href":"https:\/\/eastwings-diagnostics.com\/fr\/wp-json\/wp\/v2\/media\/7597"}],"wp:attachment":[{"href":"https:\/\/eastwings-diagnostics.com\/fr\/wp-json\/wp\/v2\/media?parent=7571"}],"wp:term":[{"taxonomy":"product_brand","embeddable":true,"href":"https:\/\/eastwings-diagnostics.com\/fr\/wp-json\/wp\/v2\/product_brand?post=7571"},{"taxonomy":"product_cat","embeddable":true,"href":"https:\/\/eastwings-diagnostics.com\/fr\/wp-json\/wp\/v2\/product_cat?post=7571"},{"taxonomy":"product_tag","embeddable":true,"href":"https:\/\/eastwings-diagnostics.com\/fr\/wp-json\/wp\/v2\/product_tag?post=7571"}],"curies":[{"name":"wp","href":"https:\/\/api.w.org\/{rel}","templated":true}]}}