{"id":7563,"date":"2022-09-21T22:13:19","date_gmt":"2022-09-21T22:13:19","guid":{"rendered":"https:\/\/eastwings-diagnostics.com\/?post_type=product&#038;p=7563"},"modified":"2022-09-24T14:13:28","modified_gmt":"2022-09-24T14:13:28","slug":"urine-sediment-analyzer-aution-eye-ai-4510","status":"publish","type":"product","link":"https:\/\/eastwings-diagnostics.com\/fr\/produit\/urine-sediment-analyzer-aution-eye-ai-4510\/","title":{"rendered":"Analyseur de s\u00e9diments urinaires AUTION EYE AI-4510"},"content":{"rendered":"","protected":false},"excerpt":{"rendered":"<p class=\"bold\"><strong>Compact footprint realized by simple transfer system<\/strong><\/p>\n<ul>\n<li>For easier identification of particle images<\/li>\n<li>Useful Library (Atlas images*) as a standard function<\/li>\n<li>Urine qualitative test results can be displayed together<\/li>\n<\/ul>\n<table class=\"tbl01\">\n<tbody>\n<tr>\n<th>Equipment configuration<\/th>\n<td>Instrument, sampler, computer, display, hand-held barcode reader and accessories<\/td>\n<\/tr>\n<tr>\n<th>Measurement objects<\/th>\n<td>Urine<\/td>\n<\/tr>\n<tr>\n<th>Reagents<\/th>\n<td>Sheath solution, washing solution<br \/>\n(for maintenance), control and calibrator<\/td>\n<\/tr>\n<tr>\n<th>Measurement items<\/th>\n<td>Automatic classification items: 12 items<br \/>\nRed blood cells (RBC), white blood cells (WBC), white blood cell clumps (WBCC), squamous epithelial cells (SQEC), non-squamous epithelial cells (NSE), hyaline casts (HYAL), unclassified casts (NHC), bacteria (BACT), crystal (CRYS), yeast (YST), mucus (MUCS) and sperm (SPRM)<br \/>\nManual classification items:<br \/>\nRed blood cells: 2 items<br \/>\nDysmorphic red blood cells (DRBC) and red blood cell clumps (RBCC)<br \/>\nCrystal: 10 items<br \/>\nCalcium oxalate crystal (CAOX), calcium phosphate crystal (CAPH), magnesium ammonium phosphate crystal (TPO4), leucine crystal (LEUC), uric acid crystal (URIC), calcium carbonate crystal (CACB), cystine crystal (CYST), tyrosine crystal (TYRO), amorphous salts (phosphoric acid, uric acid) (AMOR) and unclassified crystal (UNCX)<br \/>\nCasts: 6 items<br \/>\nGranular casts (GRAN), waxy casts (WAXY), RBC casts (RBCT), WBC casts (WBCT), epithelial casts (EPIC) and fatty casts (FATC)<br \/>\nYeast: 1 item<br \/>\nBudding yeast (BYST)<br \/>\nEpithelial cells: 2 items<br \/>\nRenal tubular epithelial cells (REEP), urothelial cells (TREP)<br \/>\nFat: 2 items<br \/>\nFat (FAT) and oval fat body (OVFB)<br \/>\nOther categories: 5 items<br \/>\nTrichomonas (TRCH), inclusion cells (INCC), parasite (PARA), artifact (ART) and unclassified (UNCL)<\/td>\n<\/tr>\n<tr>\n<th>Measurement time<\/th>\n<td>45 seconds\/test (Excluding cases in which large numbers of formed elements are present or in the case of control measurement)<\/td>\n<\/tr>\n<tr>\n<th>Warm-up time<\/th>\n<td>Maximum 10 minutes (Duration after the power is turned ON.<br \/>\nThe warm-up time is extended if a readjustment process is added during startup.)<\/td>\n<\/tr>\n<tr>\n<th>Measurement principle<\/th>\n<td>Flow cell digital imaging<\/td>\n<\/tr>\n<tr>\n<th>Measurement wavelength<\/th>\n<td>430 \uff5e 650 nm<\/td>\n<\/tr>\n<tr>\n<th>Compensation function and others<\/th>\n<td>Abnormal value display, warning display<\/td>\n<\/tr>\n<tr>\n<th>Calibration method<\/th>\n<td>Focus adjustment with calibrators (automatic calibration)<\/td>\n<\/tr>\n<tr>\n<th>Consumption of consumables<\/th>\n<td>Sheath solution consumption: 21 [mL\/test] or lower<br \/>\n(excluding cases of additional washing)<\/td>\n<\/tr>\n<tr>\n<th>Processing speed<\/th>\n<td>Maximum 80 measurements\/hour<br \/>\n(Excluding cases of additional wash and automatic dilution)<br \/>\n(Maximum 106 measurements\/hour is possible when no mixing mode.<br \/>\nIf you prefer no mixing mode, contact your distributor.)<\/td>\n<\/tr>\n<tr>\n<th>Required sample volume<\/th>\n<td>Minimum 2 mL<\/td>\n<\/tr>\n<tr>\n<th>Sample container<\/th>\n<td>Sample tubes<br \/>\n(length: 95 &#8211; 110 mm, diameter: \u03a614.0 &#8211; 15.8 mm)<\/td>\n<\/tr>\n<tr>\n<th>Sample container loading capacity<\/th>\n<td>One-way transportation Maximum 50 samples Loop transportation<br \/>\nMaximum 100 samples<br \/>\nExtended sampler mode Maximum 200 samples(Optional)<br \/>\n(Original 50 samples + additional 150 samples)<\/td>\n<\/tr>\n<tr>\n<th>Printer<\/th>\n<td>Printer (connected to the computer) (optional)<\/td>\n<\/tr>\n<tr>\n<th>Memory capacity<\/th>\n<td>Measurement results (Normal) : 10000 tests*<br \/>\nMeasurement results (QC) :1000 tests<br \/>\nTrouble list : 100 items<br \/>\nOperation history: 3000 items<br \/>\nMaintenance history : 1500 items<br \/>\nConsumables replacement history : 300 items<\/td>\n<\/tr>\n<tr>\n<th>External output<\/th>\n<td>Communication with dedicated form<br \/>\nCSV output<\/td>\n<\/tr>\n<tr>\n<th>Communication specifications<\/th>\n<td>Ethernet<br \/>\nRS-232C<\/td>\n<\/tr>\n<tr>\n<th>Measurement environment<\/th>\n<td>Temperature: 15 to 30 \u2103, Humidity: 20 to 80% (No condensation)<\/td>\n<\/tr>\n<tr>\n<th>Dimensions<\/th>\n<td>530 (W) \u00d7 600 (D) \u00d7 650 (H) mm (including the sampler)<br \/>\n530 (W) \u00d7 200 (D) \u00d7 135 (H) mm (sampler only)<\/td>\n<\/tr>\n<tr>\n<th>Weight<\/th>\n<td>Analyzer (with the sampler) : Approx. 57 kg<br \/>\nSampler : Approx. 4 kg<\/td>\n<\/tr>\n<tr>\n<th>Power<\/th>\n<td>100 &#8211; 240 V AC, 50\/60 Hz<br \/>\n(Including fluctuations of \u00b110%)<\/td>\n<\/tr>\n<tr>\n<th>Power consumption<\/th>\n<td>Maximum 600 VA (analyzer only) 300 W (Computer)<\/td>\n<\/tr>\n<\/tbody>\n<\/table>\n","protected":false},"featured_media":7565,"template":"","meta":{"nf_dc_page":""},"product_brand":[],"product_cat":[57],"product_tag":[],"class_list":{"0":"post-7563","1":"product","2":"type-product","3":"status-publish","4":"has-post-thumbnail","6":"product_cat-urinalysis","8":"first","9":"instock","10":"shipping-taxable","11":"product-type-simple"},"yoast_head":"<!-- This site is optimized with the Yoast SEO Premium plugin v23.9 (Yoast SEO v27.4) - https:\/\/yoast.com\/product\/yoast-seo-premium-wordpress\/ -->\n<title>Urine Sediment Analyzer AUTION EYE AI-4510 - Eastwings Diagnostics Ltd<\/title>\n<meta name=\"robots\" content=\"index, follow, max-snippet:-1, max-image-preview:large, max-video-preview:-1\" \/>\n<link rel=\"canonical\" href=\"https:\/\/eastwings-diagnostics.com\/fr\/produit\/urine-sediment-analyzer-aution-eye-ai-4510\/\" \/>\n<meta property=\"og:locale\" content=\"fr_FR\" \/>\n<meta property=\"og:type\" content=\"article\" \/>\n<meta property=\"og:title\" content=\"Urine Sediment Analyzer AUTION EYE AI-4510\" \/>\n<meta property=\"og:description\" content=\"Compact footprint realized by simple transfer system    For easier identification of particle images  Useful Library (Atlas images*) as a standard function  Urine qualitative test results can be displayed together     Equipment configuration Instrument, sampler, computer, display, hand-held barcode reader and accessories   Measurement objects Urine   Reagents Sheath solution, washing solution (for maintenance), control and calibrator   Measurement items Automatic classification items: 12 items Red blood cells (RBC), white blood cells (WBC), white blood cell clumps (WBCC), squamous epithelial cells (SQEC), non-squamous epithelial cells (NSE), hyaline casts (HYAL), unclassified casts (NHC), bacteria (BACT), crystal (CRYS), yeast (YST), mucus (MUCS) and sperm (SPRM) Manual classification items: Red blood cells: 2 items Dysmorphic red blood cells (DRBC) and red blood cell clumps (RBCC) Crystal: 10 items Calcium oxalate crystal (CAOX), calcium phosphate crystal (CAPH), magnesium ammonium phosphate crystal (TPO4), leucine crystal (LEUC), uric acid crystal (URIC), calcium carbonate crystal (CACB), cystine crystal (CYST), tyrosine crystal (TYRO), amorphous salts (phosphoric acid, uric acid) (AMOR) and unclassified crystal (UNCX) Casts: 6 items Granular casts (GRAN), waxy casts (WAXY), RBC casts (RBCT), WBC casts (WBCT), epithelial casts (EPIC) and fatty casts (FATC) Yeast: 1 item Budding yeast (BYST) Epithelial cells: 2 items Renal tubular epithelial cells (REEP), urothelial cells (TREP) Fat: 2 items Fat (FAT) and oval fat body (OVFB) Other categories: 5 items Trichomonas (TRCH), inclusion cells (INCC), parasite (PARA), artifact (ART) and unclassified (UNCL)   Measurement time 45 seconds\/test (Excluding cases in which large numbers of formed elements are present or in the case of control measurement)   Warm-up time Maximum 10 minutes (Duration after the power is turned ON. The warm-up time is extended if a readjustment process is added during startup.)   Measurement principle Flow cell digital imaging   Measurement wavelength 430 \uff5e 650 nm   Compensation function and others Abnormal value display, warning display   Calibration method Focus adjustment with calibrators (automatic calibration)   Consumption of consumables Sheath solution consumption: 21 [mL\/test] or lower (excluding cases of additional washing)   Processing speed Maximum 80 measurements\/hour (Excluding cases of additional wash and automatic dilution) (Maximum 106 measurements\/hour is possible when no mixing mode. If you prefer no mixing mode, contact your distributor.)   Required sample volume Minimum 2 mL   Sample container Sample tubes (length: 95 - 110 mm, diameter: \u03a614.0 - 15.8 mm)   Sample container loading capacity One-way transportation Maximum 50 samples Loop transportation Maximum 100 samples Extended sampler mode Maximum 200 samples(Optional) (Original 50 samples + additional 150 samples)   Printer Printer (connected to the computer) (optional)   Memory capacity Measurement results (Normal) : 10000 tests* Measurement results (QC) :1000 tests Trouble list : 100 items Operation history: 3000 items Maintenance history : 1500 items Consumables replacement history : 300 items   External output Communication with dedicated form CSV output   Communication specifications Ethernet RS-232C   Measurement environment Temperature: 15 to 30 \u2103, Humidity: 20 to 80% (No condensation)   Dimensions 530 (W) \u00d7 600 (D) \u00d7 650 (H) mm (including the sampler) 530 (W) \u00d7 200 (D) \u00d7 135 (H) mm (sampler only)   Weight Analyzer (with the sampler) : Approx. 57 kg Sampler : Approx. 4 kg   Power 100 - 240 V AC, 50\/60 Hz (Including fluctuations of \u00b110%)   Power consumption Maximum 600 VA (analyzer only) 300 W (Computer)\" \/>\n<meta property=\"og:url\" content=\"https:\/\/eastwings-diagnostics.com\/fr\/produit\/urine-sediment-analyzer-aution-eye-ai-4510\/\" \/>\n<meta property=\"og:site_name\" content=\"Eastwings Diagnostics Ltd\" \/>\n<meta property=\"article:modified_time\" content=\"2022-09-24T14:13:28+00:00\" \/>\n<meta property=\"og:image\" content=\"https:\/\/i0.wp.com\/eastwings-diagnostics.com\/wp-content\/uploads\/2022\/09\/WhatsApp-Image-2022-09-21-at-12.14.37-PM.jpeg?fit=1600%2C1066&ssl=1\" \/>\n\t<meta property=\"og:image:width\" content=\"1600\" \/>\n\t<meta property=\"og:image:height\" content=\"1066\" \/>\n\t<meta property=\"og:image:type\" content=\"image\/jpeg\" \/>\n<meta name=\"twitter:card\" content=\"summary_large_image\" \/>\n<meta name=\"twitter:site\" content=\"@eastwings3\" \/>\n<script type=\"application\/ld+json\" class=\"yoast-schema-graph\">{\"@context\":\"https:\\\/\\\/schema.org\",\"@graph\":[{\"@type\":\"WebPage\",\"@id\":\"https:\\\/\\\/eastwings-diagnostics.com\\\/ru\\\/product\\\/urine-sediment-analyzer-aution-eye-ai-4510\\\/\",\"url\":\"https:\\\/\\\/eastwings-diagnostics.com\\\/ru\\\/product\\\/urine-sediment-analyzer-aution-eye-ai-4510\\\/\",\"name\":\"Urine Sediment Analyzer AUTION EYE AI-4510 - Eastwings Diagnostics Ltd\",\"isPartOf\":{\"@id\":\"https:\\\/\\\/eastwings-diagnostics.com\\\/#website\"},\"primaryImageOfPage\":{\"@id\":\"https:\\\/\\\/eastwings-diagnostics.com\\\/ru\\\/product\\\/urine-sediment-analyzer-aution-eye-ai-4510\\\/#primaryimage\"},\"image\":{\"@id\":\"https:\\\/\\\/eastwings-diagnostics.com\\\/ru\\\/product\\\/urine-sediment-analyzer-aution-eye-ai-4510\\\/#primaryimage\"},\"thumbnailUrl\":\"https:\\\/\\\/i0.wp.com\\\/eastwings-diagnostics.com\\\/wp-content\\\/uploads\\\/2022\\\/09\\\/WhatsApp-Image-2022-09-21-at-12.14.37-PM.jpeg?fit=1600%2C1066&ssl=1\",\"datePublished\":\"2022-09-21T22:13:19+00:00\",\"dateModified\":\"2022-09-24T14:13:28+00:00\",\"breadcrumb\":{\"@id\":\"https:\\\/\\\/eastwings-diagnostics.com\\\/ru\\\/product\\\/urine-sediment-analyzer-aution-eye-ai-4510\\\/#breadcrumb\"},\"inLanguage\":\"fr-FR\",\"potentialAction\":[{\"@type\":\"ReadAction\",\"target\":[\"https:\\\/\\\/eastwings-diagnostics.com\\\/ru\\\/product\\\/urine-sediment-analyzer-aution-eye-ai-4510\\\/\"]}]},{\"@type\":\"ImageObject\",\"inLanguage\":\"fr-FR\",\"@id\":\"https:\\\/\\\/eastwings-diagnostics.com\\\/ru\\\/product\\\/urine-sediment-analyzer-aution-eye-ai-4510\\\/#primaryimage\",\"url\":\"https:\\\/\\\/i0.wp.com\\\/eastwings-diagnostics.com\\\/wp-content\\\/uploads\\\/2022\\\/09\\\/WhatsApp-Image-2022-09-21-at-12.14.37-PM.jpeg?fit=1600%2C1066&ssl=1\",\"contentUrl\":\"https:\\\/\\\/i0.wp.com\\\/eastwings-diagnostics.com\\\/wp-content\\\/uploads\\\/2022\\\/09\\\/WhatsApp-Image-2022-09-21-at-12.14.37-PM.jpeg?fit=1600%2C1066&ssl=1\",\"width\":1600,\"height\":1066,\"caption\":\"Urine Sediment Analyzer AUTION EYE AI-4510\"},{\"@type\":\"BreadcrumbList\",\"@id\":\"https:\\\/\\\/eastwings-diagnostics.com\\\/ru\\\/product\\\/urine-sediment-analyzer-aution-eye-ai-4510\\\/#breadcrumb\",\"itemListElement\":[{\"@type\":\"ListItem\",\"position\":1,\"name\":\"Home\",\"item\":\"https:\\\/\\\/eastwings-diagnostics.com\\\/\"},{\"@type\":\"ListItem\",\"position\":2,\"name\":\"Products\",\"item\":\"https:\\\/\\\/eastwings-diagnostics.com\\\/products\\\/\"},{\"@type\":\"ListItem\",\"position\":3,\"name\":\"Urine Sediment Analyzer AUTION EYE AI-4510\"}]},{\"@type\":\"WebSite\",\"@id\":\"https:\\\/\\\/eastwings-diagnostics.com\\\/#website\",\"url\":\"https:\\\/\\\/eastwings-diagnostics.com\\\/\",\"name\":\"Eastwings Diagnostics Ltd\",\"description\":\"\",\"publisher\":{\"@id\":\"https:\\\/\\\/eastwings-diagnostics.com\\\/#organization\"},\"potentialAction\":[{\"@type\":\"SearchAction\",\"target\":{\"@type\":\"EntryPoint\",\"urlTemplate\":\"https:\\\/\\\/eastwings-diagnostics.com\\\/?s={search_term_string}\"},\"query-input\":{\"@type\":\"PropertyValueSpecification\",\"valueRequired\":true,\"valueName\":\"search_term_string\"}}],\"inLanguage\":\"fr-FR\"},{\"@type\":\"Organization\",\"@id\":\"https:\\\/\\\/eastwings-diagnostics.com\\\/#organization\",\"name\":\"Eastwings Diagnostics LTD\",\"url\":\"https:\\\/\\\/eastwings-diagnostics.com\\\/\",\"logo\":{\"@type\":\"ImageObject\",\"inLanguage\":\"fr-FR\",\"@id\":\"https:\\\/\\\/eastwings-diagnostics.com\\\/#\\\/schema\\\/logo\\\/image\\\/\",\"url\":\"https:\\\/\\\/eastwings-diagnostics.com\\\/wp-content\\\/uploads\\\/2021\\\/11\\\/eastwingss-diaa.png\",\"contentUrl\":\"https:\\\/\\\/eastwings-diagnostics.com\\\/wp-content\\\/uploads\\\/2021\\\/11\\\/eastwingss-diaa.png\",\"width\":512,\"height\":120,\"caption\":\"Eastwings Diagnostics LTD\"},\"image\":{\"@id\":\"https:\\\/\\\/eastwings-diagnostics.com\\\/#\\\/schema\\\/logo\\\/image\\\/\"},\"sameAs\":[\"https:\\\/\\\/x.com\\\/eastwings3\",\"http:\\\/\\\/www.linkedin.com\\\/in\\\/eastwings-diagnostics-213031226\"]}]}<\/script>\n<!-- \/ Yoast SEO Premium plugin. -->","yoast_head_json":{"title":"Urine Sediment Analyzer AUTION EYE AI-4510 - Eastwings Diagnostics Ltd","robots":{"index":"index","follow":"follow","max-snippet":"max-snippet:-1","max-image-preview":"max-image-preview:large","max-video-preview":"max-video-preview:-1"},"canonical":"https:\/\/eastwings-diagnostics.com\/fr\/produit\/urine-sediment-analyzer-aution-eye-ai-4510\/","og_locale":"fr_FR","og_type":"article","og_title":"Urine Sediment Analyzer AUTION EYE AI-4510","og_description":"Compact footprint realized by simple transfer system    For easier identification of particle images  Useful Library (Atlas images*) as a standard function  Urine qualitative test results can be displayed together     Equipment configuration Instrument, sampler, computer, display, hand-held barcode reader and accessories   Measurement objects Urine   Reagents Sheath solution, washing solution (for maintenance), control and calibrator   Measurement items Automatic classification items: 12 items Red blood cells (RBC), white blood cells (WBC), white blood cell clumps (WBCC), squamous epithelial cells (SQEC), non-squamous epithelial cells (NSE), hyaline casts (HYAL), unclassified casts (NHC), bacteria (BACT), crystal (CRYS), yeast (YST), mucus (MUCS) and sperm (SPRM) Manual classification items: Red blood cells: 2 items Dysmorphic red blood cells (DRBC) and red blood cell clumps (RBCC) Crystal: 10 items Calcium oxalate crystal (CAOX), calcium phosphate crystal (CAPH), magnesium ammonium phosphate crystal (TPO4), leucine crystal (LEUC), uric acid crystal (URIC), calcium carbonate crystal (CACB), cystine crystal (CYST), tyrosine crystal (TYRO), amorphous salts (phosphoric acid, uric acid) (AMOR) and unclassified crystal (UNCX) Casts: 6 items Granular casts (GRAN), waxy casts (WAXY), RBC casts (RBCT), WBC casts (WBCT), epithelial casts (EPIC) and fatty casts (FATC) Yeast: 1 item Budding yeast (BYST) Epithelial cells: 2 items Renal tubular epithelial cells (REEP), urothelial cells (TREP) Fat: 2 items Fat (FAT) and oval fat body (OVFB) Other categories: 5 items Trichomonas (TRCH), inclusion cells (INCC), parasite (PARA), artifact (ART) and unclassified (UNCL)   Measurement time 45 seconds\/test (Excluding cases in which large numbers of formed elements are present or in the case of control measurement)   Warm-up time Maximum 10 minutes (Duration after the power is turned ON. The warm-up time is extended if a readjustment process is added during startup.)   Measurement principle Flow cell digital imaging   Measurement wavelength 430 \uff5e 650 nm   Compensation function and others Abnormal value display, warning display   Calibration method Focus adjustment with calibrators (automatic calibration)   Consumption of consumables Sheath solution consumption: 21 [mL\/test] or lower (excluding cases of additional washing)   Processing speed Maximum 80 measurements\/hour (Excluding cases of additional wash and automatic dilution) (Maximum 106 measurements\/hour is possible when no mixing mode. If you prefer no mixing mode, contact your distributor.)   Required sample volume Minimum 2 mL   Sample container Sample tubes (length: 95 - 110 mm, diameter: \u03a614.0 - 15.8 mm)   Sample container loading capacity One-way transportation Maximum 50 samples Loop transportation Maximum 100 samples Extended sampler mode Maximum 200 samples(Optional) (Original 50 samples + additional 150 samples)   Printer Printer (connected to the computer) (optional)   Memory capacity Measurement results (Normal) : 10000 tests* Measurement results (QC) :1000 tests Trouble list : 100 items Operation history: 3000 items Maintenance history : 1500 items Consumables replacement history : 300 items   External output Communication with dedicated form CSV output   Communication specifications Ethernet RS-232C   Measurement environment Temperature: 15 to 30 \u2103, Humidity: 20 to 80% (No condensation)   Dimensions 530 (W) \u00d7 600 (D) \u00d7 650 (H) mm (including the sampler) 530 (W) \u00d7 200 (D) \u00d7 135 (H) mm (sampler only)   Weight Analyzer (with the sampler) : Approx. 57 kg Sampler : Approx. 4 kg   Power 100 - 240 V AC, 50\/60 Hz (Including fluctuations of \u00b110%)   Power consumption Maximum 600 VA (analyzer only) 300 W (Computer)","og_url":"https:\/\/eastwings-diagnostics.com\/fr\/produit\/urine-sediment-analyzer-aution-eye-ai-4510\/","og_site_name":"Eastwings Diagnostics Ltd","article_modified_time":"2022-09-24T14:13:28+00:00","og_image":[{"width":1600,"height":1066,"url":"https:\/\/i0.wp.com\/eastwings-diagnostics.com\/wp-content\/uploads\/2022\/09\/WhatsApp-Image-2022-09-21-at-12.14.37-PM.jpeg?fit=1600%2C1066&ssl=1","type":"image\/jpeg"}],"twitter_card":"summary_large_image","twitter_site":"@eastwings3","schema":{"@context":"https:\/\/schema.org","@graph":[{"@type":"WebPage","@id":"https:\/\/eastwings-diagnostics.com\/ru\/product\/urine-sediment-analyzer-aution-eye-ai-4510\/","url":"https:\/\/eastwings-diagnostics.com\/ru\/product\/urine-sediment-analyzer-aution-eye-ai-4510\/","name":"Urine Sediment Analyzer AUTION EYE AI-4510 - Eastwings Diagnostics Ltd","isPartOf":{"@id":"https:\/\/eastwings-diagnostics.com\/#website"},"primaryImageOfPage":{"@id":"https:\/\/eastwings-diagnostics.com\/ru\/product\/urine-sediment-analyzer-aution-eye-ai-4510\/#primaryimage"},"image":{"@id":"https:\/\/eastwings-diagnostics.com\/ru\/product\/urine-sediment-analyzer-aution-eye-ai-4510\/#primaryimage"},"thumbnailUrl":"https:\/\/i0.wp.com\/eastwings-diagnostics.com\/wp-content\/uploads\/2022\/09\/WhatsApp-Image-2022-09-21-at-12.14.37-PM.jpeg?fit=1600%2C1066&ssl=1","datePublished":"2022-09-21T22:13:19+00:00","dateModified":"2022-09-24T14:13:28+00:00","breadcrumb":{"@id":"https:\/\/eastwings-diagnostics.com\/ru\/product\/urine-sediment-analyzer-aution-eye-ai-4510\/#breadcrumb"},"inLanguage":"fr-FR","potentialAction":[{"@type":"ReadAction","target":["https:\/\/eastwings-diagnostics.com\/ru\/product\/urine-sediment-analyzer-aution-eye-ai-4510\/"]}]},{"@type":"ImageObject","inLanguage":"fr-FR","@id":"https:\/\/eastwings-diagnostics.com\/ru\/product\/urine-sediment-analyzer-aution-eye-ai-4510\/#primaryimage","url":"https:\/\/i0.wp.com\/eastwings-diagnostics.com\/wp-content\/uploads\/2022\/09\/WhatsApp-Image-2022-09-21-at-12.14.37-PM.jpeg?fit=1600%2C1066&ssl=1","contentUrl":"https:\/\/i0.wp.com\/eastwings-diagnostics.com\/wp-content\/uploads\/2022\/09\/WhatsApp-Image-2022-09-21-at-12.14.37-PM.jpeg?fit=1600%2C1066&ssl=1","width":1600,"height":1066,"caption":"Urine Sediment Analyzer AUTION EYE AI-4510"},{"@type":"BreadcrumbList","@id":"https:\/\/eastwings-diagnostics.com\/ru\/product\/urine-sediment-analyzer-aution-eye-ai-4510\/#breadcrumb","itemListElement":[{"@type":"ListItem","position":1,"name":"Home","item":"https:\/\/eastwings-diagnostics.com\/"},{"@type":"ListItem","position":2,"name":"Products","item":"https:\/\/eastwings-diagnostics.com\/products\/"},{"@type":"ListItem","position":3,"name":"Urine Sediment Analyzer AUTION EYE AI-4510"}]},{"@type":"WebSite","@id":"https:\/\/eastwings-diagnostics.com\/#website","url":"https:\/\/eastwings-diagnostics.com\/","name":"Eastwings Diagnostics Ltd","description":"","publisher":{"@id":"https:\/\/eastwings-diagnostics.com\/#organization"},"potentialAction":[{"@type":"SearchAction","target":{"@type":"EntryPoint","urlTemplate":"https:\/\/eastwings-diagnostics.com\/?s={search_term_string}"},"query-input":{"@type":"PropertyValueSpecification","valueRequired":true,"valueName":"search_term_string"}}],"inLanguage":"fr-FR"},{"@type":"Organization","@id":"https:\/\/eastwings-diagnostics.com\/#organization","name":"Eastwings Diagnostics LTD","url":"https:\/\/eastwings-diagnostics.com\/","logo":{"@type":"ImageObject","inLanguage":"fr-FR","@id":"https:\/\/eastwings-diagnostics.com\/#\/schema\/logo\/image\/","url":"https:\/\/eastwings-diagnostics.com\/wp-content\/uploads\/2021\/11\/eastwingss-diaa.png","contentUrl":"https:\/\/eastwings-diagnostics.com\/wp-content\/uploads\/2021\/11\/eastwingss-diaa.png","width":512,"height":120,"caption":"Eastwings Diagnostics LTD"},"image":{"@id":"https:\/\/eastwings-diagnostics.com\/#\/schema\/logo\/image\/"},"sameAs":["https:\/\/x.com\/eastwings3","http:\/\/www.linkedin.com\/in\/eastwings-diagnostics-213031226"]}]}},"jetpack_sharing_enabled":true,"_links":{"self":[{"href":"https:\/\/eastwings-diagnostics.com\/fr\/wp-json\/wp\/v2\/product\/7563","targetHints":{"allow":["GET"]}}],"collection":[{"href":"https:\/\/eastwings-diagnostics.com\/fr\/wp-json\/wp\/v2\/product"}],"about":[{"href":"https:\/\/eastwings-diagnostics.com\/fr\/wp-json\/wp\/v2\/types\/product"}],"wp:featuredmedia":[{"embeddable":true,"href":"https:\/\/eastwings-diagnostics.com\/fr\/wp-json\/wp\/v2\/media\/7565"}],"wp:attachment":[{"href":"https:\/\/eastwings-diagnostics.com\/fr\/wp-json\/wp\/v2\/media?parent=7563"}],"wp:term":[{"taxonomy":"product_brand","embeddable":true,"href":"https:\/\/eastwings-diagnostics.com\/fr\/wp-json\/wp\/v2\/product_brand?post=7563"},{"taxonomy":"product_cat","embeddable":true,"href":"https:\/\/eastwings-diagnostics.com\/fr\/wp-json\/wp\/v2\/product_cat?post=7563"},{"taxonomy":"product_tag","embeddable":true,"href":"https:\/\/eastwings-diagnostics.com\/fr\/wp-json\/wp\/v2\/product_tag?post=7563"}],"curies":[{"name":"wp","href":"https:\/\/api.w.org\/{rel}","templated":true}]}}