{"id":7551,"date":"2022-09-21T19:07:09","date_gmt":"2022-09-21T19:07:09","guid":{"rendered":"https:\/\/eastwings-diagnostics.com\/?post_type=product&#038;p=7551"},"modified":"2022-09-21T19:28:22","modified_gmt":"2022-09-21T19:28:22","slug":"gm700s-series","status":"publish","type":"product","link":"https:\/\/eastwings-diagnostics.com\/fr\/produit\/gm700s-series\/","title":{"rendered":"S\u00e9rie GM700S"},"content":{"rendered":"","protected":false},"excerpt":{"rendered":"<p>Le GM700S est un appareil de mesure haut de gamme dot\u00e9 de la technologie de r\u00e9actif FAD-GDH pour minimiser les interf\u00e9rences d&#039;oxyg\u00e8ne et vous tenir au courant des r\u00e9sultats auxquels vous pouvez faire confiance. Accepte une large gamme HCT et est livr\u00e9 avec des marqueurs de repas utiles pour vous tenir aussi inform\u00e9 que possible.<\/p>\n<p><span class=\"color-middle-blue\">Conformit\u00e9 totale aux normes EN ISO 15197\u00a0: 2015 et ISO 15197\u00a0: 2013<\/span><\/p>\n<h3 class=\"pro-GM700SB-header\">Musiques de fond Bluetooth les plus appropri\u00e9es<\/h3>\n<p>Lib\u00e9rez tout le potentiel d&#039;un transfert de donn\u00e9es transparent<\/p>\n<ul>\n<li>Stockage simple<\/li>\n<li>T\u00e9l\u00e9chargement imm\u00e9diat<\/li>\n<li>Analyse de glucose<\/li>\n<\/ul>\n<div>\n<div class=\"page-header wow fadeInUp\" data-wow-duration=\"0.8s\" data-wow-delay=\"0.2s\">\n<h2>Sp\u00e9cifications GM700S \/ GM700SB<\/h2>\n<\/div>\n<div class=\"table-container\">\n<table class=\"pro-spe-table wow fadeIn\" data-wow-duration=\"0.8s\" data-wow-delay=\"0.4s\">\n<tbody>\n<tr>\n<th>Bandelette de test<\/th>\n<td>GS700<\/td>\n<\/tr>\n<tr>\n<th>Codage<\/th>\n<td>Codage automatique<\/td>\n<\/tr>\n<tr>\n<th>Enzyme \/ Technologie de mesure<\/th>\n<td>GDH \/ Capteur \u00e9lectrochimique<\/td>\n<\/tr>\n<tr>\n<th>Source d&#039;\u00e9chantillon de sang<\/th>\n<td>Sang total capillaire, veineux, art\u00e9riel et n\u00e9onatal<\/td>\n<\/tr>\n<tr>\n<th>Volume minimal d&#039;\u00e9chantillon<\/th>\n<td>0,75 \u00b5L<\/td>\n<\/tr>\n<tr>\n<th>Gamme HCT<\/th>\n<td>Concentrations de glucose \u2266 11,1 mmol\/L (200 mg\/dL), plage HCT 20 \u2013 70%<br \/>\nConcentrations de glucose &gt; 11,1 mmol\/L (200 mg\/dL), plage HCT 20 \u2013 60%<\/td>\n<\/tr>\n<tr>\n<th>Plage de mesure<\/th>\n<td>0,6 \u2013 33,3 mmol\/L (10 \u2013 600mg\/dL)<\/td>\n<\/tr>\n<tr>\n<th>Dimensions du compteur (L x l x H)<\/th>\n<td>82,0 x 45,0 x 15,5 mm (3,22 x 1,77 x 0,61 pouces)<\/td>\n<\/tr>\n<tr>\n<th>Zone d&#039;affichage (L x l)<\/th>\n<td>34,0 x 27,5 mm (1,34 x 1,09 pouces)<\/td>\n<\/tr>\n<tr>\n<th>Poids (avec batterie)<\/th>\n<td>43,0 \u00b1 5g<\/td>\n<\/tr>\n<tr>\n<th>Source de courant<\/th>\n<td>1 pile CR2032<\/td>\n<\/tr>\n<tr>\n<th>Capacit\u00e9 m\u00e9moire<\/th>\n<td>500 r\u00e9sultats de test avec date et heure<\/td>\n<\/tr>\n<tr>\n<th>Temp\u00e9rature de fonctionnement<\/th>\n<td>6 \u2013 44\u2103 (43 \u2013 111\u00b0F)<\/td>\n<\/tr>\n<tr>\n<th>Humidit\u00e9 relative de fonctionnement<\/th>\n<td>10 &#8211; 90%<\/td>\n<\/tr>\n<tr>\n<th>Conditions de stockage des compteurs<\/th>\n<td>-10 \u2013 60\u00b0C (14 \u2013 140\u00b0F)<\/td>\n<\/tr>\n<tr>\n<th>Conditions de conservation des bandelettes r\u00e9actives<\/th>\n<td>\u00c0 4 \u2013 30 \u00b0C (39 \u2013 86 \u00b0F) et en dessous de l&#039;humidit\u00e9 relative 90%<\/td>\n<\/tr>\n<tr>\n<th>Version Bluetooth (pour GM700SB)<\/th>\n<td colspan=\"2\">4.0<\/td>\n<\/tr>\n<tr>\n<th>Pr\u00e9cision<\/th>\n<td colspan=\"2\">Pour les concentrations de glucose &lt; 5,5 mmol\/L (100 mg\/dL),<br \/>\n95% des valeurs de glucose mesur\u00e9es \u00e0 \u00b1 0,83 mmol\/L (15 mg\/dL) des mesures de r\u00e9f\u00e9rence.<br \/>\nPour les concentrations de glucose \u2265 5,5 mmol\/L (100 mg\/dL),<br \/>\n95% des valeurs de glucose mesur\u00e9es \u00e0 \u00b1 15% des mesures de r\u00e9f\u00e9rence.<\/td>\n<\/tr>\n<tr>\n<th>Pr\u00e9cision<\/th>\n<td colspan=\"2\">Pour les concentrations de glucose &lt; 5,5 mmol\/L (100 mg\/dL), SD &lt; 0,28 mmol\/L (5 mg\/dL)<br \/>\nPour des concentrations de glucose \u2265 5,5 mmol\/L (100 mg\/dL), CV &lt; 5%<\/td>\n<\/tr>\n<\/tbody>\n<\/table>\n<\/div>\n<\/div>","protected":false},"featured_media":7553,"template":"","meta":{"nf_dc_page":""},"product_brand":[],"product_cat":[118],"product_tag":[],"class_list":{"0":"post-7551","1":"product","2":"type-product","3":"status-publish","4":"has-post-thumbnail","6":"product_cat-glucose-testing","8":"first","9":"instock","10":"shipping-taxable","11":"product-type-simple"},"yoast_head":"<!-- This site is optimized with the Yoast SEO Premium plugin v23.9 (Yoast SEO v27.4) - https:\/\/yoast.com\/product\/yoast-seo-premium-wordpress\/ -->\n<title>GM700S Series - Eastwings Diagnostics Ltd<\/title>\n<meta name=\"description\" content=\"The GM700S is a premium meter featuring FAD-GDH reagent technology to minimize oxygen interference and keep you updated with results you can trust.\" \/>\n<meta name=\"robots\" content=\"index, follow, max-snippet:-1, max-image-preview:large, max-video-preview:-1\" \/>\n<link rel=\"canonical\" href=\"https:\/\/eastwings-diagnostics.com\/fr\/produit\/gm700s-series\/\" \/>\n<meta property=\"og:locale\" content=\"fr_FR\" \/>\n<meta property=\"og:type\" content=\"article\" \/>\n<meta property=\"og:title\" content=\"GM700S Series\" \/>\n<meta property=\"og:description\" content=\"The GM700S is a premium meter featuring FAD-GDH reagent technology to minimize oxygen interference and keep you updated with results you can trust.\" \/>\n<meta property=\"og:url\" content=\"https:\/\/eastwings-diagnostics.com\/fr\/produit\/gm700s-series\/\" \/>\n<meta property=\"og:site_name\" content=\"Eastwings Diagnostics Ltd\" \/>\n<meta property=\"article:modified_time\" content=\"2022-09-21T19:28:22+00:00\" \/>\n<meta property=\"og:image\" content=\"https:\/\/i0.wp.com\/eastwings-diagnostics.com\/wp-content\/uploads\/2022\/09\/GM700SB_bluetooth.gif?fit=635%2C630&ssl=1\" \/>\n\t<meta property=\"og:image:width\" content=\"635\" \/>\n\t<meta property=\"og:image:height\" content=\"630\" \/>\n\t<meta property=\"og:image:type\" content=\"image\/gif\" \/>\n<meta name=\"twitter:card\" content=\"summary_large_image\" \/>\n<meta name=\"twitter:site\" content=\"@eastwings3\" \/>\n<script type=\"application\/ld+json\" class=\"yoast-schema-graph\">{\"@context\":\"https:\\\/\\\/schema.org\",\"@graph\":[{\"@type\":\"WebPage\",\"@id\":\"https:\\\/\\\/eastwings-diagnostics.com\\\/product\\\/gm700s-series\\\/\",\"url\":\"https:\\\/\\\/eastwings-diagnostics.com\\\/product\\\/gm700s-series\\\/\",\"name\":\"GM700S Series - Eastwings Diagnostics Ltd\",\"isPartOf\":{\"@id\":\"https:\\\/\\\/eastwings-diagnostics.com\\\/#website\"},\"primaryImageOfPage\":{\"@id\":\"https:\\\/\\\/eastwings-diagnostics.com\\\/product\\\/gm700s-series\\\/#primaryimage\"},\"image\":{\"@id\":\"https:\\\/\\\/eastwings-diagnostics.com\\\/product\\\/gm700s-series\\\/#primaryimage\"},\"thumbnailUrl\":\"https:\\\/\\\/i0.wp.com\\\/eastwings-diagnostics.com\\\/wp-content\\\/uploads\\\/2022\\\/09\\\/GM700SB_bluetooth.gif?fit=635%2C630&ssl=1\",\"datePublished\":\"2022-09-21T19:07:09+00:00\",\"dateModified\":\"2022-09-21T19:28:22+00:00\",\"description\":\"The GM700S is a premium meter featuring FAD-GDH reagent technology to minimize oxygen interference and keep you updated with results you can trust.\",\"breadcrumb\":{\"@id\":\"https:\\\/\\\/eastwings-diagnostics.com\\\/product\\\/gm700s-series\\\/#breadcrumb\"},\"inLanguage\":\"fr-FR\",\"potentialAction\":[{\"@type\":\"ReadAction\",\"target\":[\"https:\\\/\\\/eastwings-diagnostics.com\\\/product\\\/gm700s-series\\\/\"]}]},{\"@type\":\"ImageObject\",\"inLanguage\":\"fr-FR\",\"@id\":\"https:\\\/\\\/eastwings-diagnostics.com\\\/product\\\/gm700s-series\\\/#primaryimage\",\"url\":\"https:\\\/\\\/i0.wp.com\\\/eastwings-diagnostics.com\\\/wp-content\\\/uploads\\\/2022\\\/09\\\/GM700SB_bluetooth.gif?fit=635%2C630&ssl=1\",\"contentUrl\":\"https:\\\/\\\/i0.wp.com\\\/eastwings-diagnostics.com\\\/wp-content\\\/uploads\\\/2022\\\/09\\\/GM700SB_bluetooth.gif?fit=635%2C630&ssl=1\",\"width\":635,\"height\":630},{\"@type\":\"BreadcrumbList\",\"@id\":\"https:\\\/\\\/eastwings-diagnostics.com\\\/product\\\/gm700s-series\\\/#breadcrumb\",\"itemListElement\":[{\"@type\":\"ListItem\",\"position\":1,\"name\":\"Home\",\"item\":\"https:\\\/\\\/eastwings-diagnostics.com\\\/\"},{\"@type\":\"ListItem\",\"position\":2,\"name\":\"Products\",\"item\":\"https:\\\/\\\/eastwings-diagnostics.com\\\/products\\\/\"},{\"@type\":\"ListItem\",\"position\":3,\"name\":\"GM700S Series\"}]},{\"@type\":\"WebSite\",\"@id\":\"https:\\\/\\\/eastwings-diagnostics.com\\\/#website\",\"url\":\"https:\\\/\\\/eastwings-diagnostics.com\\\/\",\"name\":\"Eastwings Diagnostics Ltd\",\"description\":\"\",\"publisher\":{\"@id\":\"https:\\\/\\\/eastwings-diagnostics.com\\\/#organization\"},\"potentialAction\":[{\"@type\":\"SearchAction\",\"target\":{\"@type\":\"EntryPoint\",\"urlTemplate\":\"https:\\\/\\\/eastwings-diagnostics.com\\\/?s={search_term_string}\"},\"query-input\":{\"@type\":\"PropertyValueSpecification\",\"valueRequired\":true,\"valueName\":\"search_term_string\"}}],\"inLanguage\":\"fr-FR\"},{\"@type\":\"Organization\",\"@id\":\"https:\\\/\\\/eastwings-diagnostics.com\\\/#organization\",\"name\":\"Eastwings Diagnostics LTD\",\"url\":\"https:\\\/\\\/eastwings-diagnostics.com\\\/\",\"logo\":{\"@type\":\"ImageObject\",\"inLanguage\":\"fr-FR\",\"@id\":\"https:\\\/\\\/eastwings-diagnostics.com\\\/#\\\/schema\\\/logo\\\/image\\\/\",\"url\":\"https:\\\/\\\/eastwings-diagnostics.com\\\/wp-content\\\/uploads\\\/2021\\\/11\\\/eastwingss-diaa.png\",\"contentUrl\":\"https:\\\/\\\/eastwings-diagnostics.com\\\/wp-content\\\/uploads\\\/2021\\\/11\\\/eastwingss-diaa.png\",\"width\":512,\"height\":120,\"caption\":\"Eastwings Diagnostics LTD\"},\"image\":{\"@id\":\"https:\\\/\\\/eastwings-diagnostics.com\\\/#\\\/schema\\\/logo\\\/image\\\/\"},\"sameAs\":[\"https:\\\/\\\/x.com\\\/eastwings3\",\"http:\\\/\\\/www.linkedin.com\\\/in\\\/eastwings-diagnostics-213031226\"]}]}<\/script>\n<!-- \/ Yoast SEO Premium plugin. -->","yoast_head_json":{"title":"GM700S Series - Eastwings Diagnostics Ltd","description":"The GM700S is a premium meter featuring FAD-GDH reagent technology to minimize oxygen interference and keep you updated with results you can trust.","robots":{"index":"index","follow":"follow","max-snippet":"max-snippet:-1","max-image-preview":"max-image-preview:large","max-video-preview":"max-video-preview:-1"},"canonical":"https:\/\/eastwings-diagnostics.com\/fr\/produit\/gm700s-series\/","og_locale":"fr_FR","og_type":"article","og_title":"GM700S Series","og_description":"The GM700S is a premium meter featuring FAD-GDH reagent technology to minimize oxygen interference and keep you updated with results you can trust.","og_url":"https:\/\/eastwings-diagnostics.com\/fr\/produit\/gm700s-series\/","og_site_name":"Eastwings Diagnostics Ltd","article_modified_time":"2022-09-21T19:28:22+00:00","og_image":[{"width":635,"height":630,"url":"https:\/\/i0.wp.com\/eastwings-diagnostics.com\/wp-content\/uploads\/2022\/09\/GM700SB_bluetooth.gif?fit=635%2C630&ssl=1","type":"image\/gif"}],"twitter_card":"summary_large_image","twitter_site":"@eastwings3","schema":{"@context":"https:\/\/schema.org","@graph":[{"@type":"WebPage","@id":"https:\/\/eastwings-diagnostics.com\/product\/gm700s-series\/","url":"https:\/\/eastwings-diagnostics.com\/product\/gm700s-series\/","name":"GM700S Series - Eastwings Diagnostics Ltd","isPartOf":{"@id":"https:\/\/eastwings-diagnostics.com\/#website"},"primaryImageOfPage":{"@id":"https:\/\/eastwings-diagnostics.com\/product\/gm700s-series\/#primaryimage"},"image":{"@id":"https:\/\/eastwings-diagnostics.com\/product\/gm700s-series\/#primaryimage"},"thumbnailUrl":"https:\/\/i0.wp.com\/eastwings-diagnostics.com\/wp-content\/uploads\/2022\/09\/GM700SB_bluetooth.gif?fit=635%2C630&ssl=1","datePublished":"2022-09-21T19:07:09+00:00","dateModified":"2022-09-21T19:28:22+00:00","description":"The GM700S is a premium meter featuring FAD-GDH reagent technology to minimize oxygen interference and keep you updated with results you can trust.","breadcrumb":{"@id":"https:\/\/eastwings-diagnostics.com\/product\/gm700s-series\/#breadcrumb"},"inLanguage":"fr-FR","potentialAction":[{"@type":"ReadAction","target":["https:\/\/eastwings-diagnostics.com\/product\/gm700s-series\/"]}]},{"@type":"ImageObject","inLanguage":"fr-FR","@id":"https:\/\/eastwings-diagnostics.com\/product\/gm700s-series\/#primaryimage","url":"https:\/\/i0.wp.com\/eastwings-diagnostics.com\/wp-content\/uploads\/2022\/09\/GM700SB_bluetooth.gif?fit=635%2C630&ssl=1","contentUrl":"https:\/\/i0.wp.com\/eastwings-diagnostics.com\/wp-content\/uploads\/2022\/09\/GM700SB_bluetooth.gif?fit=635%2C630&ssl=1","width":635,"height":630},{"@type":"BreadcrumbList","@id":"https:\/\/eastwings-diagnostics.com\/product\/gm700s-series\/#breadcrumb","itemListElement":[{"@type":"ListItem","position":1,"name":"Home","item":"https:\/\/eastwings-diagnostics.com\/"},{"@type":"ListItem","position":2,"name":"Products","item":"https:\/\/eastwings-diagnostics.com\/products\/"},{"@type":"ListItem","position":3,"name":"GM700S Series"}]},{"@type":"WebSite","@id":"https:\/\/eastwings-diagnostics.com\/#website","url":"https:\/\/eastwings-diagnostics.com\/","name":"Eastwings Diagnostics Ltd","description":"","publisher":{"@id":"https:\/\/eastwings-diagnostics.com\/#organization"},"potentialAction":[{"@type":"SearchAction","target":{"@type":"EntryPoint","urlTemplate":"https:\/\/eastwings-diagnostics.com\/?s={search_term_string}"},"query-input":{"@type":"PropertyValueSpecification","valueRequired":true,"valueName":"search_term_string"}}],"inLanguage":"fr-FR"},{"@type":"Organization","@id":"https:\/\/eastwings-diagnostics.com\/#organization","name":"Eastwings Diagnostics LTD","url":"https:\/\/eastwings-diagnostics.com\/","logo":{"@type":"ImageObject","inLanguage":"fr-FR","@id":"https:\/\/eastwings-diagnostics.com\/#\/schema\/logo\/image\/","url":"https:\/\/eastwings-diagnostics.com\/wp-content\/uploads\/2021\/11\/eastwingss-diaa.png","contentUrl":"https:\/\/eastwings-diagnostics.com\/wp-content\/uploads\/2021\/11\/eastwingss-diaa.png","width":512,"height":120,"caption":"Eastwings Diagnostics LTD"},"image":{"@id":"https:\/\/eastwings-diagnostics.com\/#\/schema\/logo\/image\/"},"sameAs":["https:\/\/x.com\/eastwings3","http:\/\/www.linkedin.com\/in\/eastwings-diagnostics-213031226"]}]}},"jetpack_sharing_enabled":true,"_links":{"self":[{"href":"https:\/\/eastwings-diagnostics.com\/fr\/wp-json\/wp\/v2\/product\/7551","targetHints":{"allow":["GET"]}}],"collection":[{"href":"https:\/\/eastwings-diagnostics.com\/fr\/wp-json\/wp\/v2\/product"}],"about":[{"href":"https:\/\/eastwings-diagnostics.com\/fr\/wp-json\/wp\/v2\/types\/product"}],"wp:featuredmedia":[{"embeddable":true,"href":"https:\/\/eastwings-diagnostics.com\/fr\/wp-json\/wp\/v2\/media\/7553"}],"wp:attachment":[{"href":"https:\/\/eastwings-diagnostics.com\/fr\/wp-json\/wp\/v2\/media?parent=7551"}],"wp:term":[{"taxonomy":"product_brand","embeddable":true,"href":"https:\/\/eastwings-diagnostics.com\/fr\/wp-json\/wp\/v2\/product_brand?post=7551"},{"taxonomy":"product_cat","embeddable":true,"href":"https:\/\/eastwings-diagnostics.com\/fr\/wp-json\/wp\/v2\/product_cat?post=7551"},{"taxonomy":"product_tag","embeddable":true,"href":"https:\/\/eastwings-diagnostics.com\/fr\/wp-json\/wp\/v2\/product_tag?post=7551"}],"curies":[{"name":"wp","href":"https:\/\/api.w.org\/{rel}","templated":true}]}}