{"id":7385,"date":"2021-11-28T21:54:34","date_gmt":"2021-11-28T21:54:34","guid":{"rendered":"https:\/\/eastwings-diagnostics.com\/?post_type=product&#038;p=7385"},"modified":"2021-11-28T22:03:07","modified_gmt":"2021-11-28T22:03:07","slug":"rotanta-460-rc-460-rf","status":"publish","type":"product","link":"https:\/\/eastwings-diagnostics.com\/fr\/produit\/rotanta-460-rc-460-rf\/","title":{"rendered":"Rotanta 460 RC | 460 RF"},"content":{"rendered":"","protected":false},"excerpt":{"rendered":"<p><strong>LA CAPACIT\u00c9 D&#039;UN PATIN SANS EMPREINTE<\/strong><\/p>\n<p>Cette version modifi\u00e9e du ROTANTA 460 standard permet un stockage peu encombrant sous la paillasse et lib\u00e8re un espace de travail pr\u00e9cieux des unit\u00e9s de paillasse.<\/p>\n<p>Les deux unit\u00e9s incluent la r\u00e9frig\u00e9ration avec une plage de temp\u00e9rature de -20 \u00b0C \u00e0 +40 \u00b0C.<\/p>\n<h4>FAITS ET CHIFFRES<\/h4>\n<p><strong>MAX. CAPACIT\u00c9:<\/strong><br \/>\n4 x 1 000 ml<\/p>\n<p><strong>MAX. FCR\u00a0:<\/strong><br \/>\n24,400<\/p>\n<p><strong>MAX. RPM\u00a0:<\/strong><br \/>\n15 000 minutes<sup>-1<\/sup><\/p>\n<p><strong>POIDS:\u00a0<\/strong><br \/>\nenviron. 140 kilogrammes\u00a0<span class=\"color--primary\">|<\/span>\u00a0164kg<\/p>\n<p><strong>R\u00c9FRIG\u00c9RATION:<\/strong><br \/>\nOui<\/p>\n<p><strong>DIMENSIONS (L x P x H)\u00a0:<\/strong><br \/>\n554 x 697 x 683 mm | 554 x 697 x 961 mm<\/p>\n<h4>ROTOR OSCILLANT, 4 PLACES<\/h4>\n<ul>\n<li><strong>Angle:<\/strong>\u00a090\u00b0<\/li>\n<li><strong>Max. FCR\u00a0:\u00a0<\/strong>5,063<\/li>\n<li><strong>Max. RPM\u00a0:\u00a0<\/strong>4 600 minutes<sup>-1<\/sup><\/li>\n<li><strong>Couvercle de confinement biologique\u00a0:<\/strong>\u00a0Oui<\/li>\n<li><strong>Max. Capacit\u00e9:\u00a0<\/strong>4 x 750 ml<\/li>\n<\/ul>","protected":false},"featured_media":7386,"template":"","meta":{"nf_dc_page":""},"product_brand":[],"product_cat":[114],"product_tag":[],"class_list":{"0":"post-7385","1":"product","2":"type-product","3":"status-publish","4":"has-post-thumbnail","6":"product_cat-floor-standing-centrifuges","8":"first","9":"instock","10":"shipping-taxable","11":"product-type-simple"},"yoast_head":"<!-- This site is optimized with the Yoast SEO Premium plugin v23.9 (Yoast SEO v27.4) - https:\/\/yoast.com\/product\/yoast-seo-premium-wordpress\/ -->\n<title>Rotanta 460 RC | 460 RF - Eastwings Diagnostics Ltd<\/title>\n<meta name=\"robots\" content=\"index, follow, max-snippet:-1, max-image-preview:large, max-video-preview:-1\" \/>\n<link rel=\"canonical\" href=\"https:\/\/eastwings-diagnostics.com\/fr\/produit\/rotanta-460-rc-460-rf\/\" \/>\n<meta property=\"og:locale\" content=\"fr_FR\" \/>\n<meta property=\"og:type\" content=\"article\" \/>\n<meta property=\"og:title\" content=\"Rotanta 460 RC | 460 RF\" \/>\n<meta property=\"og:description\" content=\"THE CAPABILITY OF A BENCHTOP WITHOUT THE FOOTPRINT  This modified version of the standard ROTANTA 460 allows for space saving storage below the bench and frees valuable working space from bench top units.  Both units include refrigeration with a temperature range from -20 \u00b0C to +40 \u00b0C. FACTS &amp; NUMBERS MAX. CAPACITY: 4 x 1,000 ml  MAX. RCF: 24,400  MAX. RPM: 15,000 min-1  WEIGHT:\u00a0 approx. 140\u00a0kg\u00a0|\u00a0164 kg  REFRIGERATION: Yes  DIMENSIONS (W x D x H): 554 x 697 x 683 mm | 554 x 697 x 961 mm SWING-OUT ROTOR, 4- PLACES   Angle:\u00a090\u00b0  Max. RCF:\u00a05,063  Max. RPM:\u00a04,600\u00a0min-1  Bio-Containment\u00a0lid:\u00a0Yes  Max. Capacity:\u00a04 x 750 ml\" \/>\n<meta property=\"og:url\" content=\"https:\/\/eastwings-diagnostics.com\/fr\/produit\/rotanta-460-rc-460-rf\/\" \/>\n<meta property=\"og:site_name\" content=\"Eastwings Diagnostics Ltd\" \/>\n<meta property=\"article:modified_time\" content=\"2021-11-28T22:03:07+00:00\" \/>\n<meta property=\"og:image\" content=\"https:\/\/i0.wp.com\/eastwings-diagnostics.com\/wp-content\/uploads\/2021\/11\/csm_ROTANTA_460_RC_RF_9eaac505ec.png?fit=574%2C575&ssl=1\" \/>\n\t<meta property=\"og:image:width\" content=\"574\" \/>\n\t<meta property=\"og:image:height\" content=\"575\" \/>\n\t<meta property=\"og:image:type\" content=\"image\/png\" \/>\n<meta name=\"twitter:card\" content=\"summary_large_image\" \/>\n<meta name=\"twitter:site\" content=\"@eastwings3\" \/>\n<script type=\"application\/ld+json\" class=\"yoast-schema-graph\">{\"@context\":\"https:\\\/\\\/schema.org\",\"@graph\":[{\"@type\":\"WebPage\",\"@id\":\"https:\\\/\\\/eastwings-diagnostics.com\\\/product\\\/rotanta-460-rc-460-rf\\\/\",\"url\":\"https:\\\/\\\/eastwings-diagnostics.com\\\/product\\\/rotanta-460-rc-460-rf\\\/\",\"name\":\"Rotanta 460 RC | 460 RF - Eastwings Diagnostics Ltd\",\"isPartOf\":{\"@id\":\"https:\\\/\\\/eastwings-diagnostics.com\\\/#website\"},\"primaryImageOfPage\":{\"@id\":\"https:\\\/\\\/eastwings-diagnostics.com\\\/product\\\/rotanta-460-rc-460-rf\\\/#primaryimage\"},\"image\":{\"@id\":\"https:\\\/\\\/eastwings-diagnostics.com\\\/product\\\/rotanta-460-rc-460-rf\\\/#primaryimage\"},\"thumbnailUrl\":\"https:\\\/\\\/i0.wp.com\\\/eastwings-diagnostics.com\\\/wp-content\\\/uploads\\\/2021\\\/11\\\/csm_ROTANTA_460_RC_RF_9eaac505ec.png?fit=574%2C575&ssl=1\",\"datePublished\":\"2021-11-28T21:54:34+00:00\",\"dateModified\":\"2021-11-28T22:03:07+00:00\",\"breadcrumb\":{\"@id\":\"https:\\\/\\\/eastwings-diagnostics.com\\\/product\\\/rotanta-460-rc-460-rf\\\/#breadcrumb\"},\"inLanguage\":\"fr-FR\",\"potentialAction\":[{\"@type\":\"ReadAction\",\"target\":[\"https:\\\/\\\/eastwings-diagnostics.com\\\/product\\\/rotanta-460-rc-460-rf\\\/\"]}]},{\"@type\":\"ImageObject\",\"inLanguage\":\"fr-FR\",\"@id\":\"https:\\\/\\\/eastwings-diagnostics.com\\\/product\\\/rotanta-460-rc-460-rf\\\/#primaryimage\",\"url\":\"https:\\\/\\\/i0.wp.com\\\/eastwings-diagnostics.com\\\/wp-content\\\/uploads\\\/2021\\\/11\\\/csm_ROTANTA_460_RC_RF_9eaac505ec.png?fit=574%2C575&ssl=1\",\"contentUrl\":\"https:\\\/\\\/i0.wp.com\\\/eastwings-diagnostics.com\\\/wp-content\\\/uploads\\\/2021\\\/11\\\/csm_ROTANTA_460_RC_RF_9eaac505ec.png?fit=574%2C575&ssl=1\",\"width\":574,\"height\":575},{\"@type\":\"BreadcrumbList\",\"@id\":\"https:\\\/\\\/eastwings-diagnostics.com\\\/product\\\/rotanta-460-rc-460-rf\\\/#breadcrumb\",\"itemListElement\":[{\"@type\":\"ListItem\",\"position\":1,\"name\":\"Home\",\"item\":\"https:\\\/\\\/eastwings-diagnostics.com\\\/\"},{\"@type\":\"ListItem\",\"position\":2,\"name\":\"Products\",\"item\":\"https:\\\/\\\/eastwings-diagnostics.com\\\/products\\\/\"},{\"@type\":\"ListItem\",\"position\":3,\"name\":\"Rotanta 460 RC | 460 RF\"}]},{\"@type\":\"WebSite\",\"@id\":\"https:\\\/\\\/eastwings-diagnostics.com\\\/#website\",\"url\":\"https:\\\/\\\/eastwings-diagnostics.com\\\/\",\"name\":\"Eastwings Diagnostics Ltd\",\"description\":\"\",\"publisher\":{\"@id\":\"https:\\\/\\\/eastwings-diagnostics.com\\\/#organization\"},\"potentialAction\":[{\"@type\":\"SearchAction\",\"target\":{\"@type\":\"EntryPoint\",\"urlTemplate\":\"https:\\\/\\\/eastwings-diagnostics.com\\\/?s={search_term_string}\"},\"query-input\":{\"@type\":\"PropertyValueSpecification\",\"valueRequired\":true,\"valueName\":\"search_term_string\"}}],\"inLanguage\":\"fr-FR\"},{\"@type\":\"Organization\",\"@id\":\"https:\\\/\\\/eastwings-diagnostics.com\\\/#organization\",\"name\":\"Eastwings Diagnostics LTD\",\"url\":\"https:\\\/\\\/eastwings-diagnostics.com\\\/\",\"logo\":{\"@type\":\"ImageObject\",\"inLanguage\":\"fr-FR\",\"@id\":\"https:\\\/\\\/eastwings-diagnostics.com\\\/#\\\/schema\\\/logo\\\/image\\\/\",\"url\":\"https:\\\/\\\/eastwings-diagnostics.com\\\/wp-content\\\/uploads\\\/2021\\\/11\\\/eastwingss-diaa.png\",\"contentUrl\":\"https:\\\/\\\/eastwings-diagnostics.com\\\/wp-content\\\/uploads\\\/2021\\\/11\\\/eastwingss-diaa.png\",\"width\":512,\"height\":120,\"caption\":\"Eastwings Diagnostics LTD\"},\"image\":{\"@id\":\"https:\\\/\\\/eastwings-diagnostics.com\\\/#\\\/schema\\\/logo\\\/image\\\/\"},\"sameAs\":[\"https:\\\/\\\/x.com\\\/eastwings3\",\"http:\\\/\\\/www.linkedin.com\\\/in\\\/eastwings-diagnostics-213031226\"]}]}<\/script>\n<!-- \/ Yoast SEO Premium plugin. -->","yoast_head_json":{"title":"Rotanta 460 RC | 460 RF - Eastwings Diagnostics Ltd","robots":{"index":"index","follow":"follow","max-snippet":"max-snippet:-1","max-image-preview":"max-image-preview:large","max-video-preview":"max-video-preview:-1"},"canonical":"https:\/\/eastwings-diagnostics.com\/fr\/produit\/rotanta-460-rc-460-rf\/","og_locale":"fr_FR","og_type":"article","og_title":"Rotanta 460 RC | 460 RF","og_description":"THE CAPABILITY OF A BENCHTOP WITHOUT THE FOOTPRINT  This modified version of the standard ROTANTA 460 allows for space saving storage below the bench and frees valuable working space from bench top units.  Both units include refrigeration with a temperature range from -20 \u00b0C to +40 \u00b0C. FACTS &amp; NUMBERS MAX. CAPACITY: 4 x 1,000 ml  MAX. RCF: 24,400  MAX. RPM: 15,000 min-1  WEIGHT:\u00a0 approx. 140\u00a0kg\u00a0|\u00a0164 kg  REFRIGERATION: Yes  DIMENSIONS (W x D x H): 554 x 697 x 683 mm | 554 x 697 x 961 mm SWING-OUT ROTOR, 4- PLACES   Angle:\u00a090\u00b0  Max. RCF:\u00a05,063  Max. RPM:\u00a04,600\u00a0min-1  Bio-Containment\u00a0lid:\u00a0Yes  Max. Capacity:\u00a04 x 750 ml","og_url":"https:\/\/eastwings-diagnostics.com\/fr\/produit\/rotanta-460-rc-460-rf\/","og_site_name":"Eastwings Diagnostics Ltd","article_modified_time":"2021-11-28T22:03:07+00:00","og_image":[{"width":574,"height":575,"url":"https:\/\/i0.wp.com\/eastwings-diagnostics.com\/wp-content\/uploads\/2021\/11\/csm_ROTANTA_460_RC_RF_9eaac505ec.png?fit=574%2C575&ssl=1","type":"image\/png"}],"twitter_card":"summary_large_image","twitter_site":"@eastwings3","schema":{"@context":"https:\/\/schema.org","@graph":[{"@type":"WebPage","@id":"https:\/\/eastwings-diagnostics.com\/product\/rotanta-460-rc-460-rf\/","url":"https:\/\/eastwings-diagnostics.com\/product\/rotanta-460-rc-460-rf\/","name":"Rotanta 460 RC | 460 RF - Eastwings Diagnostics Ltd","isPartOf":{"@id":"https:\/\/eastwings-diagnostics.com\/#website"},"primaryImageOfPage":{"@id":"https:\/\/eastwings-diagnostics.com\/product\/rotanta-460-rc-460-rf\/#primaryimage"},"image":{"@id":"https:\/\/eastwings-diagnostics.com\/product\/rotanta-460-rc-460-rf\/#primaryimage"},"thumbnailUrl":"https:\/\/i0.wp.com\/eastwings-diagnostics.com\/wp-content\/uploads\/2021\/11\/csm_ROTANTA_460_RC_RF_9eaac505ec.png?fit=574%2C575&ssl=1","datePublished":"2021-11-28T21:54:34+00:00","dateModified":"2021-11-28T22:03:07+00:00","breadcrumb":{"@id":"https:\/\/eastwings-diagnostics.com\/product\/rotanta-460-rc-460-rf\/#breadcrumb"},"inLanguage":"fr-FR","potentialAction":[{"@type":"ReadAction","target":["https:\/\/eastwings-diagnostics.com\/product\/rotanta-460-rc-460-rf\/"]}]},{"@type":"ImageObject","inLanguage":"fr-FR","@id":"https:\/\/eastwings-diagnostics.com\/product\/rotanta-460-rc-460-rf\/#primaryimage","url":"https:\/\/i0.wp.com\/eastwings-diagnostics.com\/wp-content\/uploads\/2021\/11\/csm_ROTANTA_460_RC_RF_9eaac505ec.png?fit=574%2C575&ssl=1","contentUrl":"https:\/\/i0.wp.com\/eastwings-diagnostics.com\/wp-content\/uploads\/2021\/11\/csm_ROTANTA_460_RC_RF_9eaac505ec.png?fit=574%2C575&ssl=1","width":574,"height":575},{"@type":"BreadcrumbList","@id":"https:\/\/eastwings-diagnostics.com\/product\/rotanta-460-rc-460-rf\/#breadcrumb","itemListElement":[{"@type":"ListItem","position":1,"name":"Home","item":"https:\/\/eastwings-diagnostics.com\/"},{"@type":"ListItem","position":2,"name":"Products","item":"https:\/\/eastwings-diagnostics.com\/products\/"},{"@type":"ListItem","position":3,"name":"Rotanta 460 RC | 460 RF"}]},{"@type":"WebSite","@id":"https:\/\/eastwings-diagnostics.com\/#website","url":"https:\/\/eastwings-diagnostics.com\/","name":"Eastwings Diagnostics Ltd","description":"","publisher":{"@id":"https:\/\/eastwings-diagnostics.com\/#organization"},"potentialAction":[{"@type":"SearchAction","target":{"@type":"EntryPoint","urlTemplate":"https:\/\/eastwings-diagnostics.com\/?s={search_term_string}"},"query-input":{"@type":"PropertyValueSpecification","valueRequired":true,"valueName":"search_term_string"}}],"inLanguage":"fr-FR"},{"@type":"Organization","@id":"https:\/\/eastwings-diagnostics.com\/#organization","name":"Eastwings Diagnostics LTD","url":"https:\/\/eastwings-diagnostics.com\/","logo":{"@type":"ImageObject","inLanguage":"fr-FR","@id":"https:\/\/eastwings-diagnostics.com\/#\/schema\/logo\/image\/","url":"https:\/\/eastwings-diagnostics.com\/wp-content\/uploads\/2021\/11\/eastwingss-diaa.png","contentUrl":"https:\/\/eastwings-diagnostics.com\/wp-content\/uploads\/2021\/11\/eastwingss-diaa.png","width":512,"height":120,"caption":"Eastwings Diagnostics LTD"},"image":{"@id":"https:\/\/eastwings-diagnostics.com\/#\/schema\/logo\/image\/"},"sameAs":["https:\/\/x.com\/eastwings3","http:\/\/www.linkedin.com\/in\/eastwings-diagnostics-213031226"]}]}},"jetpack_sharing_enabled":true,"_links":{"self":[{"href":"https:\/\/eastwings-diagnostics.com\/fr\/wp-json\/wp\/v2\/product\/7385","targetHints":{"allow":["GET"]}}],"collection":[{"href":"https:\/\/eastwings-diagnostics.com\/fr\/wp-json\/wp\/v2\/product"}],"about":[{"href":"https:\/\/eastwings-diagnostics.com\/fr\/wp-json\/wp\/v2\/types\/product"}],"wp:featuredmedia":[{"embeddable":true,"href":"https:\/\/eastwings-diagnostics.com\/fr\/wp-json\/wp\/v2\/media\/7386"}],"wp:attachment":[{"href":"https:\/\/eastwings-diagnostics.com\/fr\/wp-json\/wp\/v2\/media?parent=7385"}],"wp:term":[{"taxonomy":"product_brand","embeddable":true,"href":"https:\/\/eastwings-diagnostics.com\/fr\/wp-json\/wp\/v2\/product_brand?post=7385"},{"taxonomy":"product_cat","embeddable":true,"href":"https:\/\/eastwings-diagnostics.com\/fr\/wp-json\/wp\/v2\/product_cat?post=7385"},{"taxonomy":"product_tag","embeddable":true,"href":"https:\/\/eastwings-diagnostics.com\/fr\/wp-json\/wp\/v2\/product_tag?post=7385"}],"curies":[{"name":"wp","href":"https:\/\/api.w.org\/{rel}","templated":true}]}}