{"id":6956,"date":"2021-11-16T12:27:20","date_gmt":"2021-11-16T12:27:20","guid":{"rendered":"https:\/\/eastwings-diagnostics.com\/?post_type=product&#038;p=6956"},"modified":"2021-11-16T12:29:12","modified_gmt":"2021-11-16T12:29:12","slug":"peltier-cooled-incubator-ipp410eco","status":"publish","type":"product","link":"https:\/\/eastwings-diagnostics.com\/fr\/produit\/peltier-cooled-incubator-ipp410eco\/","title":{"rendered":"Incubateur \u00e0 refroidissement Peltier IPP410eco"},"content":{"rendered":"","protected":false},"excerpt":{"rendered":"<h4>Temp\u00e9rature<\/h4>\n<table class=\"table\">\n<tbody>\n<tr>\n<th colspan=\"1\">R\u00e9glage de la plage de temp\u00e9rature<\/th>\n<td colspan=\"1\">0 \u00e0 +70 \u00b0C<\/td>\n<\/tr>\n<tr>\n<th colspan=\"1\">Plage de temp\u00e9rature de travail<\/th>\n<td colspan=\"1\">avec lumi\u00e8re : +10 \u00e0 +40 \u00b0C<\/td>\n<\/tr>\n<tr>\n<th colspan=\"1\">Plage de temp\u00e9rature de travail<\/th>\n<td colspan=\"1\">sans lumi\u00e8re : de 0 (au moins 20 en dessous de la temp\u00e9rature ambiante) \u00e0 +70\u00b0C<\/td>\n<\/tr>\n<tr>\n<th colspan=\"1\">R\u00e9glage de la temp\u00e9rature de pr\u00e9cision<\/th>\n<td colspan=\"1\">0,1 \u00b0C<\/td>\n<\/tr>\n<tr>\n<th colspan=\"1\">Capteur de temp\u00e9rature<\/th>\n<td colspan=\"1\">1 sonde Pt100 DIN classe A en montage 4 fils<\/td>\n<\/tr>\n<\/tbody>\n<\/table>\n<h4>Technologie de contr\u00f4le<\/h4>\n<table class=\"table\">\n<tbody>\n<tr>\n<th colspan=\"1\">Param\u00e8tres de langue<\/th>\n<td colspan=\"1\">allemand, anglais, espagnol, fran\u00e7ais, polonais, tch\u00e8que, hongrois<\/td>\n<\/tr>\n<tr>\n<th colspan=\"1\">Contr\u00f4leCOCKPIT<\/th>\n<td colspan=\"1\">AFFICHAGE unique. Contr\u00f4leur \u00e0 microprocesseur PID num\u00e9rique multifonctionnel adaptatif avec \u00e9cran couleur TFT haute d\u00e9finition<\/td>\n<\/tr>\n<tr>\n<th colspan=\"1\">Minuteur<\/th>\n<td colspan=\"1\">Compteur num\u00e9rique \u00e0 rebours avec r\u00e9glage de l&#039;heure cible, r\u00e9glable de 1 minute \u00e0 99 jours<\/td>\n<\/tr>\n<tr>\n<th colspan=\"1\">Fonction ConsigneWAIT<\/th>\n<td colspan=\"1\">le temps de processus ne commence pas tant que la temp\u00e9rature de consigne n&#039;est pas atteinte<\/td>\n<\/tr>\n<tr>\n<th colspan=\"1\">\u00c9talonnage<\/th>\n<td colspan=\"1\">trois valeurs de temp\u00e9rature librement s\u00e9lectionnables<\/td>\n<\/tr>\n<tr>\n<th colspan=\"1\">param\u00e8tres r\u00e9glables<\/th>\n<td colspan=\"1\">temp\u00e9rature (Celsius ou Fahrenheit), heure du programme, fuseaux horaires, heure d&#039;\u00e9t\u00e9\/heure d&#039;hiver<\/td>\n<\/tr>\n<\/tbody>\n<\/table>\n<h4>Ventilation<\/h4>\n<table class=\"table\">\n<tbody>\n<tr>\n<th colspan=\"1\">Convection<\/th>\n<td colspan=\"1\">ventilation forc\u00e9e par ventilateur Peltier<\/td>\n<\/tr>\n<\/tbody>\n<\/table>\n<h4>la communication<\/h4>\n<table class=\"table\">\n<tbody>\n<tr>\n<th colspan=\"1\">Documentation<\/th>\n<td colspan=\"1\">programme m\u00e9moris\u00e9 en cas de coupure de courant<\/td>\n<\/tr>\n<tr>\n<th colspan=\"1\">La programmation<\/th>\n<td colspan=\"1\">Logiciel AtmoCONTROL pour la lecture, la gestion et l&#039;organisation de l&#039;enregistreur de donn\u00e9es via l&#039;interface Ethernet (version d&#039;essai temporaire t\u00e9l\u00e9chargeable). Cl\u00e9 USB avec logiciel AtmoCONTROL disponible en accessoire (sur demande).<\/td>\n<\/tr>\n<\/tbody>\n<\/table>\n<h4>S\u00e9curit\u00e9<\/h4>\n<table class=\"table\">\n<tbody>\n<tr>\n<th colspan=\"1\">Contr\u00f4le de la temp\u00e9rature<\/th>\n<td colspan=\"1\">contr\u00f4leur de surchauffe \u00e9lectronique r\u00e9glable et limiteur de temp\u00e9rature m\u00e9canique<\/td>\n<\/tr>\n<tr>\n<th colspan=\"1\">Syst\u00e8me d&#039;autodiagnostic<\/th>\n<td colspan=\"1\">pour l&#039;analyse des d\u00e9fauts<\/td>\n<\/tr>\n<\/tbody>\n<\/table>\n<h4>Concept de chauffage<\/h4>\n<table class=\"table\">\n<tbody>\n<tr>\n<th colspan=\"1\">Peltier<\/th>\n<td colspan=\"1\">Syst\u00e8me de chauffage\/refroidissement Peltier \u00e0 \u00e9conomie d&#039;\u00e9nergie int\u00e9gr\u00e9 \u00e0 l&#039;arri\u00e8re (principe de la pompe \u00e0 chaleur)<\/td>\n<\/tr>\n<\/tbody>\n<\/table>\n<h4>\u00c9quipement standard<\/h4>\n<table class=\"table\">\n<tbody>\n<tr>\n<th colspan=\"1\">Porte<\/th>\n<td colspan=\"1\">porte en acier inoxydable enti\u00e8rement isol\u00e9e avec verrouillage 2 points (serrure de porte \u00e0 compression)<\/td>\n<\/tr>\n<tr>\n<th colspan=\"1\">Internes<\/th>\n<td colspan=\"1\">2 grille(s) inox, \u00e9lectropoli<\/td>\n<\/tr>\n<tr>\n<th colspan=\"1\">Certificat d&#039;\u00e9talonnage d&#039;usine<\/th>\n<td colspan=\"1\">pour +10\u00b0C et +37\u00b0C<\/td>\n<\/tr>\n<tr>\n<th colspan=\"1\">Porte<\/th>\n<td colspan=\"1\">porte int\u00e9rieure en verre<\/td>\n<\/tr>\n<\/tbody>\n<\/table>\n<h4>Int\u00e9rieur en acier inoxydable<\/h4>\n<table class=\"table\">\n<tbody>\n<tr>\n<th colspan=\"1\">Dimensions<\/th>\n<td colspan=\"1\">w<sub>(UNE)<\/sub>\u00a0xh<sub>(B)<\/sub>\u00a0xd<sub>(C)<\/sub>: 640 x 1200 x 500 mm (d moins 32 mm pour ventilateur \u2013 Peltier)<\/td>\n<\/tr>\n<tr>\n<th colspan=\"1\">Le volume<\/th>\n<td colspan=\"1\">384 litres<\/td>\n<\/tr>\n<tr>\n<th colspan=\"1\">Max. nombre d&#039;internes<\/th>\n<td colspan=\"1\">14<\/td>\n<\/tr>\n<tr>\n<th colspan=\"1\">Max. chargement de la chambre<\/th>\n<td colspan=\"1\">200 kilogrammes<\/td>\n<\/tr>\n<tr>\n<th colspan=\"1\">Max. chargement par interne<\/th>\n<td colspan=\"1\">20kg<\/td>\n<\/tr>\n<\/tbody>\n<\/table>\n<h4>Bo\u00eetier en acier inoxydable textur\u00e9<\/h4>\n<table class=\"table\">\n<tbody>\n<tr>\n<th colspan=\"1\">Dimensions<\/th>\n<td colspan=\"1\">w<sub>(R\u00c9)<\/sub>\u00a0xh<sub>(E)<\/sub>\u00a0xd<sub>(F)<\/sub>: 824 x 1720 x 655 mm (d +56mm poign\u00e9e de porte &amp; +111mm \u00e9l\u00e9ment Peltier)<\/td>\n<\/tr>\n<tr>\n<th colspan=\"1\">Installation<\/th>\n<td colspan=\"1\">sur roulettes verrouillables<\/td>\n<\/tr>\n<tr>\n<th colspan=\"1\">Logement<\/th>\n<td colspan=\"1\">arri\u00e8re en acier zingu\u00e9<\/td>\n<\/tr>\n<\/tbody>\n<\/table>\n<h4>Donn\u00e9es \u00e9lectriques<\/h4>\n<table class=\"table\">\n<tbody>\n<tr>\n<th colspan=\"1\">Tension Charge \u00e9lectrique<\/th>\n<td colspan=\"1\">230 V, 50\/60 Hz<br \/>\nenviron. 600 W<\/td>\n<\/tr>\n<tr>\n<th colspan=\"1\">Tension Charge \u00e9lectrique<\/th>\n<td colspan=\"1\">115 V, 50\/60 Hz<br \/>\nenviron. 600 W<\/td>\n<\/tr>\n<\/tbody>\n<\/table>\n<h4>Conditions ambiantes<\/h4>\n<table class=\"table\">\n<tbody>\n<tr>\n<th colspan=\"1\">D&#039;installation<\/th>\n<td colspan=\"1\">La distance entre le mur et l&#039;arri\u00e8re de l&#039;appareil doit \u00eatre d&#039;au moins 15 cm. La distance au plafond ne doit pas \u00eatre inf\u00e9rieure \u00e0 20 cm et la distance lat\u00e9rale aux murs ou aux appareils voisins ne doit pas \u00eatre inf\u00e9rieure \u00e0 5 cm.<\/td>\n<\/tr>\n<tr>\n<th colspan=\"1\">Temp\u00e9rature ambiante<\/th>\n<td colspan=\"1\">16 \u00baC \u00e0 40 \u00baC<\/td>\n<\/tr>\n<tr>\n<th colspan=\"1\">Humidit\u00e9 rh<\/th>\n<td colspan=\"1\">max. 70 %, sans condensation<\/td>\n<\/tr>\n<tr>\n<th colspan=\"1\">Altitude d&#039;installation<\/th>\n<td colspan=\"1\">max. 2000 m d&#039;altitude<\/td>\n<\/tr>\n<tr>\n<th colspan=\"1\">Cat\u00e9gorie de surtension<\/th>\n<td colspan=\"1\">II<\/td>\n<\/tr>\n<tr>\n<th colspan=\"1\">Degr\u00e9 de pollution<\/th>\n<td colspan=\"1\">2<\/td>\n<\/tr>\n<\/tbody>\n<\/table>","protected":false},"featured_media":6957,"template":"","meta":{"nf_dc_page":""},"product_brand":[],"product_cat":[91],"product_tag":[],"class_list":{"0":"post-6956","1":"product","2":"type-product","3":"status-publish","4":"has-post-thumbnail","6":"product_cat-peltier-cooled-incubator","8":"first","9":"instock","10":"sold-individually","11":"shipping-taxable","12":"product-type-simple"},"yoast_head":"<!-- This site is optimized with the Yoast SEO Premium plugin v23.9 (Yoast SEO v27.4) - https:\/\/yoast.com\/product\/yoast-seo-premium-wordpress\/ -->\n<title>Peltier-cooled incubator IPP410eco - Eastwings Diagnostics Ltd<\/title>\n<meta name=\"robots\" content=\"index, follow, max-snippet:-1, max-image-preview:large, max-video-preview:-1\" \/>\n<link rel=\"canonical\" href=\"https:\/\/eastwings-diagnostics.com\/fr\/produit\/peltier-cooled-incubator-ipp410eco\/\" \/>\n<meta property=\"og:locale\" content=\"fr_FR\" \/>\n<meta property=\"og:type\" content=\"article\" \/>\n<meta property=\"og:title\" content=\"Peltier-cooled incubator IPP410eco\" \/>\n<meta property=\"og:description\" content=\"Temperature    Setting temperature range 0 to +70 \u00b0C   Working temperature range with light: +10 to +40 \u00b0C   Working temperature range without light: from 0 (at least 20 below ambient temperature) to +70\u00b0C   Setting accuracy temperature 0.1 \u00b0C   Temperature sensor 1 Pt100 sensor DIN class A in 4-wire-circuit    Control technology    Language setting German, English, Spanish, French, Polish, Czech, Hungarian   ControlCOCKPIT SingleDISPLAY. Adaptive multifunctional digital PID-microprocessor controller with high-definition TFT-colour display   Timer Digital backwards counter with target time setting, adjustable from 1 minute to 99 days   Function SetpointWAIT the process time does not start until the set temperature is reached   Calibration three freely selectable temperature values   adjustable parameters temperature (Celsius or Fahrenheit), programme time, time zones, summertime\/wintertime    Ventilation    Convection forced ventilation by Peltier fan    Communication    Documentation programme stored in case of power failure   Programming AtmoCONTROL software for reading out, managing and organising the data logger via Ethernet interface (temporary trial version can be downloaded). USB stick with AtmoCONTROL software available as accessory (on demand).    Safety    Temperature control adjustable electronic overtemperature monitor and mechanical temperature limiter   Autodiagnostic system for fault analysis    Heating concept    Peltier energy-saving Peltier heating-\/cooling system integrated in the rear (heat pump principle)    Standard equipment    Door fully insulated stainless steel door with 2-point locking (compression door lock)   Internals 2 stainless steel grid(s), electropolished   Works calibration certificate for +10\u00b0C and +37\u00b0C   Door inner glass door    Stainless steel interior    Dimensions w(A)\u00a0x h(B)\u00a0x d(C): 640 x 1200 x 500\u00a0mm (d less 32 mm for fan - Peltier)   Volume 384\u00a0l   Max. number of internals 14   Max. loading of chamber 200\u00a0kg   Max. loading per internal 20 kg    Textured stainless steel casing    Dimensions w(D)\u00a0x h(E)\u00a0x d(F): 824 x 1720 x 655\u00a0mm (d +56mm door handle &amp; +111mm Peltier element)   Installation on lockable castors   Housing rear zinc-plated steel    Electrical data    Voltage Electrical load 230\u00a0V, 50\/60\u00a0Hz approx. 600\u00a0W   Voltage Electrical load 115\u00a0V, 50\/60\u00a0Hz approx. 600\u00a0W    Ambient conditions    Set Up The distance between the wall and the rear of the appliance must be at least 15 cm. The clearance from the ceiling must not be less than 20 cm and the side clearance from walls or nearby appliances must not be less than 5 cm.   Ambient temperature 16 \u00baC to 40 \u00baC   Humidity rh max. 70 %, non-condensing   Altitude of installation max. 2,000 m above sea level   Overvoltage category II   Pollution degree 2\" \/>\n<meta property=\"og:url\" content=\"https:\/\/eastwings-diagnostics.com\/fr\/produit\/peltier-cooled-incubator-ipp410eco\/\" \/>\n<meta property=\"og:site_name\" content=\"Eastwings Diagnostics Ltd\" \/>\n<meta property=\"article:modified_time\" content=\"2021-11-16T12:29:12+00:00\" \/>\n<meta property=\"og:image\" content=\"https:\/\/i0.wp.com\/eastwings-diagnostics.com\/wp-content\/uploads\/2021\/11\/Peltier-cooled-incubator-IPP410eco.png?fit=480%2C616&ssl=1\" \/>\n\t<meta property=\"og:image:width\" content=\"480\" \/>\n\t<meta property=\"og:image:height\" content=\"616\" \/>\n\t<meta property=\"og:image:type\" content=\"image\/png\" \/>\n<meta name=\"twitter:card\" content=\"summary_large_image\" \/>\n<meta name=\"twitter:site\" content=\"@eastwings3\" \/>\n<script type=\"application\/ld+json\" class=\"yoast-schema-graph\">{\"@context\":\"https:\\\/\\\/schema.org\",\"@graph\":[{\"@type\":\"WebPage\",\"@id\":\"https:\\\/\\\/eastwings-diagnostics.com\\\/product\\\/peltier-cooled-incubator-ipp410eco\\\/\",\"url\":\"https:\\\/\\\/eastwings-diagnostics.com\\\/product\\\/peltier-cooled-incubator-ipp410eco\\\/\",\"name\":\"Peltier-cooled incubator IPP410eco - Eastwings Diagnostics Ltd\",\"isPartOf\":{\"@id\":\"https:\\\/\\\/eastwings-diagnostics.com\\\/#website\"},\"primaryImageOfPage\":{\"@id\":\"https:\\\/\\\/eastwings-diagnostics.com\\\/product\\\/peltier-cooled-incubator-ipp410eco\\\/#primaryimage\"},\"image\":{\"@id\":\"https:\\\/\\\/eastwings-diagnostics.com\\\/product\\\/peltier-cooled-incubator-ipp410eco\\\/#primaryimage\"},\"thumbnailUrl\":\"https:\\\/\\\/i0.wp.com\\\/eastwings-diagnostics.com\\\/wp-content\\\/uploads\\\/2021\\\/11\\\/Peltier-cooled-incubator-IPP410eco.png?fit=480%2C616&ssl=1\",\"datePublished\":\"2021-11-16T12:27:20+00:00\",\"dateModified\":\"2021-11-16T12:29:12+00:00\",\"breadcrumb\":{\"@id\":\"https:\\\/\\\/eastwings-diagnostics.com\\\/product\\\/peltier-cooled-incubator-ipp410eco\\\/#breadcrumb\"},\"inLanguage\":\"fr-FR\",\"potentialAction\":[{\"@type\":\"ReadAction\",\"target\":[\"https:\\\/\\\/eastwings-diagnostics.com\\\/product\\\/peltier-cooled-incubator-ipp410eco\\\/\"]}]},{\"@type\":\"ImageObject\",\"inLanguage\":\"fr-FR\",\"@id\":\"https:\\\/\\\/eastwings-diagnostics.com\\\/product\\\/peltier-cooled-incubator-ipp410eco\\\/#primaryimage\",\"url\":\"https:\\\/\\\/i0.wp.com\\\/eastwings-diagnostics.com\\\/wp-content\\\/uploads\\\/2021\\\/11\\\/Peltier-cooled-incubator-IPP410eco.png?fit=480%2C616&ssl=1\",\"contentUrl\":\"https:\\\/\\\/i0.wp.com\\\/eastwings-diagnostics.com\\\/wp-content\\\/uploads\\\/2021\\\/11\\\/Peltier-cooled-incubator-IPP410eco.png?fit=480%2C616&ssl=1\",\"width\":480,\"height\":616,\"caption\":\"Peltier-cooled incubator IPP410eco\"},{\"@type\":\"BreadcrumbList\",\"@id\":\"https:\\\/\\\/eastwings-diagnostics.com\\\/product\\\/peltier-cooled-incubator-ipp410eco\\\/#breadcrumb\",\"itemListElement\":[{\"@type\":\"ListItem\",\"position\":1,\"name\":\"Home\",\"item\":\"https:\\\/\\\/eastwings-diagnostics.com\\\/\"},{\"@type\":\"ListItem\",\"position\":2,\"name\":\"Products\",\"item\":\"https:\\\/\\\/eastwings-diagnostics.com\\\/products\\\/\"},{\"@type\":\"ListItem\",\"position\":3,\"name\":\"Peltier-cooled incubator IPP410eco\"}]},{\"@type\":\"WebSite\",\"@id\":\"https:\\\/\\\/eastwings-diagnostics.com\\\/#website\",\"url\":\"https:\\\/\\\/eastwings-diagnostics.com\\\/\",\"name\":\"Eastwings Diagnostics Ltd\",\"description\":\"\",\"publisher\":{\"@id\":\"https:\\\/\\\/eastwings-diagnostics.com\\\/#organization\"},\"potentialAction\":[{\"@type\":\"SearchAction\",\"target\":{\"@type\":\"EntryPoint\",\"urlTemplate\":\"https:\\\/\\\/eastwings-diagnostics.com\\\/?s={search_term_string}\"},\"query-input\":{\"@type\":\"PropertyValueSpecification\",\"valueRequired\":true,\"valueName\":\"search_term_string\"}}],\"inLanguage\":\"fr-FR\"},{\"@type\":\"Organization\",\"@id\":\"https:\\\/\\\/eastwings-diagnostics.com\\\/#organization\",\"name\":\"Eastwings Diagnostics LTD\",\"url\":\"https:\\\/\\\/eastwings-diagnostics.com\\\/\",\"logo\":{\"@type\":\"ImageObject\",\"inLanguage\":\"fr-FR\",\"@id\":\"https:\\\/\\\/eastwings-diagnostics.com\\\/#\\\/schema\\\/logo\\\/image\\\/\",\"url\":\"https:\\\/\\\/eastwings-diagnostics.com\\\/wp-content\\\/uploads\\\/2021\\\/11\\\/eastwingss-diaa.png\",\"contentUrl\":\"https:\\\/\\\/eastwings-diagnostics.com\\\/wp-content\\\/uploads\\\/2021\\\/11\\\/eastwingss-diaa.png\",\"width\":512,\"height\":120,\"caption\":\"Eastwings Diagnostics LTD\"},\"image\":{\"@id\":\"https:\\\/\\\/eastwings-diagnostics.com\\\/#\\\/schema\\\/logo\\\/image\\\/\"},\"sameAs\":[\"https:\\\/\\\/x.com\\\/eastwings3\",\"http:\\\/\\\/www.linkedin.com\\\/in\\\/eastwings-diagnostics-213031226\"]}]}<\/script>\n<!-- \/ Yoast SEO Premium plugin. -->","yoast_head_json":{"title":"Peltier-cooled incubator IPP410eco - Eastwings Diagnostics Ltd","robots":{"index":"index","follow":"follow","max-snippet":"max-snippet:-1","max-image-preview":"max-image-preview:large","max-video-preview":"max-video-preview:-1"},"canonical":"https:\/\/eastwings-diagnostics.com\/fr\/produit\/peltier-cooled-incubator-ipp410eco\/","og_locale":"fr_FR","og_type":"article","og_title":"Peltier-cooled incubator IPP410eco","og_description":"Temperature    Setting temperature range 0 to +70 \u00b0C   Working temperature range with light: +10 to +40 \u00b0C   Working temperature range without light: from 0 (at least 20 below ambient temperature) to +70\u00b0C   Setting accuracy temperature 0.1 \u00b0C   Temperature sensor 1 Pt100 sensor DIN class A in 4-wire-circuit    Control technology    Language setting German, English, Spanish, French, Polish, Czech, Hungarian   ControlCOCKPIT SingleDISPLAY. Adaptive multifunctional digital PID-microprocessor controller with high-definition TFT-colour display   Timer Digital backwards counter with target time setting, adjustable from 1 minute to 99 days   Function SetpointWAIT the process time does not start until the set temperature is reached   Calibration three freely selectable temperature values   adjustable parameters temperature (Celsius or Fahrenheit), programme time, time zones, summertime\/wintertime    Ventilation    Convection forced ventilation by Peltier fan    Communication    Documentation programme stored in case of power failure   Programming AtmoCONTROL software for reading out, managing and organising the data logger via Ethernet interface (temporary trial version can be downloaded). USB stick with AtmoCONTROL software available as accessory (on demand).    Safety    Temperature control adjustable electronic overtemperature monitor and mechanical temperature limiter   Autodiagnostic system for fault analysis    Heating concept    Peltier energy-saving Peltier heating-\/cooling system integrated in the rear (heat pump principle)    Standard equipment    Door fully insulated stainless steel door with 2-point locking (compression door lock)   Internals 2 stainless steel grid(s), electropolished   Works calibration certificate for +10\u00b0C and +37\u00b0C   Door inner glass door    Stainless steel interior    Dimensions w(A)\u00a0x h(B)\u00a0x d(C): 640 x 1200 x 500\u00a0mm (d less 32 mm for fan - Peltier)   Volume 384\u00a0l   Max. number of internals 14   Max. loading of chamber 200\u00a0kg   Max. loading per internal 20 kg    Textured stainless steel casing    Dimensions w(D)\u00a0x h(E)\u00a0x d(F): 824 x 1720 x 655\u00a0mm (d +56mm door handle &amp; +111mm Peltier element)   Installation on lockable castors   Housing rear zinc-plated steel    Electrical data    Voltage Electrical load 230\u00a0V, 50\/60\u00a0Hz approx. 600\u00a0W   Voltage Electrical load 115\u00a0V, 50\/60\u00a0Hz approx. 600\u00a0W    Ambient conditions    Set Up The distance between the wall and the rear of the appliance must be at least 15 cm. The clearance from the ceiling must not be less than 20 cm and the side clearance from walls or nearby appliances must not be less than 5 cm.   Ambient temperature 16 \u00baC to 40 \u00baC   Humidity rh max. 70 %, non-condensing   Altitude of installation max. 2,000 m above sea level   Overvoltage category II   Pollution degree 2","og_url":"https:\/\/eastwings-diagnostics.com\/fr\/produit\/peltier-cooled-incubator-ipp410eco\/","og_site_name":"Eastwings Diagnostics Ltd","article_modified_time":"2021-11-16T12:29:12+00:00","og_image":[{"width":480,"height":616,"url":"https:\/\/i0.wp.com\/eastwings-diagnostics.com\/wp-content\/uploads\/2021\/11\/Peltier-cooled-incubator-IPP410eco.png?fit=480%2C616&ssl=1","type":"image\/png"}],"twitter_card":"summary_large_image","twitter_site":"@eastwings3","schema":{"@context":"https:\/\/schema.org","@graph":[{"@type":"WebPage","@id":"https:\/\/eastwings-diagnostics.com\/product\/peltier-cooled-incubator-ipp410eco\/","url":"https:\/\/eastwings-diagnostics.com\/product\/peltier-cooled-incubator-ipp410eco\/","name":"Peltier-cooled incubator IPP410eco - Eastwings Diagnostics Ltd","isPartOf":{"@id":"https:\/\/eastwings-diagnostics.com\/#website"},"primaryImageOfPage":{"@id":"https:\/\/eastwings-diagnostics.com\/product\/peltier-cooled-incubator-ipp410eco\/#primaryimage"},"image":{"@id":"https:\/\/eastwings-diagnostics.com\/product\/peltier-cooled-incubator-ipp410eco\/#primaryimage"},"thumbnailUrl":"https:\/\/i0.wp.com\/eastwings-diagnostics.com\/wp-content\/uploads\/2021\/11\/Peltier-cooled-incubator-IPP410eco.png?fit=480%2C616&ssl=1","datePublished":"2021-11-16T12:27:20+00:00","dateModified":"2021-11-16T12:29:12+00:00","breadcrumb":{"@id":"https:\/\/eastwings-diagnostics.com\/product\/peltier-cooled-incubator-ipp410eco\/#breadcrumb"},"inLanguage":"fr-FR","potentialAction":[{"@type":"ReadAction","target":["https:\/\/eastwings-diagnostics.com\/product\/peltier-cooled-incubator-ipp410eco\/"]}]},{"@type":"ImageObject","inLanguage":"fr-FR","@id":"https:\/\/eastwings-diagnostics.com\/product\/peltier-cooled-incubator-ipp410eco\/#primaryimage","url":"https:\/\/i0.wp.com\/eastwings-diagnostics.com\/wp-content\/uploads\/2021\/11\/Peltier-cooled-incubator-IPP410eco.png?fit=480%2C616&ssl=1","contentUrl":"https:\/\/i0.wp.com\/eastwings-diagnostics.com\/wp-content\/uploads\/2021\/11\/Peltier-cooled-incubator-IPP410eco.png?fit=480%2C616&ssl=1","width":480,"height":616,"caption":"Peltier-cooled incubator IPP410eco"},{"@type":"BreadcrumbList","@id":"https:\/\/eastwings-diagnostics.com\/product\/peltier-cooled-incubator-ipp410eco\/#breadcrumb","itemListElement":[{"@type":"ListItem","position":1,"name":"Home","item":"https:\/\/eastwings-diagnostics.com\/"},{"@type":"ListItem","position":2,"name":"Products","item":"https:\/\/eastwings-diagnostics.com\/products\/"},{"@type":"ListItem","position":3,"name":"Peltier-cooled incubator IPP410eco"}]},{"@type":"WebSite","@id":"https:\/\/eastwings-diagnostics.com\/#website","url":"https:\/\/eastwings-diagnostics.com\/","name":"Eastwings Diagnostics Ltd","description":"","publisher":{"@id":"https:\/\/eastwings-diagnostics.com\/#organization"},"potentialAction":[{"@type":"SearchAction","target":{"@type":"EntryPoint","urlTemplate":"https:\/\/eastwings-diagnostics.com\/?s={search_term_string}"},"query-input":{"@type":"PropertyValueSpecification","valueRequired":true,"valueName":"search_term_string"}}],"inLanguage":"fr-FR"},{"@type":"Organization","@id":"https:\/\/eastwings-diagnostics.com\/#organization","name":"Eastwings Diagnostics LTD","url":"https:\/\/eastwings-diagnostics.com\/","logo":{"@type":"ImageObject","inLanguage":"fr-FR","@id":"https:\/\/eastwings-diagnostics.com\/#\/schema\/logo\/image\/","url":"https:\/\/eastwings-diagnostics.com\/wp-content\/uploads\/2021\/11\/eastwingss-diaa.png","contentUrl":"https:\/\/eastwings-diagnostics.com\/wp-content\/uploads\/2021\/11\/eastwingss-diaa.png","width":512,"height":120,"caption":"Eastwings Diagnostics LTD"},"image":{"@id":"https:\/\/eastwings-diagnostics.com\/#\/schema\/logo\/image\/"},"sameAs":["https:\/\/x.com\/eastwings3","http:\/\/www.linkedin.com\/in\/eastwings-diagnostics-213031226"]}]}},"jetpack_sharing_enabled":true,"_links":{"self":[{"href":"https:\/\/eastwings-diagnostics.com\/fr\/wp-json\/wp\/v2\/product\/6956","targetHints":{"allow":["GET"]}}],"collection":[{"href":"https:\/\/eastwings-diagnostics.com\/fr\/wp-json\/wp\/v2\/product"}],"about":[{"href":"https:\/\/eastwings-diagnostics.com\/fr\/wp-json\/wp\/v2\/types\/product"}],"wp:featuredmedia":[{"embeddable":true,"href":"https:\/\/eastwings-diagnostics.com\/fr\/wp-json\/wp\/v2\/media\/6957"}],"wp:attachment":[{"href":"https:\/\/eastwings-diagnostics.com\/fr\/wp-json\/wp\/v2\/media?parent=6956"}],"wp:term":[{"taxonomy":"product_brand","embeddable":true,"href":"https:\/\/eastwings-diagnostics.com\/fr\/wp-json\/wp\/v2\/product_brand?post=6956"},{"taxonomy":"product_cat","embeddable":true,"href":"https:\/\/eastwings-diagnostics.com\/fr\/wp-json\/wp\/v2\/product_cat?post=6956"},{"taxonomy":"product_tag","embeddable":true,"href":"https:\/\/eastwings-diagnostics.com\/fr\/wp-json\/wp\/v2\/product_tag?post=6956"}],"curies":[{"name":"wp","href":"https:\/\/api.w.org\/{rel}","templated":true}]}}