{"id":6947,"date":"2021-11-16T12:16:07","date_gmt":"2021-11-16T12:16:07","guid":{"rendered":"https:\/\/eastwings-diagnostics.com\/?post_type=product&#038;p=6947"},"modified":"2021-11-16T12:17:27","modified_gmt":"2021-11-16T12:17:27","slug":"peltier-cooled-incubator-ipp55plus","status":"publish","type":"product","link":"https:\/\/eastwings-diagnostics.com\/fr\/produit\/peltier-cooled-incubator-ipp55plus\/","title":{"rendered":"Incubateur \u00e0 refroidissement Peltier IPP55plus"},"content":{"rendered":"","protected":false},"excerpt":{"rendered":"<h4>Temp\u00e9rature<\/h4>\n<table class=\"table\">\n<tbody>\n<tr>\n<th colspan=\"1\">R\u00e9glage de la plage de temp\u00e9rature<\/th>\n<td colspan=\"1\">0 \u00e0 +70 \u00b0C<\/td>\n<\/tr>\n<tr>\n<th colspan=\"1\">Plage de temp\u00e9rature de travail<\/th>\n<td colspan=\"1\">sans lumi\u00e8re : de 0 (au moins 20 en dessous de la temp\u00e9rature ambiante) \u00e0 +70\u00b0C<\/td>\n<\/tr>\n<tr>\n<th colspan=\"1\">R\u00e9glage de la temp\u00e9rature de pr\u00e9cision<\/th>\n<td colspan=\"1\">0,1 \u00b0C<\/td>\n<\/tr>\n<tr>\n<th colspan=\"1\">Capteur de temp\u00e9rature<\/th>\n<td colspan=\"1\">2 capteurs Pt100 DIN classe A en circuit 4 fils pour surveillance mutuelle, prenant en charge les fonctions en cas d&#039;erreur<\/td>\n<\/tr>\n<\/tbody>\n<\/table>\n<h4>Technologie de contr\u00f4le<\/h4>\n<table class=\"table\">\n<tbody>\n<tr>\n<th colspan=\"1\">Contr\u00f4leCOCKPIT<\/th>\n<td colspan=\"1\">TwinDISPLAY. Contr\u00f4leur num\u00e9rique adaptatif multifonctionnel \u00e0 microprocesseur PID avec 2 \u00e9crans couleur TFT haute d\u00e9finition.<\/td>\n<\/tr>\n<tr>\n<th colspan=\"1\">Param\u00e8tres de langue<\/th>\n<td colspan=\"1\">allemand, anglais, espagnol, fran\u00e7ais, polonais, tch\u00e8que, hongrois<\/td>\n<\/tr>\n<tr>\n<th colspan=\"1\">Minuteur<\/th>\n<td colspan=\"1\">Compteur num\u00e9rique \u00e0 rebours avec r\u00e9glage de l&#039;heure cible, r\u00e9glable de 1 minute \u00e0 99 jours<\/td>\n<\/tr>\n<tr>\n<th colspan=\"1\">Fonction ConsigneWAIT<\/th>\n<td colspan=\"1\">le temps de processus ne commence pas tant que la temp\u00e9rature de consigne n&#039;est pas atteinte<\/td>\n<\/tr>\n<tr>\n<th colspan=\"1\">\u00c9talonnage<\/th>\n<td colspan=\"1\">trois valeurs de temp\u00e9rature librement s\u00e9lectionnables<\/td>\n<\/tr>\n<tr>\n<th colspan=\"1\">param\u00e8tres r\u00e9glables<\/th>\n<td colspan=\"1\">temp\u00e9rature (Celsius ou Fahrenheit), heure du programme, fuseaux horaires, heure d&#039;\u00e9t\u00e9\/heure d&#039;hiver<\/td>\n<\/tr>\n<\/tbody>\n<\/table>\n<h4>Ventilation<\/h4>\n<table class=\"table\">\n<tbody>\n<tr>\n<th colspan=\"1\">Convection<\/th>\n<td colspan=\"1\">ventilation forc\u00e9e par ventilateur Peltier<\/td>\n<\/tr>\n<\/tbody>\n<\/table>\n<h4>la communication<\/h4>\n<table class=\"table\">\n<tbody>\n<tr>\n<th colspan=\"1\">Documentation<\/th>\n<td colspan=\"1\">programme m\u00e9moris\u00e9 en cas de coupure de courant<\/td>\n<\/tr>\n<tr>\n<th colspan=\"1\">La programmation<\/th>\n<td colspan=\"1\">Logiciel AtmoCONTROL sur cl\u00e9 USB pour programmer, g\u00e9rer et transf\u00e9rer des programmes via interface Ethernet ou port USB<\/td>\n<\/tr>\n<\/tbody>\n<\/table>\n<h4>S\u00e9curit\u00e9<\/h4>\n<table class=\"table\">\n<tbody>\n<tr>\n<th colspan=\"1\">Contr\u00f4le de la temp\u00e9rature<\/th>\n<td colspan=\"1\">contr\u00f4leur de sur et sous-temp\u00e9rature TWW, classe de protection 3.3 ou limiteur de temp\u00e9rature r\u00e9glable TWB, classe de protection 2, s\u00e9lectionnable sur \u00e9cran<\/td>\n<\/tr>\n<tr>\n<th colspan=\"1\">AUTOS\u00c9CURIT\u00c9<\/th>\n<td colspan=\"1\">protection contre la surchauffe et la sous-temp\u00e9rature int\u00e9gr\u00e9e en plus \u00ab\u00a0ASF\u00a0\u00bb, suivant automatiquement la valeur de consigne dans une plage de tol\u00e9rance pr\u00e9d\u00e9finie, alarme en cas de surchauffe ou de sous-temp\u00e9rature, fonction de chauffage d\u00e9sactiv\u00e9e en cas de surchauffe, fonction de refroidissement en cas de sous-temp\u00e9rature<\/td>\n<\/tr>\n<tr>\n<th colspan=\"1\">Syst\u00e8me d&#039;autodiagnostic<\/th>\n<td colspan=\"1\">pour l&#039;analyse des d\u00e9fauts<\/td>\n<\/tr>\n<tr>\n<th colspan=\"1\">Alarme<\/th>\n<td colspan=\"1\">visuel et acoustique<\/td>\n<\/tr>\n<\/tbody>\n<\/table>\n<h4>Concept de chauffage<\/h4>\n<table class=\"table\">\n<tbody>\n<tr>\n<th colspan=\"1\">Peltier<\/th>\n<td colspan=\"1\">R\u00e9partition des performances de chauffage et de refroidissement par contr\u00f4le individuel des \u00e9l\u00e9ments Peltier dans la rang\u00e9e sup\u00e9rieure et inf\u00e9rieure<\/td>\n<\/tr>\n<tr>\n<th colspan=\"1\">Peltier<\/th>\n<td colspan=\"1\">Syst\u00e8me de chauffage\/refroidissement Peltier \u00e0 \u00e9conomie d&#039;\u00e9nergie int\u00e9gr\u00e9 \u00e0 l&#039;arri\u00e8re (principe de la pompe \u00e0 chaleur)<\/td>\n<\/tr>\n<\/tbody>\n<\/table>\n<h4>\u00c9quipement standard<\/h4>\n<table class=\"table\">\n<tbody>\n<tr>\n<th colspan=\"1\">Porte<\/th>\n<td colspan=\"1\">porte en acier inoxydable enti\u00e8rement isol\u00e9e avec verrouillage 2 points (serrure de porte \u00e0 compression)<\/td>\n<\/tr>\n<tr>\n<th colspan=\"1\">Internes<\/th>\n<td colspan=\"1\">1 grille(s) en acier inoxydable, \u00e9lectropoli<\/td>\n<\/tr>\n<tr>\n<th colspan=\"1\">Certificat d&#039;\u00e9talonnage d&#039;usine<\/th>\n<td colspan=\"1\">pour +10\u00b0C et +37\u00b0C<\/td>\n<\/tr>\n<tr>\n<th colspan=\"1\">Porte<\/th>\n<td colspan=\"1\">porte int\u00e9rieure en verre<\/td>\n<\/tr>\n<\/tbody>\n<\/table>\n<h4>Int\u00e9rieur en acier inoxydable<\/h4>\n<table class=\"table\">\n<tbody>\n<tr>\n<th colspan=\"1\">Dimensions<\/th>\n<td colspan=\"1\">w<sub>(UNE)<\/sub>\u00a0xh<sub>(B)<\/sub>\u00a0xd<sub>(C)<\/sub>: 400 x 400 x 330 mm (d moins 10 mm pour ventilateur \u2013 Peltier)<\/td>\n<\/tr>\n<tr>\n<th colspan=\"1\">Le volume<\/th>\n<td colspan=\"1\">53 litres<\/td>\n<\/tr>\n<tr>\n<th colspan=\"1\">Max. nombre d&#039;internes<\/th>\n<td colspan=\"1\">4<\/td>\n<\/tr>\n<tr>\n<th colspan=\"1\">Max. chargement de la chambre<\/th>\n<td colspan=\"1\">80 kilogrammes<\/td>\n<\/tr>\n<tr>\n<th colspan=\"1\">Max. chargement par interne<\/th>\n<td colspan=\"1\">20kg<\/td>\n<\/tr>\n<\/tbody>\n<\/table>\n<h4>Bo\u00eetier en acier inoxydable textur\u00e9<\/h4>\n<table class=\"table\">\n<tbody>\n<tr>\n<th colspan=\"1\">Dimensions<\/th>\n<td colspan=\"1\">w<sub>(R\u00c9)<\/sub>\u00a0xh<sub>(E)<\/sub>\u00a0xd<sub>(F)<\/sub>: 585 x 784 x 514 mm (d +56mm poign\u00e9e de porte &amp; +111mm \u00e9l\u00e9ment Peltier)<\/td>\n<\/tr>\n<tr>\n<th colspan=\"1\">Logement<\/th>\n<td colspan=\"1\">arri\u00e8re en acier zingu\u00e9<\/td>\n<\/tr>\n<\/tbody>\n<\/table>\n<h4>Donn\u00e9es \u00e9lectriques<\/h4>\n<table class=\"table\">\n<tbody>\n<tr>\n<th colspan=\"1\">Tension Charge \u00e9lectrique<\/th>\n<td colspan=\"1\">230 V, 50\/60 Hz<br \/>\nenviron. 275 W<\/td>\n<\/tr>\n<tr>\n<th colspan=\"1\">Tension Charge \u00e9lectrique<\/th>\n<td colspan=\"1\">115 V, 50\/60 Hz<br \/>\nenviron. 275 W<\/td>\n<\/tr>\n<\/tbody>\n<\/table>\n<h4>Conditions ambiantes<\/h4>\n<table class=\"table\">\n<tbody>\n<tr>\n<th colspan=\"1\">D&#039;installation<\/th>\n<td colspan=\"1\">La distance entre le mur et l&#039;arri\u00e8re de l&#039;appareil doit \u00eatre d&#039;au moins 15 cm. La distance au plafond ne doit pas \u00eatre inf\u00e9rieure \u00e0 20 cm et la distance lat\u00e9rale aux murs ou aux appareils voisins ne doit pas \u00eatre inf\u00e9rieure \u00e0 5 cm.<\/td>\n<\/tr>\n<tr>\n<th colspan=\"1\">Temp\u00e9rature ambiante<\/th>\n<td colspan=\"1\">16 \u00baC \u00e0 40 \u00baC<\/td>\n<\/tr>\n<tr>\n<th colspan=\"1\">Humidit\u00e9 rh<\/th>\n<td colspan=\"1\">max. 70 %, sans condensation<\/td>\n<\/tr>\n<tr>\n<th colspan=\"1\">Altitude d&#039;installation<\/th>\n<td colspan=\"1\">max. 2000 m d&#039;altitude<\/td>\n<\/tr>\n<tr>\n<th colspan=\"1\">Cat\u00e9gorie de surtension<\/th>\n<td colspan=\"1\">II<\/td>\n<\/tr>\n<tr>\n<th colspan=\"1\">Degr\u00e9 de pollution<\/th>\n<td colspan=\"1\">2<\/td>\n<\/tr>\n<\/tbody>\n<\/table>","protected":false},"featured_media":6944,"template":"","meta":{"nf_dc_page":""},"product_brand":[],"product_cat":[91],"product_tag":[],"class_list":{"0":"post-6947","1":"product","2":"type-product","3":"status-publish","4":"has-post-thumbnail","6":"product_cat-peltier-cooled-incubator","8":"first","9":"instock","10":"sold-individually","11":"shipping-taxable","12":"product-type-simple"},"yoast_head":"<!-- This site is optimized with the Yoast SEO Premium plugin v23.9 (Yoast SEO v27.4) - https:\/\/yoast.com\/product\/yoast-seo-premium-wordpress\/ -->\n<title>Peltier-cooled incubator IPP55plus - Eastwings Diagnostics Ltd<\/title>\n<meta name=\"robots\" content=\"index, follow, max-snippet:-1, max-image-preview:large, max-video-preview:-1\" \/>\n<link rel=\"canonical\" href=\"https:\/\/eastwings-diagnostics.com\/fr\/produit\/peltier-cooled-incubator-ipp55plus\/\" \/>\n<meta property=\"og:locale\" content=\"fr_FR\" \/>\n<meta property=\"og:type\" content=\"article\" \/>\n<meta property=\"og:title\" content=\"Peltier-cooled incubator IPP55plus\" \/>\n<meta property=\"og:description\" content=\"Temperature    Setting temperature range 0 to +70 \u00b0C   Working temperature range without light: from 0 (at least 20 below ambient temperature) to +70\u00b0C   Setting accuracy temperature 0.1 \u00b0C   Temperature sensor 2 Pt100 sensors DIN Class A in 4-wire-circuit for mutual monitoring, taking over functions in case of an error    Control technology    ControlCOCKPIT TwinDISPLAY. Adaptive multifunctional digital PID-microprocessor controller with 2 high-definition TFT-colour displays.   Language setting German, English, Spanish, French, Polish, Czech, Hungarian   Timer Digital backwards counter with target time setting, adjustable from 1 minute to 99 days   Function SetpointWAIT the process time does not start until the set temperature is reached   Calibration three freely selectable temperature values   adjustable parameters temperature (Celsius or Fahrenheit), programme time, time zones, summertime\/wintertime    Ventilation    Convection forced ventilation by Peltier fan    Communication    Documentation programme stored in case of power failure   Programming AtmoCONTROL software on a USB stick for programming, managing and transferring programmes via Ethernet interface or USB port    Safety    Temperature control over- and undertemperature monitor TWW, protection class 3.3 or adjustable temperature limiter TWB, protection class 2, selectable on display   AutoSAFETY additionally integrated over- and undertemperature protection &quot;ASF&quot;, automatically following the setpoint value at a preset tolerance range, alarm in case of over- or undertemperature, heating function is switched off in case of overtemperature, cooling function in case of undertemperature   Autodiagnostic system for fault analysis   Alarm visual and acoustic    Heating concept    Peltier Heating and cooling performance distribution by individual control of the Peltier elements in the upper and lower row   Peltier energy-saving Peltier heating-\/cooling system integrated in the rear (heat pump principle)    Standard equipment    Door fully insulated stainless steel door with 2-point locking (compression door lock)   Internals 1 stainless steel grid(s), electropolished   Works calibration certificate for +10\u00b0C and +37\u00b0C   Door inner glass door    Stainless steel interior    Dimensions w(A)\u00a0x h(B)\u00a0x d(C): 400 x 400 x 330\u00a0mm (d less 10 mm for fan - Peltier)   Volume 53\u00a0l   Max. number of internals 4   Max. loading of chamber 80\u00a0kg   Max. loading per internal 20 kg    Textured stainless steel casing    Dimensions w(D)\u00a0x h(E)\u00a0x d(F): 585 x 784 x 514\u00a0mm (d +56mm door handle &amp; +111mm Peltier element)   Housing rear zinc-plated steel    Electrical data    Voltage Electrical load 230\u00a0V, 50\/60\u00a0Hz approx. 275\u00a0W   Voltage Electrical load 115\u00a0V, 50\/60\u00a0Hz approx. 275\u00a0W    Ambient conditions    Set Up The distance between the wall and the rear of the appliance must be at least 15 cm. The clearance from the ceiling must not be less than 20 cm and the side clearance from walls or nearby appliances must not be less than 5 cm.   Ambient temperature 16 \u00baC to 40 \u00baC   Humidity rh max. 70 %, non-condensing   Altitude of installation max. 2,000 m above sea level   Overvoltage category II   Pollution degree 2\" \/>\n<meta property=\"og:url\" content=\"https:\/\/eastwings-diagnostics.com\/fr\/produit\/peltier-cooled-incubator-ipp55plus\/\" \/>\n<meta property=\"og:site_name\" content=\"Eastwings Diagnostics Ltd\" \/>\n<meta property=\"article:modified_time\" content=\"2021-11-16T12:17:27+00:00\" \/>\n<meta property=\"og:image\" content=\"https:\/\/i0.wp.com\/eastwings-diagnostics.com\/wp-content\/uploads\/2021\/11\/Peltier-cooled-incubator-IPP30.png?fit=480%2C321&ssl=1\" \/>\n\t<meta property=\"og:image:width\" content=\"480\" \/>\n\t<meta property=\"og:image:height\" content=\"321\" \/>\n\t<meta property=\"og:image:type\" content=\"image\/png\" \/>\n<meta name=\"twitter:card\" content=\"summary_large_image\" \/>\n<meta name=\"twitter:site\" content=\"@eastwings3\" \/>\n<script type=\"application\/ld+json\" class=\"yoast-schema-graph\">{\"@context\":\"https:\\\/\\\/schema.org\",\"@graph\":[{\"@type\":\"WebPage\",\"@id\":\"https:\\\/\\\/eastwings-diagnostics.com\\\/product\\\/peltier-cooled-incubator-ipp55plus\\\/\",\"url\":\"https:\\\/\\\/eastwings-diagnostics.com\\\/product\\\/peltier-cooled-incubator-ipp55plus\\\/\",\"name\":\"Peltier-cooled incubator IPP55plus - Eastwings Diagnostics Ltd\",\"isPartOf\":{\"@id\":\"https:\\\/\\\/eastwings-diagnostics.com\\\/#website\"},\"primaryImageOfPage\":{\"@id\":\"https:\\\/\\\/eastwings-diagnostics.com\\\/product\\\/peltier-cooled-incubator-ipp55plus\\\/#primaryimage\"},\"image\":{\"@id\":\"https:\\\/\\\/eastwings-diagnostics.com\\\/product\\\/peltier-cooled-incubator-ipp55plus\\\/#primaryimage\"},\"thumbnailUrl\":\"https:\\\/\\\/i0.wp.com\\\/eastwings-diagnostics.com\\\/wp-content\\\/uploads\\\/2021\\\/11\\\/Peltier-cooled-incubator-IPP30.png?fit=480%2C321&ssl=1\",\"datePublished\":\"2021-11-16T12:16:07+00:00\",\"dateModified\":\"2021-11-16T12:17:27+00:00\",\"breadcrumb\":{\"@id\":\"https:\\\/\\\/eastwings-diagnostics.com\\\/product\\\/peltier-cooled-incubator-ipp55plus\\\/#breadcrumb\"},\"inLanguage\":\"fr-FR\",\"potentialAction\":[{\"@type\":\"ReadAction\",\"target\":[\"https:\\\/\\\/eastwings-diagnostics.com\\\/product\\\/peltier-cooled-incubator-ipp55plus\\\/\"]}]},{\"@type\":\"ImageObject\",\"inLanguage\":\"fr-FR\",\"@id\":\"https:\\\/\\\/eastwings-diagnostics.com\\\/product\\\/peltier-cooled-incubator-ipp55plus\\\/#primaryimage\",\"url\":\"https:\\\/\\\/i0.wp.com\\\/eastwings-diagnostics.com\\\/wp-content\\\/uploads\\\/2021\\\/11\\\/Peltier-cooled-incubator-IPP30.png?fit=480%2C321&ssl=1\",\"contentUrl\":\"https:\\\/\\\/i0.wp.com\\\/eastwings-diagnostics.com\\\/wp-content\\\/uploads\\\/2021\\\/11\\\/Peltier-cooled-incubator-IPP30.png?fit=480%2C321&ssl=1\",\"width\":480,\"height\":321,\"caption\":\"Peltier-cooled incubator IPP30\"},{\"@type\":\"BreadcrumbList\",\"@id\":\"https:\\\/\\\/eastwings-diagnostics.com\\\/product\\\/peltier-cooled-incubator-ipp55plus\\\/#breadcrumb\",\"itemListElement\":[{\"@type\":\"ListItem\",\"position\":1,\"name\":\"Home\",\"item\":\"https:\\\/\\\/eastwings-diagnostics.com\\\/\"},{\"@type\":\"ListItem\",\"position\":2,\"name\":\"Products\",\"item\":\"https:\\\/\\\/eastwings-diagnostics.com\\\/products\\\/\"},{\"@type\":\"ListItem\",\"position\":3,\"name\":\"Peltier-cooled incubator IPP55plus\"}]},{\"@type\":\"WebSite\",\"@id\":\"https:\\\/\\\/eastwings-diagnostics.com\\\/#website\",\"url\":\"https:\\\/\\\/eastwings-diagnostics.com\\\/\",\"name\":\"Eastwings Diagnostics Ltd\",\"description\":\"\",\"publisher\":{\"@id\":\"https:\\\/\\\/eastwings-diagnostics.com\\\/#organization\"},\"potentialAction\":[{\"@type\":\"SearchAction\",\"target\":{\"@type\":\"EntryPoint\",\"urlTemplate\":\"https:\\\/\\\/eastwings-diagnostics.com\\\/?s={search_term_string}\"},\"query-input\":{\"@type\":\"PropertyValueSpecification\",\"valueRequired\":true,\"valueName\":\"search_term_string\"}}],\"inLanguage\":\"fr-FR\"},{\"@type\":\"Organization\",\"@id\":\"https:\\\/\\\/eastwings-diagnostics.com\\\/#organization\",\"name\":\"Eastwings Diagnostics LTD\",\"url\":\"https:\\\/\\\/eastwings-diagnostics.com\\\/\",\"logo\":{\"@type\":\"ImageObject\",\"inLanguage\":\"fr-FR\",\"@id\":\"https:\\\/\\\/eastwings-diagnostics.com\\\/#\\\/schema\\\/logo\\\/image\\\/\",\"url\":\"https:\\\/\\\/eastwings-diagnostics.com\\\/wp-content\\\/uploads\\\/2021\\\/11\\\/eastwingss-diaa.png\",\"contentUrl\":\"https:\\\/\\\/eastwings-diagnostics.com\\\/wp-content\\\/uploads\\\/2021\\\/11\\\/eastwingss-diaa.png\",\"width\":512,\"height\":120,\"caption\":\"Eastwings Diagnostics LTD\"},\"image\":{\"@id\":\"https:\\\/\\\/eastwings-diagnostics.com\\\/#\\\/schema\\\/logo\\\/image\\\/\"},\"sameAs\":[\"https:\\\/\\\/x.com\\\/eastwings3\",\"http:\\\/\\\/www.linkedin.com\\\/in\\\/eastwings-diagnostics-213031226\"]}]}<\/script>\n<!-- \/ Yoast SEO Premium plugin. -->","yoast_head_json":{"title":"Peltier-cooled incubator IPP55plus - Eastwings Diagnostics Ltd","robots":{"index":"index","follow":"follow","max-snippet":"max-snippet:-1","max-image-preview":"max-image-preview:large","max-video-preview":"max-video-preview:-1"},"canonical":"https:\/\/eastwings-diagnostics.com\/fr\/produit\/peltier-cooled-incubator-ipp55plus\/","og_locale":"fr_FR","og_type":"article","og_title":"Peltier-cooled incubator IPP55plus","og_description":"Temperature    Setting temperature range 0 to +70 \u00b0C   Working temperature range without light: from 0 (at least 20 below ambient temperature) to +70\u00b0C   Setting accuracy temperature 0.1 \u00b0C   Temperature sensor 2 Pt100 sensors DIN Class A in 4-wire-circuit for mutual monitoring, taking over functions in case of an error    Control technology    ControlCOCKPIT TwinDISPLAY. Adaptive multifunctional digital PID-microprocessor controller with 2 high-definition TFT-colour displays.   Language setting German, English, Spanish, French, Polish, Czech, Hungarian   Timer Digital backwards counter with target time setting, adjustable from 1 minute to 99 days   Function SetpointWAIT the process time does not start until the set temperature is reached   Calibration three freely selectable temperature values   adjustable parameters temperature (Celsius or Fahrenheit), programme time, time zones, summertime\/wintertime    Ventilation    Convection forced ventilation by Peltier fan    Communication    Documentation programme stored in case of power failure   Programming AtmoCONTROL software on a USB stick for programming, managing and transferring programmes via Ethernet interface or USB port    Safety    Temperature control over- and undertemperature monitor TWW, protection class 3.3 or adjustable temperature limiter TWB, protection class 2, selectable on display   AutoSAFETY additionally integrated over- and undertemperature protection \"ASF\", automatically following the setpoint value at a preset tolerance range, alarm in case of over- or undertemperature, heating function is switched off in case of overtemperature, cooling function in case of undertemperature   Autodiagnostic system for fault analysis   Alarm visual and acoustic    Heating concept    Peltier Heating and cooling performance distribution by individual control of the Peltier elements in the upper and lower row   Peltier energy-saving Peltier heating-\/cooling system integrated in the rear (heat pump principle)    Standard equipment    Door fully insulated stainless steel door with 2-point locking (compression door lock)   Internals 1 stainless steel grid(s), electropolished   Works calibration certificate for +10\u00b0C and +37\u00b0C   Door inner glass door    Stainless steel interior    Dimensions w(A)\u00a0x h(B)\u00a0x d(C): 400 x 400 x 330\u00a0mm (d less 10 mm for fan - Peltier)   Volume 53\u00a0l   Max. number of internals 4   Max. loading of chamber 80\u00a0kg   Max. loading per internal 20 kg    Textured stainless steel casing    Dimensions w(D)\u00a0x h(E)\u00a0x d(F): 585 x 784 x 514\u00a0mm (d +56mm door handle &amp; +111mm Peltier element)   Housing rear zinc-plated steel    Electrical data    Voltage Electrical load 230\u00a0V, 50\/60\u00a0Hz approx. 275\u00a0W   Voltage Electrical load 115\u00a0V, 50\/60\u00a0Hz approx. 275\u00a0W    Ambient conditions    Set Up The distance between the wall and the rear of the appliance must be at least 15 cm. The clearance from the ceiling must not be less than 20 cm and the side clearance from walls or nearby appliances must not be less than 5 cm.   Ambient temperature 16 \u00baC to 40 \u00baC   Humidity rh max. 70 %, non-condensing   Altitude of installation max. 2,000 m above sea level   Overvoltage category II   Pollution degree 2","og_url":"https:\/\/eastwings-diagnostics.com\/fr\/produit\/peltier-cooled-incubator-ipp55plus\/","og_site_name":"Eastwings Diagnostics Ltd","article_modified_time":"2021-11-16T12:17:27+00:00","og_image":[{"width":480,"height":321,"url":"https:\/\/i0.wp.com\/eastwings-diagnostics.com\/wp-content\/uploads\/2021\/11\/Peltier-cooled-incubator-IPP30.png?fit=480%2C321&ssl=1","type":"image\/png"}],"twitter_card":"summary_large_image","twitter_site":"@eastwings3","schema":{"@context":"https:\/\/schema.org","@graph":[{"@type":"WebPage","@id":"https:\/\/eastwings-diagnostics.com\/product\/peltier-cooled-incubator-ipp55plus\/","url":"https:\/\/eastwings-diagnostics.com\/product\/peltier-cooled-incubator-ipp55plus\/","name":"Peltier-cooled incubator IPP55plus - Eastwings Diagnostics Ltd","isPartOf":{"@id":"https:\/\/eastwings-diagnostics.com\/#website"},"primaryImageOfPage":{"@id":"https:\/\/eastwings-diagnostics.com\/product\/peltier-cooled-incubator-ipp55plus\/#primaryimage"},"image":{"@id":"https:\/\/eastwings-diagnostics.com\/product\/peltier-cooled-incubator-ipp55plus\/#primaryimage"},"thumbnailUrl":"https:\/\/i0.wp.com\/eastwings-diagnostics.com\/wp-content\/uploads\/2021\/11\/Peltier-cooled-incubator-IPP30.png?fit=480%2C321&ssl=1","datePublished":"2021-11-16T12:16:07+00:00","dateModified":"2021-11-16T12:17:27+00:00","breadcrumb":{"@id":"https:\/\/eastwings-diagnostics.com\/product\/peltier-cooled-incubator-ipp55plus\/#breadcrumb"},"inLanguage":"fr-FR","potentialAction":[{"@type":"ReadAction","target":["https:\/\/eastwings-diagnostics.com\/product\/peltier-cooled-incubator-ipp55plus\/"]}]},{"@type":"ImageObject","inLanguage":"fr-FR","@id":"https:\/\/eastwings-diagnostics.com\/product\/peltier-cooled-incubator-ipp55plus\/#primaryimage","url":"https:\/\/i0.wp.com\/eastwings-diagnostics.com\/wp-content\/uploads\/2021\/11\/Peltier-cooled-incubator-IPP30.png?fit=480%2C321&ssl=1","contentUrl":"https:\/\/i0.wp.com\/eastwings-diagnostics.com\/wp-content\/uploads\/2021\/11\/Peltier-cooled-incubator-IPP30.png?fit=480%2C321&ssl=1","width":480,"height":321,"caption":"Peltier-cooled incubator IPP30"},{"@type":"BreadcrumbList","@id":"https:\/\/eastwings-diagnostics.com\/product\/peltier-cooled-incubator-ipp55plus\/#breadcrumb","itemListElement":[{"@type":"ListItem","position":1,"name":"Home","item":"https:\/\/eastwings-diagnostics.com\/"},{"@type":"ListItem","position":2,"name":"Products","item":"https:\/\/eastwings-diagnostics.com\/products\/"},{"@type":"ListItem","position":3,"name":"Peltier-cooled incubator IPP55plus"}]},{"@type":"WebSite","@id":"https:\/\/eastwings-diagnostics.com\/#website","url":"https:\/\/eastwings-diagnostics.com\/","name":"Eastwings Diagnostics Ltd","description":"","publisher":{"@id":"https:\/\/eastwings-diagnostics.com\/#organization"},"potentialAction":[{"@type":"SearchAction","target":{"@type":"EntryPoint","urlTemplate":"https:\/\/eastwings-diagnostics.com\/?s={search_term_string}"},"query-input":{"@type":"PropertyValueSpecification","valueRequired":true,"valueName":"search_term_string"}}],"inLanguage":"fr-FR"},{"@type":"Organization","@id":"https:\/\/eastwings-diagnostics.com\/#organization","name":"Eastwings Diagnostics LTD","url":"https:\/\/eastwings-diagnostics.com\/","logo":{"@type":"ImageObject","inLanguage":"fr-FR","@id":"https:\/\/eastwings-diagnostics.com\/#\/schema\/logo\/image\/","url":"https:\/\/eastwings-diagnostics.com\/wp-content\/uploads\/2021\/11\/eastwingss-diaa.png","contentUrl":"https:\/\/eastwings-diagnostics.com\/wp-content\/uploads\/2021\/11\/eastwingss-diaa.png","width":512,"height":120,"caption":"Eastwings Diagnostics LTD"},"image":{"@id":"https:\/\/eastwings-diagnostics.com\/#\/schema\/logo\/image\/"},"sameAs":["https:\/\/x.com\/eastwings3","http:\/\/www.linkedin.com\/in\/eastwings-diagnostics-213031226"]}]}},"jetpack_sharing_enabled":true,"_links":{"self":[{"href":"https:\/\/eastwings-diagnostics.com\/fr\/wp-json\/wp\/v2\/product\/6947","targetHints":{"allow":["GET"]}}],"collection":[{"href":"https:\/\/eastwings-diagnostics.com\/fr\/wp-json\/wp\/v2\/product"}],"about":[{"href":"https:\/\/eastwings-diagnostics.com\/fr\/wp-json\/wp\/v2\/types\/product"}],"wp:featuredmedia":[{"embeddable":true,"href":"https:\/\/eastwings-diagnostics.com\/fr\/wp-json\/wp\/v2\/media\/6944"}],"wp:attachment":[{"href":"https:\/\/eastwings-diagnostics.com\/fr\/wp-json\/wp\/v2\/media?parent=6947"}],"wp:term":[{"taxonomy":"product_brand","embeddable":true,"href":"https:\/\/eastwings-diagnostics.com\/fr\/wp-json\/wp\/v2\/product_brand?post=6947"},{"taxonomy":"product_cat","embeddable":true,"href":"https:\/\/eastwings-diagnostics.com\/fr\/wp-json\/wp\/v2\/product_cat?post=6947"},{"taxonomy":"product_tag","embeddable":true,"href":"https:\/\/eastwings-diagnostics.com\/fr\/wp-json\/wp\/v2\/product_tag?post=6947"}],"curies":[{"name":"wp","href":"https:\/\/api.w.org\/{rel}","templated":true}]}}