{"id":6934,"date":"2021-11-16T11:01:44","date_gmt":"2021-11-16T11:01:44","guid":{"rendered":"https:\/\/eastwings-diagnostics.com\/?post_type=product&#038;p=6934"},"modified":"2021-11-16T11:03:29","modified_gmt":"2021-11-16T11:03:29","slug":"co2-incubator-ico105","status":"publish","type":"product","link":"https:\/\/eastwings-diagnostics.com\/fr\/produit\/co2-incubator-ico105\/","title":{"rendered":"Incubateur \u00e0 CO2 ICO105"},"content":{"rendered":"","protected":false},"excerpt":{"rendered":"<h4>Temp\u00e9rature<\/h4>\n<table class=\"table\">\n<tbody>\n<tr>\n<th colspan=\"1\">Plage de temp\u00e9rature de travail<\/th>\n<td colspan=\"1\">5 \u00b0C au-dessus de la temp\u00e9rature ambiante jusqu&#039;\u00e0 +50 \u00b0C<br \/>\nProgramme de st\u00e9rilisation standard : 60 minutes \u00e0 180\u00b0C (sans retirer les capteurs)<\/td>\n<\/tr>\n<tr>\n<th colspan=\"1\">R\u00e9glage de la plage de temp\u00e9rature<\/th>\n<td colspan=\"1\">+18 \u00e0 +50 \u00b0C<\/td>\n<\/tr>\n<tr>\n<th colspan=\"1\">R\u00e9glage de la temp\u00e9rature de pr\u00e9cision<\/th>\n<td colspan=\"1\">0,1 \u00b0C<\/td>\n<\/tr>\n<tr>\n<th colspan=\"1\">Capteur de temp\u00e9rature<\/th>\n<td colspan=\"1\">2 capteurs Pt100 DIN classe A en circuit 4 fils pour surveillance mutuelle, prenant en charge les fonctions en cas d&#039;erreur<\/td>\n<\/tr>\n<tr>\n<th colspan=\"1\">Variation de temp\u00e9rature dans la chambre<\/th>\n<td colspan=\"1\">\u00e0 + 37 \u00b0C +\/- 0,3 K<\/td>\n<\/tr>\n<tr>\n<th colspan=\"1\">Fluctuations de temp\u00e9rature avec le temps<\/th>\n<td colspan=\"1\">\u00e0 37 \u00b0C +\/- 0,1 K<\/td>\n<\/tr>\n<\/tbody>\n<\/table>\n<h4>Humidit\u00e9<\/h4>\n<table class=\"table\">\n<tbody>\n<tr>\n<th colspan=\"1\">Contr\u00f4le de l&#039;humidit\u00e9 (standard)<\/th>\n<td colspan=\"1\">Limitation d&#039;humidit\u00e9 gr\u00e2ce \u00e0 un \u00e9l\u00e9ment Peltier; lorsque le plat d&#039;eau est plein et ins\u00e9r\u00e9, l&#039;\u00e9l\u00e9ment Peltier limite la valeur de l&#039;humidit\u00e9 relative \u00e0 l&#039;int\u00e9rieur \u00e0 93 % rh +\/- 2,5 %<\/td>\n<\/tr>\n<tr>\n<th colspan=\"1\">R\u00e9glage de la pr\u00e9cision de l&#039;humidit\u00e9<\/th>\n<td colspan=\"1\">0,5 % rh<\/td>\n<\/tr>\n<tr>\n<th colspan=\"1\">Plage de r\u00e9glage contr\u00f4le d&#039;humidit\u00e9 actif (avec option K7)<\/th>\n<td colspan=\"1\">40 \u00e0 97 % rh et rh-Off<\/td>\n<\/tr>\n<\/tbody>\n<\/table>\n<h4>Contr\u00f4le des composants standards<\/h4>\n<table class=\"table\">\n<tbody>\n<tr>\n<th colspan=\"1\">CO<sub>2<\/sub>\u00a0contr\u00f4ler<\/th>\n<td colspan=\"1\">CO \u00e9lectronique num\u00e9rique<sub>2<\/sub>\u00a0contr\u00f4le avec syst\u00e8me NDIR \u00e0 double faisceau, avec syst\u00e8me d&#039;autodiagnostic et indication acoustique de d\u00e9faut, compensation de la pression barom\u00e9trique<\/td>\n<\/tr>\n<tr>\n<th colspan=\"1\">Plage de r\u00e9glage CO<sub>2<\/sub><\/th>\n<td colspan=\"1\">0 \u00e0 20 % CO<sub>2<\/sub><\/td>\n<\/tr>\n<tr>\n<th colspan=\"1\">Pr\u00e9cision de r\u00e9glage CO<sub>2<\/sub><\/th>\n<td colspan=\"1\">0,1%<\/td>\n<\/tr>\n<tr>\n<th colspan=\"1\">Variation dans le temps CO<sub>2<\/sub><\/th>\n<td colspan=\"1\">+\/- 0,2 % CO<sub>2<\/sub><\/td>\n<\/tr>\n<tr>\n<th colspan=\"1\">Plage de r\u00e9glage O<sub>2<\/sub><\/th>\n<td colspan=\"1\">1 \u00e0 20 % O<sub>2<\/sub><\/td>\n<\/tr>\n<tr>\n<th colspan=\"1\">Pr\u00e9cision de r\u00e9glage O<sub>2<\/sub><\/th>\n<td colspan=\"1\">0,1 % O<sub>2<\/sub><\/td>\n<\/tr>\n<\/tbody>\n<\/table>\n<h4>Technologie de contr\u00f4le<\/h4>\n<table class=\"table\">\n<tbody>\n<tr>\n<th colspan=\"1\">Contr\u00f4leCOCKPIT<\/th>\n<td colspan=\"1\">TwinDISPLAY. Contr\u00f4leur num\u00e9rique adaptatif multifonctionnel \u00e0 microprocesseur PID avec 2 \u00e9crans couleur TFT haute d\u00e9finition.<\/td>\n<\/tr>\n<tr>\n<th colspan=\"1\">Param\u00e8tres de langue<\/th>\n<td colspan=\"1\">allemand, anglais, espagnol, fran\u00e7ais, polonais, tch\u00e8que, hongrois<\/td>\n<\/tr>\n<tr>\n<th colspan=\"1\">Fonction ConsigneWAIT<\/th>\n<td colspan=\"1\">le temps de processus ne commence pas tant que la temp\u00e9rature de consigne n&#039;est pas atteinte<\/td>\n<\/tr>\n<tr>\n<th colspan=\"1\">Param\u00e8tres r\u00e9glables<\/th>\n<td colspan=\"1\">temp\u00e9rature (Celsius ou Fahrenheit), CO<sub>2<\/sub>, heure du programme, fuseaux horaires, heure d&#039;\u00e9t\u00e9\/heure d&#039;hiver<\/td>\n<\/tr>\n<\/tbody>\n<\/table>\n<h4>la communication<\/h4>\n<table class=\"table\">\n<tbody>\n<tr>\n<th colspan=\"1\">Interface<\/th>\n<td colspan=\"1\">LAN Ethernet, USB<\/td>\n<\/tr>\n<tr>\n<th colspan=\"1\">Documentation<\/th>\n<td colspan=\"1\">programme m\u00e9moris\u00e9 en cas de coupure de courant<\/td>\n<\/tr>\n<tr>\n<th colspan=\"1\">La programmation<\/th>\n<td colspan=\"1\">Logiciel AtmoCONTROL sur cl\u00e9 USB pour programmer, g\u00e9rer et transf\u00e9rer des programmes via interface Ethernet ou port USB<\/td>\n<\/tr>\n<\/tbody>\n<\/table>\n<h4>S\u00e9curit\u00e9<\/h4>\n<table class=\"table\">\n<tbody>\n<tr>\n<th colspan=\"1\">AUTOS\u00c9CURIT\u00c9<\/th>\n<td colspan=\"1\">protection contre la surchauffe et la sous-temp\u00e9rature int\u00e9gr\u00e9e en plus \u00ab\u00a0ASF\u00a0\u00bb, suivant automatiquement la valeur de consigne dans une plage de tol\u00e9rance pr\u00e9d\u00e9finie, alarme en cas de surchauffe ou de sous-temp\u00e9rature, fonction de chauffage d\u00e9sactiv\u00e9e en cas de surchauffe, fonction de refroidissement en cas de sous-temp\u00e9rature<\/td>\n<\/tr>\n<tr>\n<th colspan=\"1\">Syst\u00e8me d&#039;autodiagnostic<\/th>\n<td colspan=\"1\">diagnostic int\u00e9gral des d\u00e9fauts pour la temp\u00e9rature et le CO<sub>2<\/sub><\/td>\n<\/tr>\n<tr>\n<th colspan=\"1\">Alarme<\/th>\n<td colspan=\"1\">visuel et acoustique<\/td>\n<\/tr>\n<\/tbody>\n<\/table>\n<h4>Concept de chauffage<\/h4>\n<table class=\"table\">\n<tbody>\n<tr>\n<th colspan=\"1\">6 c\u00f4t\u00e9s<\/th>\n<td colspan=\"1\">syst\u00e8me de chauffage multifonction de grande surface sur quatre c\u00f4t\u00e9s avec chauffage suppl\u00e9mentaire de la porte et du dos pour \u00e9viter la condensation<\/td>\n<\/tr>\n<\/tbody>\n<\/table>","protected":false},"featured_media":6935,"template":"","meta":{"nf_dc_page":""},"product_brand":[],"product_cat":[90],"product_tag":[],"class_list":{"0":"post-6934","1":"product","2":"type-product","3":"status-publish","4":"has-post-thumbnail","6":"product_cat-co2-incubator","8":"first","9":"instock","10":"sold-individually","11":"shipping-taxable","12":"product-type-simple"},"yoast_head":"<!-- This site is optimized with the Yoast SEO Premium plugin v23.9 (Yoast SEO v27.4) - https:\/\/yoast.com\/product\/yoast-seo-premium-wordpress\/ -->\n<title>CO2 incubator ICO105 - Eastwings Diagnostics Ltd<\/title>\n<meta name=\"robots\" content=\"index, follow, max-snippet:-1, max-image-preview:large, max-video-preview:-1\" \/>\n<link rel=\"canonical\" href=\"https:\/\/eastwings-diagnostics.com\/fr\/produit\/co2-incubator-ico105\/\" \/>\n<meta property=\"og:locale\" content=\"fr_FR\" \/>\n<meta property=\"og:type\" content=\"article\" \/>\n<meta property=\"og:title\" content=\"CO2 incubator ICO105\" \/>\n<meta property=\"og:description\" content=\"Temperature    Working-temperature range 5 \u00b0C above ambient temperature up to +50 \u00b0C Standard sterilisation programme: 60 minutes at 180\u00b0C (without removing the sensors)   Setting temperature range +18 to +50 \u00b0C   Setting accuracy temperature 0.1 \u00b0C   Temperature sensor 2 Pt100 sensors DIN Class A in 4-wire-circuit for mutual monitoring, taking over functions in case of an error   Temperature variation in chamber at + 37 \u00b0C +\/- 0.3 K   Temperature fluctuations with time at 37 \u00b0C +\/- 0.1 K    Humidity    Humidity control (standard) Humidity limitation thanks to a Peltier element; when water dish is full and inserted, the Peltier element limits the value of relative humidity in the interior to 93\u00a0%\u00a0rh +\/- 2.5\u00a0%   Setting accuracy humidity 0.5\u00a0% rh   Setting range active humidity control (with option K7) 40 to 97\u00a0%\u00a0rh and rh-Off    Control of standard components    CO2\u00a0control Digital electronic CO2\u00a0control with dual beam NDIR system, with auto-diagnostic system and acoustic fault indication, barometric pressure compensation   Adjustment range CO2 0 to 20\u00a0% CO2   Setting accuracy CO2 0,1%   Variation in time CO2 +\/- 0.2\u00a0% CO2   Adjustment range O2 1 to 20\u00a0% O2   Setting accuracy O2 0.1\u00a0% O2    Control technology    ControlCOCKPIT TwinDISPLAY. Adaptive multifunctional digital PID-microprocessor controller with 2 high-definition TFT-colour displays.   Language setting German, English, Spanish, French, Polish, Czech, Hungarian   Function SetpointWAIT the process time does not start until the set temperature is reached   Adjustable parameters temperature (Celsius or Fahrenheit), CO2, programme time, time zones, summertime\/wintertime    Communication    Interface Ethernet LAN, USB   Documentation programme stored in case of power failure   Programming AtmoCONTROL software on a USB stick for programming, managing and transferring programmes via Ethernet interface or USB port    Safety    AutoSAFETY additionally integrated over- and undertemperature protection &quot;ASF&quot;, automatically following the setpoint value at a preset tolerance range, alarm in case of over- or undertemperature, heating function is switched off in case of overtemperature, cooling function in case of undertemperature   Autodiagnostic system integral fault diagnostics for temperature and CO2   Alarm visual and acoustic    Heating concept    6 sides large-area multi-function heating system on four sides with additional door and back heating to avoid condensation\" \/>\n<meta property=\"og:url\" content=\"https:\/\/eastwings-diagnostics.com\/fr\/produit\/co2-incubator-ico105\/\" \/>\n<meta property=\"og:site_name\" content=\"Eastwings Diagnostics Ltd\" \/>\n<meta property=\"article:modified_time\" content=\"2021-11-16T11:03:29+00:00\" \/>\n<meta property=\"og:image\" content=\"https:\/\/i0.wp.com\/eastwings-diagnostics.com\/wp-content\/uploads\/2021\/11\/CO2-incubator-ICO105.png?fit=480%2C330&ssl=1\" \/>\n\t<meta property=\"og:image:width\" content=\"480\" \/>\n\t<meta property=\"og:image:height\" content=\"330\" \/>\n\t<meta property=\"og:image:type\" content=\"image\/png\" \/>\n<meta name=\"twitter:card\" content=\"summary_large_image\" \/>\n<meta name=\"twitter:site\" content=\"@eastwings3\" \/>\n<script type=\"application\/ld+json\" class=\"yoast-schema-graph\">{\"@context\":\"https:\\\/\\\/schema.org\",\"@graph\":[{\"@type\":\"WebPage\",\"@id\":\"https:\\\/\\\/eastwings-diagnostics.com\\\/product\\\/co2-incubator-ico105\\\/\",\"url\":\"https:\\\/\\\/eastwings-diagnostics.com\\\/product\\\/co2-incubator-ico105\\\/\",\"name\":\"CO2 incubator ICO105 - Eastwings Diagnostics Ltd\",\"isPartOf\":{\"@id\":\"https:\\\/\\\/eastwings-diagnostics.com\\\/#website\"},\"primaryImageOfPage\":{\"@id\":\"https:\\\/\\\/eastwings-diagnostics.com\\\/product\\\/co2-incubator-ico105\\\/#primaryimage\"},\"image\":{\"@id\":\"https:\\\/\\\/eastwings-diagnostics.com\\\/product\\\/co2-incubator-ico105\\\/#primaryimage\"},\"thumbnailUrl\":\"https:\\\/\\\/i0.wp.com\\\/eastwings-diagnostics.com\\\/wp-content\\\/uploads\\\/2021\\\/11\\\/CO2-incubator-ICO105.png?fit=480%2C330&ssl=1\",\"datePublished\":\"2021-11-16T11:01:44+00:00\",\"dateModified\":\"2021-11-16T11:03:29+00:00\",\"breadcrumb\":{\"@id\":\"https:\\\/\\\/eastwings-diagnostics.com\\\/product\\\/co2-incubator-ico105\\\/#breadcrumb\"},\"inLanguage\":\"fr-FR\",\"potentialAction\":[{\"@type\":\"ReadAction\",\"target\":[\"https:\\\/\\\/eastwings-diagnostics.com\\\/product\\\/co2-incubator-ico105\\\/\"]}]},{\"@type\":\"ImageObject\",\"inLanguage\":\"fr-FR\",\"@id\":\"https:\\\/\\\/eastwings-diagnostics.com\\\/product\\\/co2-incubator-ico105\\\/#primaryimage\",\"url\":\"https:\\\/\\\/i0.wp.com\\\/eastwings-diagnostics.com\\\/wp-content\\\/uploads\\\/2021\\\/11\\\/CO2-incubator-ICO105.png?fit=480%2C330&ssl=1\",\"contentUrl\":\"https:\\\/\\\/i0.wp.com\\\/eastwings-diagnostics.com\\\/wp-content\\\/uploads\\\/2021\\\/11\\\/CO2-incubator-ICO105.png?fit=480%2C330&ssl=1\",\"width\":480,\"height\":330,\"caption\":\"CO2 incubator ICO105\"},{\"@type\":\"BreadcrumbList\",\"@id\":\"https:\\\/\\\/eastwings-diagnostics.com\\\/product\\\/co2-incubator-ico105\\\/#breadcrumb\",\"itemListElement\":[{\"@type\":\"ListItem\",\"position\":1,\"name\":\"Home\",\"item\":\"https:\\\/\\\/eastwings-diagnostics.com\\\/\"},{\"@type\":\"ListItem\",\"position\":2,\"name\":\"Products\",\"item\":\"https:\\\/\\\/eastwings-diagnostics.com\\\/products\\\/\"},{\"@type\":\"ListItem\",\"position\":3,\"name\":\"CO2 incubator ICO105\"}]},{\"@type\":\"WebSite\",\"@id\":\"https:\\\/\\\/eastwings-diagnostics.com\\\/#website\",\"url\":\"https:\\\/\\\/eastwings-diagnostics.com\\\/\",\"name\":\"Eastwings Diagnostics Ltd\",\"description\":\"\",\"publisher\":{\"@id\":\"https:\\\/\\\/eastwings-diagnostics.com\\\/#organization\"},\"potentialAction\":[{\"@type\":\"SearchAction\",\"target\":{\"@type\":\"EntryPoint\",\"urlTemplate\":\"https:\\\/\\\/eastwings-diagnostics.com\\\/?s={search_term_string}\"},\"query-input\":{\"@type\":\"PropertyValueSpecification\",\"valueRequired\":true,\"valueName\":\"search_term_string\"}}],\"inLanguage\":\"fr-FR\"},{\"@type\":\"Organization\",\"@id\":\"https:\\\/\\\/eastwings-diagnostics.com\\\/#organization\",\"name\":\"Eastwings Diagnostics LTD\",\"url\":\"https:\\\/\\\/eastwings-diagnostics.com\\\/\",\"logo\":{\"@type\":\"ImageObject\",\"inLanguage\":\"fr-FR\",\"@id\":\"https:\\\/\\\/eastwings-diagnostics.com\\\/#\\\/schema\\\/logo\\\/image\\\/\",\"url\":\"https:\\\/\\\/eastwings-diagnostics.com\\\/wp-content\\\/uploads\\\/2021\\\/11\\\/eastwingss-diaa.png\",\"contentUrl\":\"https:\\\/\\\/eastwings-diagnostics.com\\\/wp-content\\\/uploads\\\/2021\\\/11\\\/eastwingss-diaa.png\",\"width\":512,\"height\":120,\"caption\":\"Eastwings Diagnostics LTD\"},\"image\":{\"@id\":\"https:\\\/\\\/eastwings-diagnostics.com\\\/#\\\/schema\\\/logo\\\/image\\\/\"},\"sameAs\":[\"https:\\\/\\\/x.com\\\/eastwings3\",\"http:\\\/\\\/www.linkedin.com\\\/in\\\/eastwings-diagnostics-213031226\"]}]}<\/script>\n<!-- \/ Yoast SEO Premium plugin. -->","yoast_head_json":{"title":"CO2 incubator ICO105 - Eastwings Diagnostics Ltd","robots":{"index":"index","follow":"follow","max-snippet":"max-snippet:-1","max-image-preview":"max-image-preview:large","max-video-preview":"max-video-preview:-1"},"canonical":"https:\/\/eastwings-diagnostics.com\/fr\/produit\/co2-incubator-ico105\/","og_locale":"fr_FR","og_type":"article","og_title":"CO2 incubator ICO105","og_description":"Temperature    Working-temperature range 5 \u00b0C above ambient temperature up to +50 \u00b0C Standard sterilisation programme: 60 minutes at 180\u00b0C (without removing the sensors)   Setting temperature range +18 to +50 \u00b0C   Setting accuracy temperature 0.1 \u00b0C   Temperature sensor 2 Pt100 sensors DIN Class A in 4-wire-circuit for mutual monitoring, taking over functions in case of an error   Temperature variation in chamber at + 37 \u00b0C +\/- 0.3 K   Temperature fluctuations with time at 37 \u00b0C +\/- 0.1 K    Humidity    Humidity control (standard) Humidity limitation thanks to a Peltier element; when water dish is full and inserted, the Peltier element limits the value of relative humidity in the interior to 93\u00a0%\u00a0rh +\/- 2.5\u00a0%   Setting accuracy humidity 0.5\u00a0% rh   Setting range active humidity control (with option K7) 40 to 97\u00a0%\u00a0rh and rh-Off    Control of standard components    CO2\u00a0control Digital electronic CO2\u00a0control with dual beam NDIR system, with auto-diagnostic system and acoustic fault indication, barometric pressure compensation   Adjustment range CO2 0 to 20\u00a0% CO2   Setting accuracy CO2 0,1%   Variation in time CO2 +\/- 0.2\u00a0% CO2   Adjustment range O2 1 to 20\u00a0% O2   Setting accuracy O2 0.1\u00a0% O2    Control technology    ControlCOCKPIT TwinDISPLAY. Adaptive multifunctional digital PID-microprocessor controller with 2 high-definition TFT-colour displays.   Language setting German, English, Spanish, French, Polish, Czech, Hungarian   Function SetpointWAIT the process time does not start until the set temperature is reached   Adjustable parameters temperature (Celsius or Fahrenheit), CO2, programme time, time zones, summertime\/wintertime    Communication    Interface Ethernet LAN, USB   Documentation programme stored in case of power failure   Programming AtmoCONTROL software on a USB stick for programming, managing and transferring programmes via Ethernet interface or USB port    Safety    AutoSAFETY additionally integrated over- and undertemperature protection \"ASF\", automatically following the setpoint value at a preset tolerance range, alarm in case of over- or undertemperature, heating function is switched off in case of overtemperature, cooling function in case of undertemperature   Autodiagnostic system integral fault diagnostics for temperature and CO2   Alarm visual and acoustic    Heating concept    6 sides large-area multi-function heating system on four sides with additional door and back heating to avoid condensation","og_url":"https:\/\/eastwings-diagnostics.com\/fr\/produit\/co2-incubator-ico105\/","og_site_name":"Eastwings Diagnostics Ltd","article_modified_time":"2021-11-16T11:03:29+00:00","og_image":[{"width":480,"height":330,"url":"https:\/\/i0.wp.com\/eastwings-diagnostics.com\/wp-content\/uploads\/2021\/11\/CO2-incubator-ICO105.png?fit=480%2C330&ssl=1","type":"image\/png"}],"twitter_card":"summary_large_image","twitter_site":"@eastwings3","schema":{"@context":"https:\/\/schema.org","@graph":[{"@type":"WebPage","@id":"https:\/\/eastwings-diagnostics.com\/product\/co2-incubator-ico105\/","url":"https:\/\/eastwings-diagnostics.com\/product\/co2-incubator-ico105\/","name":"CO2 incubator ICO105 - Eastwings Diagnostics Ltd","isPartOf":{"@id":"https:\/\/eastwings-diagnostics.com\/#website"},"primaryImageOfPage":{"@id":"https:\/\/eastwings-diagnostics.com\/product\/co2-incubator-ico105\/#primaryimage"},"image":{"@id":"https:\/\/eastwings-diagnostics.com\/product\/co2-incubator-ico105\/#primaryimage"},"thumbnailUrl":"https:\/\/i0.wp.com\/eastwings-diagnostics.com\/wp-content\/uploads\/2021\/11\/CO2-incubator-ICO105.png?fit=480%2C330&ssl=1","datePublished":"2021-11-16T11:01:44+00:00","dateModified":"2021-11-16T11:03:29+00:00","breadcrumb":{"@id":"https:\/\/eastwings-diagnostics.com\/product\/co2-incubator-ico105\/#breadcrumb"},"inLanguage":"fr-FR","potentialAction":[{"@type":"ReadAction","target":["https:\/\/eastwings-diagnostics.com\/product\/co2-incubator-ico105\/"]}]},{"@type":"ImageObject","inLanguage":"fr-FR","@id":"https:\/\/eastwings-diagnostics.com\/product\/co2-incubator-ico105\/#primaryimage","url":"https:\/\/i0.wp.com\/eastwings-diagnostics.com\/wp-content\/uploads\/2021\/11\/CO2-incubator-ICO105.png?fit=480%2C330&ssl=1","contentUrl":"https:\/\/i0.wp.com\/eastwings-diagnostics.com\/wp-content\/uploads\/2021\/11\/CO2-incubator-ICO105.png?fit=480%2C330&ssl=1","width":480,"height":330,"caption":"CO2 incubator ICO105"},{"@type":"BreadcrumbList","@id":"https:\/\/eastwings-diagnostics.com\/product\/co2-incubator-ico105\/#breadcrumb","itemListElement":[{"@type":"ListItem","position":1,"name":"Home","item":"https:\/\/eastwings-diagnostics.com\/"},{"@type":"ListItem","position":2,"name":"Products","item":"https:\/\/eastwings-diagnostics.com\/products\/"},{"@type":"ListItem","position":3,"name":"CO2 incubator ICO105"}]},{"@type":"WebSite","@id":"https:\/\/eastwings-diagnostics.com\/#website","url":"https:\/\/eastwings-diagnostics.com\/","name":"Eastwings Diagnostics Ltd","description":"","publisher":{"@id":"https:\/\/eastwings-diagnostics.com\/#organization"},"potentialAction":[{"@type":"SearchAction","target":{"@type":"EntryPoint","urlTemplate":"https:\/\/eastwings-diagnostics.com\/?s={search_term_string}"},"query-input":{"@type":"PropertyValueSpecification","valueRequired":true,"valueName":"search_term_string"}}],"inLanguage":"fr-FR"},{"@type":"Organization","@id":"https:\/\/eastwings-diagnostics.com\/#organization","name":"Eastwings Diagnostics LTD","url":"https:\/\/eastwings-diagnostics.com\/","logo":{"@type":"ImageObject","inLanguage":"fr-FR","@id":"https:\/\/eastwings-diagnostics.com\/#\/schema\/logo\/image\/","url":"https:\/\/eastwings-diagnostics.com\/wp-content\/uploads\/2021\/11\/eastwingss-diaa.png","contentUrl":"https:\/\/eastwings-diagnostics.com\/wp-content\/uploads\/2021\/11\/eastwingss-diaa.png","width":512,"height":120,"caption":"Eastwings Diagnostics LTD"},"image":{"@id":"https:\/\/eastwings-diagnostics.com\/#\/schema\/logo\/image\/"},"sameAs":["https:\/\/x.com\/eastwings3","http:\/\/www.linkedin.com\/in\/eastwings-diagnostics-213031226"]}]}},"jetpack_sharing_enabled":true,"_links":{"self":[{"href":"https:\/\/eastwings-diagnostics.com\/fr\/wp-json\/wp\/v2\/product\/6934","targetHints":{"allow":["GET"]}}],"collection":[{"href":"https:\/\/eastwings-diagnostics.com\/fr\/wp-json\/wp\/v2\/product"}],"about":[{"href":"https:\/\/eastwings-diagnostics.com\/fr\/wp-json\/wp\/v2\/types\/product"}],"wp:featuredmedia":[{"embeddable":true,"href":"https:\/\/eastwings-diagnostics.com\/fr\/wp-json\/wp\/v2\/media\/6935"}],"wp:attachment":[{"href":"https:\/\/eastwings-diagnostics.com\/fr\/wp-json\/wp\/v2\/media?parent=6934"}],"wp:term":[{"taxonomy":"product_brand","embeddable":true,"href":"https:\/\/eastwings-diagnostics.com\/fr\/wp-json\/wp\/v2\/product_brand?post=6934"},{"taxonomy":"product_cat","embeddable":true,"href":"https:\/\/eastwings-diagnostics.com\/fr\/wp-json\/wp\/v2\/product_cat?post=6934"},{"taxonomy":"product_tag","embeddable":true,"href":"https:\/\/eastwings-diagnostics.com\/fr\/wp-json\/wp\/v2\/product_tag?post=6934"}],"curies":[{"name":"wp","href":"https:\/\/api.w.org\/{rel}","templated":true}]}}