{"id":6458,"date":"2021-11-08T10:06:57","date_gmt":"2021-11-08T10:06:57","guid":{"rendered":"https:\/\/eastwings-diagnostics.com\/?post_type=product&#038;p=6458"},"modified":"2021-11-08T12:01:03","modified_gmt":"2021-11-08T12:01:03","slug":"easylyte-electrolyte-analyser","status":"publish","type":"product","link":"https:\/\/eastwings-diagnostics.com\/fr\/produit\/easylyte-electrolyte-analyser\/","title":{"rendered":"Analyseur d&#039;\u00e9lectrolyte Easylyte"},"content":{"rendered":"","protected":false},"excerpt":{"rendered":"<p>EasyLyte de Medica Corporation<sup>\u00ae<\/sup>\u00a0L&#039;analyseur est un syst\u00e8me d&#039;\u00e9lectrolyte enti\u00e8rement automatis\u00e9 et contr\u00f4l\u00e9 par microprocesseur qui utilise la technologie ISE (Ion Selective Electrode) pour effectuer des mesures d&#039;\u00e9lectrolyte. La gamme de produits EasyLyte mesure des combinaisons de Na<sup>+<\/sup>, K<sup>+<\/sup>, Cl<sup>\u2013<\/sup>, Li<sup>+<\/sup>, Californie<sup>+<\/sup><sup>+<\/sup>, et le pH dans le sang total, le s\u00e9rum, le plasma ou l&#039;urine.<\/p>\n<p>EasyLyte int\u00e8gre une \u00e9lectronique de pointe et une conception ergonomique innovante qui le diff\u00e9rencie consid\u00e9rablement de ses concurrents. L&#039;analyseur stocke \u00e9galement des donn\u00e9es de contr\u00f4le qualit\u00e9 qui sont facilement accessibles. Les ant\u00e9c\u00e9dents des patients sont imm\u00e9diatement r\u00e9cup\u00e9rables pour \u00e9valuation.<\/p>\n<p>Les analyseurs EasyLyte combinent un fonctionnement simple par oui\/non, une maintenance r\u00e9duite et une fiabilit\u00e9 \u00e9lev\u00e9e dans une conception \u00e9conomique.<\/p>","protected":false},"featured_media":6459,"template":"","meta":{"nf_dc_page":""},"product_brand":[],"product_cat":[58],"product_tag":[],"class_list":{"0":"post-6458","1":"product","2":"type-product","3":"status-publish","4":"has-post-thumbnail","6":"product_cat-chemistry-electrolytes-blood-gas-analysers","8":"first","9":"instock","10":"sold-individually","11":"shipping-taxable","12":"product-type-simple"},"yoast_head":"<!-- This site is optimized with the Yoast SEO Premium plugin v23.9 (Yoast SEO v27.4) - https:\/\/yoast.com\/product\/yoast-seo-premium-wordpress\/ -->\n<title>Easylyte Electrolyte Analyser - Eastwings Diagnostics Ltd<\/title>\n<meta name=\"robots\" content=\"index, follow, max-snippet:-1, max-image-preview:large, max-video-preview:-1\" \/>\n<link rel=\"canonical\" href=\"https:\/\/eastwings-diagnostics.com\/fr\/produit\/easylyte-electrolyte-analyser\/\" \/>\n<meta property=\"og:locale\" content=\"fr_FR\" \/>\n<meta property=\"og:type\" content=\"article\" \/>\n<meta property=\"og:title\" content=\"Easylyte Electrolyte Analyser\" \/>\n<meta property=\"og:description\" content=\"Medica Corporation\u2019s EasyLyte\u00ae\u00a0analyzer is a completely automated, microprocessor-controlled electrolyte system that uses ISE (Ion Selective Electrode) technology to make electrolyte measurements. The EasyLyte product line measures combinations of Na+, K+, Cl\u2013, Li+, Ca++, and pH in whole blood, serum, plasma, or urine.  EasyLyte incorporates state-of-the-art electronics and an innovative ergonomic design that differentiates it significantly from competitors. The analyzer also stores quality-control data that is easily accessible. Patient histories are immediately retrievable for evaluation.  EasyLyte analyzers combine simple yes\/no prompted operation, low maintenance, and high reliability into one economical design.\" \/>\n<meta property=\"og:url\" content=\"https:\/\/eastwings-diagnostics.com\/fr\/produit\/easylyte-electrolyte-analyser\/\" \/>\n<meta property=\"og:site_name\" content=\"Eastwings Diagnostics Ltd\" \/>\n<meta property=\"article:modified_time\" content=\"2021-11-08T12:01:03+00:00\" \/>\n<meta property=\"og:image\" content=\"https:\/\/i0.wp.com\/eastwings-diagnostics.com\/wp-content\/uploads\/2021\/11\/Easylyte-Electrolyte-Analyser.jpg?fit=410%2C400&ssl=1\" \/>\n\t<meta property=\"og:image:width\" content=\"410\" \/>\n\t<meta property=\"og:image:height\" content=\"400\" \/>\n\t<meta property=\"og:image:type\" content=\"image\/jpeg\" \/>\n<meta name=\"twitter:card\" content=\"summary_large_image\" \/>\n<meta name=\"twitter:site\" content=\"@eastwings3\" \/>\n<script type=\"application\/ld+json\" class=\"yoast-schema-graph\">{\"@context\":\"https:\\\/\\\/schema.org\",\"@graph\":[{\"@type\":\"WebPage\",\"@id\":\"https:\\\/\\\/eastwings-diagnostics.com\\\/product\\\/easylyte-electrolyte-analyser\\\/\",\"url\":\"https:\\\/\\\/eastwings-diagnostics.com\\\/product\\\/easylyte-electrolyte-analyser\\\/\",\"name\":\"Easylyte Electrolyte Analyser - Eastwings Diagnostics Ltd\",\"isPartOf\":{\"@id\":\"https:\\\/\\\/eastwings-diagnostics.com\\\/#website\"},\"primaryImageOfPage\":{\"@id\":\"https:\\\/\\\/eastwings-diagnostics.com\\\/product\\\/easylyte-electrolyte-analyser\\\/#primaryimage\"},\"image\":{\"@id\":\"https:\\\/\\\/eastwings-diagnostics.com\\\/product\\\/easylyte-electrolyte-analyser\\\/#primaryimage\"},\"thumbnailUrl\":\"https:\\\/\\\/i0.wp.com\\\/eastwings-diagnostics.com\\\/wp-content\\\/uploads\\\/2021\\\/11\\\/Easylyte-Electrolyte-Analyser.jpg?fit=410%2C400&ssl=1\",\"datePublished\":\"2021-11-08T10:06:57+00:00\",\"dateModified\":\"2021-11-08T12:01:03+00:00\",\"breadcrumb\":{\"@id\":\"https:\\\/\\\/eastwings-diagnostics.com\\\/product\\\/easylyte-electrolyte-analyser\\\/#breadcrumb\"},\"inLanguage\":\"fr-FR\",\"potentialAction\":[{\"@type\":\"ReadAction\",\"target\":[\"https:\\\/\\\/eastwings-diagnostics.com\\\/product\\\/easylyte-electrolyte-analyser\\\/\"]}]},{\"@type\":\"ImageObject\",\"inLanguage\":\"fr-FR\",\"@id\":\"https:\\\/\\\/eastwings-diagnostics.com\\\/product\\\/easylyte-electrolyte-analyser\\\/#primaryimage\",\"url\":\"https:\\\/\\\/i0.wp.com\\\/eastwings-diagnostics.com\\\/wp-content\\\/uploads\\\/2021\\\/11\\\/Easylyte-Electrolyte-Analyser.jpg?fit=410%2C400&ssl=1\",\"contentUrl\":\"https:\\\/\\\/i0.wp.com\\\/eastwings-diagnostics.com\\\/wp-content\\\/uploads\\\/2021\\\/11\\\/Easylyte-Electrolyte-Analyser.jpg?fit=410%2C400&ssl=1\",\"width\":410,\"height\":400,\"caption\":\"Easylyte Electrolyte Analyser\"},{\"@type\":\"BreadcrumbList\",\"@id\":\"https:\\\/\\\/eastwings-diagnostics.com\\\/product\\\/easylyte-electrolyte-analyser\\\/#breadcrumb\",\"itemListElement\":[{\"@type\":\"ListItem\",\"position\":1,\"name\":\"Home\",\"item\":\"https:\\\/\\\/eastwings-diagnostics.com\\\/\"},{\"@type\":\"ListItem\",\"position\":2,\"name\":\"Products\",\"item\":\"https:\\\/\\\/eastwings-diagnostics.com\\\/products\\\/\"},{\"@type\":\"ListItem\",\"position\":3,\"name\":\"Easylyte Electrolyte Analyser\"}]},{\"@type\":\"WebSite\",\"@id\":\"https:\\\/\\\/eastwings-diagnostics.com\\\/#website\",\"url\":\"https:\\\/\\\/eastwings-diagnostics.com\\\/\",\"name\":\"Eastwings Diagnostics Ltd\",\"description\":\"\",\"publisher\":{\"@id\":\"https:\\\/\\\/eastwings-diagnostics.com\\\/#organization\"},\"potentialAction\":[{\"@type\":\"SearchAction\",\"target\":{\"@type\":\"EntryPoint\",\"urlTemplate\":\"https:\\\/\\\/eastwings-diagnostics.com\\\/?s={search_term_string}\"},\"query-input\":{\"@type\":\"PropertyValueSpecification\",\"valueRequired\":true,\"valueName\":\"search_term_string\"}}],\"inLanguage\":\"fr-FR\"},{\"@type\":\"Organization\",\"@id\":\"https:\\\/\\\/eastwings-diagnostics.com\\\/#organization\",\"name\":\"Eastwings Diagnostics LTD\",\"url\":\"https:\\\/\\\/eastwings-diagnostics.com\\\/\",\"logo\":{\"@type\":\"ImageObject\",\"inLanguage\":\"fr-FR\",\"@id\":\"https:\\\/\\\/eastwings-diagnostics.com\\\/#\\\/schema\\\/logo\\\/image\\\/\",\"url\":\"https:\\\/\\\/eastwings-diagnostics.com\\\/wp-content\\\/uploads\\\/2021\\\/11\\\/eastwingss-diaa.png\",\"contentUrl\":\"https:\\\/\\\/eastwings-diagnostics.com\\\/wp-content\\\/uploads\\\/2021\\\/11\\\/eastwingss-diaa.png\",\"width\":512,\"height\":120,\"caption\":\"Eastwings Diagnostics LTD\"},\"image\":{\"@id\":\"https:\\\/\\\/eastwings-diagnostics.com\\\/#\\\/schema\\\/logo\\\/image\\\/\"},\"sameAs\":[\"https:\\\/\\\/x.com\\\/eastwings3\",\"http:\\\/\\\/www.linkedin.com\\\/in\\\/eastwings-diagnostics-213031226\"]}]}<\/script>\n<!-- \/ Yoast SEO Premium plugin. -->","yoast_head_json":{"title":"Easylyte Electrolyte Analyser - Eastwings Diagnostics Ltd","robots":{"index":"index","follow":"follow","max-snippet":"max-snippet:-1","max-image-preview":"max-image-preview:large","max-video-preview":"max-video-preview:-1"},"canonical":"https:\/\/eastwings-diagnostics.com\/fr\/produit\/easylyte-electrolyte-analyser\/","og_locale":"fr_FR","og_type":"article","og_title":"Easylyte Electrolyte Analyser","og_description":"Medica Corporation\u2019s EasyLyte\u00ae\u00a0analyzer is a completely automated, microprocessor-controlled electrolyte system that uses ISE (Ion Selective Electrode) technology to make electrolyte measurements. The EasyLyte product line measures combinations of Na+, K+, Cl\u2013, Li+, Ca++, and pH in whole blood, serum, plasma, or urine.  EasyLyte incorporates state-of-the-art electronics and an innovative ergonomic design that differentiates it significantly from competitors. The analyzer also stores quality-control data that is easily accessible. Patient histories are immediately retrievable for evaluation.  EasyLyte analyzers combine simple yes\/no prompted operation, low maintenance, and high reliability into one economical design.","og_url":"https:\/\/eastwings-diagnostics.com\/fr\/produit\/easylyte-electrolyte-analyser\/","og_site_name":"Eastwings Diagnostics Ltd","article_modified_time":"2021-11-08T12:01:03+00:00","og_image":[{"width":410,"height":400,"url":"https:\/\/i0.wp.com\/eastwings-diagnostics.com\/wp-content\/uploads\/2021\/11\/Easylyte-Electrolyte-Analyser.jpg?fit=410%2C400&ssl=1","type":"image\/jpeg"}],"twitter_card":"summary_large_image","twitter_site":"@eastwings3","schema":{"@context":"https:\/\/schema.org","@graph":[{"@type":"WebPage","@id":"https:\/\/eastwings-diagnostics.com\/product\/easylyte-electrolyte-analyser\/","url":"https:\/\/eastwings-diagnostics.com\/product\/easylyte-electrolyte-analyser\/","name":"Easylyte Electrolyte Analyser - Eastwings Diagnostics Ltd","isPartOf":{"@id":"https:\/\/eastwings-diagnostics.com\/#website"},"primaryImageOfPage":{"@id":"https:\/\/eastwings-diagnostics.com\/product\/easylyte-electrolyte-analyser\/#primaryimage"},"image":{"@id":"https:\/\/eastwings-diagnostics.com\/product\/easylyte-electrolyte-analyser\/#primaryimage"},"thumbnailUrl":"https:\/\/i0.wp.com\/eastwings-diagnostics.com\/wp-content\/uploads\/2021\/11\/Easylyte-Electrolyte-Analyser.jpg?fit=410%2C400&ssl=1","datePublished":"2021-11-08T10:06:57+00:00","dateModified":"2021-11-08T12:01:03+00:00","breadcrumb":{"@id":"https:\/\/eastwings-diagnostics.com\/product\/easylyte-electrolyte-analyser\/#breadcrumb"},"inLanguage":"fr-FR","potentialAction":[{"@type":"ReadAction","target":["https:\/\/eastwings-diagnostics.com\/product\/easylyte-electrolyte-analyser\/"]}]},{"@type":"ImageObject","inLanguage":"fr-FR","@id":"https:\/\/eastwings-diagnostics.com\/product\/easylyte-electrolyte-analyser\/#primaryimage","url":"https:\/\/i0.wp.com\/eastwings-diagnostics.com\/wp-content\/uploads\/2021\/11\/Easylyte-Electrolyte-Analyser.jpg?fit=410%2C400&ssl=1","contentUrl":"https:\/\/i0.wp.com\/eastwings-diagnostics.com\/wp-content\/uploads\/2021\/11\/Easylyte-Electrolyte-Analyser.jpg?fit=410%2C400&ssl=1","width":410,"height":400,"caption":"Easylyte Electrolyte Analyser"},{"@type":"BreadcrumbList","@id":"https:\/\/eastwings-diagnostics.com\/product\/easylyte-electrolyte-analyser\/#breadcrumb","itemListElement":[{"@type":"ListItem","position":1,"name":"Home","item":"https:\/\/eastwings-diagnostics.com\/"},{"@type":"ListItem","position":2,"name":"Products","item":"https:\/\/eastwings-diagnostics.com\/products\/"},{"@type":"ListItem","position":3,"name":"Easylyte Electrolyte Analyser"}]},{"@type":"WebSite","@id":"https:\/\/eastwings-diagnostics.com\/#website","url":"https:\/\/eastwings-diagnostics.com\/","name":"Eastwings Diagnostics Ltd","description":"","publisher":{"@id":"https:\/\/eastwings-diagnostics.com\/#organization"},"potentialAction":[{"@type":"SearchAction","target":{"@type":"EntryPoint","urlTemplate":"https:\/\/eastwings-diagnostics.com\/?s={search_term_string}"},"query-input":{"@type":"PropertyValueSpecification","valueRequired":true,"valueName":"search_term_string"}}],"inLanguage":"fr-FR"},{"@type":"Organization","@id":"https:\/\/eastwings-diagnostics.com\/#organization","name":"Eastwings Diagnostics LTD","url":"https:\/\/eastwings-diagnostics.com\/","logo":{"@type":"ImageObject","inLanguage":"fr-FR","@id":"https:\/\/eastwings-diagnostics.com\/#\/schema\/logo\/image\/","url":"https:\/\/eastwings-diagnostics.com\/wp-content\/uploads\/2021\/11\/eastwingss-diaa.png","contentUrl":"https:\/\/eastwings-diagnostics.com\/wp-content\/uploads\/2021\/11\/eastwingss-diaa.png","width":512,"height":120,"caption":"Eastwings Diagnostics LTD"},"image":{"@id":"https:\/\/eastwings-diagnostics.com\/#\/schema\/logo\/image\/"},"sameAs":["https:\/\/x.com\/eastwings3","http:\/\/www.linkedin.com\/in\/eastwings-diagnostics-213031226"]}]}},"jetpack_sharing_enabled":true,"_links":{"self":[{"href":"https:\/\/eastwings-diagnostics.com\/fr\/wp-json\/wp\/v2\/product\/6458","targetHints":{"allow":["GET"]}}],"collection":[{"href":"https:\/\/eastwings-diagnostics.com\/fr\/wp-json\/wp\/v2\/product"}],"about":[{"href":"https:\/\/eastwings-diagnostics.com\/fr\/wp-json\/wp\/v2\/types\/product"}],"wp:featuredmedia":[{"embeddable":true,"href":"https:\/\/eastwings-diagnostics.com\/fr\/wp-json\/wp\/v2\/media\/6459"}],"wp:attachment":[{"href":"https:\/\/eastwings-diagnostics.com\/fr\/wp-json\/wp\/v2\/media?parent=6458"}],"wp:term":[{"taxonomy":"product_brand","embeddable":true,"href":"https:\/\/eastwings-diagnostics.com\/fr\/wp-json\/wp\/v2\/product_brand?post=6458"},{"taxonomy":"product_cat","embeddable":true,"href":"https:\/\/eastwings-diagnostics.com\/fr\/wp-json\/wp\/v2\/product_cat?post=6458"},{"taxonomy":"product_tag","embeddable":true,"href":"https:\/\/eastwings-diagnostics.com\/fr\/wp-json\/wp\/v2\/product_tag?post=6458"}],"curies":[{"name":"wp","href":"https:\/\/api.w.org\/{rel}","templated":true}]}}