{"id":7592,"date":"2022-09-23T21:21:20","date_gmt":"2022-09-23T21:21:20","guid":{"rendered":"https:\/\/eastwings-diagnostics.com\/?post_type=product&#038;p=7592"},"modified":"2022-09-29T12:14:23","modified_gmt":"2022-09-29T12:14:23","slug":"blood-ammonia-meter-pocketchem-ba-pa-4140","status":"publish","type":"product","link":"https:\/\/eastwings-diagnostics.com\/es\/producto\/blood-ammonia-meter-pocketchem-ba-pa-4140\/","title":{"rendered":"Medidor de amon\u00edaco en sangre PocketChem BA PA-4140"},"content":{"rendered":"","protected":false},"excerpt":{"rendered":"<p>PocketChem BA es un medidor del tama\u00f1o de la palma de la mano con una unidad de impresi\u00f3n separada y muestra de sangre total disponible.<\/p>\n<ul>\n<li>Necesita 20 \u00b5l de sangre entera<\/li>\n<li>Solo 124 (ancho) x 85 (fondo) x 38 (alto) mm y 150 g de peso<\/li>\n<li>2 pilas secas de tama\u00f1o AA para movilidad y\/o adaptador de CA<\/li>\n<\/ul>\n<h3>Especificaciones PA-4140<\/h3>\n<table class=\"tbl01\">\n<tbody>\n<tr>\n<th>Muestra<\/th>\n<td>Sangre pura<\/td>\n<\/tr>\n<tr>\n<th>Tira de prueba<\/th>\n<td>KIT DE PRUEBA DE AMONIACO II<\/td>\n<\/tr>\n<tr>\n<th>elemento de medida<\/th>\n<td>Concentraci\u00f3n de amon\u00edaco en sangre<\/td>\n<\/tr>\n<tr>\n<th>Rango de medicion<\/th>\n<td>10 a 400 N \u2013 \u03bcg\/dL<\/td>\n<\/tr>\n<tr>\n<th>Principio de medici\u00f3n<\/th>\n<td>Tira reactiva, m\u00e9todo de reflectancia de longitud de onda \u00fanica<\/td>\n<\/tr>\n<tr>\n<th>Longitud de onda de medici\u00f3n<\/th>\n<td>LED de longitud de onda \u00fanica (635 nm)<\/td>\n<\/tr>\n<tr>\n<th>M\u00e9todo de suministro de muestra<\/th>\n<td>Goteo con pipeta<\/td>\n<\/tr>\n<tr>\n<th>Tiempo de reacci\u00f3n<\/th>\n<td>Aprox. 3 minutos y 20 segundos por prueba<\/td>\n<\/tr>\n<tr>\n<th>Tiempo de calentamiento<\/th>\n<td>M\u00e1x. 10 segundos<\/td>\n<\/tr>\n<tr>\n<th>Tipos de medici\u00f3n<\/th>\n<td>Medici\u00f3n normal, medici\u00f3n continua y medici\u00f3n de control<\/td>\n<\/tr>\n<tr>\n<th>Monitor<\/th>\n<td>LCD<\/td>\n<\/tr>\n<tr>\n<th>Capacidad de memoria<\/th>\n<td>Resultados de la prueba para 50 muestras<\/td>\n<\/tr>\n<tr>\n<th>Salida externa<\/th>\n<td>Compatible con RS-232 C<\/td>\n<\/tr>\n<tr>\n<th>compensaci\u00f3n t\u00e9rmica<\/th>\n<td>Compensaci\u00f3n autom\u00e1tica mediante un sensor de temperatura integrado<\/td>\n<\/tr>\n<tr>\n<th>Entorno operativo<\/th>\n<td>Temperatura: 10-35 \u00b0C; Humedad : 25 \u2013 85 % RH<\/td>\n<\/tr>\n<tr>\n<th>Dimensiones<\/th>\n<td>Instrumento: 124 (ancho) \u00d7 85 (profundidad) \u00d7 38 (alto) mm<\/td>\n<\/tr>\n<tr>\n<th>Peso<\/th>\n<td>Aprox. 150 g (sin incluir las pilas)<\/td>\n<\/tr>\n<tr>\n<th>Fuente de alimentaci\u00f3n<\/th>\n<td>Instrumento: Dos bater\u00edas AA o adaptador de CA 7.5 VDC 3A<\/td>\n<\/tr>\n<tr>\n<th>El consumo de energ\u00eda<\/th>\n<td>Potencia de la bater\u00eda: 0,15 W (alimentaci\u00f3n de CA: 4 W)<\/td>\n<\/tr>\n<\/tbody>\n<\/table>\n<div class=\"mb10\"><\/div>\n<h3>Especificaciones de la impresora<\/h3>\n<table class=\"tbl01\">\n<tbody>\n<tr>\n<th>Impresora<\/th>\n<td>Impresora de l\u00ednea t\u00e9rmica<\/td>\n<\/tr>\n<tr>\n<th>Papel de imprimir<\/th>\n<td>Papel t\u00e9rmico de alto desarrollo de color (ancho 58 mm \u00d7 26 mm)<\/td>\n<\/tr>\n<tr>\n<th>Dimensiones<\/th>\n<td>125 (ancho) \u00d7 133 (profundidad) \u00d7 36 (alto) mm<\/td>\n<\/tr>\n<tr>\n<th>Peso<\/th>\n<td>180 g (sin incluir papel de impresora)<\/td>\n<\/tr>\n<tr>\n<th>Fuente de alimentaci\u00f3n<\/th>\n<td>Adaptador de CA 7,5 VCC 3A<\/td>\n<\/tr>\n<tr>\n<th>El consumo de energ\u00eda<\/th>\n<td>20W<\/td>\n<\/tr>\n<\/tbody>\n<\/table>","protected":false},"featured_media":7614,"template":"","meta":{"nf_dc_page":""},"product_brand":[],"product_cat":[58],"product_tag":[],"class_list":{"0":"post-7592","1":"product","2":"type-product","3":"status-publish","4":"has-post-thumbnail","6":"product_cat-chemistry-electrolytes-blood-gas-analysers","8":"first","9":"instock","10":"shipping-taxable","11":"product-type-simple"},"yoast_head":"<!-- This site is optimized with the Yoast SEO Premium plugin v23.9 (Yoast SEO v27.4) - https:\/\/yoast.com\/product\/yoast-seo-premium-wordpress\/ -->\n<title>Blood Ammonia Meter PocketChem BA PA-4140 - Eastwings Diagnostics Ltd<\/title>\n<meta name=\"description\" content=\"Blood Ammonia Meter PocketChem BA PA-4140 is a palm size meter with the separate printer unit, and whole blood sample is available.\" \/>\n<meta name=\"robots\" content=\"index, follow, max-snippet:-1, max-image-preview:large, max-video-preview:-1\" \/>\n<link rel=\"canonical\" href=\"https:\/\/eastwings-diagnostics.com\/es\/producto\/blood-ammonia-meter-pocketchem-ba-pa-4140\/\" \/>\n<meta property=\"og:locale\" content=\"es_ES\" \/>\n<meta property=\"og:type\" content=\"article\" \/>\n<meta property=\"og:title\" content=\"Blood Ammonia Meter PocketChem BA PA-4140\" \/>\n<meta property=\"og:description\" content=\"Blood Ammonia Meter PocketChem BA PA-4140 is a palm size meter with the separate printer unit, and whole blood sample is available.\" \/>\n<meta property=\"og:url\" content=\"https:\/\/eastwings-diagnostics.com\/es\/producto\/blood-ammonia-meter-pocketchem-ba-pa-4140\/\" \/>\n<meta property=\"og:site_name\" content=\"Eastwings Diagnostics Ltd\" \/>\n<meta property=\"article:modified_time\" content=\"2022-09-29T12:14:23+00:00\" \/>\n<meta property=\"og:image\" content=\"https:\/\/i0.wp.com\/eastwings-diagnostics.com\/wp-content\/uploads\/2022\/09\/BA-4140.jpg?fit=580%2C600&ssl=1\" \/>\n\t<meta property=\"og:image:width\" content=\"580\" \/>\n\t<meta property=\"og:image:height\" content=\"600\" \/>\n\t<meta property=\"og:image:type\" content=\"image\/jpeg\" \/>\n<meta name=\"twitter:card\" content=\"summary_large_image\" \/>\n<meta name=\"twitter:site\" content=\"@eastwings3\" \/>\n<script type=\"application\/ld+json\" class=\"yoast-schema-graph\">{\"@context\":\"https:\\\/\\\/schema.org\",\"@graph\":[{\"@type\":\"WebPage\",\"@id\":\"https:\\\/\\\/eastwings-diagnostics.com\\\/product\\\/blood-ammonia-meter-pocketchem-ba-pa-4140\\\/\",\"url\":\"https:\\\/\\\/eastwings-diagnostics.com\\\/product\\\/blood-ammonia-meter-pocketchem-ba-pa-4140\\\/\",\"name\":\"Blood Ammonia Meter PocketChem BA PA-4140 - Eastwings Diagnostics Ltd\",\"isPartOf\":{\"@id\":\"https:\\\/\\\/eastwings-diagnostics.com\\\/#website\"},\"primaryImageOfPage\":{\"@id\":\"https:\\\/\\\/eastwings-diagnostics.com\\\/product\\\/blood-ammonia-meter-pocketchem-ba-pa-4140\\\/#primaryimage\"},\"image\":{\"@id\":\"https:\\\/\\\/eastwings-diagnostics.com\\\/product\\\/blood-ammonia-meter-pocketchem-ba-pa-4140\\\/#primaryimage\"},\"thumbnailUrl\":\"https:\\\/\\\/i0.wp.com\\\/eastwings-diagnostics.com\\\/wp-content\\\/uploads\\\/2022\\\/09\\\/BA-4140.jpg?fit=580%2C600&ssl=1\",\"datePublished\":\"2022-09-23T21:21:20+00:00\",\"dateModified\":\"2022-09-29T12:14:23+00:00\",\"description\":\"Blood Ammonia Meter PocketChem BA PA-4140 is a palm size meter with the separate printer unit, and whole blood sample is available.\",\"breadcrumb\":{\"@id\":\"https:\\\/\\\/eastwings-diagnostics.com\\\/product\\\/blood-ammonia-meter-pocketchem-ba-pa-4140\\\/#breadcrumb\"},\"inLanguage\":\"es\",\"potentialAction\":[{\"@type\":\"ReadAction\",\"target\":[\"https:\\\/\\\/eastwings-diagnostics.com\\\/product\\\/blood-ammonia-meter-pocketchem-ba-pa-4140\\\/\"]}]},{\"@type\":\"ImageObject\",\"inLanguage\":\"es\",\"@id\":\"https:\\\/\\\/eastwings-diagnostics.com\\\/product\\\/blood-ammonia-meter-pocketchem-ba-pa-4140\\\/#primaryimage\",\"url\":\"https:\\\/\\\/i0.wp.com\\\/eastwings-diagnostics.com\\\/wp-content\\\/uploads\\\/2022\\\/09\\\/BA-4140.jpg?fit=580%2C600&ssl=1\",\"contentUrl\":\"https:\\\/\\\/i0.wp.com\\\/eastwings-diagnostics.com\\\/wp-content\\\/uploads\\\/2022\\\/09\\\/BA-4140.jpg?fit=580%2C600&ssl=1\",\"width\":580,\"height\":600,\"caption\":\"PocketChem BA PA-4140\"},{\"@type\":\"BreadcrumbList\",\"@id\":\"https:\\\/\\\/eastwings-diagnostics.com\\\/product\\\/blood-ammonia-meter-pocketchem-ba-pa-4140\\\/#breadcrumb\",\"itemListElement\":[{\"@type\":\"ListItem\",\"position\":1,\"name\":\"Home\",\"item\":\"https:\\\/\\\/eastwings-diagnostics.com\\\/\"},{\"@type\":\"ListItem\",\"position\":2,\"name\":\"Products\",\"item\":\"https:\\\/\\\/eastwings-diagnostics.com\\\/products\\\/\"},{\"@type\":\"ListItem\",\"position\":3,\"name\":\"Blood Ammonia Meter PocketChem BA PA-4140\"}]},{\"@type\":\"WebSite\",\"@id\":\"https:\\\/\\\/eastwings-diagnostics.com\\\/#website\",\"url\":\"https:\\\/\\\/eastwings-diagnostics.com\\\/\",\"name\":\"Eastwings Diagnostics Ltd\",\"description\":\"\",\"publisher\":{\"@id\":\"https:\\\/\\\/eastwings-diagnostics.com\\\/#organization\"},\"potentialAction\":[{\"@type\":\"SearchAction\",\"target\":{\"@type\":\"EntryPoint\",\"urlTemplate\":\"https:\\\/\\\/eastwings-diagnostics.com\\\/?s={search_term_string}\"},\"query-input\":{\"@type\":\"PropertyValueSpecification\",\"valueRequired\":true,\"valueName\":\"search_term_string\"}}],\"inLanguage\":\"es\"},{\"@type\":\"Organization\",\"@id\":\"https:\\\/\\\/eastwings-diagnostics.com\\\/#organization\",\"name\":\"Eastwings Diagnostics LTD\",\"url\":\"https:\\\/\\\/eastwings-diagnostics.com\\\/\",\"logo\":{\"@type\":\"ImageObject\",\"inLanguage\":\"es\",\"@id\":\"https:\\\/\\\/eastwings-diagnostics.com\\\/#\\\/schema\\\/logo\\\/image\\\/\",\"url\":\"https:\\\/\\\/eastwings-diagnostics.com\\\/wp-content\\\/uploads\\\/2021\\\/11\\\/eastwingss-diaa.png\",\"contentUrl\":\"https:\\\/\\\/eastwings-diagnostics.com\\\/wp-content\\\/uploads\\\/2021\\\/11\\\/eastwingss-diaa.png\",\"width\":512,\"height\":120,\"caption\":\"Eastwings Diagnostics LTD\"},\"image\":{\"@id\":\"https:\\\/\\\/eastwings-diagnostics.com\\\/#\\\/schema\\\/logo\\\/image\\\/\"},\"sameAs\":[\"https:\\\/\\\/x.com\\\/eastwings3\",\"http:\\\/\\\/www.linkedin.com\\\/in\\\/eastwings-diagnostics-213031226\"]}]}<\/script>\n<!-- \/ Yoast SEO Premium plugin. -->","yoast_head_json":{"title":"Blood Ammonia Meter PocketChem BA PA-4140 - Eastwings Diagnostics Ltd","description":"Blood Ammonia Meter PocketChem BA PA-4140 is a palm size meter with the separate printer unit, and whole blood sample is available.","robots":{"index":"index","follow":"follow","max-snippet":"max-snippet:-1","max-image-preview":"max-image-preview:large","max-video-preview":"max-video-preview:-1"},"canonical":"https:\/\/eastwings-diagnostics.com\/es\/producto\/blood-ammonia-meter-pocketchem-ba-pa-4140\/","og_locale":"es_ES","og_type":"article","og_title":"Blood Ammonia Meter PocketChem BA PA-4140","og_description":"Blood Ammonia Meter PocketChem BA PA-4140 is a palm size meter with the separate printer unit, and whole blood sample is available.","og_url":"https:\/\/eastwings-diagnostics.com\/es\/producto\/blood-ammonia-meter-pocketchem-ba-pa-4140\/","og_site_name":"Eastwings Diagnostics Ltd","article_modified_time":"2022-09-29T12:14:23+00:00","og_image":[{"width":580,"height":600,"url":"https:\/\/i0.wp.com\/eastwings-diagnostics.com\/wp-content\/uploads\/2022\/09\/BA-4140.jpg?fit=580%2C600&ssl=1","type":"image\/jpeg"}],"twitter_card":"summary_large_image","twitter_site":"@eastwings3","schema":{"@context":"https:\/\/schema.org","@graph":[{"@type":"WebPage","@id":"https:\/\/eastwings-diagnostics.com\/product\/blood-ammonia-meter-pocketchem-ba-pa-4140\/","url":"https:\/\/eastwings-diagnostics.com\/product\/blood-ammonia-meter-pocketchem-ba-pa-4140\/","name":"Blood Ammonia Meter PocketChem BA PA-4140 - Eastwings Diagnostics Ltd","isPartOf":{"@id":"https:\/\/eastwings-diagnostics.com\/#website"},"primaryImageOfPage":{"@id":"https:\/\/eastwings-diagnostics.com\/product\/blood-ammonia-meter-pocketchem-ba-pa-4140\/#primaryimage"},"image":{"@id":"https:\/\/eastwings-diagnostics.com\/product\/blood-ammonia-meter-pocketchem-ba-pa-4140\/#primaryimage"},"thumbnailUrl":"https:\/\/i0.wp.com\/eastwings-diagnostics.com\/wp-content\/uploads\/2022\/09\/BA-4140.jpg?fit=580%2C600&ssl=1","datePublished":"2022-09-23T21:21:20+00:00","dateModified":"2022-09-29T12:14:23+00:00","description":"Blood Ammonia Meter PocketChem BA PA-4140 is a palm size meter with the separate printer unit, and whole blood sample is available.","breadcrumb":{"@id":"https:\/\/eastwings-diagnostics.com\/product\/blood-ammonia-meter-pocketchem-ba-pa-4140\/#breadcrumb"},"inLanguage":"es","potentialAction":[{"@type":"ReadAction","target":["https:\/\/eastwings-diagnostics.com\/product\/blood-ammonia-meter-pocketchem-ba-pa-4140\/"]}]},{"@type":"ImageObject","inLanguage":"es","@id":"https:\/\/eastwings-diagnostics.com\/product\/blood-ammonia-meter-pocketchem-ba-pa-4140\/#primaryimage","url":"https:\/\/i0.wp.com\/eastwings-diagnostics.com\/wp-content\/uploads\/2022\/09\/BA-4140.jpg?fit=580%2C600&ssl=1","contentUrl":"https:\/\/i0.wp.com\/eastwings-diagnostics.com\/wp-content\/uploads\/2022\/09\/BA-4140.jpg?fit=580%2C600&ssl=1","width":580,"height":600,"caption":"PocketChem BA PA-4140"},{"@type":"BreadcrumbList","@id":"https:\/\/eastwings-diagnostics.com\/product\/blood-ammonia-meter-pocketchem-ba-pa-4140\/#breadcrumb","itemListElement":[{"@type":"ListItem","position":1,"name":"Home","item":"https:\/\/eastwings-diagnostics.com\/"},{"@type":"ListItem","position":2,"name":"Products","item":"https:\/\/eastwings-diagnostics.com\/products\/"},{"@type":"ListItem","position":3,"name":"Blood Ammonia Meter PocketChem BA PA-4140"}]},{"@type":"WebSite","@id":"https:\/\/eastwings-diagnostics.com\/#website","url":"https:\/\/eastwings-diagnostics.com\/","name":"Eastwings Diagnostics Ltd","description":"","publisher":{"@id":"https:\/\/eastwings-diagnostics.com\/#organization"},"potentialAction":[{"@type":"SearchAction","target":{"@type":"EntryPoint","urlTemplate":"https:\/\/eastwings-diagnostics.com\/?s={search_term_string}"},"query-input":{"@type":"PropertyValueSpecification","valueRequired":true,"valueName":"search_term_string"}}],"inLanguage":"es"},{"@type":"Organization","@id":"https:\/\/eastwings-diagnostics.com\/#organization","name":"Eastwings Diagnostics LTD","url":"https:\/\/eastwings-diagnostics.com\/","logo":{"@type":"ImageObject","inLanguage":"es","@id":"https:\/\/eastwings-diagnostics.com\/#\/schema\/logo\/image\/","url":"https:\/\/eastwings-diagnostics.com\/wp-content\/uploads\/2021\/11\/eastwingss-diaa.png","contentUrl":"https:\/\/eastwings-diagnostics.com\/wp-content\/uploads\/2021\/11\/eastwingss-diaa.png","width":512,"height":120,"caption":"Eastwings Diagnostics LTD"},"image":{"@id":"https:\/\/eastwings-diagnostics.com\/#\/schema\/logo\/image\/"},"sameAs":["https:\/\/x.com\/eastwings3","http:\/\/www.linkedin.com\/in\/eastwings-diagnostics-213031226"]}]}},"jetpack_sharing_enabled":true,"_links":{"self":[{"href":"https:\/\/eastwings-diagnostics.com\/es\/wp-json\/wp\/v2\/product\/7592","targetHints":{"allow":["GET"]}}],"collection":[{"href":"https:\/\/eastwings-diagnostics.com\/es\/wp-json\/wp\/v2\/product"}],"about":[{"href":"https:\/\/eastwings-diagnostics.com\/es\/wp-json\/wp\/v2\/types\/product"}],"wp:featuredmedia":[{"embeddable":true,"href":"https:\/\/eastwings-diagnostics.com\/es\/wp-json\/wp\/v2\/media\/7614"}],"wp:attachment":[{"href":"https:\/\/eastwings-diagnostics.com\/es\/wp-json\/wp\/v2\/media?parent=7592"}],"wp:term":[{"taxonomy":"product_brand","embeddable":true,"href":"https:\/\/eastwings-diagnostics.com\/es\/wp-json\/wp\/v2\/product_brand?post=7592"},{"taxonomy":"product_cat","embeddable":true,"href":"https:\/\/eastwings-diagnostics.com\/es\/wp-json\/wp\/v2\/product_cat?post=7592"},{"taxonomy":"product_tag","embeddable":true,"href":"https:\/\/eastwings-diagnostics.com\/es\/wp-json\/wp\/v2\/product_tag?post=7592"}],"curies":[{"name":"wp","href":"https:\/\/api.w.org\/{rel}","templated":true}]}}