{"id":7584,"date":"2022-09-23T20:49:53","date_gmt":"2022-09-23T20:49:53","guid":{"rendered":"https:\/\/eastwings-diagnostics.com\/?post_type=product&#038;p=7584"},"modified":"2022-10-01T13:27:55","modified_gmt":"2022-10-01T13:27:55","slug":"automatic-glycohemoglobin-analyzer-the-lab-001","status":"publish","type":"product","link":"https:\/\/eastwings-diagnostics.com\/es\/producto\/automatic-glycohemoglobin-analyzer-the-lab-001\/","title":{"rendered":"Analizador Autom\u00e1tico de Glicohemoglobina The Lab 001"},"content":{"rendered":"","protected":false},"excerpt":{"rendered":"<p class=\"bold mb0\"><strong>Usando sangre total capilar, The Lab 001 realiza la medici\u00f3n en solo 90 segundos.<\/strong><\/p>\n<p class=\"bold mb0\"><strong>El innovador principio de medici\u00f3n Lab 001 mejora la velocidad del analizador.<\/strong><\/p>\n<p>Al introducir el principio de medici\u00f3n de electroforesis capilar con tecnolog\u00eda de microchip, pudimos reducir la velocidad a solo 90 segundos. Con The Lab 001 presentamos un excelente rendimiento en un dise\u00f1o compacto.<\/p>\n<p class=\"bold mb0\"><strong>usabilidad<\/strong><\/p>\n<p>La medici\u00f3n es posible simplemente aplicando sangre completa en un cartucho de reactivo desechable e insert\u00e1ndolo en el analizador.<br \/>\nLa eliminaci\u00f3n de residuos l\u00edquidos y la calibraci\u00f3n ahorran tiempo en el funcionamiento diario. La sangre total de la yema del dedo se puede utilizar para la medici\u00f3n, lo que reduce la carga para los pacientes.<\/p>\n<div class=\"flexb\">\n<div class=\"flexitem item1\">\n<figure style=\"width: 190px\" class=\"wp-caption alignleft\"><img decoding=\"async\" class=\"mt-image-none\" src=\"https:\/\/www.arkray.eu\/english\/upload\/img\/G6A6284_1.jpg\" alt=\"G6A6284_1.jpg\" width=\"190\" height=\"127\" \/><figcaption class=\"wp-caption-text\">El volumen de muestra necesario es de solo 1,5 \u03bcL.<\/figcaption><\/figure>\n<\/div>\n<div class=\"flexitem item2\">\n<figure style=\"width: 190px\" class=\"wp-caption alignnone\"><img decoding=\"async\" class=\"mt-image-none\" src=\"https:\/\/www.arkray.eu\/english\/upload\/img\/reagent.jpg\" alt=\"reagent.jpg\" width=\"190\" height=\"127\" \/><figcaption class=\"wp-caption-text\">El cartucho de reactivo se puede almacenar a temperatura ambiente.<\/figcaption><\/figure>\n<p class=\"mb0\">\n<\/div>\n<\/div>\n<p class=\"bold mb0\">El peque\u00f1o cartucho de prueba permite el fraccionamiento de hemoglobinas, utilizando el m\u00e9todo de electroforesis capilar.<\/p>\n<p>La capacidad de fraccionamiento est\u00e1 disponible en este dise\u00f1o compacto, lo que proporciona resultados precisos de HbA1c mediante el fraccionamiento de factores\/segmentos que afectan los valores de HbA1c (HbF y otras variantes de Hbs). La salida de informaci\u00f3n m\u00e1xima separada en el resultado de la prueba se puede utilizar como una de las herramientas para comprender la condici\u00f3n del paciente.<\/p>\n<h3>Especificaciones<\/h3>\n<table class=\"tbl01\">\n<tbody>\n<tr>\n<th>Objeto de medici\u00f3n<\/th>\n<td>Sangre entera (sangre venosa\/sangre capilar de la yema del dedo)<\/td>\n<\/tr>\n<tr>\n<th>Elementos de medici\u00f3n<\/th>\n<td>HbA1c estable<\/td>\n<\/tr>\n<tr>\n<th>Principio de medici\u00f3n<\/th>\n<td>Electroforesis capilar<\/td>\n<\/tr>\n<tr>\n<th>Rango de medicion<\/th>\n<td>HbA1c (IFCC): 20,2 a 151,4 mmol\/mol<br \/>\nHbA1c (NGSP): 4.00% a 16.00%<\/td>\n<\/tr>\n<tr>\n<th>Velocidad de procesamiento<\/th>\n<td>Aproximadamente 90 segundos\/medida<\/td>\n<\/tr>\n<tr>\n<th>Consumo de muestra<\/th>\n<td>Alrededor de 1,5 \u00b5L (sangre entera)<\/td>\n<\/tr>\n<tr>\n<th>Dimensiones<\/th>\n<td>Aproximadamente 220 (ancho) \u00d7 326 (profundidad) \u00d7 298 (alto) mm<\/td>\n<\/tr>\n<tr>\n<th>Peso<\/th>\n<td>Aproximadamente 10 kilos<\/td>\n<\/tr>\n<\/tbody>\n<\/table>","protected":false},"featured_media":7618,"template":"","meta":{"nf_dc_page":""},"product_brand":[],"product_cat":[58],"product_tag":[],"class_list":{"0":"post-7584","1":"product","2":"type-product","3":"status-publish","4":"has-post-thumbnail","6":"product_cat-chemistry-electrolytes-blood-gas-analysers","8":"first","9":"instock","10":"shipping-taxable","11":"product-type-simple"},"yoast_head":"<!-- This site is optimized with the Yoast SEO Premium plugin v23.9 (Yoast SEO v27.4) - https:\/\/yoast.com\/product\/yoast-seo-premium-wordpress\/ -->\n<title>Automatic Glycohemoglobin Analyzer The Lab 001 - Eastwings Diagnostics Ltd<\/title>\n<meta name=\"description\" content=\"Using capillary whole blood, The Lab 001 performs measurement in just 90 seconds. The Lab 001 innovative measurement principle enhances the speed...\" \/>\n<meta name=\"robots\" content=\"index, follow, max-snippet:-1, max-image-preview:large, max-video-preview:-1\" \/>\n<link rel=\"canonical\" href=\"https:\/\/eastwings-diagnostics.com\/es\/producto\/automatic-glycohemoglobin-analyzer-the-lab-001\/\" \/>\n<meta property=\"og:locale\" content=\"es_ES\" \/>\n<meta property=\"og:type\" content=\"article\" \/>\n<meta property=\"og:title\" content=\"Automatic Glycohemoglobin Analyzer The Lab 001\" \/>\n<meta property=\"og:description\" content=\"Using capillary whole blood, The Lab 001 performs measurement in just 90 seconds. The Lab 001 innovative measurement principle enhances the speed...\" \/>\n<meta property=\"og:url\" content=\"https:\/\/eastwings-diagnostics.com\/es\/producto\/automatic-glycohemoglobin-analyzer-the-lab-001\/\" \/>\n<meta property=\"og:site_name\" content=\"Eastwings Diagnostics Ltd\" \/>\n<meta property=\"article:modified_time\" content=\"2022-10-01T13:27:55+00:00\" \/>\n<meta property=\"og:image\" content=\"https:\/\/i0.wp.com\/eastwings-diagnostics.com\/wp-content\/uploads\/2022\/09\/LB001-scaled.jpg?fit=1707%2C2560&ssl=1\" \/>\n\t<meta property=\"og:image:width\" content=\"1707\" \/>\n\t<meta property=\"og:image:height\" content=\"2560\" \/>\n\t<meta property=\"og:image:type\" content=\"image\/jpeg\" \/>\n<meta name=\"twitter:card\" content=\"summary_large_image\" \/>\n<meta name=\"twitter:site\" content=\"@eastwings3\" \/>\n<script type=\"application\/ld+json\" class=\"yoast-schema-graph\">{\"@context\":\"https:\\\/\\\/schema.org\",\"@graph\":[{\"@type\":\"WebPage\",\"@id\":\"https:\\\/\\\/eastwings-diagnostics.com\\\/product\\\/automatic-glycohemoglobin-analyzer-the-lab-001\\\/\",\"url\":\"https:\\\/\\\/eastwings-diagnostics.com\\\/product\\\/automatic-glycohemoglobin-analyzer-the-lab-001\\\/\",\"name\":\"Automatic Glycohemoglobin Analyzer The Lab 001 - Eastwings Diagnostics Ltd\",\"isPartOf\":{\"@id\":\"https:\\\/\\\/eastwings-diagnostics.com\\\/#website\"},\"primaryImageOfPage\":{\"@id\":\"https:\\\/\\\/eastwings-diagnostics.com\\\/product\\\/automatic-glycohemoglobin-analyzer-the-lab-001\\\/#primaryimage\"},\"image\":{\"@id\":\"https:\\\/\\\/eastwings-diagnostics.com\\\/product\\\/automatic-glycohemoglobin-analyzer-the-lab-001\\\/#primaryimage\"},\"thumbnailUrl\":\"https:\\\/\\\/i0.wp.com\\\/eastwings-diagnostics.com\\\/wp-content\\\/uploads\\\/2022\\\/09\\\/LB001-scaled.jpg?fit=1707%2C2560&ssl=1\",\"datePublished\":\"2022-09-23T20:49:53+00:00\",\"dateModified\":\"2022-10-01T13:27:55+00:00\",\"description\":\"Using capillary whole blood, The Lab 001 performs measurement in just 90 seconds. The Lab 001 innovative measurement principle enhances the speed...\",\"breadcrumb\":{\"@id\":\"https:\\\/\\\/eastwings-diagnostics.com\\\/product\\\/automatic-glycohemoglobin-analyzer-the-lab-001\\\/#breadcrumb\"},\"inLanguage\":\"es\",\"potentialAction\":[{\"@type\":\"ReadAction\",\"target\":[\"https:\\\/\\\/eastwings-diagnostics.com\\\/product\\\/automatic-glycohemoglobin-analyzer-the-lab-001\\\/\"]}]},{\"@type\":\"ImageObject\",\"inLanguage\":\"es\",\"@id\":\"https:\\\/\\\/eastwings-diagnostics.com\\\/product\\\/automatic-glycohemoglobin-analyzer-the-lab-001\\\/#primaryimage\",\"url\":\"https:\\\/\\\/i0.wp.com\\\/eastwings-diagnostics.com\\\/wp-content\\\/uploads\\\/2022\\\/09\\\/LB001-scaled.jpg?fit=1707%2C2560&ssl=1\",\"contentUrl\":\"https:\\\/\\\/i0.wp.com\\\/eastwings-diagnostics.com\\\/wp-content\\\/uploads\\\/2022\\\/09\\\/LB001-scaled.jpg?fit=1707%2C2560&ssl=1\",\"width\":1707,\"height\":2560,\"caption\":\"Automatic Glycohemoglobin Analyzer The Lab 001\"},{\"@type\":\"BreadcrumbList\",\"@id\":\"https:\\\/\\\/eastwings-diagnostics.com\\\/product\\\/automatic-glycohemoglobin-analyzer-the-lab-001\\\/#breadcrumb\",\"itemListElement\":[{\"@type\":\"ListItem\",\"position\":1,\"name\":\"Home\",\"item\":\"https:\\\/\\\/eastwings-diagnostics.com\\\/\"},{\"@type\":\"ListItem\",\"position\":2,\"name\":\"Products\",\"item\":\"https:\\\/\\\/eastwings-diagnostics.com\\\/products\\\/\"},{\"@type\":\"ListItem\",\"position\":3,\"name\":\"Automatic Glycohemoglobin Analyzer The Lab 001\"}]},{\"@type\":\"WebSite\",\"@id\":\"https:\\\/\\\/eastwings-diagnostics.com\\\/#website\",\"url\":\"https:\\\/\\\/eastwings-diagnostics.com\\\/\",\"name\":\"Eastwings Diagnostics Ltd\",\"description\":\"\",\"publisher\":{\"@id\":\"https:\\\/\\\/eastwings-diagnostics.com\\\/#organization\"},\"potentialAction\":[{\"@type\":\"SearchAction\",\"target\":{\"@type\":\"EntryPoint\",\"urlTemplate\":\"https:\\\/\\\/eastwings-diagnostics.com\\\/?s={search_term_string}\"},\"query-input\":{\"@type\":\"PropertyValueSpecification\",\"valueRequired\":true,\"valueName\":\"search_term_string\"}}],\"inLanguage\":\"es\"},{\"@type\":\"Organization\",\"@id\":\"https:\\\/\\\/eastwings-diagnostics.com\\\/#organization\",\"name\":\"Eastwings Diagnostics LTD\",\"url\":\"https:\\\/\\\/eastwings-diagnostics.com\\\/\",\"logo\":{\"@type\":\"ImageObject\",\"inLanguage\":\"es\",\"@id\":\"https:\\\/\\\/eastwings-diagnostics.com\\\/#\\\/schema\\\/logo\\\/image\\\/\",\"url\":\"https:\\\/\\\/eastwings-diagnostics.com\\\/wp-content\\\/uploads\\\/2021\\\/11\\\/eastwingss-diaa.png\",\"contentUrl\":\"https:\\\/\\\/eastwings-diagnostics.com\\\/wp-content\\\/uploads\\\/2021\\\/11\\\/eastwingss-diaa.png\",\"width\":512,\"height\":120,\"caption\":\"Eastwings Diagnostics LTD\"},\"image\":{\"@id\":\"https:\\\/\\\/eastwings-diagnostics.com\\\/#\\\/schema\\\/logo\\\/image\\\/\"},\"sameAs\":[\"https:\\\/\\\/x.com\\\/eastwings3\",\"http:\\\/\\\/www.linkedin.com\\\/in\\\/eastwings-diagnostics-213031226\"]}]}<\/script>\n<!-- \/ Yoast SEO Premium plugin. -->","yoast_head_json":{"title":"Automatic Glycohemoglobin Analyzer The Lab 001 - Eastwings Diagnostics Ltd","description":"Using capillary whole blood, The Lab 001 performs measurement in just 90 seconds. The Lab 001 innovative measurement principle enhances the speed...","robots":{"index":"index","follow":"follow","max-snippet":"max-snippet:-1","max-image-preview":"max-image-preview:large","max-video-preview":"max-video-preview:-1"},"canonical":"https:\/\/eastwings-diagnostics.com\/es\/producto\/automatic-glycohemoglobin-analyzer-the-lab-001\/","og_locale":"es_ES","og_type":"article","og_title":"Automatic Glycohemoglobin Analyzer The Lab 001","og_description":"Using capillary whole blood, The Lab 001 performs measurement in just 90 seconds. The Lab 001 innovative measurement principle enhances the speed...","og_url":"https:\/\/eastwings-diagnostics.com\/es\/producto\/automatic-glycohemoglobin-analyzer-the-lab-001\/","og_site_name":"Eastwings Diagnostics Ltd","article_modified_time":"2022-10-01T13:27:55+00:00","og_image":[{"width":1707,"height":2560,"url":"https:\/\/i0.wp.com\/eastwings-diagnostics.com\/wp-content\/uploads\/2022\/09\/LB001-scaled.jpg?fit=1707%2C2560&ssl=1","type":"image\/jpeg"}],"twitter_card":"summary_large_image","twitter_site":"@eastwings3","schema":{"@context":"https:\/\/schema.org","@graph":[{"@type":"WebPage","@id":"https:\/\/eastwings-diagnostics.com\/product\/automatic-glycohemoglobin-analyzer-the-lab-001\/","url":"https:\/\/eastwings-diagnostics.com\/product\/automatic-glycohemoglobin-analyzer-the-lab-001\/","name":"Automatic Glycohemoglobin Analyzer The Lab 001 - Eastwings Diagnostics Ltd","isPartOf":{"@id":"https:\/\/eastwings-diagnostics.com\/#website"},"primaryImageOfPage":{"@id":"https:\/\/eastwings-diagnostics.com\/product\/automatic-glycohemoglobin-analyzer-the-lab-001\/#primaryimage"},"image":{"@id":"https:\/\/eastwings-diagnostics.com\/product\/automatic-glycohemoglobin-analyzer-the-lab-001\/#primaryimage"},"thumbnailUrl":"https:\/\/i0.wp.com\/eastwings-diagnostics.com\/wp-content\/uploads\/2022\/09\/LB001-scaled.jpg?fit=1707%2C2560&ssl=1","datePublished":"2022-09-23T20:49:53+00:00","dateModified":"2022-10-01T13:27:55+00:00","description":"Using capillary whole blood, The Lab 001 performs measurement in just 90 seconds. The Lab 001 innovative measurement principle enhances the speed...","breadcrumb":{"@id":"https:\/\/eastwings-diagnostics.com\/product\/automatic-glycohemoglobin-analyzer-the-lab-001\/#breadcrumb"},"inLanguage":"es","potentialAction":[{"@type":"ReadAction","target":["https:\/\/eastwings-diagnostics.com\/product\/automatic-glycohemoglobin-analyzer-the-lab-001\/"]}]},{"@type":"ImageObject","inLanguage":"es","@id":"https:\/\/eastwings-diagnostics.com\/product\/automatic-glycohemoglobin-analyzer-the-lab-001\/#primaryimage","url":"https:\/\/i0.wp.com\/eastwings-diagnostics.com\/wp-content\/uploads\/2022\/09\/LB001-scaled.jpg?fit=1707%2C2560&ssl=1","contentUrl":"https:\/\/i0.wp.com\/eastwings-diagnostics.com\/wp-content\/uploads\/2022\/09\/LB001-scaled.jpg?fit=1707%2C2560&ssl=1","width":1707,"height":2560,"caption":"Automatic Glycohemoglobin Analyzer The Lab 001"},{"@type":"BreadcrumbList","@id":"https:\/\/eastwings-diagnostics.com\/product\/automatic-glycohemoglobin-analyzer-the-lab-001\/#breadcrumb","itemListElement":[{"@type":"ListItem","position":1,"name":"Home","item":"https:\/\/eastwings-diagnostics.com\/"},{"@type":"ListItem","position":2,"name":"Products","item":"https:\/\/eastwings-diagnostics.com\/products\/"},{"@type":"ListItem","position":3,"name":"Automatic Glycohemoglobin Analyzer The Lab 001"}]},{"@type":"WebSite","@id":"https:\/\/eastwings-diagnostics.com\/#website","url":"https:\/\/eastwings-diagnostics.com\/","name":"Eastwings Diagnostics Ltd","description":"","publisher":{"@id":"https:\/\/eastwings-diagnostics.com\/#organization"},"potentialAction":[{"@type":"SearchAction","target":{"@type":"EntryPoint","urlTemplate":"https:\/\/eastwings-diagnostics.com\/?s={search_term_string}"},"query-input":{"@type":"PropertyValueSpecification","valueRequired":true,"valueName":"search_term_string"}}],"inLanguage":"es"},{"@type":"Organization","@id":"https:\/\/eastwings-diagnostics.com\/#organization","name":"Eastwings Diagnostics LTD","url":"https:\/\/eastwings-diagnostics.com\/","logo":{"@type":"ImageObject","inLanguage":"es","@id":"https:\/\/eastwings-diagnostics.com\/#\/schema\/logo\/image\/","url":"https:\/\/eastwings-diagnostics.com\/wp-content\/uploads\/2021\/11\/eastwingss-diaa.png","contentUrl":"https:\/\/eastwings-diagnostics.com\/wp-content\/uploads\/2021\/11\/eastwingss-diaa.png","width":512,"height":120,"caption":"Eastwings Diagnostics LTD"},"image":{"@id":"https:\/\/eastwings-diagnostics.com\/#\/schema\/logo\/image\/"},"sameAs":["https:\/\/x.com\/eastwings3","http:\/\/www.linkedin.com\/in\/eastwings-diagnostics-213031226"]}]}},"jetpack_sharing_enabled":true,"_links":{"self":[{"href":"https:\/\/eastwings-diagnostics.com\/es\/wp-json\/wp\/v2\/product\/7584","targetHints":{"allow":["GET"]}}],"collection":[{"href":"https:\/\/eastwings-diagnostics.com\/es\/wp-json\/wp\/v2\/product"}],"about":[{"href":"https:\/\/eastwings-diagnostics.com\/es\/wp-json\/wp\/v2\/types\/product"}],"wp:featuredmedia":[{"embeddable":true,"href":"https:\/\/eastwings-diagnostics.com\/es\/wp-json\/wp\/v2\/media\/7618"}],"wp:attachment":[{"href":"https:\/\/eastwings-diagnostics.com\/es\/wp-json\/wp\/v2\/media?parent=7584"}],"wp:term":[{"taxonomy":"product_brand","embeddable":true,"href":"https:\/\/eastwings-diagnostics.com\/es\/wp-json\/wp\/v2\/product_brand?post=7584"},{"taxonomy":"product_cat","embeddable":true,"href":"https:\/\/eastwings-diagnostics.com\/es\/wp-json\/wp\/v2\/product_cat?post=7584"},{"taxonomy":"product_tag","embeddable":true,"href":"https:\/\/eastwings-diagnostics.com\/es\/wp-json\/wp\/v2\/product_tag?post=7584"}],"curies":[{"name":"wp","href":"https:\/\/api.w.org\/{rel}","templated":true}]}}