{"id":7578,"date":"2022-09-23T12:51:19","date_gmt":"2022-09-23T12:51:19","guid":{"rendered":"https:\/\/eastwings-diagnostics.com\/?post_type=product&#038;p=7578"},"modified":"2022-09-24T14:16:16","modified_gmt":"2022-09-24T14:16:16","slug":"compact-biochemical-analyzer-the-lab-004","status":"publish","type":"product","link":"https:\/\/eastwings-diagnostics.com\/es\/producto\/compact-biochemical-analyzer-the-lab-004\/","title":{"rendered":"Analizador Bioqu\u00edmico Compacto The Lab 004"},"content":{"rendered":"","protected":false},"excerpt":{"rendered":"<p>El instrumento Lab 004 est\u00e1 dise\u00f1ado para la medici\u00f3n cuantitativa y automatizada de varios marcadores fisiol\u00f3gicos en suero y plasma.<\/p>\n<ul>\n<li class=\"txtIn2 mb10\"><strong><span class=\"bold\">Examen de funci\u00f3n renal y hep\u00e1tica<\/span><\/strong><\/li>\n<\/ul>\n<p class=\"txtIn2 mb10\">Puede monitorear la funci\u00f3n renal midiendo la creatinina y puede monitorear el da\u00f1o renal y hep\u00e1tico por los efectos secundarios de los medicamentos contra el VIH midiendo AST y ALT.<\/p>\n<ul>\n<li class=\"txtIn2 mb10\"><strong><span class=\"bold\">El tama\u00f1o compacto permite la instalaci\u00f3n en casi cualquier ubicaci\u00f3n<\/span><\/strong><\/li>\n<\/ul>\n<p class=\"txtIn2 mb10\">No se necesita equipo de drenaje y suministro de agua, por lo que el instrumento puede instalarse f\u00e1cilmente en casi cualquier lugar y usarse para pruebas inmediatas durante ex\u00e1menes f\u00edsicos y en cl\u00ednicas.<\/p>\n<ul>\n<li class=\"txtIn2 mb10\"><strong><span class=\"bold\">F\u00e1cil operaci\u00f3n y mantenimiento<\/span><\/strong><\/li>\n<\/ul>\n<p class=\"txtIn2 mb10\">Despu\u00e9s de colocar la tira reactiva en el dispositivo, presione el bot\u00f3n de inicio y aplique la muestra. Simplemente inserte la bandeja para comenzar las mediciones. La estructura simple del dispositivo no requiere mantenimiento peri\u00f3dico.<\/p>\n<h3>Especificaciones<\/h3>\n<table class=\"tbl01 mb20\">\n<tbody>\n<tr>\n<th width=\"178px;\">Objetos de medici\u00f3n<\/th>\n<td>plasma o suero<\/td>\n<\/tr>\n<tr>\n<th width=\"178px;\">Tiras reactivas compatibles<\/th>\n<td>Las tiras reactivas Lab 004<\/td>\n<\/tr>\n<tr>\n<th width=\"178px;\">Elementos de medici\u00f3n<\/th>\n<td>Listado en el prospecto del reactivo<\/td>\n<\/tr>\n<tr>\n<th width=\"178px;\">Rangos de medici\u00f3n<\/th>\n<td>Listado en el prospecto del reactivo<\/td>\n<\/tr>\n<tr>\n<th width=\"178px;\">Principio de medici\u00f3n<\/th>\n<td>Medici\u00f3n de luz transmitida de doble longitud de onda<\/td>\n<\/tr>\n<tr>\n<th width=\"178px;\">N\u00famero de tiras reactivas medibles a la vez<\/th>\n<td>1<\/td>\n<\/tr>\n<tr>\n<th width=\"178px;\">Tiempo de medici\u00f3n<\/th>\n<td>Listado en el prospecto del reactivo<\/td>\n<\/tr>\n<tr>\n<th width=\"178px;\">Consumo de muestra<\/th>\n<td>Listado en el prospecto del reactivo<\/td>\n<\/tr>\n<tr>\n<th width=\"178px;\">Volumen de muestra requerido<\/th>\n<td>Aproximadamente 4 \u00b5L<\/td>\n<\/tr>\n<tr>\n<th width=\"178px;\">N\u00famero de muestras de medici\u00f3n<\/th>\n<td>1 muestra<\/td>\n<\/tr>\n<tr>\n<th width=\"178px;\">Tiempo de inicio<\/th>\n<td>Aproximadamente 10 minutos<br \/>\n(en entornos de 25 \u2103 y menos)<\/td>\n<\/tr>\n<tr>\n<th width=\"178px;\">Capacidad de memoria<\/th>\n<td>50 medidas<\/td>\n<\/tr>\n<tr>\n<th width=\"178px;\">Monitor<\/th>\n<td>Segmento LCD<\/td>\n<\/tr>\n<tr>\n<th width=\"178px;\">Salida externa<\/th>\n<td>Micro USB tipo B<\/td>\n<\/tr>\n<tr>\n<th width=\"178px;\">Dimensiones<\/th>\n<td>110 (ancho) x 225 (profundidad) x 54 (alto) mm<\/td>\n<\/tr>\n<tr>\n<th width=\"178px;\">Peso<\/th>\n<td>Aproximadamente 1 kilo<\/td>\n<\/tr>\n<tr>\n<th width=\"178px;\">Requerimientos de energ\u00eda<\/th>\n<td>100 \u2013 240 V CA, 50\/60 Hz (con adaptador de CA)<\/td>\n<\/tr>\n<tr>\n<th width=\"178px;\">El consumo de energ\u00eda<\/th>\n<td>M\u00e1ximo 33VA<\/td>\n<\/tr>\n<tr>\n<th width=\"178px;\">adaptador de CA<\/th>\n<td>5 V CC<\/td>\n<\/tr>\n<\/tbody>\n<\/table>","protected":false},"featured_media":7600,"template":"","meta":{"nf_dc_page":""},"product_brand":[],"product_cat":[117],"product_tag":[],"class_list":{"0":"post-7578","1":"product","2":"type-product","3":"status-publish","4":"has-post-thumbnail","6":"product_cat-primary-health-care","8":"first","9":"instock","10":"shipping-taxable","11":"product-type-simple"},"yoast_head":"<!-- This site is optimized with the Yoast SEO Premium plugin v23.9 (Yoast SEO v27.4) - https:\/\/yoast.com\/product\/yoast-seo-premium-wordpress\/ -->\n<title>Compact Biochemical Analyzer The Lab 004 - Eastwings Diagnostics Ltd<\/title>\n<meta name=\"description\" content=\"The Lab 004 instrument is intended for the quantitative and automated measurement of several physiological markers in serum and plasma.\" \/>\n<meta name=\"robots\" content=\"index, follow, max-snippet:-1, max-image-preview:large, max-video-preview:-1\" \/>\n<link rel=\"canonical\" href=\"https:\/\/eastwings-diagnostics.com\/es\/producto\/compact-biochemical-analyzer-the-lab-004\/\" \/>\n<meta property=\"og:locale\" content=\"es_ES\" \/>\n<meta property=\"og:type\" content=\"article\" \/>\n<meta property=\"og:title\" content=\"Compact Biochemical Analyzer The Lab 004\" \/>\n<meta property=\"og:description\" content=\"The Lab 004 instrument is intended for the quantitative and automated measurement of several physiological markers in serum and plasma.\" \/>\n<meta property=\"og:url\" content=\"https:\/\/eastwings-diagnostics.com\/es\/producto\/compact-biochemical-analyzer-the-lab-004\/\" \/>\n<meta property=\"og:site_name\" content=\"Eastwings Diagnostics Ltd\" \/>\n<meta property=\"article:modified_time\" content=\"2022-09-24T14:16:16+00:00\" \/>\n<meta property=\"og:image\" content=\"https:\/\/i0.wp.com\/eastwings-diagnostics.com\/wp-content\/uploads\/2022\/09\/WhatsApp-Image-2022-09-21-at-12.13.57-PM-1.jpeg?fit=926%2C1389&ssl=1\" \/>\n\t<meta property=\"og:image:width\" content=\"926\" \/>\n\t<meta property=\"og:image:height\" content=\"1389\" \/>\n\t<meta property=\"og:image:type\" content=\"image\/jpeg\" \/>\n<meta name=\"twitter:card\" content=\"summary_large_image\" \/>\n<meta name=\"twitter:site\" content=\"@eastwings3\" \/>\n<script type=\"application\/ld+json\" class=\"yoast-schema-graph\">{\"@context\":\"https:\\\/\\\/schema.org\",\"@graph\":[{\"@type\":\"WebPage\",\"@id\":\"https:\\\/\\\/eastwings-diagnostics.com\\\/ru\\\/product\\\/compact-biochemical-analyzer-the-lab-004\\\/\",\"url\":\"https:\\\/\\\/eastwings-diagnostics.com\\\/ru\\\/product\\\/compact-biochemical-analyzer-the-lab-004\\\/\",\"name\":\"Compact Biochemical Analyzer The Lab 004 - Eastwings Diagnostics Ltd\",\"isPartOf\":{\"@id\":\"https:\\\/\\\/eastwings-diagnostics.com\\\/#website\"},\"primaryImageOfPage\":{\"@id\":\"https:\\\/\\\/eastwings-diagnostics.com\\\/ru\\\/product\\\/compact-biochemical-analyzer-the-lab-004\\\/#primaryimage\"},\"image\":{\"@id\":\"https:\\\/\\\/eastwings-diagnostics.com\\\/ru\\\/product\\\/compact-biochemical-analyzer-the-lab-004\\\/#primaryimage\"},\"thumbnailUrl\":\"https:\\\/\\\/i0.wp.com\\\/eastwings-diagnostics.com\\\/wp-content\\\/uploads\\\/2022\\\/09\\\/WhatsApp-Image-2022-09-21-at-12.13.57-PM-1.jpeg?fit=926%2C1389&ssl=1\",\"datePublished\":\"2022-09-23T12:51:19+00:00\",\"dateModified\":\"2022-09-24T14:16:16+00:00\",\"description\":\"The Lab 004 instrument is intended for the quantitative and automated measurement of several physiological markers in serum and plasma.\",\"breadcrumb\":{\"@id\":\"https:\\\/\\\/eastwings-diagnostics.com\\\/ru\\\/product\\\/compact-biochemical-analyzer-the-lab-004\\\/#breadcrumb\"},\"inLanguage\":\"es\",\"potentialAction\":[{\"@type\":\"ReadAction\",\"target\":[\"https:\\\/\\\/eastwings-diagnostics.com\\\/ru\\\/product\\\/compact-biochemical-analyzer-the-lab-004\\\/\"]}]},{\"@type\":\"ImageObject\",\"inLanguage\":\"es\",\"@id\":\"https:\\\/\\\/eastwings-diagnostics.com\\\/ru\\\/product\\\/compact-biochemical-analyzer-the-lab-004\\\/#primaryimage\",\"url\":\"https:\\\/\\\/i0.wp.com\\\/eastwings-diagnostics.com\\\/wp-content\\\/uploads\\\/2022\\\/09\\\/WhatsApp-Image-2022-09-21-at-12.13.57-PM-1.jpeg?fit=926%2C1389&ssl=1\",\"contentUrl\":\"https:\\\/\\\/i0.wp.com\\\/eastwings-diagnostics.com\\\/wp-content\\\/uploads\\\/2022\\\/09\\\/WhatsApp-Image-2022-09-21-at-12.13.57-PM-1.jpeg?fit=926%2C1389&ssl=1\",\"width\":926,\"height\":1389,\"caption\":\"Compact Biochemical Analyzer The Lab 004\"},{\"@type\":\"BreadcrumbList\",\"@id\":\"https:\\\/\\\/eastwings-diagnostics.com\\\/ru\\\/product\\\/compact-biochemical-analyzer-the-lab-004\\\/#breadcrumb\",\"itemListElement\":[{\"@type\":\"ListItem\",\"position\":1,\"name\":\"Home\",\"item\":\"https:\\\/\\\/eastwings-diagnostics.com\\\/\"},{\"@type\":\"ListItem\",\"position\":2,\"name\":\"Products\",\"item\":\"https:\\\/\\\/eastwings-diagnostics.com\\\/products\\\/\"},{\"@type\":\"ListItem\",\"position\":3,\"name\":\"Compact Biochemical Analyzer The Lab 004\"}]},{\"@type\":\"WebSite\",\"@id\":\"https:\\\/\\\/eastwings-diagnostics.com\\\/#website\",\"url\":\"https:\\\/\\\/eastwings-diagnostics.com\\\/\",\"name\":\"Eastwings Diagnostics Ltd\",\"description\":\"\",\"publisher\":{\"@id\":\"https:\\\/\\\/eastwings-diagnostics.com\\\/#organization\"},\"potentialAction\":[{\"@type\":\"SearchAction\",\"target\":{\"@type\":\"EntryPoint\",\"urlTemplate\":\"https:\\\/\\\/eastwings-diagnostics.com\\\/?s={search_term_string}\"},\"query-input\":{\"@type\":\"PropertyValueSpecification\",\"valueRequired\":true,\"valueName\":\"search_term_string\"}}],\"inLanguage\":\"es\"},{\"@type\":\"Organization\",\"@id\":\"https:\\\/\\\/eastwings-diagnostics.com\\\/#organization\",\"name\":\"Eastwings Diagnostics LTD\",\"url\":\"https:\\\/\\\/eastwings-diagnostics.com\\\/\",\"logo\":{\"@type\":\"ImageObject\",\"inLanguage\":\"es\",\"@id\":\"https:\\\/\\\/eastwings-diagnostics.com\\\/#\\\/schema\\\/logo\\\/image\\\/\",\"url\":\"https:\\\/\\\/eastwings-diagnostics.com\\\/wp-content\\\/uploads\\\/2021\\\/11\\\/eastwingss-diaa.png\",\"contentUrl\":\"https:\\\/\\\/eastwings-diagnostics.com\\\/wp-content\\\/uploads\\\/2021\\\/11\\\/eastwingss-diaa.png\",\"width\":512,\"height\":120,\"caption\":\"Eastwings Diagnostics LTD\"},\"image\":{\"@id\":\"https:\\\/\\\/eastwings-diagnostics.com\\\/#\\\/schema\\\/logo\\\/image\\\/\"},\"sameAs\":[\"https:\\\/\\\/x.com\\\/eastwings3\",\"http:\\\/\\\/www.linkedin.com\\\/in\\\/eastwings-diagnostics-213031226\"]}]}<\/script>\n<!-- \/ Yoast SEO Premium plugin. -->","yoast_head_json":{"title":"Compact Biochemical Analyzer The Lab 004 - Eastwings Diagnostics Ltd","description":"The Lab 004 instrument is intended for the quantitative and automated measurement of several physiological markers in serum and plasma.","robots":{"index":"index","follow":"follow","max-snippet":"max-snippet:-1","max-image-preview":"max-image-preview:large","max-video-preview":"max-video-preview:-1"},"canonical":"https:\/\/eastwings-diagnostics.com\/es\/producto\/compact-biochemical-analyzer-the-lab-004\/","og_locale":"es_ES","og_type":"article","og_title":"Compact Biochemical Analyzer The Lab 004","og_description":"The Lab 004 instrument is intended for the quantitative and automated measurement of several physiological markers in serum and plasma.","og_url":"https:\/\/eastwings-diagnostics.com\/es\/producto\/compact-biochemical-analyzer-the-lab-004\/","og_site_name":"Eastwings Diagnostics Ltd","article_modified_time":"2022-09-24T14:16:16+00:00","og_image":[{"width":926,"height":1389,"url":"https:\/\/i0.wp.com\/eastwings-diagnostics.com\/wp-content\/uploads\/2022\/09\/WhatsApp-Image-2022-09-21-at-12.13.57-PM-1.jpeg?fit=926%2C1389&ssl=1","type":"image\/jpeg"}],"twitter_card":"summary_large_image","twitter_site":"@eastwings3","schema":{"@context":"https:\/\/schema.org","@graph":[{"@type":"WebPage","@id":"https:\/\/eastwings-diagnostics.com\/ru\/product\/compact-biochemical-analyzer-the-lab-004\/","url":"https:\/\/eastwings-diagnostics.com\/ru\/product\/compact-biochemical-analyzer-the-lab-004\/","name":"Compact Biochemical Analyzer The Lab 004 - Eastwings Diagnostics Ltd","isPartOf":{"@id":"https:\/\/eastwings-diagnostics.com\/#website"},"primaryImageOfPage":{"@id":"https:\/\/eastwings-diagnostics.com\/ru\/product\/compact-biochemical-analyzer-the-lab-004\/#primaryimage"},"image":{"@id":"https:\/\/eastwings-diagnostics.com\/ru\/product\/compact-biochemical-analyzer-the-lab-004\/#primaryimage"},"thumbnailUrl":"https:\/\/i0.wp.com\/eastwings-diagnostics.com\/wp-content\/uploads\/2022\/09\/WhatsApp-Image-2022-09-21-at-12.13.57-PM-1.jpeg?fit=926%2C1389&ssl=1","datePublished":"2022-09-23T12:51:19+00:00","dateModified":"2022-09-24T14:16:16+00:00","description":"The Lab 004 instrument is intended for the quantitative and automated measurement of several physiological markers in serum and plasma.","breadcrumb":{"@id":"https:\/\/eastwings-diagnostics.com\/ru\/product\/compact-biochemical-analyzer-the-lab-004\/#breadcrumb"},"inLanguage":"es","potentialAction":[{"@type":"ReadAction","target":["https:\/\/eastwings-diagnostics.com\/ru\/product\/compact-biochemical-analyzer-the-lab-004\/"]}]},{"@type":"ImageObject","inLanguage":"es","@id":"https:\/\/eastwings-diagnostics.com\/ru\/product\/compact-biochemical-analyzer-the-lab-004\/#primaryimage","url":"https:\/\/i0.wp.com\/eastwings-diagnostics.com\/wp-content\/uploads\/2022\/09\/WhatsApp-Image-2022-09-21-at-12.13.57-PM-1.jpeg?fit=926%2C1389&ssl=1","contentUrl":"https:\/\/i0.wp.com\/eastwings-diagnostics.com\/wp-content\/uploads\/2022\/09\/WhatsApp-Image-2022-09-21-at-12.13.57-PM-1.jpeg?fit=926%2C1389&ssl=1","width":926,"height":1389,"caption":"Compact Biochemical Analyzer The Lab 004"},{"@type":"BreadcrumbList","@id":"https:\/\/eastwings-diagnostics.com\/ru\/product\/compact-biochemical-analyzer-the-lab-004\/#breadcrumb","itemListElement":[{"@type":"ListItem","position":1,"name":"Home","item":"https:\/\/eastwings-diagnostics.com\/"},{"@type":"ListItem","position":2,"name":"Products","item":"https:\/\/eastwings-diagnostics.com\/products\/"},{"@type":"ListItem","position":3,"name":"Compact Biochemical Analyzer The Lab 004"}]},{"@type":"WebSite","@id":"https:\/\/eastwings-diagnostics.com\/#website","url":"https:\/\/eastwings-diagnostics.com\/","name":"Eastwings Diagnostics Ltd","description":"","publisher":{"@id":"https:\/\/eastwings-diagnostics.com\/#organization"},"potentialAction":[{"@type":"SearchAction","target":{"@type":"EntryPoint","urlTemplate":"https:\/\/eastwings-diagnostics.com\/?s={search_term_string}"},"query-input":{"@type":"PropertyValueSpecification","valueRequired":true,"valueName":"search_term_string"}}],"inLanguage":"es"},{"@type":"Organization","@id":"https:\/\/eastwings-diagnostics.com\/#organization","name":"Eastwings Diagnostics LTD","url":"https:\/\/eastwings-diagnostics.com\/","logo":{"@type":"ImageObject","inLanguage":"es","@id":"https:\/\/eastwings-diagnostics.com\/#\/schema\/logo\/image\/","url":"https:\/\/eastwings-diagnostics.com\/wp-content\/uploads\/2021\/11\/eastwingss-diaa.png","contentUrl":"https:\/\/eastwings-diagnostics.com\/wp-content\/uploads\/2021\/11\/eastwingss-diaa.png","width":512,"height":120,"caption":"Eastwings Diagnostics LTD"},"image":{"@id":"https:\/\/eastwings-diagnostics.com\/#\/schema\/logo\/image\/"},"sameAs":["https:\/\/x.com\/eastwings3","http:\/\/www.linkedin.com\/in\/eastwings-diagnostics-213031226"]}]}},"jetpack_sharing_enabled":true,"_links":{"self":[{"href":"https:\/\/eastwings-diagnostics.com\/es\/wp-json\/wp\/v2\/product\/7578","targetHints":{"allow":["GET"]}}],"collection":[{"href":"https:\/\/eastwings-diagnostics.com\/es\/wp-json\/wp\/v2\/product"}],"about":[{"href":"https:\/\/eastwings-diagnostics.com\/es\/wp-json\/wp\/v2\/types\/product"}],"wp:featuredmedia":[{"embeddable":true,"href":"https:\/\/eastwings-diagnostics.com\/es\/wp-json\/wp\/v2\/media\/7600"}],"wp:attachment":[{"href":"https:\/\/eastwings-diagnostics.com\/es\/wp-json\/wp\/v2\/media?parent=7578"}],"wp:term":[{"taxonomy":"product_brand","embeddable":true,"href":"https:\/\/eastwings-diagnostics.com\/es\/wp-json\/wp\/v2\/product_brand?post=7578"},{"taxonomy":"product_cat","embeddable":true,"href":"https:\/\/eastwings-diagnostics.com\/es\/wp-json\/wp\/v2\/product_cat?post=7578"},{"taxonomy":"product_tag","embeddable":true,"href":"https:\/\/eastwings-diagnostics.com\/es\/wp-json\/wp\/v2\/product_tag?post=7578"}],"curies":[{"name":"wp","href":"https:\/\/api.w.org\/{rel}","templated":true}]}}