{"id":7573,"date":"2022-09-21T22:29:12","date_gmt":"2022-09-21T22:29:12","guid":{"rendered":"https:\/\/eastwings-diagnostics.com\/?post_type=product&#038;p=7573"},"modified":"2022-09-29T12:23:05","modified_gmt":"2022-09-29T12:23:05","slug":"compact-urine-analyzer-pocketchem-ua-pu-4010","status":"publish","type":"product","link":"https:\/\/eastwings-diagnostics.com\/es\/producto\/compact-urine-analyzer-pocketchem-ua-pu-4010\/","title":{"rendered":"Analizador de orina compacto PocketChem UA PU-4010"},"content":{"rendered":"","protected":false},"excerpt":{"rendered":"<p>Del tama\u00f1o de la palma de la mano, cabe f\u00e1cilmente en la bolsa de un m\u00e9dico o en el bolsillo del uniforme.<br \/>\nLa impresora se puede separar del analizador \u201cPocketChem\u201d, dej\u00e1ndolo con un peso de tan solo 180g.<\/p>\n<p class=\"bold mb05\"><strong>Caracter\u00edsticas correctivas para obtener resultados de prueba precisos<\/strong><\/p>\n<ul>\n<li>Se pueden obtener lecturas precisas eliminando los efectos de la cromaturia con la almohadilla de prueba de correcci\u00f3n de color, compensando las mediciones de la temperatura del ambiente circundante con un sensor de temperatura incorporado y corrigiendo la gravedad espec\u00edfica en funci\u00f3n de las lecturas de pH.<\/li>\n<\/ul>\n<p class=\"bold\"><strong>Analizador del tama\u00f1o de la palma de la mano alimentado por dos bater\u00edas<\/strong><\/p>\n<ul>\n<li>El analizador es desmontable de la impresora. El analizador es realmente port\u00e1til y m\u00f3vil.<\/li>\n<\/ul>\n<p class=\"bold\"><strong>Operaci\u00f3n simple. Simplemente presione el bot\u00f3n de inicio<\/strong><\/p>\n<ul>\n<li>La medici\u00f3n se realiza simplemente presionando el bot\u00f3n de inicio y colocando una tira reactiva. Los resultados de las pruebas se pueden ver simult\u00e1neamente en la pantalla e imprimir desde la impresora.<\/li>\n<\/ul>\n<p class=\"bold\"><strong>Resultados de prueba fiables con correcci\u00f3n de creatinina<\/strong><\/p>\n<ul>\n<li>Incluso con el uso de orina puntual, los resultados de las pruebas son confiables y no se ven afectados por las diluciones o concentraciones de orina. La relaci\u00f3n P\/C o relaci\u00f3n A\/C es eficaz para el cribado de enfermedades renales.<\/li>\n<\/ul>\n<h3>Especificaciones<\/h3>\n<table class=\"tbl01 mb20\">\n<tbody>\n<tr>\n<th width=\"178px;\">Muestra<\/th>\n<td>Orina<\/td>\n<\/tr>\n<tr>\n<th width=\"178px;\">Tiras de prueba<\/th>\n<td>Sticks AUTION\/ Uriflet S (9UB)* \/ PANTALLA AUTION<br \/>\n* Excepto dispositivos con especificaciones de 10V<\/td>\n<\/tr>\n<tr>\n<th width=\"178px;\">Elementos de medici\u00f3n<\/th>\n<td>GLU (glucosa), PRO (prote\u00edna), BIL (bilirrubina), URO (urobilin\u00f3geno), SG (gravedad espec\u00edfica), BLD (sangre), PH (pH), KET (cetonas), NIT (nitrito), LEU (leucocitos) , CRE (creatinina) y ALB (alb\u00famina).<\/td>\n<\/tr>\n<tr>\n<th width=\"178px;\">Principio de medici\u00f3n<\/th>\n<td>Tira de prueba: m\u00e9todo de reflectancia de longitud de onda dual.<br \/>\n(una longitud de onda para la medici\u00f3n BLD)<\/td>\n<\/tr>\n<tr>\n<th width=\"178px;\">Longitudes de onda de medici\u00f3n<\/th>\n<td>LED de 3 longitudes de onda (565, 635, 760 nm)<\/td>\n<\/tr>\n<tr>\n<th width=\"178px;\">M\u00e9todo de suministro de muestra<\/th>\n<td>Inmersi\u00f3n manual<\/td>\n<\/tr>\n<tr>\n<th width=\"178px;\">Capacidad de medici\u00f3n<\/th>\n<td>50 pruebas por hora<\/td>\n<\/tr>\n<tr>\n<th width=\"178px;\">Tiempo de reacci\u00f3n de la tira reactiva<\/th>\n<td>Aproximadamente 60 segundos por prueba<\/td>\n<\/tr>\n<tr>\n<th width=\"178px;\">Tipos de medici\u00f3n<\/th>\n<td>Medici\u00f3n normal y medici\u00f3n de control<\/td>\n<\/tr>\n<tr>\n<th width=\"178px;\">Monitor<\/th>\n<td>Pantalla LCD personalizada que muestra informaci\u00f3n, incluido el tipo de tira reactiva,<br \/>\nn\u00famero de medici\u00f3n (hasta 4 d\u00edgitos), identificaci\u00f3n del paciente (hasta 13 d\u00edgitos) y resultados de la prueba.<\/td>\n<\/tr>\n<tr>\n<th width=\"178px;\">Panel del operador<\/th>\n<td>Hoja de panel que proporciona 14 botones, incluidos los botones num\u00e9ricos y el bot\u00f3n de inicio.<\/td>\n<\/tr>\n<tr>\n<th width=\"178px;\">Capacidad de memoria<\/th>\n<td>Resultados de la prueba para 100 muestras<\/td>\n<\/tr>\n<tr>\n<th width=\"178px;\">Salida externa<\/th>\n<td>Cumple con RS-232 C<\/td>\n<\/tr>\n<tr>\n<th width=\"178px;\">Entorno de medici\u00f3n<\/th>\n<td>Temperatura: 10 a 30 \u00b0C; Humedad: 30 a 60 % RH (sin condensaci\u00f3n) *Funci\u00f3n de correcci\u00f3n de temperatura utilizada<\/td>\n<\/tr>\n<tr>\n<th width=\"178px;\">Dimensiones<\/th>\n<td>124 (ancho) x 81 (profundidad) x 36 (alto) mm<\/td>\n<\/tr>\n<tr>\n<th width=\"178px;\">Peso<\/th>\n<td>180 g (sin pilas)<\/td>\n<\/tr>\n<tr>\n<th width=\"178px;\">Fuente de alimentaci\u00f3n<\/th>\n<td>Solo instrumento: dos pilas alcalinas AA o adaptador de CA<br \/>\nInstrumento con impresora: adaptador de CA 7,5 V 3 A<\/td>\n<\/tr>\n<tr>\n<th width=\"178px;\">El consumo de energ\u00eda<\/th>\n<td>3 vatios<\/td>\n<\/tr>\n<\/tbody>\n<\/table>\n<h3>Especificaciones de la impresora<\/h3>\n<table class=\"tbl01 mb20\">\n<tbody>\n<tr>\n<th width=\"178px;\">Impresora<\/th>\n<td>Impresora de grabaci\u00f3n t\u00e9rmica<\/td>\n<\/tr>\n<tr>\n<th width=\"178px;\">Papel de imprimir<\/th>\n<td>Papel t\u00e9rmico de alto desarrollo de color<br \/>\n(ancho 58 mm x \u03c626 mm)<\/td>\n<\/tr>\n<tr>\n<th width=\"178px;\">Dimensiones<\/th>\n<td>125 (ancho) x 133 (profundidad) x 36 (alto) mm<\/td>\n<\/tr>\n<tr>\n<th width=\"178px;\">Peso<\/th>\n<td>180 g (sin papel de impresora)<\/td>\n<\/tr>\n<tr>\n<th width=\"178px;\">Fuente de alimentaci\u00f3n<\/th>\n<td>Adaptador de CA 7,5 V 3 A<\/td>\n<\/tr>\n<tr>\n<th width=\"178px;\">El consumo de energ\u00eda<\/th>\n<td>20W<\/td>\n<\/tr>\n<\/tbody>\n<\/table>","protected":false},"featured_media":7616,"template":"","meta":{"nf_dc_page":""},"product_brand":[],"product_cat":[117,57],"product_tag":[],"class_list":{"0":"post-7573","1":"product","2":"type-product","3":"status-publish","4":"has-post-thumbnail","6":"product_cat-primary-health-care","7":"product_cat-urinalysis","9":"first","10":"instock","11":"shipping-taxable","12":"product-type-simple"},"yoast_head":"<!-- This site is optimized with the Yoast SEO Premium plugin v23.9 (Yoast SEO v27.4) - https:\/\/yoast.com\/product\/yoast-seo-premium-wordpress\/ -->\n<title>Compact Urine Analyzer PocketChem UA PU-4010 - Eastwings Diagnostics Ltd<\/title>\n<meta name=\"description\" content=\"Palm-sized, fitting easily into a doctor&#039;s bag or uniform pocket.The printer can be separated from the &quot;PocketChem&quot; analyzer, leaving it with a weight of just 180g.\" \/>\n<meta name=\"robots\" content=\"index, follow, max-snippet:-1, max-image-preview:large, max-video-preview:-1\" \/>\n<link rel=\"canonical\" href=\"https:\/\/eastwings-diagnostics.com\/es\/producto\/compact-urine-analyzer-pocketchem-ua-pu-4010\/\" \/>\n<meta property=\"og:locale\" content=\"es_ES\" \/>\n<meta property=\"og:type\" content=\"article\" \/>\n<meta property=\"og:title\" content=\"Compact Urine Analyzer PocketChem UA PU-4010\" \/>\n<meta property=\"og:description\" content=\"Palm-sized, fitting easily into a doctor&#039;s bag or uniform pocket.The printer can be separated from the &quot;PocketChem&quot; analyzer, leaving it with a weight of just 180g.\" \/>\n<meta property=\"og:url\" content=\"https:\/\/eastwings-diagnostics.com\/es\/producto\/compact-urine-analyzer-pocketchem-ua-pu-4010\/\" \/>\n<meta property=\"og:site_name\" content=\"Eastwings Diagnostics Ltd\" \/>\n<meta property=\"article:modified_time\" content=\"2022-09-29T12:23:05+00:00\" \/>\n<meta property=\"og:image\" content=\"https:\/\/i0.wp.com\/eastwings-diagnostics.com\/wp-content\/uploads\/2022\/09\/MicrosoftTeams-image-scaled.jpg?fit=2439%2C2560&ssl=1\" \/>\n\t<meta property=\"og:image:width\" content=\"2439\" \/>\n\t<meta property=\"og:image:height\" content=\"2560\" \/>\n\t<meta property=\"og:image:type\" content=\"image\/jpeg\" \/>\n<meta name=\"twitter:card\" content=\"summary_large_image\" \/>\n<meta name=\"twitter:site\" content=\"@eastwings3\" \/>\n<script type=\"application\/ld+json\" class=\"yoast-schema-graph\">{\"@context\":\"https:\\\/\\\/schema.org\",\"@graph\":[{\"@type\":\"WebPage\",\"@id\":\"https:\\\/\\\/eastwings-diagnostics.com\\\/product\\\/compact-urine-analyzer-pocketchem-ua-pu-4010\\\/\",\"url\":\"https:\\\/\\\/eastwings-diagnostics.com\\\/product\\\/compact-urine-analyzer-pocketchem-ua-pu-4010\\\/\",\"name\":\"Compact Urine Analyzer PocketChem UA PU-4010 - Eastwings Diagnostics Ltd\",\"isPartOf\":{\"@id\":\"https:\\\/\\\/eastwings-diagnostics.com\\\/#website\"},\"primaryImageOfPage\":{\"@id\":\"https:\\\/\\\/eastwings-diagnostics.com\\\/product\\\/compact-urine-analyzer-pocketchem-ua-pu-4010\\\/#primaryimage\"},\"image\":{\"@id\":\"https:\\\/\\\/eastwings-diagnostics.com\\\/product\\\/compact-urine-analyzer-pocketchem-ua-pu-4010\\\/#primaryimage\"},\"thumbnailUrl\":\"https:\\\/\\\/i0.wp.com\\\/eastwings-diagnostics.com\\\/wp-content\\\/uploads\\\/2022\\\/09\\\/MicrosoftTeams-image-scaled.jpg?fit=2439%2C2560&ssl=1\",\"datePublished\":\"2022-09-21T22:29:12+00:00\",\"dateModified\":\"2022-09-29T12:23:05+00:00\",\"description\":\"Palm-sized, fitting easily into a doctor's bag or uniform pocket.The printer can be separated from the \\\"PocketChem\\\" analyzer, leaving it with a weight of just 180g.\",\"breadcrumb\":{\"@id\":\"https:\\\/\\\/eastwings-diagnostics.com\\\/product\\\/compact-urine-analyzer-pocketchem-ua-pu-4010\\\/#breadcrumb\"},\"inLanguage\":\"es\",\"potentialAction\":[{\"@type\":\"ReadAction\",\"target\":[\"https:\\\/\\\/eastwings-diagnostics.com\\\/product\\\/compact-urine-analyzer-pocketchem-ua-pu-4010\\\/\"]}]},{\"@type\":\"ImageObject\",\"inLanguage\":\"es\",\"@id\":\"https:\\\/\\\/eastwings-diagnostics.com\\\/product\\\/compact-urine-analyzer-pocketchem-ua-pu-4010\\\/#primaryimage\",\"url\":\"https:\\\/\\\/i0.wp.com\\\/eastwings-diagnostics.com\\\/wp-content\\\/uploads\\\/2022\\\/09\\\/MicrosoftTeams-image-scaled.jpg?fit=2439%2C2560&ssl=1\",\"contentUrl\":\"https:\\\/\\\/i0.wp.com\\\/eastwings-diagnostics.com\\\/wp-content\\\/uploads\\\/2022\\\/09\\\/MicrosoftTeams-image-scaled.jpg?fit=2439%2C2560&ssl=1\",\"width\":2439,\"height\":2560,\"caption\":\"PocketChem UA PU-4010\"},{\"@type\":\"BreadcrumbList\",\"@id\":\"https:\\\/\\\/eastwings-diagnostics.com\\\/product\\\/compact-urine-analyzer-pocketchem-ua-pu-4010\\\/#breadcrumb\",\"itemListElement\":[{\"@type\":\"ListItem\",\"position\":1,\"name\":\"Home\",\"item\":\"https:\\\/\\\/eastwings-diagnostics.com\\\/\"},{\"@type\":\"ListItem\",\"position\":2,\"name\":\"Products\",\"item\":\"https:\\\/\\\/eastwings-diagnostics.com\\\/products\\\/\"},{\"@type\":\"ListItem\",\"position\":3,\"name\":\"Compact Urine Analyzer PocketChem UA PU-4010\"}]},{\"@type\":\"WebSite\",\"@id\":\"https:\\\/\\\/eastwings-diagnostics.com\\\/#website\",\"url\":\"https:\\\/\\\/eastwings-diagnostics.com\\\/\",\"name\":\"Eastwings Diagnostics Ltd\",\"description\":\"\",\"publisher\":{\"@id\":\"https:\\\/\\\/eastwings-diagnostics.com\\\/#organization\"},\"potentialAction\":[{\"@type\":\"SearchAction\",\"target\":{\"@type\":\"EntryPoint\",\"urlTemplate\":\"https:\\\/\\\/eastwings-diagnostics.com\\\/?s={search_term_string}\"},\"query-input\":{\"@type\":\"PropertyValueSpecification\",\"valueRequired\":true,\"valueName\":\"search_term_string\"}}],\"inLanguage\":\"es\"},{\"@type\":\"Organization\",\"@id\":\"https:\\\/\\\/eastwings-diagnostics.com\\\/#organization\",\"name\":\"Eastwings Diagnostics LTD\",\"url\":\"https:\\\/\\\/eastwings-diagnostics.com\\\/\",\"logo\":{\"@type\":\"ImageObject\",\"inLanguage\":\"es\",\"@id\":\"https:\\\/\\\/eastwings-diagnostics.com\\\/#\\\/schema\\\/logo\\\/image\\\/\",\"url\":\"https:\\\/\\\/eastwings-diagnostics.com\\\/wp-content\\\/uploads\\\/2021\\\/11\\\/eastwingss-diaa.png\",\"contentUrl\":\"https:\\\/\\\/eastwings-diagnostics.com\\\/wp-content\\\/uploads\\\/2021\\\/11\\\/eastwingss-diaa.png\",\"width\":512,\"height\":120,\"caption\":\"Eastwings Diagnostics LTD\"},\"image\":{\"@id\":\"https:\\\/\\\/eastwings-diagnostics.com\\\/#\\\/schema\\\/logo\\\/image\\\/\"},\"sameAs\":[\"https:\\\/\\\/x.com\\\/eastwings3\",\"http:\\\/\\\/www.linkedin.com\\\/in\\\/eastwings-diagnostics-213031226\"]}]}<\/script>\n<!-- \/ Yoast SEO Premium plugin. -->","yoast_head_json":{"title":"Compact Urine Analyzer PocketChem UA PU-4010 - Eastwings Diagnostics Ltd","description":"Palm-sized, fitting easily into a doctor's bag or uniform pocket.The printer can be separated from the \"PocketChem\" analyzer, leaving it with a weight of just 180g.","robots":{"index":"index","follow":"follow","max-snippet":"max-snippet:-1","max-image-preview":"max-image-preview:large","max-video-preview":"max-video-preview:-1"},"canonical":"https:\/\/eastwings-diagnostics.com\/es\/producto\/compact-urine-analyzer-pocketchem-ua-pu-4010\/","og_locale":"es_ES","og_type":"article","og_title":"Compact Urine Analyzer PocketChem UA PU-4010","og_description":"Palm-sized, fitting easily into a doctor's bag or uniform pocket.The printer can be separated from the \"PocketChem\" analyzer, leaving it with a weight of just 180g.","og_url":"https:\/\/eastwings-diagnostics.com\/es\/producto\/compact-urine-analyzer-pocketchem-ua-pu-4010\/","og_site_name":"Eastwings Diagnostics Ltd","article_modified_time":"2022-09-29T12:23:05+00:00","og_image":[{"width":2439,"height":2560,"url":"https:\/\/i0.wp.com\/eastwings-diagnostics.com\/wp-content\/uploads\/2022\/09\/MicrosoftTeams-image-scaled.jpg?fit=2439%2C2560&ssl=1","type":"image\/jpeg"}],"twitter_card":"summary_large_image","twitter_site":"@eastwings3","schema":{"@context":"https:\/\/schema.org","@graph":[{"@type":"WebPage","@id":"https:\/\/eastwings-diagnostics.com\/product\/compact-urine-analyzer-pocketchem-ua-pu-4010\/","url":"https:\/\/eastwings-diagnostics.com\/product\/compact-urine-analyzer-pocketchem-ua-pu-4010\/","name":"Compact Urine Analyzer PocketChem UA PU-4010 - Eastwings Diagnostics Ltd","isPartOf":{"@id":"https:\/\/eastwings-diagnostics.com\/#website"},"primaryImageOfPage":{"@id":"https:\/\/eastwings-diagnostics.com\/product\/compact-urine-analyzer-pocketchem-ua-pu-4010\/#primaryimage"},"image":{"@id":"https:\/\/eastwings-diagnostics.com\/product\/compact-urine-analyzer-pocketchem-ua-pu-4010\/#primaryimage"},"thumbnailUrl":"https:\/\/i0.wp.com\/eastwings-diagnostics.com\/wp-content\/uploads\/2022\/09\/MicrosoftTeams-image-scaled.jpg?fit=2439%2C2560&ssl=1","datePublished":"2022-09-21T22:29:12+00:00","dateModified":"2022-09-29T12:23:05+00:00","description":"Palm-sized, fitting easily into a doctor's bag or uniform pocket.The printer can be separated from the \"PocketChem\" analyzer, leaving it with a weight of just 180g.","breadcrumb":{"@id":"https:\/\/eastwings-diagnostics.com\/product\/compact-urine-analyzer-pocketchem-ua-pu-4010\/#breadcrumb"},"inLanguage":"es","potentialAction":[{"@type":"ReadAction","target":["https:\/\/eastwings-diagnostics.com\/product\/compact-urine-analyzer-pocketchem-ua-pu-4010\/"]}]},{"@type":"ImageObject","inLanguage":"es","@id":"https:\/\/eastwings-diagnostics.com\/product\/compact-urine-analyzer-pocketchem-ua-pu-4010\/#primaryimage","url":"https:\/\/i0.wp.com\/eastwings-diagnostics.com\/wp-content\/uploads\/2022\/09\/MicrosoftTeams-image-scaled.jpg?fit=2439%2C2560&ssl=1","contentUrl":"https:\/\/i0.wp.com\/eastwings-diagnostics.com\/wp-content\/uploads\/2022\/09\/MicrosoftTeams-image-scaled.jpg?fit=2439%2C2560&ssl=1","width":2439,"height":2560,"caption":"PocketChem UA PU-4010"},{"@type":"BreadcrumbList","@id":"https:\/\/eastwings-diagnostics.com\/product\/compact-urine-analyzer-pocketchem-ua-pu-4010\/#breadcrumb","itemListElement":[{"@type":"ListItem","position":1,"name":"Home","item":"https:\/\/eastwings-diagnostics.com\/"},{"@type":"ListItem","position":2,"name":"Products","item":"https:\/\/eastwings-diagnostics.com\/products\/"},{"@type":"ListItem","position":3,"name":"Compact Urine Analyzer PocketChem UA PU-4010"}]},{"@type":"WebSite","@id":"https:\/\/eastwings-diagnostics.com\/#website","url":"https:\/\/eastwings-diagnostics.com\/","name":"Eastwings Diagnostics Ltd","description":"","publisher":{"@id":"https:\/\/eastwings-diagnostics.com\/#organization"},"potentialAction":[{"@type":"SearchAction","target":{"@type":"EntryPoint","urlTemplate":"https:\/\/eastwings-diagnostics.com\/?s={search_term_string}"},"query-input":{"@type":"PropertyValueSpecification","valueRequired":true,"valueName":"search_term_string"}}],"inLanguage":"es"},{"@type":"Organization","@id":"https:\/\/eastwings-diagnostics.com\/#organization","name":"Eastwings Diagnostics LTD","url":"https:\/\/eastwings-diagnostics.com\/","logo":{"@type":"ImageObject","inLanguage":"es","@id":"https:\/\/eastwings-diagnostics.com\/#\/schema\/logo\/image\/","url":"https:\/\/eastwings-diagnostics.com\/wp-content\/uploads\/2021\/11\/eastwingss-diaa.png","contentUrl":"https:\/\/eastwings-diagnostics.com\/wp-content\/uploads\/2021\/11\/eastwingss-diaa.png","width":512,"height":120,"caption":"Eastwings Diagnostics LTD"},"image":{"@id":"https:\/\/eastwings-diagnostics.com\/#\/schema\/logo\/image\/"},"sameAs":["https:\/\/x.com\/eastwings3","http:\/\/www.linkedin.com\/in\/eastwings-diagnostics-213031226"]}]}},"jetpack_sharing_enabled":true,"_links":{"self":[{"href":"https:\/\/eastwings-diagnostics.com\/es\/wp-json\/wp\/v2\/product\/7573","targetHints":{"allow":["GET"]}}],"collection":[{"href":"https:\/\/eastwings-diagnostics.com\/es\/wp-json\/wp\/v2\/product"}],"about":[{"href":"https:\/\/eastwings-diagnostics.com\/es\/wp-json\/wp\/v2\/types\/product"}],"wp:featuredmedia":[{"embeddable":true,"href":"https:\/\/eastwings-diagnostics.com\/es\/wp-json\/wp\/v2\/media\/7616"}],"wp:attachment":[{"href":"https:\/\/eastwings-diagnostics.com\/es\/wp-json\/wp\/v2\/media?parent=7573"}],"wp:term":[{"taxonomy":"product_brand","embeddable":true,"href":"https:\/\/eastwings-diagnostics.com\/es\/wp-json\/wp\/v2\/product_brand?post=7573"},{"taxonomy":"product_cat","embeddable":true,"href":"https:\/\/eastwings-diagnostics.com\/es\/wp-json\/wp\/v2\/product_cat?post=7573"},{"taxonomy":"product_tag","embeddable":true,"href":"https:\/\/eastwings-diagnostics.com\/es\/wp-json\/wp\/v2\/product_tag?post=7573"}],"curies":[{"name":"wp","href":"https:\/\/api.w.org\/{rel}","templated":true}]}}