{"id":7571,"date":"2022-09-21T22:25:30","date_gmt":"2022-09-21T22:25:30","guid":{"rendered":"https:\/\/eastwings-diagnostics.com\/?post_type=product&#038;p=7571"},"modified":"2022-09-24T14:10:41","modified_gmt":"2022-09-24T14:10:41","slug":"semi-automatic-urine-analyzer-aution-idaten-ae-4070-urinalysis-compact","status":"publish","type":"product","link":"https:\/\/eastwings-diagnostics.com\/es\/producto\/semi-automatic-urine-analyzer-aution-idaten-ae-4070-urinalysis-compact\/","title":{"rendered":"Analizador de orina semiautom\u00e1tico Aution IDaten AE-4070 An\u00e1lisis de orina (compacto)"},"content":{"rendered":"","protected":false},"excerpt":{"rendered":"<h3>Logr\u00f3 una velocidad de procesamiento que est\u00e1 en el nivel m\u00e1s alto entre la serie AUTION, \u00a1incluso con su cuerpo compacto!<\/h3>\n<p class=\"bold\"><strong>Reduce la carga del personal m\u00e9dico al automatizar los ex\u00e1menes<\/strong><\/p>\n<p class=\"bold\">Eliminaci\u00f3n autom\u00e1tica de reactivos despu\u00e9s de la medici\u00f3n<\/p>\n<p class=\"bold mb0\"><strong>Soporte multiling\u00fce<\/strong><\/p>\n<ul>\n<li>Admite 8 idiomas: ingl\u00e9s, franc\u00e9s, alem\u00e1n, italiano, griego, espa\u00f1ol, portugu\u00e9s y holand\u00e9s.<\/li>\n<\/ul>\n<p class=\"bold mb0\"><strong>Dise\u00f1ado para la usabilidad<\/strong><\/p>\n<ul>\n<li>Inicio autom\u00e1tico desde el lado izquierdo o derecho<\/li>\n<\/ul>\n<p class=\"bold mb0\"><strong>Facil mantenimiento<\/strong><\/p>\n<ul>\n<li>Para un mantenimiento regular, simplemente retire la bandeja de la unidad principal y l\u00e1vela con agua.<br \/>\nAdem\u00e1s, para reemplazar el papel de registro t\u00e9rmico en el que se imprimen los resultados, simplemente coloque el rollo de papel entre las cubiertas.<\/li>\n<\/ul>\n<p class=\"bold mb0\"><strong>La relaci\u00f3n ALB\/CRE y la relaci\u00f3n PRO\/CRE se pueden medir a trav\u00e9s de la correcci\u00f3n de creatinina.<\/strong><\/p>\n<ul>\n<li>Es posible realizar f\u00e1cilmente pruebas de detecci\u00f3n cualitativas para la enfermedad renal temprana y la diabetes mellitus, que se considera que no tienen s\u00edntomas subjetivos.<\/li>\n<\/ul>\n<h3>Especificaciones<\/h3>\n<table class=\"tbl01\">\n<tbody>\n<tr>\n<th>Objetos de medici\u00f3n<\/th>\n<td>Orina<\/td>\n<\/tr>\n<tr>\n<th>Tiras de prueba<\/th>\n<td>Palos AUTION, Uriflet S, PANTALLA AUTION<\/td>\n<\/tr>\n<tr>\n<th>Elementos de medici\u00f3n<\/th>\n<td>GLU, PRO, BIL, URO, KET, pH, NIT, BLD, LEU, gravedad espec\u00edfica, tono de color,<br \/>\nALB, CRE, A\/C, P\/C<\/td>\n<\/tr>\n<tr>\n<th>Principio de medici\u00f3n<\/th>\n<td>m\u00e9todo de la tira de prueba<br \/>\nM\u00e9todo fotom\u00e9trico de reflexi\u00f3n de longitud de onda dual (longitud de onda \u00fanica para BLD)<\/td>\n<\/tr>\n<tr>\n<th>Longitud de onda de medici\u00f3n<\/th>\n<td>LED de 4 longitudes de onda (430, 565, 635 y 760 nm)<\/td>\n<\/tr>\n<tr>\n<th>Velocidad de procesamiento<\/th>\n<td>514 muestras por hora<br \/>\n(modo de procesamiento m\u00e1ximo: intervalo de 7 segundos)<\/td>\n<\/tr>\n<tr>\n<th>Monitor<\/th>\n<td>Pantalla LCD a color de 7 pulgadas con panel t\u00e1ctil<\/td>\n<\/tr>\n<tr>\n<th>Impresora<\/th>\n<td>Para usar con papel de impresora t\u00e9rmica de 58 mm de ancho<\/td>\n<\/tr>\n<tr>\n<th>Capacidad de memoria<\/th>\n<td>520 muestras<\/td>\n<\/tr>\n<tr>\n<th>Salida externa<\/th>\n<td>Cumple con el est\u00e1ndar RS-232C (serie)<br \/>\nOpciones: placa Ethernet<\/td>\n<\/tr>\n<tr>\n<th>Sistema de comunicaci\u00f3n<\/th>\n<td>Sistema de comunicaci\u00f3n unidireccional (RS-232C)<br \/>\nSistema de comunicaci\u00f3n bidireccional (RS-232C, Ethernet)<\/td>\n<\/tr>\n<tr>\n<th>Entorno de medici\u00f3n<br \/>\n(Correcci\u00f3n de temperatura)<\/th>\n<td>Temperatura: 10 a 30\u00b0C,<br \/>\nHumedad: 30 a 60% RH (sin condensaci\u00f3n)<\/td>\n<\/tr>\n<tr>\n<th>Dimensiones<\/th>\n<td>206 (ancho) \u00d7 365 (profundidad) \u00d7 180 (alto) mm<\/td>\n<\/tr>\n<tr>\n<th>Peso<\/th>\n<td>Aprox. 5,0 kg<\/td>\n<\/tr>\n<tr>\n<th>Requerimientos de energ\u00eda<\/th>\n<td>Adaptador de CA: 100 a 240 V CA \u00b1 10%, 50\/60 Hz<br \/>\nUnidad principal del instrumento: 12 V CC<\/td>\n<\/tr>\n<tr>\n<th>Entrada de alimentaci\u00f3n<\/th>\n<td>Adaptador de CA: 60 VA<br \/>\nUnidad principal del instrumento: 12 V CC\/4,2 A<\/td>\n<\/tr>\n<\/tbody>\n<\/table>","protected":false},"featured_media":7597,"template":"","meta":{"nf_dc_page":""},"product_brand":[],"product_cat":[57],"product_tag":[],"class_list":{"0":"post-7571","1":"product","2":"type-product","3":"status-publish","4":"has-post-thumbnail","6":"product_cat-urinalysis","8":"first","9":"instock","10":"shipping-taxable","11":"product-type-simple"},"yoast_head":"<!-- This site is optimized with the Yoast SEO Premium plugin v23.9 (Yoast SEO v27.4) - https:\/\/yoast.com\/product\/yoast-seo-premium-wordpress\/ -->\n<title>Semi-automatic Urine Analyzer Aution IDaten AE-4070 Urinalysis (Compact) - Eastwings Diagnostics Ltd<\/title>\n<meta name=\"description\" content=\"Achieved a processing speed that&#039;s at the highest level among the AUTION series, even with its compact body!\" \/>\n<meta name=\"robots\" content=\"index, follow, max-snippet:-1, max-image-preview:large, max-video-preview:-1\" \/>\n<link rel=\"canonical\" href=\"https:\/\/eastwings-diagnostics.com\/es\/producto\/semi-automatic-urine-analyzer-aution-idaten-ae-4070-urinalysis-compact\/\" \/>\n<meta property=\"og:locale\" content=\"es_ES\" \/>\n<meta property=\"og:type\" content=\"article\" \/>\n<meta property=\"og:title\" content=\"Semi-automatic Urine Analyzer Aution IDaten AE-4070 Urinalysis (Compact)\" \/>\n<meta property=\"og:description\" content=\"Achieved a processing speed that&#039;s at the highest level among the AUTION series, even with its compact body!\" \/>\n<meta property=\"og:url\" content=\"https:\/\/eastwings-diagnostics.com\/es\/producto\/semi-automatic-urine-analyzer-aution-idaten-ae-4070-urinalysis-compact\/\" \/>\n<meta property=\"og:site_name\" content=\"Eastwings Diagnostics Ltd\" \/>\n<meta property=\"article:modified_time\" content=\"2022-09-24T14:10:41+00:00\" \/>\n<meta property=\"og:image\" content=\"https:\/\/i0.wp.com\/eastwings-diagnostics.com\/wp-content\/uploads\/2022\/09\/AE4070.jpeg?fit=1066%2C1600&ssl=1\" \/>\n\t<meta property=\"og:image:width\" content=\"1066\" \/>\n\t<meta property=\"og:image:height\" content=\"1600\" \/>\n\t<meta property=\"og:image:type\" content=\"image\/jpeg\" \/>\n<meta name=\"twitter:card\" content=\"summary_large_image\" \/>\n<meta name=\"twitter:site\" content=\"@eastwings3\" \/>\n<script type=\"application\/ld+json\" class=\"yoast-schema-graph\">{\"@context\":\"https:\\\/\\\/schema.org\",\"@graph\":[{\"@type\":\"WebPage\",\"@id\":\"https:\\\/\\\/eastwings-diagnostics.com\\\/product\\\/semi-automatic-urine-analyzer-aution-idaten-ae-4070-urinalysis-compact\\\/\",\"url\":\"https:\\\/\\\/eastwings-diagnostics.com\\\/product\\\/semi-automatic-urine-analyzer-aution-idaten-ae-4070-urinalysis-compact\\\/\",\"name\":\"Semi-automatic Urine Analyzer Aution IDaten AE-4070 Urinalysis (Compact) - Eastwings Diagnostics Ltd\",\"isPartOf\":{\"@id\":\"https:\\\/\\\/eastwings-diagnostics.com\\\/#website\"},\"primaryImageOfPage\":{\"@id\":\"https:\\\/\\\/eastwings-diagnostics.com\\\/product\\\/semi-automatic-urine-analyzer-aution-idaten-ae-4070-urinalysis-compact\\\/#primaryimage\"},\"image\":{\"@id\":\"https:\\\/\\\/eastwings-diagnostics.com\\\/product\\\/semi-automatic-urine-analyzer-aution-idaten-ae-4070-urinalysis-compact\\\/#primaryimage\"},\"thumbnailUrl\":\"https:\\\/\\\/i0.wp.com\\\/eastwings-diagnostics.com\\\/wp-content\\\/uploads\\\/2022\\\/09\\\/AE4070.jpeg?fit=1066%2C1600&ssl=1\",\"datePublished\":\"2022-09-21T22:25:30+00:00\",\"dateModified\":\"2022-09-24T14:10:41+00:00\",\"description\":\"Achieved a processing speed that's at the highest level among the AUTION series, even with its compact body!\",\"breadcrumb\":{\"@id\":\"https:\\\/\\\/eastwings-diagnostics.com\\\/product\\\/semi-automatic-urine-analyzer-aution-idaten-ae-4070-urinalysis-compact\\\/#breadcrumb\"},\"inLanguage\":\"es\",\"potentialAction\":[{\"@type\":\"ReadAction\",\"target\":[\"https:\\\/\\\/eastwings-diagnostics.com\\\/product\\\/semi-automatic-urine-analyzer-aution-idaten-ae-4070-urinalysis-compact\\\/\"]}]},{\"@type\":\"ImageObject\",\"inLanguage\":\"es\",\"@id\":\"https:\\\/\\\/eastwings-diagnostics.com\\\/product\\\/semi-automatic-urine-analyzer-aution-idaten-ae-4070-urinalysis-compact\\\/#primaryimage\",\"url\":\"https:\\\/\\\/i0.wp.com\\\/eastwings-diagnostics.com\\\/wp-content\\\/uploads\\\/2022\\\/09\\\/AE4070.jpeg?fit=1066%2C1600&ssl=1\",\"contentUrl\":\"https:\\\/\\\/i0.wp.com\\\/eastwings-diagnostics.com\\\/wp-content\\\/uploads\\\/2022\\\/09\\\/AE4070.jpeg?fit=1066%2C1600&ssl=1\",\"width\":1066,\"height\":1600,\"caption\":\"Aution IDaten AE-4070 Urinalysis (Compact)\"},{\"@type\":\"BreadcrumbList\",\"@id\":\"https:\\\/\\\/eastwings-diagnostics.com\\\/product\\\/semi-automatic-urine-analyzer-aution-idaten-ae-4070-urinalysis-compact\\\/#breadcrumb\",\"itemListElement\":[{\"@type\":\"ListItem\",\"position\":1,\"name\":\"Home\",\"item\":\"https:\\\/\\\/eastwings-diagnostics.com\\\/\"},{\"@type\":\"ListItem\",\"position\":2,\"name\":\"Products\",\"item\":\"https:\\\/\\\/eastwings-diagnostics.com\\\/products\\\/\"},{\"@type\":\"ListItem\",\"position\":3,\"name\":\"Semi-automatic Urine Analyzer Aution IDaten AE-4070 Urinalysis (Compact)\"}]},{\"@type\":\"WebSite\",\"@id\":\"https:\\\/\\\/eastwings-diagnostics.com\\\/#website\",\"url\":\"https:\\\/\\\/eastwings-diagnostics.com\\\/\",\"name\":\"Eastwings Diagnostics Ltd\",\"description\":\"\",\"publisher\":{\"@id\":\"https:\\\/\\\/eastwings-diagnostics.com\\\/#organization\"},\"potentialAction\":[{\"@type\":\"SearchAction\",\"target\":{\"@type\":\"EntryPoint\",\"urlTemplate\":\"https:\\\/\\\/eastwings-diagnostics.com\\\/?s={search_term_string}\"},\"query-input\":{\"@type\":\"PropertyValueSpecification\",\"valueRequired\":true,\"valueName\":\"search_term_string\"}}],\"inLanguage\":\"es\"},{\"@type\":\"Organization\",\"@id\":\"https:\\\/\\\/eastwings-diagnostics.com\\\/#organization\",\"name\":\"Eastwings Diagnostics LTD\",\"url\":\"https:\\\/\\\/eastwings-diagnostics.com\\\/\",\"logo\":{\"@type\":\"ImageObject\",\"inLanguage\":\"es\",\"@id\":\"https:\\\/\\\/eastwings-diagnostics.com\\\/#\\\/schema\\\/logo\\\/image\\\/\",\"url\":\"https:\\\/\\\/eastwings-diagnostics.com\\\/wp-content\\\/uploads\\\/2021\\\/11\\\/eastwingss-diaa.png\",\"contentUrl\":\"https:\\\/\\\/eastwings-diagnostics.com\\\/wp-content\\\/uploads\\\/2021\\\/11\\\/eastwingss-diaa.png\",\"width\":512,\"height\":120,\"caption\":\"Eastwings Diagnostics LTD\"},\"image\":{\"@id\":\"https:\\\/\\\/eastwings-diagnostics.com\\\/#\\\/schema\\\/logo\\\/image\\\/\"},\"sameAs\":[\"https:\\\/\\\/x.com\\\/eastwings3\",\"http:\\\/\\\/www.linkedin.com\\\/in\\\/eastwings-diagnostics-213031226\"]}]}<\/script>\n<!-- \/ Yoast SEO Premium plugin. -->","yoast_head_json":{"title":"Semi-automatic Urine Analyzer Aution IDaten AE-4070 Urinalysis (Compact) - Eastwings Diagnostics Ltd","description":"Achieved a processing speed that's at the highest level among the AUTION series, even with its compact body!","robots":{"index":"index","follow":"follow","max-snippet":"max-snippet:-1","max-image-preview":"max-image-preview:large","max-video-preview":"max-video-preview:-1"},"canonical":"https:\/\/eastwings-diagnostics.com\/es\/producto\/semi-automatic-urine-analyzer-aution-idaten-ae-4070-urinalysis-compact\/","og_locale":"es_ES","og_type":"article","og_title":"Semi-automatic Urine Analyzer Aution IDaten AE-4070 Urinalysis (Compact)","og_description":"Achieved a processing speed that's at the highest level among the AUTION series, even with its compact body!","og_url":"https:\/\/eastwings-diagnostics.com\/es\/producto\/semi-automatic-urine-analyzer-aution-idaten-ae-4070-urinalysis-compact\/","og_site_name":"Eastwings Diagnostics Ltd","article_modified_time":"2022-09-24T14:10:41+00:00","og_image":[{"width":1066,"height":1600,"url":"https:\/\/i0.wp.com\/eastwings-diagnostics.com\/wp-content\/uploads\/2022\/09\/AE4070.jpeg?fit=1066%2C1600&ssl=1","type":"image\/jpeg"}],"twitter_card":"summary_large_image","twitter_site":"@eastwings3","schema":{"@context":"https:\/\/schema.org","@graph":[{"@type":"WebPage","@id":"https:\/\/eastwings-diagnostics.com\/product\/semi-automatic-urine-analyzer-aution-idaten-ae-4070-urinalysis-compact\/","url":"https:\/\/eastwings-diagnostics.com\/product\/semi-automatic-urine-analyzer-aution-idaten-ae-4070-urinalysis-compact\/","name":"Semi-automatic Urine Analyzer Aution IDaten AE-4070 Urinalysis (Compact) - Eastwings Diagnostics Ltd","isPartOf":{"@id":"https:\/\/eastwings-diagnostics.com\/#website"},"primaryImageOfPage":{"@id":"https:\/\/eastwings-diagnostics.com\/product\/semi-automatic-urine-analyzer-aution-idaten-ae-4070-urinalysis-compact\/#primaryimage"},"image":{"@id":"https:\/\/eastwings-diagnostics.com\/product\/semi-automatic-urine-analyzer-aution-idaten-ae-4070-urinalysis-compact\/#primaryimage"},"thumbnailUrl":"https:\/\/i0.wp.com\/eastwings-diagnostics.com\/wp-content\/uploads\/2022\/09\/AE4070.jpeg?fit=1066%2C1600&ssl=1","datePublished":"2022-09-21T22:25:30+00:00","dateModified":"2022-09-24T14:10:41+00:00","description":"Achieved a processing speed that's at the highest level among the AUTION series, even with its compact body!","breadcrumb":{"@id":"https:\/\/eastwings-diagnostics.com\/product\/semi-automatic-urine-analyzer-aution-idaten-ae-4070-urinalysis-compact\/#breadcrumb"},"inLanguage":"es","potentialAction":[{"@type":"ReadAction","target":["https:\/\/eastwings-diagnostics.com\/product\/semi-automatic-urine-analyzer-aution-idaten-ae-4070-urinalysis-compact\/"]}]},{"@type":"ImageObject","inLanguage":"es","@id":"https:\/\/eastwings-diagnostics.com\/product\/semi-automatic-urine-analyzer-aution-idaten-ae-4070-urinalysis-compact\/#primaryimage","url":"https:\/\/i0.wp.com\/eastwings-diagnostics.com\/wp-content\/uploads\/2022\/09\/AE4070.jpeg?fit=1066%2C1600&ssl=1","contentUrl":"https:\/\/i0.wp.com\/eastwings-diagnostics.com\/wp-content\/uploads\/2022\/09\/AE4070.jpeg?fit=1066%2C1600&ssl=1","width":1066,"height":1600,"caption":"Aution IDaten AE-4070 Urinalysis (Compact)"},{"@type":"BreadcrumbList","@id":"https:\/\/eastwings-diagnostics.com\/product\/semi-automatic-urine-analyzer-aution-idaten-ae-4070-urinalysis-compact\/#breadcrumb","itemListElement":[{"@type":"ListItem","position":1,"name":"Home","item":"https:\/\/eastwings-diagnostics.com\/"},{"@type":"ListItem","position":2,"name":"Products","item":"https:\/\/eastwings-diagnostics.com\/products\/"},{"@type":"ListItem","position":3,"name":"Semi-automatic Urine Analyzer Aution IDaten AE-4070 Urinalysis (Compact)"}]},{"@type":"WebSite","@id":"https:\/\/eastwings-diagnostics.com\/#website","url":"https:\/\/eastwings-diagnostics.com\/","name":"Eastwings Diagnostics Ltd","description":"","publisher":{"@id":"https:\/\/eastwings-diagnostics.com\/#organization"},"potentialAction":[{"@type":"SearchAction","target":{"@type":"EntryPoint","urlTemplate":"https:\/\/eastwings-diagnostics.com\/?s={search_term_string}"},"query-input":{"@type":"PropertyValueSpecification","valueRequired":true,"valueName":"search_term_string"}}],"inLanguage":"es"},{"@type":"Organization","@id":"https:\/\/eastwings-diagnostics.com\/#organization","name":"Eastwings Diagnostics LTD","url":"https:\/\/eastwings-diagnostics.com\/","logo":{"@type":"ImageObject","inLanguage":"es","@id":"https:\/\/eastwings-diagnostics.com\/#\/schema\/logo\/image\/","url":"https:\/\/eastwings-diagnostics.com\/wp-content\/uploads\/2021\/11\/eastwingss-diaa.png","contentUrl":"https:\/\/eastwings-diagnostics.com\/wp-content\/uploads\/2021\/11\/eastwingss-diaa.png","width":512,"height":120,"caption":"Eastwings Diagnostics LTD"},"image":{"@id":"https:\/\/eastwings-diagnostics.com\/#\/schema\/logo\/image\/"},"sameAs":["https:\/\/x.com\/eastwings3","http:\/\/www.linkedin.com\/in\/eastwings-diagnostics-213031226"]}]}},"jetpack_sharing_enabled":true,"_links":{"self":[{"href":"https:\/\/eastwings-diagnostics.com\/es\/wp-json\/wp\/v2\/product\/7571","targetHints":{"allow":["GET"]}}],"collection":[{"href":"https:\/\/eastwings-diagnostics.com\/es\/wp-json\/wp\/v2\/product"}],"about":[{"href":"https:\/\/eastwings-diagnostics.com\/es\/wp-json\/wp\/v2\/types\/product"}],"wp:featuredmedia":[{"embeddable":true,"href":"https:\/\/eastwings-diagnostics.com\/es\/wp-json\/wp\/v2\/media\/7597"}],"wp:attachment":[{"href":"https:\/\/eastwings-diagnostics.com\/es\/wp-json\/wp\/v2\/media?parent=7571"}],"wp:term":[{"taxonomy":"product_brand","embeddable":true,"href":"https:\/\/eastwings-diagnostics.com\/es\/wp-json\/wp\/v2\/product_brand?post=7571"},{"taxonomy":"product_cat","embeddable":true,"href":"https:\/\/eastwings-diagnostics.com\/es\/wp-json\/wp\/v2\/product_cat?post=7571"},{"taxonomy":"product_tag","embeddable":true,"href":"https:\/\/eastwings-diagnostics.com\/es\/wp-json\/wp\/v2\/product_tag?post=7571"}],"curies":[{"name":"wp","href":"https:\/\/api.w.org\/{rel}","templated":true}]}}