{"id":7554,"date":"2022-09-21T19:25:38","date_gmt":"2022-09-21T19:25:38","guid":{"rendered":"https:\/\/eastwings-diagnostics.com\/?post_type=product&#038;p=7554"},"modified":"2022-09-21T19:26:05","modified_gmt":"2022-09-21T19:26:05","slug":"gm280-series","status":"publish","type":"product","link":"https:\/\/eastwings-diagnostics.com\/es\/producto\/gm280-series\/","title":{"rendered":"Serie GM280"},"content":{"rendered":"","protected":false},"excerpt":{"rendered":"<p>Un modelo sencillo que satisface todas tus necesidades. F\u00e1cil de sostener con una mano, junto con la precisi\u00f3n de la codificaci\u00f3n autom\u00e1tica, hace que las cosas no sean complicadas y lo mantiene enfocado en el objetivo real: un buen control de la glucosa.<\/p>\n<p><span class=\"color-middle-blue\">Conformidad total con EN ISO 15197: 2015 e ISO 15197: 2013<\/span><\/p>\n<h3 class=\"pro-GM700SB-header\">Bionime Bluetooth BGM<\/h3>\n<p>Libere todo el potencial de la transferencia de datos sin problemas<\/p>\n<ul>\n<li>Almacenamiento sencillo<\/li>\n<li>Carga inmediata<\/li>\n<li>An\u00e1lisis de glucosa<\/li>\n<\/ul>\n<div class=\"page-header wow fadeInUp\" data-wow-duration=\"0.8s\" data-wow-delay=\"0.2s\">\n<h2>Especificaciones GM280 \/ GM280B<\/h2>\n<\/div>\n<div class=\"table-container\">\n<table class=\"pro-spe-table wow fadeIn\" data-wow-duration=\"0.8s\" data-wow-delay=\"0.4s\">\n<tbody>\n<tr>\n<th>Tira de prueba<\/th>\n<td>GS280<\/td>\n<\/tr>\n<tr>\n<th>Codificaci\u00f3n<\/th>\n<td>Codificaci\u00f3n autom\u00e1tica<\/td>\n<\/tr>\n<tr>\n<th>Enzima \/ Tecnolog\u00eda de medici\u00f3n<\/th>\n<td>DIOS \/ Sensor electroqu\u00edmico<\/td>\n<\/tr>\n<tr>\n<th>Fuente de muestra de sangre<\/th>\n<td>Sangre entera capilar<\/td>\n<\/tr>\n<tr>\n<th>Volumen m\u00ednimo de muestra<\/th>\n<td>0,75 l<\/td>\n<\/tr>\n<tr>\n<th>Gama HCT<\/th>\n<td>30 &#8211; 57%<\/td>\n<\/tr>\n<tr>\n<th>Rango de medici\u00f3n<\/th>\n<td>0,6 a 33,3 mmol\/l (10 a 600 mg\/dl)<\/td>\n<\/tr>\n<tr>\n<th>Dimensiones del medidor (L x An x Al)<\/th>\n<td>82,0 x 45,0 x 15,5 mm (3,23 x 1,77 x 0,61 pulgadas)<\/td>\n<\/tr>\n<tr>\n<th>\u00c1rea de visualizaci\u00f3n (L x A)<\/th>\n<td>34,0 x 27,5 mm (1,34 x 1,09 pulgadas)<\/td>\n<\/tr>\n<tr>\n<th>Peso (con bater\u00eda)<\/th>\n<td>43,0 \u00b1 5g<\/td>\n<\/tr>\n<tr>\n<th>Fuente de alimentaci\u00f3n<\/th>\n<td>1 \u00d7 bater\u00eda CR2032<\/td>\n<\/tr>\n<tr>\n<th>Capacidad de memoria<\/th>\n<td>500 resultados de pruebas con fecha y hora<\/td>\n<\/tr>\n<tr>\n<th>Temperatura de funcionamiento<\/th>\n<td>10 a 40 \u00b0C (50 a 104 \u00b0F)<\/td>\n<\/tr>\n<tr>\n<th>Humedad relativa de funcionamiento<\/th>\n<td>10 &#8211; 90%<\/td>\n<\/tr>\n<tr>\n<th>Condiciones de almacenamiento del medidor<\/th>\n<td>-10 a 60 \u00b0C (14 a 140 \u00b0F)<\/td>\n<\/tr>\n<tr>\n<th>Condiciones de almacenamiento de las tiras reactivas<\/th>\n<td>A 4 \u2013 30 \u00b0C (39 \u2013 86 \u00b0F) y por debajo de la humedad relativa 90%<\/td>\n<\/tr>\n<tr>\n<th>Versi\u00f3n de Bluetooth (para GM280B)<\/th>\n<td>4.0<\/td>\n<\/tr>\n<tr>\n<th>Precisi\u00f3n<\/th>\n<td colspan=\"2\">Para concentraciones de glucosa &lt; 5,5 mmol\/L (100 mg\/dL),<br \/>\n95% de valores de glucosa medidos dentro de \u00b1 0,83 mmol\/L (15 mg\/dL) de las mediciones de referencia.<br \/>\nPara concentraciones de glucosa \u2265 5,5 mmol\/L (100 mg\/dL),<br \/>\n95% de los valores de glucosa medidos dentro de \u00b1 15% de las mediciones de referencia.<\/td>\n<\/tr>\n<tr>\n<th>Precisi\u00f3n<\/th>\n<td colspan=\"2\">Para concentraciones de glucosa &lt; 5,5 mmol\/L (100 mg\/dL), SD &lt; 0,28 mmol\/L (5 mg\/dL)<br \/>\nPara concentraciones de glucosa \u2265 5,5 mmol\/L (100 mg\/dL), CV &lt; 5%<\/td>\n<\/tr>\n<\/tbody>\n<\/table>\n<\/div>","protected":false},"featured_media":7555,"template":"","meta":{"nf_dc_page":""},"product_brand":[],"product_cat":[118],"product_tag":[],"class_list":{"0":"post-7554","1":"product","2":"type-product","3":"status-publish","4":"has-post-thumbnail","6":"product_cat-glucose-testing","8":"first","9":"instock","10":"shipping-taxable","11":"product-type-simple"},"yoast_head":"<!-- This site is optimized with the Yoast SEO Premium plugin v23.9 (Yoast SEO v27.4) - https:\/\/yoast.com\/product\/yoast-seo-premium-wordpress\/ -->\n<title>GM280 Series - Eastwings Diagnostics Ltd<\/title>\n<meta name=\"description\" content=\"The GM280 Series is a simple model that satisfies all your needs. Easy holding in one hand coupled with auto-coding accuracy...\" \/>\n<meta name=\"robots\" content=\"index, follow, max-snippet:-1, max-image-preview:large, max-video-preview:-1\" \/>\n<link rel=\"canonical\" href=\"https:\/\/eastwings-diagnostics.com\/es\/producto\/gm280-series\/\" \/>\n<meta property=\"og:locale\" content=\"es_ES\" \/>\n<meta property=\"og:type\" content=\"article\" \/>\n<meta property=\"og:title\" content=\"GM280 Series\" \/>\n<meta property=\"og:description\" content=\"The GM280 Series is a simple model that satisfies all your needs. Easy holding in one hand coupled with auto-coding accuracy...\" \/>\n<meta property=\"og:url\" content=\"https:\/\/eastwings-diagnostics.com\/es\/producto\/gm280-series\/\" \/>\n<meta property=\"og:site_name\" content=\"Eastwings Diagnostics Ltd\" \/>\n<meta property=\"article:modified_time\" content=\"2022-09-21T19:26:05+00:00\" \/>\n<meta property=\"og:image\" content=\"https:\/\/i0.wp.com\/eastwings-diagnostics.com\/wp-content\/uploads\/2022\/09\/GM280B_bluetooth.gif?fit=635%2C630&ssl=1\" \/>\n\t<meta property=\"og:image:width\" content=\"635\" \/>\n\t<meta property=\"og:image:height\" content=\"630\" \/>\n\t<meta property=\"og:image:type\" content=\"image\/gif\" \/>\n<meta name=\"twitter:card\" content=\"summary_large_image\" \/>\n<meta name=\"twitter:site\" content=\"@eastwings3\" \/>\n<script type=\"application\/ld+json\" class=\"yoast-schema-graph\">{\"@context\":\"https:\\\/\\\/schema.org\",\"@graph\":[{\"@type\":\"WebPage\",\"@id\":\"https:\\\/\\\/eastwings-diagnostics.com\\\/product\\\/gm280-series\\\/\",\"url\":\"https:\\\/\\\/eastwings-diagnostics.com\\\/product\\\/gm280-series\\\/\",\"name\":\"GM280 Series - Eastwings Diagnostics Ltd\",\"isPartOf\":{\"@id\":\"https:\\\/\\\/eastwings-diagnostics.com\\\/#website\"},\"primaryImageOfPage\":{\"@id\":\"https:\\\/\\\/eastwings-diagnostics.com\\\/product\\\/gm280-series\\\/#primaryimage\"},\"image\":{\"@id\":\"https:\\\/\\\/eastwings-diagnostics.com\\\/product\\\/gm280-series\\\/#primaryimage\"},\"thumbnailUrl\":\"https:\\\/\\\/i0.wp.com\\\/eastwings-diagnostics.com\\\/wp-content\\\/uploads\\\/2022\\\/09\\\/GM280B_bluetooth.gif?fit=635%2C630&ssl=1\",\"datePublished\":\"2022-09-21T19:25:38+00:00\",\"dateModified\":\"2022-09-21T19:26:05+00:00\",\"description\":\"The GM280 Series is a simple model that satisfies all your needs. Easy holding in one hand coupled with auto-coding accuracy...\",\"breadcrumb\":{\"@id\":\"https:\\\/\\\/eastwings-diagnostics.com\\\/product\\\/gm280-series\\\/#breadcrumb\"},\"inLanguage\":\"es\",\"potentialAction\":[{\"@type\":\"ReadAction\",\"target\":[\"https:\\\/\\\/eastwings-diagnostics.com\\\/product\\\/gm280-series\\\/\"]}]},{\"@type\":\"ImageObject\",\"inLanguage\":\"es\",\"@id\":\"https:\\\/\\\/eastwings-diagnostics.com\\\/product\\\/gm280-series\\\/#primaryimage\",\"url\":\"https:\\\/\\\/i0.wp.com\\\/eastwings-diagnostics.com\\\/wp-content\\\/uploads\\\/2022\\\/09\\\/GM280B_bluetooth.gif?fit=635%2C630&ssl=1\",\"contentUrl\":\"https:\\\/\\\/i0.wp.com\\\/eastwings-diagnostics.com\\\/wp-content\\\/uploads\\\/2022\\\/09\\\/GM280B_bluetooth.gif?fit=635%2C630&ssl=1\",\"width\":635,\"height\":630,\"caption\":\"GM280B_bluetooth\"},{\"@type\":\"BreadcrumbList\",\"@id\":\"https:\\\/\\\/eastwings-diagnostics.com\\\/product\\\/gm280-series\\\/#breadcrumb\",\"itemListElement\":[{\"@type\":\"ListItem\",\"position\":1,\"name\":\"Home\",\"item\":\"https:\\\/\\\/eastwings-diagnostics.com\\\/\"},{\"@type\":\"ListItem\",\"position\":2,\"name\":\"Products\",\"item\":\"https:\\\/\\\/eastwings-diagnostics.com\\\/products\\\/\"},{\"@type\":\"ListItem\",\"position\":3,\"name\":\"GM280 Series\"}]},{\"@type\":\"WebSite\",\"@id\":\"https:\\\/\\\/eastwings-diagnostics.com\\\/#website\",\"url\":\"https:\\\/\\\/eastwings-diagnostics.com\\\/\",\"name\":\"Eastwings Diagnostics Ltd\",\"description\":\"\",\"publisher\":{\"@id\":\"https:\\\/\\\/eastwings-diagnostics.com\\\/#organization\"},\"potentialAction\":[{\"@type\":\"SearchAction\",\"target\":{\"@type\":\"EntryPoint\",\"urlTemplate\":\"https:\\\/\\\/eastwings-diagnostics.com\\\/?s={search_term_string}\"},\"query-input\":{\"@type\":\"PropertyValueSpecification\",\"valueRequired\":true,\"valueName\":\"search_term_string\"}}],\"inLanguage\":\"es\"},{\"@type\":\"Organization\",\"@id\":\"https:\\\/\\\/eastwings-diagnostics.com\\\/#organization\",\"name\":\"Eastwings Diagnostics LTD\",\"url\":\"https:\\\/\\\/eastwings-diagnostics.com\\\/\",\"logo\":{\"@type\":\"ImageObject\",\"inLanguage\":\"es\",\"@id\":\"https:\\\/\\\/eastwings-diagnostics.com\\\/#\\\/schema\\\/logo\\\/image\\\/\",\"url\":\"https:\\\/\\\/eastwings-diagnostics.com\\\/wp-content\\\/uploads\\\/2021\\\/11\\\/eastwingss-diaa.png\",\"contentUrl\":\"https:\\\/\\\/eastwings-diagnostics.com\\\/wp-content\\\/uploads\\\/2021\\\/11\\\/eastwingss-diaa.png\",\"width\":512,\"height\":120,\"caption\":\"Eastwings Diagnostics LTD\"},\"image\":{\"@id\":\"https:\\\/\\\/eastwings-diagnostics.com\\\/#\\\/schema\\\/logo\\\/image\\\/\"},\"sameAs\":[\"https:\\\/\\\/x.com\\\/eastwings3\",\"http:\\\/\\\/www.linkedin.com\\\/in\\\/eastwings-diagnostics-213031226\"]}]}<\/script>\n<!-- \/ Yoast SEO Premium plugin. -->","yoast_head_json":{"title":"GM280 Series - Eastwings Diagnostics Ltd","description":"The GM280 Series is a simple model that satisfies all your needs. Easy holding in one hand coupled with auto-coding accuracy...","robots":{"index":"index","follow":"follow","max-snippet":"max-snippet:-1","max-image-preview":"max-image-preview:large","max-video-preview":"max-video-preview:-1"},"canonical":"https:\/\/eastwings-diagnostics.com\/es\/producto\/gm280-series\/","og_locale":"es_ES","og_type":"article","og_title":"GM280 Series","og_description":"The GM280 Series is a simple model that satisfies all your needs. Easy holding in one hand coupled with auto-coding accuracy...","og_url":"https:\/\/eastwings-diagnostics.com\/es\/producto\/gm280-series\/","og_site_name":"Eastwings Diagnostics Ltd","article_modified_time":"2022-09-21T19:26:05+00:00","og_image":[{"width":635,"height":630,"url":"https:\/\/i0.wp.com\/eastwings-diagnostics.com\/wp-content\/uploads\/2022\/09\/GM280B_bluetooth.gif?fit=635%2C630&ssl=1","type":"image\/gif"}],"twitter_card":"summary_large_image","twitter_site":"@eastwings3","schema":{"@context":"https:\/\/schema.org","@graph":[{"@type":"WebPage","@id":"https:\/\/eastwings-diagnostics.com\/product\/gm280-series\/","url":"https:\/\/eastwings-diagnostics.com\/product\/gm280-series\/","name":"GM280 Series - Eastwings Diagnostics Ltd","isPartOf":{"@id":"https:\/\/eastwings-diagnostics.com\/#website"},"primaryImageOfPage":{"@id":"https:\/\/eastwings-diagnostics.com\/product\/gm280-series\/#primaryimage"},"image":{"@id":"https:\/\/eastwings-diagnostics.com\/product\/gm280-series\/#primaryimage"},"thumbnailUrl":"https:\/\/i0.wp.com\/eastwings-diagnostics.com\/wp-content\/uploads\/2022\/09\/GM280B_bluetooth.gif?fit=635%2C630&ssl=1","datePublished":"2022-09-21T19:25:38+00:00","dateModified":"2022-09-21T19:26:05+00:00","description":"The GM280 Series is a simple model that satisfies all your needs. Easy holding in one hand coupled with auto-coding accuracy...","breadcrumb":{"@id":"https:\/\/eastwings-diagnostics.com\/product\/gm280-series\/#breadcrumb"},"inLanguage":"es","potentialAction":[{"@type":"ReadAction","target":["https:\/\/eastwings-diagnostics.com\/product\/gm280-series\/"]}]},{"@type":"ImageObject","inLanguage":"es","@id":"https:\/\/eastwings-diagnostics.com\/product\/gm280-series\/#primaryimage","url":"https:\/\/i0.wp.com\/eastwings-diagnostics.com\/wp-content\/uploads\/2022\/09\/GM280B_bluetooth.gif?fit=635%2C630&ssl=1","contentUrl":"https:\/\/i0.wp.com\/eastwings-diagnostics.com\/wp-content\/uploads\/2022\/09\/GM280B_bluetooth.gif?fit=635%2C630&ssl=1","width":635,"height":630,"caption":"GM280B_bluetooth"},{"@type":"BreadcrumbList","@id":"https:\/\/eastwings-diagnostics.com\/product\/gm280-series\/#breadcrumb","itemListElement":[{"@type":"ListItem","position":1,"name":"Home","item":"https:\/\/eastwings-diagnostics.com\/"},{"@type":"ListItem","position":2,"name":"Products","item":"https:\/\/eastwings-diagnostics.com\/products\/"},{"@type":"ListItem","position":3,"name":"GM280 Series"}]},{"@type":"WebSite","@id":"https:\/\/eastwings-diagnostics.com\/#website","url":"https:\/\/eastwings-diagnostics.com\/","name":"Eastwings Diagnostics Ltd","description":"","publisher":{"@id":"https:\/\/eastwings-diagnostics.com\/#organization"},"potentialAction":[{"@type":"SearchAction","target":{"@type":"EntryPoint","urlTemplate":"https:\/\/eastwings-diagnostics.com\/?s={search_term_string}"},"query-input":{"@type":"PropertyValueSpecification","valueRequired":true,"valueName":"search_term_string"}}],"inLanguage":"es"},{"@type":"Organization","@id":"https:\/\/eastwings-diagnostics.com\/#organization","name":"Eastwings Diagnostics LTD","url":"https:\/\/eastwings-diagnostics.com\/","logo":{"@type":"ImageObject","inLanguage":"es","@id":"https:\/\/eastwings-diagnostics.com\/#\/schema\/logo\/image\/","url":"https:\/\/eastwings-diagnostics.com\/wp-content\/uploads\/2021\/11\/eastwingss-diaa.png","contentUrl":"https:\/\/eastwings-diagnostics.com\/wp-content\/uploads\/2021\/11\/eastwingss-diaa.png","width":512,"height":120,"caption":"Eastwings Diagnostics LTD"},"image":{"@id":"https:\/\/eastwings-diagnostics.com\/#\/schema\/logo\/image\/"},"sameAs":["https:\/\/x.com\/eastwings3","http:\/\/www.linkedin.com\/in\/eastwings-diagnostics-213031226"]}]}},"jetpack_sharing_enabled":true,"_links":{"self":[{"href":"https:\/\/eastwings-diagnostics.com\/es\/wp-json\/wp\/v2\/product\/7554","targetHints":{"allow":["GET"]}}],"collection":[{"href":"https:\/\/eastwings-diagnostics.com\/es\/wp-json\/wp\/v2\/product"}],"about":[{"href":"https:\/\/eastwings-diagnostics.com\/es\/wp-json\/wp\/v2\/types\/product"}],"wp:featuredmedia":[{"embeddable":true,"href":"https:\/\/eastwings-diagnostics.com\/es\/wp-json\/wp\/v2\/media\/7555"}],"wp:attachment":[{"href":"https:\/\/eastwings-diagnostics.com\/es\/wp-json\/wp\/v2\/media?parent=7554"}],"wp:term":[{"taxonomy":"product_brand","embeddable":true,"href":"https:\/\/eastwings-diagnostics.com\/es\/wp-json\/wp\/v2\/product_brand?post=7554"},{"taxonomy":"product_cat","embeddable":true,"href":"https:\/\/eastwings-diagnostics.com\/es\/wp-json\/wp\/v2\/product_cat?post=7554"},{"taxonomy":"product_tag","embeddable":true,"href":"https:\/\/eastwings-diagnostics.com\/es\/wp-json\/wp\/v2\/product_tag?post=7554"}],"curies":[{"name":"wp","href":"https:\/\/api.w.org\/{rel}","templated":true}]}}