{"id":7408,"date":"2021-11-28T22:23:15","date_gmt":"2021-11-28T22:23:15","guid":{"rendered":"https:\/\/eastwings-diagnostics.com\/?post_type=product&#038;p=7408"},"modified":"2021-11-28T22:26:23","modified_gmt":"2021-11-28T22:26:23","slug":"rotolavit-ii","status":"publish","type":"product","link":"https:\/\/eastwings-diagnostics.com\/es\/producto\/rotolavit-ii\/","title":{"rendered":"Rotolavit II"},"content":{"rendered":"","protected":false},"excerpt":{"rendered":"<p><strong>SOLUCIONES DE SEROLOG\u00cdA F\u00c1CILES PARA EL USUARIO<\/strong><\/p>\n<p>El sistema de lavado de c\u00e9lulas ROTOLAVIT II facilita las tareas rutinarias en los laboratorios de los centros de transfusi\u00f3n. Se desarroll\u00f3 para la comparaci\u00f3n cruzada, as\u00ed como para la b\u00fasqueda y diferenciaci\u00f3n de anticuerpos, y para el lavado de c\u00e9lulas en pruebas de tuberculosis. Su moderna pantalla t\u00e1ctil permite la entrada simple y r\u00e1pida de hasta 20 programas diferentes. La centr\u00edfuga ocupa poco espacio y ofrece resultados fiables a bajo coste para los consumibles.<\/p>\n<h4>HECHOS Y N\u00daMEROS<\/h4>\n<p><strong>MAX. CAPACIDAD:<\/strong><br \/>\n24 x 5 ml<\/p>\n<p><strong>MAX. RCF:<\/strong><br \/>\n1,438<\/p>\n<p><strong>MAX. RPM:<\/strong><br \/>\n3500 min<sup>-1<\/sup><\/p>\n<p><strong>PESO:<\/strong><br \/>\naprox.<strong>\u00a0<\/strong>24,5 kilogramos<\/p>\n<p><strong>DIMENSIONES (An x Pr x Al):<\/strong><br \/>\n330 x 480 x 280 mm<\/p>\n<h3>ROTOR ABATIBLE, 12 LUGARES<\/h3>\n<ul>\n<li><strong>\u00c1ngulo:<\/strong>\u00a045 \u00b0<\/li>\n<li><strong>Max. RCF:<\/strong>\u00a01,438<\/li>\n<li><strong>Max. RPM:<\/strong>\u00a03500 min<sup>-1<\/sup><\/li>\n<li><strong>Max. Capacidad:<\/strong>\u00a012 x 5 ml<\/li>\n<\/ul>","protected":false},"featured_media":7411,"template":"","meta":{"nf_dc_page":""},"product_brand":[],"product_cat":[115],"product_tag":[],"class_list":{"0":"post-7408","1":"product","2":"type-product","3":"status-publish","4":"has-post-thumbnail","6":"product_cat-cell-washer","8":"first","9":"instock","10":"shipping-taxable","11":"product-type-simple"},"yoast_head":"<!-- This site is optimized with the Yoast SEO Premium plugin v23.9 (Yoast SEO v27.4) - https:\/\/yoast.com\/product\/yoast-seo-premium-wordpress\/ -->\n<title>Rotolavit II - Eastwings Diagnostics Ltd<\/title>\n<meta name=\"robots\" content=\"index, follow, max-snippet:-1, max-image-preview:large, max-video-preview:-1\" \/>\n<link rel=\"canonical\" href=\"https:\/\/eastwings-diagnostics.com\/es\/producto\/rotolavit-ii\/\" \/>\n<meta property=\"og:locale\" content=\"es_ES\" \/>\n<meta property=\"og:type\" content=\"article\" \/>\n<meta property=\"og:title\" content=\"Rotolavit II\" \/>\n<meta property=\"og:description\" content=\"USER FRIENDLY SEROLOGY SOLUTIONS  The ROTOLAVIT II cell washing system facilitates routine tasks in transfusion center laboratories. It was developed for cross-matching, as well as antibody search and differentiation, and for cell washing in TB tests. Its modern touch screen enables the simple and rapid input of up to 20 different programs. The centrifuge has a small footprint and delivers reliable results at low costs for consumables. FACTS &amp; NUMBERS MAX. CAPACITY: 24\u00a0x 5 ml  MAX. RCF: 1,438  MAX. RPM: 3,500 min-1  WEIGHT: approx.\u00a024.5 kg  DIMENSIONS (W x D x H): 330 x 480 x 280 mm SWING-OUT ROTOR, 12- PLACES   Angle:\u00a045\u00b0  Max. RCF:\u00a01,438  Max. RPM:\u00a03,500 min-1  Max. Capacity:\u00a012 x 5 ml\" \/>\n<meta property=\"og:url\" content=\"https:\/\/eastwings-diagnostics.com\/es\/producto\/rotolavit-ii\/\" \/>\n<meta property=\"og:site_name\" content=\"Eastwings Diagnostics Ltd\" \/>\n<meta property=\"article:modified_time\" content=\"2021-11-28T22:26:23+00:00\" \/>\n<meta property=\"og:image\" content=\"https:\/\/i0.wp.com\/eastwings-diagnostics.com\/wp-content\/uploads\/2021\/11\/Rotolavit.png?fit=575%2C575&ssl=1\" \/>\n\t<meta property=\"og:image:width\" content=\"575\" \/>\n\t<meta property=\"og:image:height\" content=\"575\" \/>\n\t<meta property=\"og:image:type\" content=\"image\/png\" \/>\n<meta name=\"twitter:card\" content=\"summary_large_image\" \/>\n<meta name=\"twitter:site\" content=\"@eastwings3\" \/>\n<script type=\"application\/ld+json\" class=\"yoast-schema-graph\">{\"@context\":\"https:\\\/\\\/schema.org\",\"@graph\":[{\"@type\":\"WebPage\",\"@id\":\"https:\\\/\\\/eastwings-diagnostics.com\\\/product\\\/rotolavit-ii\\\/\",\"url\":\"https:\\\/\\\/eastwings-diagnostics.com\\\/product\\\/rotolavit-ii\\\/\",\"name\":\"Rotolavit II - Eastwings Diagnostics Ltd\",\"isPartOf\":{\"@id\":\"https:\\\/\\\/eastwings-diagnostics.com\\\/#website\"},\"primaryImageOfPage\":{\"@id\":\"https:\\\/\\\/eastwings-diagnostics.com\\\/product\\\/rotolavit-ii\\\/#primaryimage\"},\"image\":{\"@id\":\"https:\\\/\\\/eastwings-diagnostics.com\\\/product\\\/rotolavit-ii\\\/#primaryimage\"},\"thumbnailUrl\":\"https:\\\/\\\/i0.wp.com\\\/eastwings-diagnostics.com\\\/wp-content\\\/uploads\\\/2021\\\/11\\\/Rotolavit.png?fit=575%2C575&ssl=1\",\"datePublished\":\"2021-11-28T22:23:15+00:00\",\"dateModified\":\"2021-11-28T22:26:23+00:00\",\"breadcrumb\":{\"@id\":\"https:\\\/\\\/eastwings-diagnostics.com\\\/product\\\/rotolavit-ii\\\/#breadcrumb\"},\"inLanguage\":\"es\",\"potentialAction\":[{\"@type\":\"ReadAction\",\"target\":[\"https:\\\/\\\/eastwings-diagnostics.com\\\/product\\\/rotolavit-ii\\\/\"]}]},{\"@type\":\"ImageObject\",\"inLanguage\":\"es\",\"@id\":\"https:\\\/\\\/eastwings-diagnostics.com\\\/product\\\/rotolavit-ii\\\/#primaryimage\",\"url\":\"https:\\\/\\\/i0.wp.com\\\/eastwings-diagnostics.com\\\/wp-content\\\/uploads\\\/2021\\\/11\\\/Rotolavit.png?fit=575%2C575&ssl=1\",\"contentUrl\":\"https:\\\/\\\/i0.wp.com\\\/eastwings-diagnostics.com\\\/wp-content\\\/uploads\\\/2021\\\/11\\\/Rotolavit.png?fit=575%2C575&ssl=1\",\"width\":575,\"height\":575},{\"@type\":\"BreadcrumbList\",\"@id\":\"https:\\\/\\\/eastwings-diagnostics.com\\\/product\\\/rotolavit-ii\\\/#breadcrumb\",\"itemListElement\":[{\"@type\":\"ListItem\",\"position\":1,\"name\":\"Home\",\"item\":\"https:\\\/\\\/eastwings-diagnostics.com\\\/\"},{\"@type\":\"ListItem\",\"position\":2,\"name\":\"Products\",\"item\":\"https:\\\/\\\/eastwings-diagnostics.com\\\/products\\\/\"},{\"@type\":\"ListItem\",\"position\":3,\"name\":\"Rotolavit II\"}]},{\"@type\":\"WebSite\",\"@id\":\"https:\\\/\\\/eastwings-diagnostics.com\\\/#website\",\"url\":\"https:\\\/\\\/eastwings-diagnostics.com\\\/\",\"name\":\"Eastwings Diagnostics Ltd\",\"description\":\"\",\"publisher\":{\"@id\":\"https:\\\/\\\/eastwings-diagnostics.com\\\/#organization\"},\"potentialAction\":[{\"@type\":\"SearchAction\",\"target\":{\"@type\":\"EntryPoint\",\"urlTemplate\":\"https:\\\/\\\/eastwings-diagnostics.com\\\/?s={search_term_string}\"},\"query-input\":{\"@type\":\"PropertyValueSpecification\",\"valueRequired\":true,\"valueName\":\"search_term_string\"}}],\"inLanguage\":\"es\"},{\"@type\":\"Organization\",\"@id\":\"https:\\\/\\\/eastwings-diagnostics.com\\\/#organization\",\"name\":\"Eastwings Diagnostics LTD\",\"url\":\"https:\\\/\\\/eastwings-diagnostics.com\\\/\",\"logo\":{\"@type\":\"ImageObject\",\"inLanguage\":\"es\",\"@id\":\"https:\\\/\\\/eastwings-diagnostics.com\\\/#\\\/schema\\\/logo\\\/image\\\/\",\"url\":\"https:\\\/\\\/eastwings-diagnostics.com\\\/wp-content\\\/uploads\\\/2021\\\/11\\\/eastwingss-diaa.png\",\"contentUrl\":\"https:\\\/\\\/eastwings-diagnostics.com\\\/wp-content\\\/uploads\\\/2021\\\/11\\\/eastwingss-diaa.png\",\"width\":512,\"height\":120,\"caption\":\"Eastwings Diagnostics LTD\"},\"image\":{\"@id\":\"https:\\\/\\\/eastwings-diagnostics.com\\\/#\\\/schema\\\/logo\\\/image\\\/\"},\"sameAs\":[\"https:\\\/\\\/x.com\\\/eastwings3\",\"http:\\\/\\\/www.linkedin.com\\\/in\\\/eastwings-diagnostics-213031226\"]}]}<\/script>\n<!-- \/ Yoast SEO Premium plugin. -->","yoast_head_json":{"title":"Rotolavit II - Eastwings Diagnostics Ltd","robots":{"index":"index","follow":"follow","max-snippet":"max-snippet:-1","max-image-preview":"max-image-preview:large","max-video-preview":"max-video-preview:-1"},"canonical":"https:\/\/eastwings-diagnostics.com\/es\/producto\/rotolavit-ii\/","og_locale":"es_ES","og_type":"article","og_title":"Rotolavit II","og_description":"USER FRIENDLY SEROLOGY SOLUTIONS  The ROTOLAVIT II cell washing system facilitates routine tasks in transfusion center laboratories. It was developed for cross-matching, as well as antibody search and differentiation, and for cell washing in TB tests. Its modern touch screen enables the simple and rapid input of up to 20 different programs. The centrifuge has a small footprint and delivers reliable results at low costs for consumables. FACTS &amp; NUMBERS MAX. CAPACITY: 24\u00a0x 5 ml  MAX. RCF: 1,438  MAX. RPM: 3,500 min-1  WEIGHT: approx.\u00a024.5 kg  DIMENSIONS (W x D x H): 330 x 480 x 280 mm SWING-OUT ROTOR, 12- PLACES   Angle:\u00a045\u00b0  Max. RCF:\u00a01,438  Max. RPM:\u00a03,500 min-1  Max. Capacity:\u00a012 x 5 ml","og_url":"https:\/\/eastwings-diagnostics.com\/es\/producto\/rotolavit-ii\/","og_site_name":"Eastwings Diagnostics Ltd","article_modified_time":"2021-11-28T22:26:23+00:00","og_image":[{"width":575,"height":575,"url":"https:\/\/i0.wp.com\/eastwings-diagnostics.com\/wp-content\/uploads\/2021\/11\/Rotolavit.png?fit=575%2C575&ssl=1","type":"image\/png"}],"twitter_card":"summary_large_image","twitter_site":"@eastwings3","schema":{"@context":"https:\/\/schema.org","@graph":[{"@type":"WebPage","@id":"https:\/\/eastwings-diagnostics.com\/product\/rotolavit-ii\/","url":"https:\/\/eastwings-diagnostics.com\/product\/rotolavit-ii\/","name":"Rotolavit II - Eastwings Diagnostics Ltd","isPartOf":{"@id":"https:\/\/eastwings-diagnostics.com\/#website"},"primaryImageOfPage":{"@id":"https:\/\/eastwings-diagnostics.com\/product\/rotolavit-ii\/#primaryimage"},"image":{"@id":"https:\/\/eastwings-diagnostics.com\/product\/rotolavit-ii\/#primaryimage"},"thumbnailUrl":"https:\/\/i0.wp.com\/eastwings-diagnostics.com\/wp-content\/uploads\/2021\/11\/Rotolavit.png?fit=575%2C575&ssl=1","datePublished":"2021-11-28T22:23:15+00:00","dateModified":"2021-11-28T22:26:23+00:00","breadcrumb":{"@id":"https:\/\/eastwings-diagnostics.com\/product\/rotolavit-ii\/#breadcrumb"},"inLanguage":"es","potentialAction":[{"@type":"ReadAction","target":["https:\/\/eastwings-diagnostics.com\/product\/rotolavit-ii\/"]}]},{"@type":"ImageObject","inLanguage":"es","@id":"https:\/\/eastwings-diagnostics.com\/product\/rotolavit-ii\/#primaryimage","url":"https:\/\/i0.wp.com\/eastwings-diagnostics.com\/wp-content\/uploads\/2021\/11\/Rotolavit.png?fit=575%2C575&ssl=1","contentUrl":"https:\/\/i0.wp.com\/eastwings-diagnostics.com\/wp-content\/uploads\/2021\/11\/Rotolavit.png?fit=575%2C575&ssl=1","width":575,"height":575},{"@type":"BreadcrumbList","@id":"https:\/\/eastwings-diagnostics.com\/product\/rotolavit-ii\/#breadcrumb","itemListElement":[{"@type":"ListItem","position":1,"name":"Home","item":"https:\/\/eastwings-diagnostics.com\/"},{"@type":"ListItem","position":2,"name":"Products","item":"https:\/\/eastwings-diagnostics.com\/products\/"},{"@type":"ListItem","position":3,"name":"Rotolavit II"}]},{"@type":"WebSite","@id":"https:\/\/eastwings-diagnostics.com\/#website","url":"https:\/\/eastwings-diagnostics.com\/","name":"Eastwings Diagnostics Ltd","description":"","publisher":{"@id":"https:\/\/eastwings-diagnostics.com\/#organization"},"potentialAction":[{"@type":"SearchAction","target":{"@type":"EntryPoint","urlTemplate":"https:\/\/eastwings-diagnostics.com\/?s={search_term_string}"},"query-input":{"@type":"PropertyValueSpecification","valueRequired":true,"valueName":"search_term_string"}}],"inLanguage":"es"},{"@type":"Organization","@id":"https:\/\/eastwings-diagnostics.com\/#organization","name":"Eastwings Diagnostics LTD","url":"https:\/\/eastwings-diagnostics.com\/","logo":{"@type":"ImageObject","inLanguage":"es","@id":"https:\/\/eastwings-diagnostics.com\/#\/schema\/logo\/image\/","url":"https:\/\/eastwings-diagnostics.com\/wp-content\/uploads\/2021\/11\/eastwingss-diaa.png","contentUrl":"https:\/\/eastwings-diagnostics.com\/wp-content\/uploads\/2021\/11\/eastwingss-diaa.png","width":512,"height":120,"caption":"Eastwings Diagnostics LTD"},"image":{"@id":"https:\/\/eastwings-diagnostics.com\/#\/schema\/logo\/image\/"},"sameAs":["https:\/\/x.com\/eastwings3","http:\/\/www.linkedin.com\/in\/eastwings-diagnostics-213031226"]}]}},"jetpack_sharing_enabled":true,"_links":{"self":[{"href":"https:\/\/eastwings-diagnostics.com\/es\/wp-json\/wp\/v2\/product\/7408","targetHints":{"allow":["GET"]}}],"collection":[{"href":"https:\/\/eastwings-diagnostics.com\/es\/wp-json\/wp\/v2\/product"}],"about":[{"href":"https:\/\/eastwings-diagnostics.com\/es\/wp-json\/wp\/v2\/types\/product"}],"wp:featuredmedia":[{"embeddable":true,"href":"https:\/\/eastwings-diagnostics.com\/es\/wp-json\/wp\/v2\/media\/7411"}],"wp:attachment":[{"href":"https:\/\/eastwings-diagnostics.com\/es\/wp-json\/wp\/v2\/media?parent=7408"}],"wp:term":[{"taxonomy":"product_brand","embeddable":true,"href":"https:\/\/eastwings-diagnostics.com\/es\/wp-json\/wp\/v2\/product_brand?post=7408"},{"taxonomy":"product_cat","embeddable":true,"href":"https:\/\/eastwings-diagnostics.com\/es\/wp-json\/wp\/v2\/product_cat?post=7408"},{"taxonomy":"product_tag","embeddable":true,"href":"https:\/\/eastwings-diagnostics.com\/es\/wp-json\/wp\/v2\/product_tag?post=7408"}],"curies":[{"name":"wp","href":"https:\/\/api.w.org\/{rel}","templated":true}]}}