{"id":7399,"date":"2021-11-28T22:11:39","date_gmt":"2021-11-28T22:11:39","guid":{"rendered":"https:\/\/eastwings-diagnostics.com\/?post_type=product&#038;p=7399"},"modified":"2021-11-28T22:17:39","modified_gmt":"2021-11-28T22:17:39","slug":"roto-silenta-630-rs","status":"publish","type":"product","link":"https:\/\/eastwings-diagnostics.com\/es\/producto\/roto-silenta-630-rs\/","title":{"rendered":"Roto Silenta 630 RS"},"content":{"rendered":"","protected":false},"excerpt":{"rendered":"<p><strong>SU PRIMERA OPCI\u00d3N HASTA 12 LITROS<\/strong><\/p>\n<p>El ROTO SILENTA 630 RS est\u00e1 altamente calificado en la centrifugaci\u00f3n r\u00e1pida y eficiente de bolsas de sangre. Puede centrifugar hasta 12 litros de muestra o 12 bolsas de sangre por ejecuci\u00f3n. Tambi\u00e9n hay disponibles opciones de rotor de cuatro y seis posiciones para ofrecer el mejor ajuste posible.<\/p>\n<p>En el \u00e1mbito industrial o de I + D, el ROTO SILENTA acomodaba seis recipientes de hasta 2.000 ml cada uno.<\/p>\n<p>Esta unidad incluye refrigeraci\u00f3n con un rango de temperatura de -20 \u00b0 C a + 40 \u00b0 C.<\/p>\n<h4>HECHOS Y N\u00daMEROS<\/h4>\n<p><strong>MAX. CAPACIDAD:\u00a0<\/strong><br \/>\n6 x 2000 ml<\/p>\n<p><strong>MAX. RCF:<\/strong><br \/>\n6,520<\/p>\n<p><strong>MAX. RPM:<\/strong><br \/>\n6.000 min<sup>-1<\/sup><\/p>\n<p><strong>PESO:<\/strong><br \/>\naprox. 355 kilogramos<\/p>\n<p><strong>REFRIGERACI\u00d3N:\u00a0<\/strong><br \/>\ns\u00ed<\/p>\n<p><strong>DIMENSIONES (An x Pr x Al):<\/strong><br \/>\n813 x 1015 x 973 mm<\/p>\n<h4>ROTOR ABATIBLE, 6 LUGARES<\/h4>\n<ul>\n<li><strong>\u00c1ngulo:<\/strong>\u00a090 \u00b0<\/li>\n<li><strong>Max. RCF:<\/strong>\u00a06,520<\/li>\n<li><strong>Max. RPM:<\/strong>\u00a04.500 min<sup>-1<\/sup><\/li>\n<li><strong>Max. Capacidad:<\/strong>\u00a06 x 2000 ml<\/li>\n<\/ul>","protected":false},"featured_media":7400,"template":"","meta":{"nf_dc_page":""},"product_brand":[],"product_cat":[114],"product_tag":[],"class_list":{"0":"post-7399","1":"product","2":"type-product","3":"status-publish","4":"has-post-thumbnail","6":"product_cat-floor-standing-centrifuges","8":"first","9":"instock","10":"shipping-taxable","11":"product-type-simple"},"yoast_head":"<!-- This site is optimized with the Yoast SEO Premium plugin v23.9 (Yoast SEO v27.4) - https:\/\/yoast.com\/product\/yoast-seo-premium-wordpress\/ -->\n<title>Roto Silenta 630 RS - Eastwings Diagnostics Ltd<\/title>\n<meta name=\"robots\" content=\"index, follow, max-snippet:-1, max-image-preview:large, max-video-preview:-1\" \/>\n<link rel=\"canonical\" href=\"https:\/\/eastwings-diagnostics.com\/es\/producto\/roto-silenta-630-rs\/\" \/>\n<meta property=\"og:locale\" content=\"es_ES\" \/>\n<meta property=\"og:type\" content=\"article\" \/>\n<meta property=\"og:title\" content=\"Roto Silenta 630 RS\" \/>\n<meta property=\"og:description\" content=\"YOUR FIRST\u00a0CHOICE UP TO\u00a012 LITERS  The ROTO SILENTA 630 RS is highly rated in the rapid and efficient centrifugation of blood bags. It is able to spin up to 12 liter of sample or 12 blood bags per run. Four and six-place rotor options are also available to offer the best possible fit.  In industrial or R&amp;D the ROTO SILENTA accommodated six vessels each up to 2,000 ml.  This unit includes refrigeration with a temperature range from -20\u00b0C to +40\u00b0C. FACTS &amp; NUMBERS MAX. CAPACITY:\u00a0 6 x 2,000 ml  MAX. RCF: 6,520  MAX. RPM: 6,000 min-1  WEIGHT: approx. 355 kg  REFRIGERATION:\u00a0 Yes  DIMENSIONS (W x D x H): 813 x 1,015 x 973 mm SWING-OUT ROTOR, 6- PLACES   Angle:\u00a090\u00b0  Max. RCF:\u00a06,520  Max. RPM:\u00a04,500 min-1  Max. Capacity:\u00a06 x 2,000 ml\" \/>\n<meta property=\"og:url\" content=\"https:\/\/eastwings-diagnostics.com\/es\/producto\/roto-silenta-630-rs\/\" \/>\n<meta property=\"og:site_name\" content=\"Eastwings Diagnostics Ltd\" \/>\n<meta property=\"article:modified_time\" content=\"2021-11-28T22:17:39+00:00\" \/>\n<meta property=\"og:image\" content=\"https:\/\/i0.wp.com\/eastwings-diagnostics.com\/wp-content\/uploads\/2021\/11\/Roto-Silenta.png?fit=575%2C575&ssl=1\" \/>\n\t<meta property=\"og:image:width\" content=\"575\" \/>\n\t<meta property=\"og:image:height\" content=\"575\" \/>\n\t<meta property=\"og:image:type\" content=\"image\/png\" \/>\n<meta name=\"twitter:card\" content=\"summary_large_image\" \/>\n<meta name=\"twitter:site\" content=\"@eastwings3\" \/>\n<script type=\"application\/ld+json\" class=\"yoast-schema-graph\">{\"@context\":\"https:\\\/\\\/schema.org\",\"@graph\":[{\"@type\":\"WebPage\",\"@id\":\"https:\\\/\\\/eastwings-diagnostics.com\\\/product\\\/roto-silenta-630-rs\\\/\",\"url\":\"https:\\\/\\\/eastwings-diagnostics.com\\\/product\\\/roto-silenta-630-rs\\\/\",\"name\":\"Roto Silenta 630 RS - Eastwings Diagnostics Ltd\",\"isPartOf\":{\"@id\":\"https:\\\/\\\/eastwings-diagnostics.com\\\/#website\"},\"primaryImageOfPage\":{\"@id\":\"https:\\\/\\\/eastwings-diagnostics.com\\\/product\\\/roto-silenta-630-rs\\\/#primaryimage\"},\"image\":{\"@id\":\"https:\\\/\\\/eastwings-diagnostics.com\\\/product\\\/roto-silenta-630-rs\\\/#primaryimage\"},\"thumbnailUrl\":\"https:\\\/\\\/i0.wp.com\\\/eastwings-diagnostics.com\\\/wp-content\\\/uploads\\\/2021\\\/11\\\/Roto-Silenta.png?fit=575%2C575&ssl=1\",\"datePublished\":\"2021-11-28T22:11:39+00:00\",\"dateModified\":\"2021-11-28T22:17:39+00:00\",\"breadcrumb\":{\"@id\":\"https:\\\/\\\/eastwings-diagnostics.com\\\/product\\\/roto-silenta-630-rs\\\/#breadcrumb\"},\"inLanguage\":\"es\",\"potentialAction\":[{\"@type\":\"ReadAction\",\"target\":[\"https:\\\/\\\/eastwings-diagnostics.com\\\/product\\\/roto-silenta-630-rs\\\/\"]}]},{\"@type\":\"ImageObject\",\"inLanguage\":\"es\",\"@id\":\"https:\\\/\\\/eastwings-diagnostics.com\\\/product\\\/roto-silenta-630-rs\\\/#primaryimage\",\"url\":\"https:\\\/\\\/i0.wp.com\\\/eastwings-diagnostics.com\\\/wp-content\\\/uploads\\\/2021\\\/11\\\/Roto-Silenta.png?fit=575%2C575&ssl=1\",\"contentUrl\":\"https:\\\/\\\/i0.wp.com\\\/eastwings-diagnostics.com\\\/wp-content\\\/uploads\\\/2021\\\/11\\\/Roto-Silenta.png?fit=575%2C575&ssl=1\",\"width\":575,\"height\":575},{\"@type\":\"BreadcrumbList\",\"@id\":\"https:\\\/\\\/eastwings-diagnostics.com\\\/product\\\/roto-silenta-630-rs\\\/#breadcrumb\",\"itemListElement\":[{\"@type\":\"ListItem\",\"position\":1,\"name\":\"Home\",\"item\":\"https:\\\/\\\/eastwings-diagnostics.com\\\/\"},{\"@type\":\"ListItem\",\"position\":2,\"name\":\"Products\",\"item\":\"https:\\\/\\\/eastwings-diagnostics.com\\\/products\\\/\"},{\"@type\":\"ListItem\",\"position\":3,\"name\":\"Roto Silenta 630 RS\"}]},{\"@type\":\"WebSite\",\"@id\":\"https:\\\/\\\/eastwings-diagnostics.com\\\/#website\",\"url\":\"https:\\\/\\\/eastwings-diagnostics.com\\\/\",\"name\":\"Eastwings Diagnostics Ltd\",\"description\":\"\",\"publisher\":{\"@id\":\"https:\\\/\\\/eastwings-diagnostics.com\\\/#organization\"},\"potentialAction\":[{\"@type\":\"SearchAction\",\"target\":{\"@type\":\"EntryPoint\",\"urlTemplate\":\"https:\\\/\\\/eastwings-diagnostics.com\\\/?s={search_term_string}\"},\"query-input\":{\"@type\":\"PropertyValueSpecification\",\"valueRequired\":true,\"valueName\":\"search_term_string\"}}],\"inLanguage\":\"es\"},{\"@type\":\"Organization\",\"@id\":\"https:\\\/\\\/eastwings-diagnostics.com\\\/#organization\",\"name\":\"Eastwings Diagnostics LTD\",\"url\":\"https:\\\/\\\/eastwings-diagnostics.com\\\/\",\"logo\":{\"@type\":\"ImageObject\",\"inLanguage\":\"es\",\"@id\":\"https:\\\/\\\/eastwings-diagnostics.com\\\/#\\\/schema\\\/logo\\\/image\\\/\",\"url\":\"https:\\\/\\\/eastwings-diagnostics.com\\\/wp-content\\\/uploads\\\/2021\\\/11\\\/eastwingss-diaa.png\",\"contentUrl\":\"https:\\\/\\\/eastwings-diagnostics.com\\\/wp-content\\\/uploads\\\/2021\\\/11\\\/eastwingss-diaa.png\",\"width\":512,\"height\":120,\"caption\":\"Eastwings Diagnostics LTD\"},\"image\":{\"@id\":\"https:\\\/\\\/eastwings-diagnostics.com\\\/#\\\/schema\\\/logo\\\/image\\\/\"},\"sameAs\":[\"https:\\\/\\\/x.com\\\/eastwings3\",\"http:\\\/\\\/www.linkedin.com\\\/in\\\/eastwings-diagnostics-213031226\"]}]}<\/script>\n<!-- \/ Yoast SEO Premium plugin. -->","yoast_head_json":{"title":"Roto Silenta 630 RS - Eastwings Diagnostics Ltd","robots":{"index":"index","follow":"follow","max-snippet":"max-snippet:-1","max-image-preview":"max-image-preview:large","max-video-preview":"max-video-preview:-1"},"canonical":"https:\/\/eastwings-diagnostics.com\/es\/producto\/roto-silenta-630-rs\/","og_locale":"es_ES","og_type":"article","og_title":"Roto Silenta 630 RS","og_description":"YOUR FIRST\u00a0CHOICE UP TO\u00a012 LITERS  The ROTO SILENTA 630 RS is highly rated in the rapid and efficient centrifugation of blood bags. It is able to spin up to 12 liter of sample or 12 blood bags per run. Four and six-place rotor options are also available to offer the best possible fit.  In industrial or R&amp;D the ROTO SILENTA accommodated six vessels each up to 2,000 ml.  This unit includes refrigeration with a temperature range from -20\u00b0C to +40\u00b0C. FACTS &amp; NUMBERS MAX. CAPACITY:\u00a0 6 x 2,000 ml  MAX. RCF: 6,520  MAX. RPM: 6,000 min-1  WEIGHT: approx. 355 kg  REFRIGERATION:\u00a0 Yes  DIMENSIONS (W x D x H): 813 x 1,015 x 973 mm SWING-OUT ROTOR, 6- PLACES   Angle:\u00a090\u00b0  Max. RCF:\u00a06,520  Max. RPM:\u00a04,500 min-1  Max. Capacity:\u00a06 x 2,000 ml","og_url":"https:\/\/eastwings-diagnostics.com\/es\/producto\/roto-silenta-630-rs\/","og_site_name":"Eastwings Diagnostics Ltd","article_modified_time":"2021-11-28T22:17:39+00:00","og_image":[{"width":575,"height":575,"url":"https:\/\/i0.wp.com\/eastwings-diagnostics.com\/wp-content\/uploads\/2021\/11\/Roto-Silenta.png?fit=575%2C575&ssl=1","type":"image\/png"}],"twitter_card":"summary_large_image","twitter_site":"@eastwings3","schema":{"@context":"https:\/\/schema.org","@graph":[{"@type":"WebPage","@id":"https:\/\/eastwings-diagnostics.com\/product\/roto-silenta-630-rs\/","url":"https:\/\/eastwings-diagnostics.com\/product\/roto-silenta-630-rs\/","name":"Roto Silenta 630 RS - Eastwings Diagnostics Ltd","isPartOf":{"@id":"https:\/\/eastwings-diagnostics.com\/#website"},"primaryImageOfPage":{"@id":"https:\/\/eastwings-diagnostics.com\/product\/roto-silenta-630-rs\/#primaryimage"},"image":{"@id":"https:\/\/eastwings-diagnostics.com\/product\/roto-silenta-630-rs\/#primaryimage"},"thumbnailUrl":"https:\/\/i0.wp.com\/eastwings-diagnostics.com\/wp-content\/uploads\/2021\/11\/Roto-Silenta.png?fit=575%2C575&ssl=1","datePublished":"2021-11-28T22:11:39+00:00","dateModified":"2021-11-28T22:17:39+00:00","breadcrumb":{"@id":"https:\/\/eastwings-diagnostics.com\/product\/roto-silenta-630-rs\/#breadcrumb"},"inLanguage":"es","potentialAction":[{"@type":"ReadAction","target":["https:\/\/eastwings-diagnostics.com\/product\/roto-silenta-630-rs\/"]}]},{"@type":"ImageObject","inLanguage":"es","@id":"https:\/\/eastwings-diagnostics.com\/product\/roto-silenta-630-rs\/#primaryimage","url":"https:\/\/i0.wp.com\/eastwings-diagnostics.com\/wp-content\/uploads\/2021\/11\/Roto-Silenta.png?fit=575%2C575&ssl=1","contentUrl":"https:\/\/i0.wp.com\/eastwings-diagnostics.com\/wp-content\/uploads\/2021\/11\/Roto-Silenta.png?fit=575%2C575&ssl=1","width":575,"height":575},{"@type":"BreadcrumbList","@id":"https:\/\/eastwings-diagnostics.com\/product\/roto-silenta-630-rs\/#breadcrumb","itemListElement":[{"@type":"ListItem","position":1,"name":"Home","item":"https:\/\/eastwings-diagnostics.com\/"},{"@type":"ListItem","position":2,"name":"Products","item":"https:\/\/eastwings-diagnostics.com\/products\/"},{"@type":"ListItem","position":3,"name":"Roto Silenta 630 RS"}]},{"@type":"WebSite","@id":"https:\/\/eastwings-diagnostics.com\/#website","url":"https:\/\/eastwings-diagnostics.com\/","name":"Eastwings Diagnostics Ltd","description":"","publisher":{"@id":"https:\/\/eastwings-diagnostics.com\/#organization"},"potentialAction":[{"@type":"SearchAction","target":{"@type":"EntryPoint","urlTemplate":"https:\/\/eastwings-diagnostics.com\/?s={search_term_string}"},"query-input":{"@type":"PropertyValueSpecification","valueRequired":true,"valueName":"search_term_string"}}],"inLanguage":"es"},{"@type":"Organization","@id":"https:\/\/eastwings-diagnostics.com\/#organization","name":"Eastwings Diagnostics LTD","url":"https:\/\/eastwings-diagnostics.com\/","logo":{"@type":"ImageObject","inLanguage":"es","@id":"https:\/\/eastwings-diagnostics.com\/#\/schema\/logo\/image\/","url":"https:\/\/eastwings-diagnostics.com\/wp-content\/uploads\/2021\/11\/eastwingss-diaa.png","contentUrl":"https:\/\/eastwings-diagnostics.com\/wp-content\/uploads\/2021\/11\/eastwingss-diaa.png","width":512,"height":120,"caption":"Eastwings Diagnostics LTD"},"image":{"@id":"https:\/\/eastwings-diagnostics.com\/#\/schema\/logo\/image\/"},"sameAs":["https:\/\/x.com\/eastwings3","http:\/\/www.linkedin.com\/in\/eastwings-diagnostics-213031226"]}]}},"jetpack_sharing_enabled":true,"_links":{"self":[{"href":"https:\/\/eastwings-diagnostics.com\/es\/wp-json\/wp\/v2\/product\/7399","targetHints":{"allow":["GET"]}}],"collection":[{"href":"https:\/\/eastwings-diagnostics.com\/es\/wp-json\/wp\/v2\/product"}],"about":[{"href":"https:\/\/eastwings-diagnostics.com\/es\/wp-json\/wp\/v2\/types\/product"}],"wp:featuredmedia":[{"embeddable":true,"href":"https:\/\/eastwings-diagnostics.com\/es\/wp-json\/wp\/v2\/media\/7400"}],"wp:attachment":[{"href":"https:\/\/eastwings-diagnostics.com\/es\/wp-json\/wp\/v2\/media?parent=7399"}],"wp:term":[{"taxonomy":"product_brand","embeddable":true,"href":"https:\/\/eastwings-diagnostics.com\/es\/wp-json\/wp\/v2\/product_brand?post=7399"},{"taxonomy":"product_cat","embeddable":true,"href":"https:\/\/eastwings-diagnostics.com\/es\/wp-json\/wp\/v2\/product_cat?post=7399"},{"taxonomy":"product_tag","embeddable":true,"href":"https:\/\/eastwings-diagnostics.com\/es\/wp-json\/wp\/v2\/product_tag?post=7399"}],"curies":[{"name":"wp","href":"https:\/\/api.w.org\/{rel}","templated":true}]}}