{"id":7392,"date":"2021-11-28T22:03:34","date_gmt":"2021-11-28T22:03:34","guid":{"rendered":"https:\/\/eastwings-diagnostics.com\/?post_type=product&#038;p=7392"},"modified":"2021-11-28T22:09:54","modified_gmt":"2021-11-28T22:09:54","slug":"rotixa-500-rs","status":"publish","type":"product","link":"https:\/\/eastwings-diagnostics.com\/es\/producto\/rotixa-500-rs\/","title":{"rendered":"Rotixa 500 RS"},"content":{"rendered":"","protected":false},"excerpt":{"rendered":"<p><strong>HUELLA PEQUE\u00d1A - ALTOS VOL\u00daMENES<\/strong><\/p>\n<p>Sus componentes duraderos hacen del ROTIXA 500 RS una unidad confiable con una larga vida \u00fatil. La alta capacidad de muestra y el RCF m\u00e1ximo de 18.038 lo hacen adecuado para 4 bolsas de sangre de 450 a 1.000 ml. Especialmente dise\u00f1ado<br \/>\nLos cubos mantienen las bolsas de sangre en posici\u00f3n vertical durante la centrifugaci\u00f3n para mejorar la separaci\u00f3n de los componentes sangu\u00edneos.<\/p>\n<p>En los laboratorios de investigaci\u00f3n industrial, admite 4 botellas de hasta 1000 ml, racks especiales, as\u00ed como contenedores y recipientes para diversas aplicaciones.<\/p>\n<p>Esta unidad incluye refigeraci\u00f3n con un rango de temperatura de -20 \u00b0 C a + 40 \u00b0 C.<\/p>\n<h4>HECHOS Y N\u00daMEROS<\/h4>\n<p><strong>MAX. CAPACIDAD:\u00a0<\/strong><br \/>\n4 x 1000 ml<\/p>\n<p><strong>MAX. RCF:<\/strong><br \/>\n18,038<\/p>\n<p><strong>MAX. RPM:<\/strong><br \/>\n11,500 min<sup>-1<\/sup><\/p>\n<p><strong>PESO:<\/strong><br \/>\naprox. 219 kilogramos<\/p>\n<p><strong>REFRIGERACI\u00d3N:<\/strong><br \/>\ns\u00ed<\/p>\n<p><strong>DIMENSIONES (An x Pr x Al):<\/strong><br \/>\n650 x 814 x 973 mil\u00edmetro<\/p>\n<h4>ROTOR ABATIBLE, 4 LUGARES<\/h4>\n<ul>\n<li><strong>\u00c1ngulo:<\/strong>\u00a090 \u00b0<\/li>\n<li><strong>Max. RCF:<\/strong>\u00a05,252<\/li>\n<li><strong>Max. RPM:\u00a0<\/strong>4.500 min<sup>-1<\/sup><\/li>\n<li><strong>Max. Capacidad:<\/strong>\u00a04 x 1000 ml<\/li>\n<\/ul>","protected":false},"featured_media":7393,"template":"","meta":{"nf_dc_page":""},"product_brand":[],"product_cat":[114],"product_tag":[],"class_list":{"0":"post-7392","1":"product","2":"type-product","3":"status-publish","4":"has-post-thumbnail","6":"product_cat-floor-standing-centrifuges","8":"first","9":"instock","10":"shipping-taxable","11":"product-type-simple"},"yoast_head":"<!-- This site is optimized with the Yoast SEO Premium plugin v23.9 (Yoast SEO v27.4) - https:\/\/yoast.com\/product\/yoast-seo-premium-wordpress\/ -->\n<title>Rotixa 500 RS - Eastwings Diagnostics Ltd<\/title>\n<meta name=\"robots\" content=\"index, follow, max-snippet:-1, max-image-preview:large, max-video-preview:-1\" \/>\n<link rel=\"canonical\" href=\"https:\/\/eastwings-diagnostics.com\/es\/producto\/rotixa-500-rs\/\" \/>\n<meta property=\"og:locale\" content=\"es_ES\" \/>\n<meta property=\"og:type\" content=\"article\" \/>\n<meta property=\"og:title\" content=\"Rotixa 500 RS\" \/>\n<meta property=\"og:description\" content=\"SMALL FOOTPRINT - HIGH VOLUMES  Its durable components makes the ROTIXA 500 RS a reliable unit with a long service life. High sample capacity and maximum RCF of 18,038 make it suitable for 4 x 450 - 1,000 ml blood bags. Specially designed buckets keep blood bags upright during centrifugation for improved separation of blood components.  In industrial research labs, it accomodates 4 bottles up to 1,000 ml, specialty racks, as well as container and vessels for various applications.  This unit include refigeration with a temperature range from -20\u00b0C to +40\u00b0C. FACTS &amp; NUMBERS MAX. CAPACITY:\u00a0 4 x 1,000 ml  MAX. RCF: 18,038  MAX. RPM: 11,500min-1  WEIGHT: approx. 219 kg  REFRIGERATION: Yes  DIMENSIONS (W x D x H): 650 x 814 x\u00a0973 mm SWING-OUT ROTOR, 4- PLACES   Angle:\u00a090\u00b0  Max. RCF:\u00a05,252  Max. RPM:\u00a04,500 min-1  Max. Capacity:\u00a04 x 1,000 ml\" \/>\n<meta property=\"og:url\" content=\"https:\/\/eastwings-diagnostics.com\/es\/producto\/rotixa-500-rs\/\" \/>\n<meta property=\"og:site_name\" content=\"Eastwings Diagnostics Ltd\" \/>\n<meta property=\"article:modified_time\" content=\"2021-11-28T22:09:54+00:00\" \/>\n<meta property=\"og:image\" content=\"https:\/\/i0.wp.com\/eastwings-diagnostics.com\/wp-content\/uploads\/2021\/11\/Rotixa500RS.png?fit=575%2C575&ssl=1\" \/>\n\t<meta property=\"og:image:width\" content=\"575\" \/>\n\t<meta property=\"og:image:height\" content=\"575\" \/>\n\t<meta property=\"og:image:type\" content=\"image\/png\" \/>\n<meta name=\"twitter:card\" content=\"summary_large_image\" \/>\n<meta name=\"twitter:site\" content=\"@eastwings3\" \/>\n<script type=\"application\/ld+json\" class=\"yoast-schema-graph\">{\"@context\":\"https:\\\/\\\/schema.org\",\"@graph\":[{\"@type\":\"WebPage\",\"@id\":\"https:\\\/\\\/eastwings-diagnostics.com\\\/product\\\/rotixa-500-rs\\\/\",\"url\":\"https:\\\/\\\/eastwings-diagnostics.com\\\/product\\\/rotixa-500-rs\\\/\",\"name\":\"Rotixa 500 RS - Eastwings Diagnostics Ltd\",\"isPartOf\":{\"@id\":\"https:\\\/\\\/eastwings-diagnostics.com\\\/#website\"},\"primaryImageOfPage\":{\"@id\":\"https:\\\/\\\/eastwings-diagnostics.com\\\/product\\\/rotixa-500-rs\\\/#primaryimage\"},\"image\":{\"@id\":\"https:\\\/\\\/eastwings-diagnostics.com\\\/product\\\/rotixa-500-rs\\\/#primaryimage\"},\"thumbnailUrl\":\"https:\\\/\\\/i0.wp.com\\\/eastwings-diagnostics.com\\\/wp-content\\\/uploads\\\/2021\\\/11\\\/Rotixa500RS.png?fit=575%2C575&ssl=1\",\"datePublished\":\"2021-11-28T22:03:34+00:00\",\"dateModified\":\"2021-11-28T22:09:54+00:00\",\"breadcrumb\":{\"@id\":\"https:\\\/\\\/eastwings-diagnostics.com\\\/product\\\/rotixa-500-rs\\\/#breadcrumb\"},\"inLanguage\":\"es\",\"potentialAction\":[{\"@type\":\"ReadAction\",\"target\":[\"https:\\\/\\\/eastwings-diagnostics.com\\\/product\\\/rotixa-500-rs\\\/\"]}]},{\"@type\":\"ImageObject\",\"inLanguage\":\"es\",\"@id\":\"https:\\\/\\\/eastwings-diagnostics.com\\\/product\\\/rotixa-500-rs\\\/#primaryimage\",\"url\":\"https:\\\/\\\/i0.wp.com\\\/eastwings-diagnostics.com\\\/wp-content\\\/uploads\\\/2021\\\/11\\\/Rotixa500RS.png?fit=575%2C575&ssl=1\",\"contentUrl\":\"https:\\\/\\\/i0.wp.com\\\/eastwings-diagnostics.com\\\/wp-content\\\/uploads\\\/2021\\\/11\\\/Rotixa500RS.png?fit=575%2C575&ssl=1\",\"width\":575,\"height\":575},{\"@type\":\"BreadcrumbList\",\"@id\":\"https:\\\/\\\/eastwings-diagnostics.com\\\/product\\\/rotixa-500-rs\\\/#breadcrumb\",\"itemListElement\":[{\"@type\":\"ListItem\",\"position\":1,\"name\":\"Home\",\"item\":\"https:\\\/\\\/eastwings-diagnostics.com\\\/\"},{\"@type\":\"ListItem\",\"position\":2,\"name\":\"Products\",\"item\":\"https:\\\/\\\/eastwings-diagnostics.com\\\/products\\\/\"},{\"@type\":\"ListItem\",\"position\":3,\"name\":\"Rotixa 500 RS\"}]},{\"@type\":\"WebSite\",\"@id\":\"https:\\\/\\\/eastwings-diagnostics.com\\\/#website\",\"url\":\"https:\\\/\\\/eastwings-diagnostics.com\\\/\",\"name\":\"Eastwings Diagnostics Ltd\",\"description\":\"\",\"publisher\":{\"@id\":\"https:\\\/\\\/eastwings-diagnostics.com\\\/#organization\"},\"potentialAction\":[{\"@type\":\"SearchAction\",\"target\":{\"@type\":\"EntryPoint\",\"urlTemplate\":\"https:\\\/\\\/eastwings-diagnostics.com\\\/?s={search_term_string}\"},\"query-input\":{\"@type\":\"PropertyValueSpecification\",\"valueRequired\":true,\"valueName\":\"search_term_string\"}}],\"inLanguage\":\"es\"},{\"@type\":\"Organization\",\"@id\":\"https:\\\/\\\/eastwings-diagnostics.com\\\/#organization\",\"name\":\"Eastwings Diagnostics LTD\",\"url\":\"https:\\\/\\\/eastwings-diagnostics.com\\\/\",\"logo\":{\"@type\":\"ImageObject\",\"inLanguage\":\"es\",\"@id\":\"https:\\\/\\\/eastwings-diagnostics.com\\\/#\\\/schema\\\/logo\\\/image\\\/\",\"url\":\"https:\\\/\\\/eastwings-diagnostics.com\\\/wp-content\\\/uploads\\\/2021\\\/11\\\/eastwingss-diaa.png\",\"contentUrl\":\"https:\\\/\\\/eastwings-diagnostics.com\\\/wp-content\\\/uploads\\\/2021\\\/11\\\/eastwingss-diaa.png\",\"width\":512,\"height\":120,\"caption\":\"Eastwings Diagnostics LTD\"},\"image\":{\"@id\":\"https:\\\/\\\/eastwings-diagnostics.com\\\/#\\\/schema\\\/logo\\\/image\\\/\"},\"sameAs\":[\"https:\\\/\\\/x.com\\\/eastwings3\",\"http:\\\/\\\/www.linkedin.com\\\/in\\\/eastwings-diagnostics-213031226\"]}]}<\/script>\n<!-- \/ Yoast SEO Premium plugin. -->","yoast_head_json":{"title":"Rotixa 500 RS - Eastwings Diagnostics Ltd","robots":{"index":"index","follow":"follow","max-snippet":"max-snippet:-1","max-image-preview":"max-image-preview:large","max-video-preview":"max-video-preview:-1"},"canonical":"https:\/\/eastwings-diagnostics.com\/es\/producto\/rotixa-500-rs\/","og_locale":"es_ES","og_type":"article","og_title":"Rotixa 500 RS","og_description":"SMALL FOOTPRINT - HIGH VOLUMES  Its durable components makes the ROTIXA 500 RS a reliable unit with a long service life. High sample capacity and maximum RCF of 18,038 make it suitable for 4 x 450 - 1,000 ml blood bags. Specially designed buckets keep blood bags upright during centrifugation for improved separation of blood components.  In industrial research labs, it accomodates 4 bottles up to 1,000 ml, specialty racks, as well as container and vessels for various applications.  This unit include refigeration with a temperature range from -20\u00b0C to +40\u00b0C. FACTS &amp; NUMBERS MAX. CAPACITY:\u00a0 4 x 1,000 ml  MAX. RCF: 18,038  MAX. RPM: 11,500min-1  WEIGHT: approx. 219 kg  REFRIGERATION: Yes  DIMENSIONS (W x D x H): 650 x 814 x\u00a0973 mm SWING-OUT ROTOR, 4- PLACES   Angle:\u00a090\u00b0  Max. RCF:\u00a05,252  Max. RPM:\u00a04,500 min-1  Max. Capacity:\u00a04 x 1,000 ml","og_url":"https:\/\/eastwings-diagnostics.com\/es\/producto\/rotixa-500-rs\/","og_site_name":"Eastwings Diagnostics Ltd","article_modified_time":"2021-11-28T22:09:54+00:00","og_image":[{"width":575,"height":575,"url":"https:\/\/i0.wp.com\/eastwings-diagnostics.com\/wp-content\/uploads\/2021\/11\/Rotixa500RS.png?fit=575%2C575&ssl=1","type":"image\/png"}],"twitter_card":"summary_large_image","twitter_site":"@eastwings3","schema":{"@context":"https:\/\/schema.org","@graph":[{"@type":"WebPage","@id":"https:\/\/eastwings-diagnostics.com\/product\/rotixa-500-rs\/","url":"https:\/\/eastwings-diagnostics.com\/product\/rotixa-500-rs\/","name":"Rotixa 500 RS - Eastwings Diagnostics Ltd","isPartOf":{"@id":"https:\/\/eastwings-diagnostics.com\/#website"},"primaryImageOfPage":{"@id":"https:\/\/eastwings-diagnostics.com\/product\/rotixa-500-rs\/#primaryimage"},"image":{"@id":"https:\/\/eastwings-diagnostics.com\/product\/rotixa-500-rs\/#primaryimage"},"thumbnailUrl":"https:\/\/i0.wp.com\/eastwings-diagnostics.com\/wp-content\/uploads\/2021\/11\/Rotixa500RS.png?fit=575%2C575&ssl=1","datePublished":"2021-11-28T22:03:34+00:00","dateModified":"2021-11-28T22:09:54+00:00","breadcrumb":{"@id":"https:\/\/eastwings-diagnostics.com\/product\/rotixa-500-rs\/#breadcrumb"},"inLanguage":"es","potentialAction":[{"@type":"ReadAction","target":["https:\/\/eastwings-diagnostics.com\/product\/rotixa-500-rs\/"]}]},{"@type":"ImageObject","inLanguage":"es","@id":"https:\/\/eastwings-diagnostics.com\/product\/rotixa-500-rs\/#primaryimage","url":"https:\/\/i0.wp.com\/eastwings-diagnostics.com\/wp-content\/uploads\/2021\/11\/Rotixa500RS.png?fit=575%2C575&ssl=1","contentUrl":"https:\/\/i0.wp.com\/eastwings-diagnostics.com\/wp-content\/uploads\/2021\/11\/Rotixa500RS.png?fit=575%2C575&ssl=1","width":575,"height":575},{"@type":"BreadcrumbList","@id":"https:\/\/eastwings-diagnostics.com\/product\/rotixa-500-rs\/#breadcrumb","itemListElement":[{"@type":"ListItem","position":1,"name":"Home","item":"https:\/\/eastwings-diagnostics.com\/"},{"@type":"ListItem","position":2,"name":"Products","item":"https:\/\/eastwings-diagnostics.com\/products\/"},{"@type":"ListItem","position":3,"name":"Rotixa 500 RS"}]},{"@type":"WebSite","@id":"https:\/\/eastwings-diagnostics.com\/#website","url":"https:\/\/eastwings-diagnostics.com\/","name":"Eastwings Diagnostics Ltd","description":"","publisher":{"@id":"https:\/\/eastwings-diagnostics.com\/#organization"},"potentialAction":[{"@type":"SearchAction","target":{"@type":"EntryPoint","urlTemplate":"https:\/\/eastwings-diagnostics.com\/?s={search_term_string}"},"query-input":{"@type":"PropertyValueSpecification","valueRequired":true,"valueName":"search_term_string"}}],"inLanguage":"es"},{"@type":"Organization","@id":"https:\/\/eastwings-diagnostics.com\/#organization","name":"Eastwings Diagnostics LTD","url":"https:\/\/eastwings-diagnostics.com\/","logo":{"@type":"ImageObject","inLanguage":"es","@id":"https:\/\/eastwings-diagnostics.com\/#\/schema\/logo\/image\/","url":"https:\/\/eastwings-diagnostics.com\/wp-content\/uploads\/2021\/11\/eastwingss-diaa.png","contentUrl":"https:\/\/eastwings-diagnostics.com\/wp-content\/uploads\/2021\/11\/eastwingss-diaa.png","width":512,"height":120,"caption":"Eastwings Diagnostics LTD"},"image":{"@id":"https:\/\/eastwings-diagnostics.com\/#\/schema\/logo\/image\/"},"sameAs":["https:\/\/x.com\/eastwings3","http:\/\/www.linkedin.com\/in\/eastwings-diagnostics-213031226"]}]}},"jetpack_sharing_enabled":true,"_links":{"self":[{"href":"https:\/\/eastwings-diagnostics.com\/es\/wp-json\/wp\/v2\/product\/7392","targetHints":{"allow":["GET"]}}],"collection":[{"href":"https:\/\/eastwings-diagnostics.com\/es\/wp-json\/wp\/v2\/product"}],"about":[{"href":"https:\/\/eastwings-diagnostics.com\/es\/wp-json\/wp\/v2\/types\/product"}],"wp:featuredmedia":[{"embeddable":true,"href":"https:\/\/eastwings-diagnostics.com\/es\/wp-json\/wp\/v2\/media\/7393"}],"wp:attachment":[{"href":"https:\/\/eastwings-diagnostics.com\/es\/wp-json\/wp\/v2\/media?parent=7392"}],"wp:term":[{"taxonomy":"product_brand","embeddable":true,"href":"https:\/\/eastwings-diagnostics.com\/es\/wp-json\/wp\/v2\/product_brand?post=7392"},{"taxonomy":"product_cat","embeddable":true,"href":"https:\/\/eastwings-diagnostics.com\/es\/wp-json\/wp\/v2\/product_cat?post=7392"},{"taxonomy":"product_tag","embeddable":true,"href":"https:\/\/eastwings-diagnostics.com\/es\/wp-json\/wp\/v2\/product_tag?post=7392"}],"curies":[{"name":"wp","href":"https:\/\/api.w.org\/{rel}","templated":true}]}}