{"id":7338,"date":"2021-11-27T11:44:49","date_gmt":"2021-11-27T11:44:49","guid":{"rendered":"https:\/\/eastwings-diagnostics.com\/?post_type=product&#038;p=7338"},"modified":"2021-11-28T20:58:16","modified_gmt":"2021-11-28T20:58:16","slug":"rotofix-32-a","status":"publish","type":"product","link":"https:\/\/eastwings-diagnostics.com\/es\/producto\/rotofix-32-a\/","title":{"rendered":"Rotofix 32 A"},"content":{"rendered":"","protected":false},"excerpt":{"rendered":"<p><strong>RESISTENTE E INDISPENSABLE<\/strong><\/p>\n<p>Durante d\u00e9cadas, el ROTOFIX 32 A ha establecido el est\u00e1ndar en la rutina diaria del laboratorio gracias a su versatilidad y construcci\u00f3n s\u00f3lida. La centr\u00edfuga de sobremesa hace girar vol\u00famenes de muestra de hasta 6 x 94 ml, 40 tubos de extracci\u00f3n de sangre o 8 tubos c\u00f3nicos de 50 ml con una sencilla interfaz de usuario. Los rotores de citolog\u00eda de Hettich son compatibles con la mayor\u00eda de los sistemas de embudo \/ portaobjetos existentes y tienen tapas de biocontenci\u00f3n.<\/p>\n<h4>HECHOS Y N\u00daMEROS<\/h4>\n<p><strong>MAX. CAPACIDAD:<\/strong><br \/>\n4 x 100 ml | 6 x 94 ml<\/p>\n<p><strong>MAX. RCF:<\/strong><br \/>\n4,226<\/p>\n<p><strong>MAX. RPM:<\/strong><br \/>\n6.000 min<sup>-1<\/sup><\/p>\n<p><strong>PESO:<\/strong><br \/>\naprox.<strong>\u00a0<\/strong>23 kilogramos<\/p>\n<p><strong>REFRIGERACI\u00d3N:<\/strong><br \/>\nAire acondicionado<\/p>\n<p><strong>DIMENSIONES (An x Pr x Al):<\/strong><br \/>\n366 x 430 x 257 mm<\/p>\n<h4>ROTOR ABATIBLE, 4 LUGARES<\/h4>\n<ul>\n<li><strong>\u00c1ngulo:\u00a0<\/strong>90 \u00b0<\/li>\n<li><strong>Max. RCF:<\/strong>\u00a02,665<\/li>\n<li><strong>Max. RPM:<\/strong>\u00a04000 min<sup>-1<\/sup><\/li>\n<li><strong>Tapa de biocontenci\u00f3n: <\/strong>s\u00ed<\/li>\n<li><strong>Max. capacidad:\u00a0<\/strong>4 x 100 ml<\/li>\n<\/ul>","protected":false},"featured_media":7346,"template":"","meta":{"nf_dc_page":""},"product_brand":[],"product_cat":[113],"product_tag":[],"class_list":{"0":"post-7338","1":"product","2":"type-product","3":"status-publish","4":"has-post-thumbnail","6":"product_cat-benchtop-centrifuges","8":"first","9":"instock","10":"shipping-taxable","11":"product-type-simple"},"yoast_head":"<!-- This site is optimized with the Yoast SEO Premium plugin v23.9 (Yoast SEO v27.4) - https:\/\/yoast.com\/product\/yoast-seo-premium-wordpress\/ -->\n<title>Rotofix 32 A - Eastwings Diagnostics Ltd<\/title>\n<meta name=\"robots\" content=\"index, follow, max-snippet:-1, max-image-preview:large, max-video-preview:-1\" \/>\n<link rel=\"canonical\" href=\"https:\/\/eastwings-diagnostics.com\/es\/producto\/rotofix-32-a\/\" \/>\n<meta property=\"og:locale\" content=\"es_ES\" \/>\n<meta property=\"og:type\" content=\"article\" \/>\n<meta property=\"og:title\" content=\"Rotofix 32 A\" \/>\n<meta property=\"og:description\" content=\"RUGGED AND INDISPENSABLE  For decades, the ROTOFIX 32 A has set the standard in daily lab routine thanks to its versatility and solid construction. The benchtop centrifuge spins sample volumes up to 6 x 94 ml, 40 blood collection tubes or 8 x 50 ml conical tubes with a simple user interface. Hettich\u2019s cytology rotors are compatible with most existing funnel\/slide systems and have bio-containment lids. FACTS &amp; NUMBERS MAX. CAPACITY: 4 x 100 ml | 6 x 94 ml  MAX. RCF: 4,226  MAX. RPM: 6,000 min-1  WEIGHT: approx.\u00a023 kg  REFRIGERATION: Air cooling  DIMENSIONS (W x D x H): 366 x 430 x 257 mm SWING-OUT ROTOR, 4-PLACES   Angle:\u00a090\u00b0  Max. RCF:\u00a02,665  Max. RPM:\u00a04,000 min-1  Biocontainment lid: Yes  Max. capacity:\u00a04 x 100 ml\" \/>\n<meta property=\"og:url\" content=\"https:\/\/eastwings-diagnostics.com\/es\/producto\/rotofix-32-a\/\" \/>\n<meta property=\"og:site_name\" content=\"Eastwings Diagnostics Ltd\" \/>\n<meta property=\"article:modified_time\" content=\"2021-11-28T20:58:16+00:00\" \/>\n<meta property=\"og:image\" content=\"https:\/\/i0.wp.com\/eastwings-diagnostics.com\/wp-content\/uploads\/2021\/11\/Rotofix32A.png?fit=575%2C575&ssl=1\" \/>\n\t<meta property=\"og:image:width\" content=\"575\" \/>\n\t<meta property=\"og:image:height\" content=\"575\" \/>\n\t<meta property=\"og:image:type\" content=\"image\/png\" \/>\n<meta name=\"twitter:card\" content=\"summary_large_image\" \/>\n<meta name=\"twitter:site\" content=\"@eastwings3\" \/>\n<script type=\"application\/ld+json\" class=\"yoast-schema-graph\">{\"@context\":\"https:\\\/\\\/schema.org\",\"@graph\":[{\"@type\":\"WebPage\",\"@id\":\"https:\\\/\\\/eastwings-diagnostics.com\\\/product\\\/rotofix-32-a\\\/\",\"url\":\"https:\\\/\\\/eastwings-diagnostics.com\\\/product\\\/rotofix-32-a\\\/\",\"name\":\"Rotofix 32 A - Eastwings Diagnostics Ltd\",\"isPartOf\":{\"@id\":\"https:\\\/\\\/eastwings-diagnostics.com\\\/#website\"},\"primaryImageOfPage\":{\"@id\":\"https:\\\/\\\/eastwings-diagnostics.com\\\/product\\\/rotofix-32-a\\\/#primaryimage\"},\"image\":{\"@id\":\"https:\\\/\\\/eastwings-diagnostics.com\\\/product\\\/rotofix-32-a\\\/#primaryimage\"},\"thumbnailUrl\":\"https:\\\/\\\/i0.wp.com\\\/eastwings-diagnostics.com\\\/wp-content\\\/uploads\\\/2021\\\/11\\\/Rotofix32A.png?fit=575%2C575&ssl=1\",\"datePublished\":\"2021-11-27T11:44:49+00:00\",\"dateModified\":\"2021-11-28T20:58:16+00:00\",\"breadcrumb\":{\"@id\":\"https:\\\/\\\/eastwings-diagnostics.com\\\/product\\\/rotofix-32-a\\\/#breadcrumb\"},\"inLanguage\":\"es\",\"potentialAction\":[{\"@type\":\"ReadAction\",\"target\":[\"https:\\\/\\\/eastwings-diagnostics.com\\\/product\\\/rotofix-32-a\\\/\"]}]},{\"@type\":\"ImageObject\",\"inLanguage\":\"es\",\"@id\":\"https:\\\/\\\/eastwings-diagnostics.com\\\/product\\\/rotofix-32-a\\\/#primaryimage\",\"url\":\"https:\\\/\\\/i0.wp.com\\\/eastwings-diagnostics.com\\\/wp-content\\\/uploads\\\/2021\\\/11\\\/Rotofix32A.png?fit=575%2C575&ssl=1\",\"contentUrl\":\"https:\\\/\\\/i0.wp.com\\\/eastwings-diagnostics.com\\\/wp-content\\\/uploads\\\/2021\\\/11\\\/Rotofix32A.png?fit=575%2C575&ssl=1\",\"width\":575,\"height\":575},{\"@type\":\"BreadcrumbList\",\"@id\":\"https:\\\/\\\/eastwings-diagnostics.com\\\/product\\\/rotofix-32-a\\\/#breadcrumb\",\"itemListElement\":[{\"@type\":\"ListItem\",\"position\":1,\"name\":\"Home\",\"item\":\"https:\\\/\\\/eastwings-diagnostics.com\\\/\"},{\"@type\":\"ListItem\",\"position\":2,\"name\":\"Products\",\"item\":\"https:\\\/\\\/eastwings-diagnostics.com\\\/products\\\/\"},{\"@type\":\"ListItem\",\"position\":3,\"name\":\"Rotofix 32 A\"}]},{\"@type\":\"WebSite\",\"@id\":\"https:\\\/\\\/eastwings-diagnostics.com\\\/#website\",\"url\":\"https:\\\/\\\/eastwings-diagnostics.com\\\/\",\"name\":\"Eastwings Diagnostics Ltd\",\"description\":\"\",\"publisher\":{\"@id\":\"https:\\\/\\\/eastwings-diagnostics.com\\\/#organization\"},\"potentialAction\":[{\"@type\":\"SearchAction\",\"target\":{\"@type\":\"EntryPoint\",\"urlTemplate\":\"https:\\\/\\\/eastwings-diagnostics.com\\\/?s={search_term_string}\"},\"query-input\":{\"@type\":\"PropertyValueSpecification\",\"valueRequired\":true,\"valueName\":\"search_term_string\"}}],\"inLanguage\":\"es\"},{\"@type\":\"Organization\",\"@id\":\"https:\\\/\\\/eastwings-diagnostics.com\\\/#organization\",\"name\":\"Eastwings Diagnostics LTD\",\"url\":\"https:\\\/\\\/eastwings-diagnostics.com\\\/\",\"logo\":{\"@type\":\"ImageObject\",\"inLanguage\":\"es\",\"@id\":\"https:\\\/\\\/eastwings-diagnostics.com\\\/#\\\/schema\\\/logo\\\/image\\\/\",\"url\":\"https:\\\/\\\/eastwings-diagnostics.com\\\/wp-content\\\/uploads\\\/2021\\\/11\\\/eastwingss-diaa.png\",\"contentUrl\":\"https:\\\/\\\/eastwings-diagnostics.com\\\/wp-content\\\/uploads\\\/2021\\\/11\\\/eastwingss-diaa.png\",\"width\":512,\"height\":120,\"caption\":\"Eastwings Diagnostics LTD\"},\"image\":{\"@id\":\"https:\\\/\\\/eastwings-diagnostics.com\\\/#\\\/schema\\\/logo\\\/image\\\/\"},\"sameAs\":[\"https:\\\/\\\/x.com\\\/eastwings3\",\"http:\\\/\\\/www.linkedin.com\\\/in\\\/eastwings-diagnostics-213031226\"]}]}<\/script>\n<!-- \/ Yoast SEO Premium plugin. -->","yoast_head_json":{"title":"Rotofix 32 A - Eastwings Diagnostics Ltd","robots":{"index":"index","follow":"follow","max-snippet":"max-snippet:-1","max-image-preview":"max-image-preview:large","max-video-preview":"max-video-preview:-1"},"canonical":"https:\/\/eastwings-diagnostics.com\/es\/producto\/rotofix-32-a\/","og_locale":"es_ES","og_type":"article","og_title":"Rotofix 32 A","og_description":"RUGGED AND INDISPENSABLE  For decades, the ROTOFIX 32 A has set the standard in daily lab routine thanks to its versatility and solid construction. The benchtop centrifuge spins sample volumes up to 6 x 94 ml, 40 blood collection tubes or 8 x 50 ml conical tubes with a simple user interface. Hettich\u2019s cytology rotors are compatible with most existing funnel\/slide systems and have bio-containment lids. FACTS &amp; NUMBERS MAX. CAPACITY: 4 x 100 ml | 6 x 94 ml  MAX. RCF: 4,226  MAX. RPM: 6,000 min-1  WEIGHT: approx.\u00a023 kg  REFRIGERATION: Air cooling  DIMENSIONS (W x D x H): 366 x 430 x 257 mm SWING-OUT ROTOR, 4-PLACES   Angle:\u00a090\u00b0  Max. RCF:\u00a02,665  Max. RPM:\u00a04,000 min-1  Biocontainment lid: Yes  Max. capacity:\u00a04 x 100 ml","og_url":"https:\/\/eastwings-diagnostics.com\/es\/producto\/rotofix-32-a\/","og_site_name":"Eastwings Diagnostics Ltd","article_modified_time":"2021-11-28T20:58:16+00:00","og_image":[{"width":575,"height":575,"url":"https:\/\/i0.wp.com\/eastwings-diagnostics.com\/wp-content\/uploads\/2021\/11\/Rotofix32A.png?fit=575%2C575&ssl=1","type":"image\/png"}],"twitter_card":"summary_large_image","twitter_site":"@eastwings3","schema":{"@context":"https:\/\/schema.org","@graph":[{"@type":"WebPage","@id":"https:\/\/eastwings-diagnostics.com\/product\/rotofix-32-a\/","url":"https:\/\/eastwings-diagnostics.com\/product\/rotofix-32-a\/","name":"Rotofix 32 A - Eastwings Diagnostics Ltd","isPartOf":{"@id":"https:\/\/eastwings-diagnostics.com\/#website"},"primaryImageOfPage":{"@id":"https:\/\/eastwings-diagnostics.com\/product\/rotofix-32-a\/#primaryimage"},"image":{"@id":"https:\/\/eastwings-diagnostics.com\/product\/rotofix-32-a\/#primaryimage"},"thumbnailUrl":"https:\/\/i0.wp.com\/eastwings-diagnostics.com\/wp-content\/uploads\/2021\/11\/Rotofix32A.png?fit=575%2C575&ssl=1","datePublished":"2021-11-27T11:44:49+00:00","dateModified":"2021-11-28T20:58:16+00:00","breadcrumb":{"@id":"https:\/\/eastwings-diagnostics.com\/product\/rotofix-32-a\/#breadcrumb"},"inLanguage":"es","potentialAction":[{"@type":"ReadAction","target":["https:\/\/eastwings-diagnostics.com\/product\/rotofix-32-a\/"]}]},{"@type":"ImageObject","inLanguage":"es","@id":"https:\/\/eastwings-diagnostics.com\/product\/rotofix-32-a\/#primaryimage","url":"https:\/\/i0.wp.com\/eastwings-diagnostics.com\/wp-content\/uploads\/2021\/11\/Rotofix32A.png?fit=575%2C575&ssl=1","contentUrl":"https:\/\/i0.wp.com\/eastwings-diagnostics.com\/wp-content\/uploads\/2021\/11\/Rotofix32A.png?fit=575%2C575&ssl=1","width":575,"height":575},{"@type":"BreadcrumbList","@id":"https:\/\/eastwings-diagnostics.com\/product\/rotofix-32-a\/#breadcrumb","itemListElement":[{"@type":"ListItem","position":1,"name":"Home","item":"https:\/\/eastwings-diagnostics.com\/"},{"@type":"ListItem","position":2,"name":"Products","item":"https:\/\/eastwings-diagnostics.com\/products\/"},{"@type":"ListItem","position":3,"name":"Rotofix 32 A"}]},{"@type":"WebSite","@id":"https:\/\/eastwings-diagnostics.com\/#website","url":"https:\/\/eastwings-diagnostics.com\/","name":"Eastwings Diagnostics Ltd","description":"","publisher":{"@id":"https:\/\/eastwings-diagnostics.com\/#organization"},"potentialAction":[{"@type":"SearchAction","target":{"@type":"EntryPoint","urlTemplate":"https:\/\/eastwings-diagnostics.com\/?s={search_term_string}"},"query-input":{"@type":"PropertyValueSpecification","valueRequired":true,"valueName":"search_term_string"}}],"inLanguage":"es"},{"@type":"Organization","@id":"https:\/\/eastwings-diagnostics.com\/#organization","name":"Eastwings Diagnostics LTD","url":"https:\/\/eastwings-diagnostics.com\/","logo":{"@type":"ImageObject","inLanguage":"es","@id":"https:\/\/eastwings-diagnostics.com\/#\/schema\/logo\/image\/","url":"https:\/\/eastwings-diagnostics.com\/wp-content\/uploads\/2021\/11\/eastwingss-diaa.png","contentUrl":"https:\/\/eastwings-diagnostics.com\/wp-content\/uploads\/2021\/11\/eastwingss-diaa.png","width":512,"height":120,"caption":"Eastwings Diagnostics LTD"},"image":{"@id":"https:\/\/eastwings-diagnostics.com\/#\/schema\/logo\/image\/"},"sameAs":["https:\/\/x.com\/eastwings3","http:\/\/www.linkedin.com\/in\/eastwings-diagnostics-213031226"]}]}},"jetpack_sharing_enabled":true,"_links":{"self":[{"href":"https:\/\/eastwings-diagnostics.com\/es\/wp-json\/wp\/v2\/product\/7338","targetHints":{"allow":["GET"]}}],"collection":[{"href":"https:\/\/eastwings-diagnostics.com\/es\/wp-json\/wp\/v2\/product"}],"about":[{"href":"https:\/\/eastwings-diagnostics.com\/es\/wp-json\/wp\/v2\/types\/product"}],"wp:featuredmedia":[{"embeddable":true,"href":"https:\/\/eastwings-diagnostics.com\/es\/wp-json\/wp\/v2\/media\/7346"}],"wp:attachment":[{"href":"https:\/\/eastwings-diagnostics.com\/es\/wp-json\/wp\/v2\/media?parent=7338"}],"wp:term":[{"taxonomy":"product_brand","embeddable":true,"href":"https:\/\/eastwings-diagnostics.com\/es\/wp-json\/wp\/v2\/product_brand?post=7338"},{"taxonomy":"product_cat","embeddable":true,"href":"https:\/\/eastwings-diagnostics.com\/es\/wp-json\/wp\/v2\/product_cat?post=7338"},{"taxonomy":"product_tag","embeddable":true,"href":"https:\/\/eastwings-diagnostics.com\/es\/wp-json\/wp\/v2\/product_tag?post=7338"}],"curies":[{"name":"wp","href":"https:\/\/api.w.org\/{rel}","templated":true}]}}