{"id":7312,"date":"2021-11-27T07:07:08","date_gmt":"2021-11-27T07:07:08","guid":{"rendered":"https:\/\/eastwings-diagnostics.com\/?post_type=product&#038;p=7312"},"modified":"2021-11-27T07:17:08","modified_gmt":"2021-11-27T07:17:08","slug":"eba-280-280-s","status":"publish","type":"product","link":"https:\/\/eastwings-diagnostics.com\/es\/producto\/eba-280-280-s\/","title":{"rendered":"EBA 280 | 280 S"},"content":{"rendered":"","protected":false},"excerpt":{"rendered":"<p><strong>CAMBIO DE ROTOR SENCILLO PARA MAYOR VERSATILIDAD<\/strong><\/p>\n<p>Los modelos EBA 280 y EBA 280 S ofrecen una comodidad de usuario excepcional y una opci\u00f3n de 6 rotores. El rotor se puede quitar y reemplazar f\u00e1cilmente gracias al sistema de liberaci\u00f3n r\u00e1pida. El rotor se bloquea en su lugar y permanece seguro sin el uso de herramientas o esfuerzo adicional. El panel de control digital retroiluminado ofrece la oportunidad de guardar 9 configuraciones de programas m\u00faltiples.<\/p>\n<h4>HECHOS Y N\u00daMEROS<\/h4>\n<p><strong>MAX. CAPACIDAD:<\/strong><br \/>\n6 x 50 ml<\/p>\n<p><strong>MAX. RCF:<\/strong><br \/>\n4,146 | 5,071<\/p>\n<p><strong>MAX. RPM:\u00a0<\/strong><br \/>\n6.000 min<sup>\u00a0-1<\/sup><\/p>\n<p><strong>PESO:<\/strong><br \/>\naprox. 12 kilogramos<\/p>\n<p><strong>REFRIGERACI\u00d3N:\u00a0<\/strong><br \/>\nNo<\/p>\n<p><strong>DIMENSIONES (An x Pr x Al):<\/strong><br \/>\n326 x 400 x 242 mm<\/p>\n<h4>ROTOR ABATIBLE, 6 LUGARES<\/h4>\n<ul>\n<li><strong>\u00c1ngulo:\u00a0<\/strong>90 \u00b0<\/li>\n<li><strong>Max. RCF:<\/strong>\u00a03,112 | 5,071<\/li>\n<li><strong>Max. RPM:<\/strong>\u00a04,700 | 6.000 min<sup>-1<\/sup><\/li>\n<li><strong>Max. capacidad:<\/strong>\u00a06 x 15 ml<\/li>\n<\/ul>","protected":false},"featured_media":7318,"template":"","meta":{"nf_dc_page":""},"product_brand":[],"product_cat":[111],"product_tag":[],"class_list":{"0":"post-7312","1":"product","2":"type-product","3":"status-publish","4":"has-post-thumbnail","6":"product_cat-small-centrifuges","8":"first","9":"instock","10":"shipping-taxable","11":"product-type-simple"},"yoast_head":"<!-- This site is optimized with the Yoast SEO Premium plugin v23.9 (Yoast SEO v27.4) - https:\/\/yoast.com\/product\/yoast-seo-premium-wordpress\/ -->\n<title>EBA 280 | 280 S - Eastwings Diagnostics Ltd<\/title>\n<meta name=\"robots\" content=\"index, follow, max-snippet:-1, max-image-preview:large, max-video-preview:-1\" \/>\n<link rel=\"canonical\" href=\"https:\/\/eastwings-diagnostics.com\/es\/producto\/eba-280-280-s\/\" \/>\n<meta property=\"og:locale\" content=\"es_ES\" \/>\n<meta property=\"og:type\" content=\"article\" \/>\n<meta property=\"og:title\" content=\"EBA 280 | 280 S\" \/>\n<meta property=\"og:description\" content=\"SIMPLE ROTOR CHANGE FOR GREATER VERSATILITY  The EBA 280 and EBA 280 S offer exceptional user comfort and a choice of 6 rotors. The rotor can be removed and replaced easily thanks to the quick release system. The rotor locks in place and remains secure without the use of tools or extra effort. The backlit digital control panel offers the opportunity to save 9\u00a0multiple program settings. FACTS &amp; NUMBERS MAX. CAPACITY: 6 x 50 ml  MAX. RCF: 4,146 | 5,071  MAX. RPM:\u00a0 6,000 min\u00a0-1  WEIGHT: approx. 12 kg  REFRIGERATION:\u00a0 No  DIMENSIONS (W x D x H): 326 x 400 x 242 mm SWING-OUT ROTOR, 6- PLACES   Angle:\u00a090\u00b0  Max. RCF:\u00a03,112 | 5,071  Max. RPM:\u00a04,700 | 6,000\u00a0min-1  Max. capacity:\u00a06 x 15 ml\" \/>\n<meta property=\"og:url\" content=\"https:\/\/eastwings-diagnostics.com\/es\/producto\/eba-280-280-s\/\" \/>\n<meta property=\"og:site_name\" content=\"Eastwings Diagnostics Ltd\" \/>\n<meta property=\"article:modified_time\" content=\"2021-11-27T07:17:08+00:00\" \/>\n<meta property=\"og:image\" content=\"https:\/\/i0.wp.com\/eastwings-diagnostics.com\/wp-content\/uploads\/2021\/11\/EBA280.png?fit=575%2C575&ssl=1\" \/>\n\t<meta property=\"og:image:width\" content=\"575\" \/>\n\t<meta property=\"og:image:height\" content=\"575\" \/>\n\t<meta property=\"og:image:type\" content=\"image\/png\" \/>\n<meta name=\"twitter:card\" content=\"summary_large_image\" \/>\n<meta name=\"twitter:site\" content=\"@eastwings3\" \/>\n<script type=\"application\/ld+json\" class=\"yoast-schema-graph\">{\"@context\":\"https:\\\/\\\/schema.org\",\"@graph\":[{\"@type\":\"WebPage\",\"@id\":\"https:\\\/\\\/eastwings-diagnostics.com\\\/product\\\/eba-280-280-s\\\/\",\"url\":\"https:\\\/\\\/eastwings-diagnostics.com\\\/product\\\/eba-280-280-s\\\/\",\"name\":\"EBA 280 | 280 S - Eastwings Diagnostics Ltd\",\"isPartOf\":{\"@id\":\"https:\\\/\\\/eastwings-diagnostics.com\\\/#website\"},\"primaryImageOfPage\":{\"@id\":\"https:\\\/\\\/eastwings-diagnostics.com\\\/product\\\/eba-280-280-s\\\/#primaryimage\"},\"image\":{\"@id\":\"https:\\\/\\\/eastwings-diagnostics.com\\\/product\\\/eba-280-280-s\\\/#primaryimage\"},\"thumbnailUrl\":\"https:\\\/\\\/i0.wp.com\\\/eastwings-diagnostics.com\\\/wp-content\\\/uploads\\\/2021\\\/11\\\/EBA280.png?fit=575%2C575&ssl=1\",\"datePublished\":\"2021-11-27T07:07:08+00:00\",\"dateModified\":\"2021-11-27T07:17:08+00:00\",\"breadcrumb\":{\"@id\":\"https:\\\/\\\/eastwings-diagnostics.com\\\/product\\\/eba-280-280-s\\\/#breadcrumb\"},\"inLanguage\":\"es\",\"potentialAction\":[{\"@type\":\"ReadAction\",\"target\":[\"https:\\\/\\\/eastwings-diagnostics.com\\\/product\\\/eba-280-280-s\\\/\"]}]},{\"@type\":\"ImageObject\",\"inLanguage\":\"es\",\"@id\":\"https:\\\/\\\/eastwings-diagnostics.com\\\/product\\\/eba-280-280-s\\\/#primaryimage\",\"url\":\"https:\\\/\\\/i0.wp.com\\\/eastwings-diagnostics.com\\\/wp-content\\\/uploads\\\/2021\\\/11\\\/EBA280.png?fit=575%2C575&ssl=1\",\"contentUrl\":\"https:\\\/\\\/i0.wp.com\\\/eastwings-diagnostics.com\\\/wp-content\\\/uploads\\\/2021\\\/11\\\/EBA280.png?fit=575%2C575&ssl=1\",\"width\":575,\"height\":575,\"caption\":\"EBA280\"},{\"@type\":\"BreadcrumbList\",\"@id\":\"https:\\\/\\\/eastwings-diagnostics.com\\\/product\\\/eba-280-280-s\\\/#breadcrumb\",\"itemListElement\":[{\"@type\":\"ListItem\",\"position\":1,\"name\":\"Home\",\"item\":\"https:\\\/\\\/eastwings-diagnostics.com\\\/\"},{\"@type\":\"ListItem\",\"position\":2,\"name\":\"Products\",\"item\":\"https:\\\/\\\/eastwings-diagnostics.com\\\/products\\\/\"},{\"@type\":\"ListItem\",\"position\":3,\"name\":\"EBA 280 | 280 S\"}]},{\"@type\":\"WebSite\",\"@id\":\"https:\\\/\\\/eastwings-diagnostics.com\\\/#website\",\"url\":\"https:\\\/\\\/eastwings-diagnostics.com\\\/\",\"name\":\"Eastwings Diagnostics Ltd\",\"description\":\"\",\"publisher\":{\"@id\":\"https:\\\/\\\/eastwings-diagnostics.com\\\/#organization\"},\"potentialAction\":[{\"@type\":\"SearchAction\",\"target\":{\"@type\":\"EntryPoint\",\"urlTemplate\":\"https:\\\/\\\/eastwings-diagnostics.com\\\/?s={search_term_string}\"},\"query-input\":{\"@type\":\"PropertyValueSpecification\",\"valueRequired\":true,\"valueName\":\"search_term_string\"}}],\"inLanguage\":\"es\"},{\"@type\":\"Organization\",\"@id\":\"https:\\\/\\\/eastwings-diagnostics.com\\\/#organization\",\"name\":\"Eastwings Diagnostics LTD\",\"url\":\"https:\\\/\\\/eastwings-diagnostics.com\\\/\",\"logo\":{\"@type\":\"ImageObject\",\"inLanguage\":\"es\",\"@id\":\"https:\\\/\\\/eastwings-diagnostics.com\\\/#\\\/schema\\\/logo\\\/image\\\/\",\"url\":\"https:\\\/\\\/eastwings-diagnostics.com\\\/wp-content\\\/uploads\\\/2021\\\/11\\\/eastwingss-diaa.png\",\"contentUrl\":\"https:\\\/\\\/eastwings-diagnostics.com\\\/wp-content\\\/uploads\\\/2021\\\/11\\\/eastwingss-diaa.png\",\"width\":512,\"height\":120,\"caption\":\"Eastwings Diagnostics LTD\"},\"image\":{\"@id\":\"https:\\\/\\\/eastwings-diagnostics.com\\\/#\\\/schema\\\/logo\\\/image\\\/\"},\"sameAs\":[\"https:\\\/\\\/x.com\\\/eastwings3\",\"http:\\\/\\\/www.linkedin.com\\\/in\\\/eastwings-diagnostics-213031226\"]}]}<\/script>\n<!-- \/ Yoast SEO Premium plugin. -->","yoast_head_json":{"title":"EBA 280 | 280 S - Eastwings Diagnostics Ltd","robots":{"index":"index","follow":"follow","max-snippet":"max-snippet:-1","max-image-preview":"max-image-preview:large","max-video-preview":"max-video-preview:-1"},"canonical":"https:\/\/eastwings-diagnostics.com\/es\/producto\/eba-280-280-s\/","og_locale":"es_ES","og_type":"article","og_title":"EBA 280 | 280 S","og_description":"SIMPLE ROTOR CHANGE FOR GREATER VERSATILITY  The EBA 280 and EBA 280 S offer exceptional user comfort and a choice of 6 rotors. The rotor can be removed and replaced easily thanks to the quick release system. The rotor locks in place and remains secure without the use of tools or extra effort. The backlit digital control panel offers the opportunity to save 9\u00a0multiple program settings. FACTS &amp; NUMBERS MAX. CAPACITY: 6 x 50 ml  MAX. RCF: 4,146 | 5,071  MAX. RPM:\u00a0 6,000 min\u00a0-1  WEIGHT: approx. 12 kg  REFRIGERATION:\u00a0 No  DIMENSIONS (W x D x H): 326 x 400 x 242 mm SWING-OUT ROTOR, 6- PLACES   Angle:\u00a090\u00b0  Max. RCF:\u00a03,112 | 5,071  Max. RPM:\u00a04,700 | 6,000\u00a0min-1  Max. capacity:\u00a06 x 15 ml","og_url":"https:\/\/eastwings-diagnostics.com\/es\/producto\/eba-280-280-s\/","og_site_name":"Eastwings Diagnostics Ltd","article_modified_time":"2021-11-27T07:17:08+00:00","og_image":[{"width":575,"height":575,"url":"https:\/\/i0.wp.com\/eastwings-diagnostics.com\/wp-content\/uploads\/2021\/11\/EBA280.png?fit=575%2C575&ssl=1","type":"image\/png"}],"twitter_card":"summary_large_image","twitter_site":"@eastwings3","schema":{"@context":"https:\/\/schema.org","@graph":[{"@type":"WebPage","@id":"https:\/\/eastwings-diagnostics.com\/product\/eba-280-280-s\/","url":"https:\/\/eastwings-diagnostics.com\/product\/eba-280-280-s\/","name":"EBA 280 | 280 S - Eastwings Diagnostics Ltd","isPartOf":{"@id":"https:\/\/eastwings-diagnostics.com\/#website"},"primaryImageOfPage":{"@id":"https:\/\/eastwings-diagnostics.com\/product\/eba-280-280-s\/#primaryimage"},"image":{"@id":"https:\/\/eastwings-diagnostics.com\/product\/eba-280-280-s\/#primaryimage"},"thumbnailUrl":"https:\/\/i0.wp.com\/eastwings-diagnostics.com\/wp-content\/uploads\/2021\/11\/EBA280.png?fit=575%2C575&ssl=1","datePublished":"2021-11-27T07:07:08+00:00","dateModified":"2021-11-27T07:17:08+00:00","breadcrumb":{"@id":"https:\/\/eastwings-diagnostics.com\/product\/eba-280-280-s\/#breadcrumb"},"inLanguage":"es","potentialAction":[{"@type":"ReadAction","target":["https:\/\/eastwings-diagnostics.com\/product\/eba-280-280-s\/"]}]},{"@type":"ImageObject","inLanguage":"es","@id":"https:\/\/eastwings-diagnostics.com\/product\/eba-280-280-s\/#primaryimage","url":"https:\/\/i0.wp.com\/eastwings-diagnostics.com\/wp-content\/uploads\/2021\/11\/EBA280.png?fit=575%2C575&ssl=1","contentUrl":"https:\/\/i0.wp.com\/eastwings-diagnostics.com\/wp-content\/uploads\/2021\/11\/EBA280.png?fit=575%2C575&ssl=1","width":575,"height":575,"caption":"EBA280"},{"@type":"BreadcrumbList","@id":"https:\/\/eastwings-diagnostics.com\/product\/eba-280-280-s\/#breadcrumb","itemListElement":[{"@type":"ListItem","position":1,"name":"Home","item":"https:\/\/eastwings-diagnostics.com\/"},{"@type":"ListItem","position":2,"name":"Products","item":"https:\/\/eastwings-diagnostics.com\/products\/"},{"@type":"ListItem","position":3,"name":"EBA 280 | 280 S"}]},{"@type":"WebSite","@id":"https:\/\/eastwings-diagnostics.com\/#website","url":"https:\/\/eastwings-diagnostics.com\/","name":"Eastwings Diagnostics Ltd","description":"","publisher":{"@id":"https:\/\/eastwings-diagnostics.com\/#organization"},"potentialAction":[{"@type":"SearchAction","target":{"@type":"EntryPoint","urlTemplate":"https:\/\/eastwings-diagnostics.com\/?s={search_term_string}"},"query-input":{"@type":"PropertyValueSpecification","valueRequired":true,"valueName":"search_term_string"}}],"inLanguage":"es"},{"@type":"Organization","@id":"https:\/\/eastwings-diagnostics.com\/#organization","name":"Eastwings Diagnostics LTD","url":"https:\/\/eastwings-diagnostics.com\/","logo":{"@type":"ImageObject","inLanguage":"es","@id":"https:\/\/eastwings-diagnostics.com\/#\/schema\/logo\/image\/","url":"https:\/\/eastwings-diagnostics.com\/wp-content\/uploads\/2021\/11\/eastwingss-diaa.png","contentUrl":"https:\/\/eastwings-diagnostics.com\/wp-content\/uploads\/2021\/11\/eastwingss-diaa.png","width":512,"height":120,"caption":"Eastwings Diagnostics LTD"},"image":{"@id":"https:\/\/eastwings-diagnostics.com\/#\/schema\/logo\/image\/"},"sameAs":["https:\/\/x.com\/eastwings3","http:\/\/www.linkedin.com\/in\/eastwings-diagnostics-213031226"]}]}},"jetpack_sharing_enabled":true,"_links":{"self":[{"href":"https:\/\/eastwings-diagnostics.com\/es\/wp-json\/wp\/v2\/product\/7312","targetHints":{"allow":["GET"]}}],"collection":[{"href":"https:\/\/eastwings-diagnostics.com\/es\/wp-json\/wp\/v2\/product"}],"about":[{"href":"https:\/\/eastwings-diagnostics.com\/es\/wp-json\/wp\/v2\/types\/product"}],"wp:featuredmedia":[{"embeddable":true,"href":"https:\/\/eastwings-diagnostics.com\/es\/wp-json\/wp\/v2\/media\/7318"}],"wp:attachment":[{"href":"https:\/\/eastwings-diagnostics.com\/es\/wp-json\/wp\/v2\/media?parent=7312"}],"wp:term":[{"taxonomy":"product_brand","embeddable":true,"href":"https:\/\/eastwings-diagnostics.com\/es\/wp-json\/wp\/v2\/product_brand?post=7312"},{"taxonomy":"product_cat","embeddable":true,"href":"https:\/\/eastwings-diagnostics.com\/es\/wp-json\/wp\/v2\/product_cat?post=7312"},{"taxonomy":"product_tag","embeddable":true,"href":"https:\/\/eastwings-diagnostics.com\/es\/wp-json\/wp\/v2\/product_tag?post=7312"}],"curies":[{"name":"wp","href":"https:\/\/api.w.org\/{rel}","templated":true}]}}