{"id":7233,"date":"2021-11-26T19:47:55","date_gmt":"2021-11-26T19:47:55","guid":{"rendered":"https:\/\/eastwings-diagnostics.com\/?post_type=product&#038;p=7233"},"modified":"2021-11-26T19:51:34","modified_gmt":"2021-11-26T19:51:34","slug":"incubator-in55plus","status":"publish","type":"product","link":"https:\/\/eastwings-diagnostics.com\/es\/producto\/incubator-in55plus\/","title":{"rendered":"Incubadora IN55plus"},"content":{"rendered":"","protected":false},"excerpt":{"rendered":"<h4>Temperatura<\/h4>\n<table class=\"table\">\n<tbody>\n<tr>\n<th colspan=\"1\">Ajuste del rango de temperatura<\/th>\n<td colspan=\"1\">+20 hasta +80 \u00b0 C<\/td>\n<\/tr>\n<tr>\n<th colspan=\"1\">Rango de temperatura de trabajo<\/th>\n<td colspan=\"1\">al menos 5 por encima de la temperatura ambiente hasta +80 \u00b0 C<\/td>\n<\/tr>\n<tr>\n<th colspan=\"1\">Ajuste de la temperatura de precisi\u00f3n<\/th>\n<td colspan=\"1\">0,1 \u00b0 C<\/td>\n<\/tr>\n<tr>\n<th colspan=\"1\">Sensor de temperatura<\/th>\n<td colspan=\"1\">2 sensores Pt100 DIN Clase A en circuito de 4 hilos para monitoreo mutuo, asumiendo funciones en caso de error<\/td>\n<\/tr>\n<\/tbody>\n<\/table>\n<h4>Tecnolog\u00eda de control<\/h4>\n<table class=\"table\">\n<tbody>\n<tr>\n<th colspan=\"1\">ControlCOCKPIT<\/th>\n<td colspan=\"1\">TwinDISPLAY. Controlador de microprocesador PID digital multifuncional adaptativo con 2 pantallas TFT en color de alta definici\u00f3n.<\/td>\n<\/tr>\n<tr>\n<th colspan=\"1\">Configuraci\u00f3n de idioma<\/th>\n<td colspan=\"1\">Alem\u00e1n, ingl\u00e9s, espa\u00f1ol, franc\u00e9s, polaco, checo, h\u00fangaro<\/td>\n<\/tr>\n<tr>\n<th colspan=\"1\">Temporizador<\/th>\n<td colspan=\"1\">Contador de retroceso digital con ajuste de tiempo objetivo, ajustable de 1 minuto a 99 d\u00edas<\/td>\n<\/tr>\n<tr>\n<th colspan=\"1\">Funci\u00f3n HeatBALANCE<\/th>\n<td colspan=\"1\">Adaptando la distribuci\u00f3n del rendimiento de calefacci\u00f3n del circuito de calefacci\u00f3n superior e inferior de -50 % a +50 %<\/td>\n<\/tr>\n<tr>\n<th colspan=\"1\">Funci\u00f3n SetpointWAIT<\/th>\n<td colspan=\"1\">el tiempo de proceso no comienza hasta que se alcanza la temperatura establecida<\/td>\n<\/tr>\n<tr>\n<th colspan=\"1\">Calibraci\u00f3n<\/th>\n<td colspan=\"1\">tres valores de temperatura libremente seleccionables<\/td>\n<\/tr>\n<tr>\n<th colspan=\"1\">par\u00e1metros ajustables<\/th>\n<td colspan=\"1\">temperatura (Celsius o Fahrenheit), posici\u00f3n de la aleta de aire, tiempo del programa, zonas horarias, horario de verano \/ invierno<\/td>\n<\/tr>\n<tr>\n<th colspan=\"1\">Esterilizaci\u00f3n<\/th>\n<td colspan=\"1\">programa de esterilizaci\u00f3n fijo (4 horas \/ 160 \u00b0 C) para esterilizar la c\u00e1mara de trabajo, no para esterilizar la carga<\/td>\n<\/tr>\n<\/tbody>\n<\/table>\n<h4>Ventilaci\u00f3n<\/h4>\n<table class=\"table\">\n<tbody>\n<tr>\n<th colspan=\"1\">Convecci\u00f3n<\/th>\n<td colspan=\"1\">convecci\u00f3n natural<\/td>\n<\/tr>\n<tr>\n<th colspan=\"1\">Aire fresco<\/th>\n<td colspan=\"1\">Mezcla de aire fresco precalentado mediante trampilla de aire regulable electr\u00f3nicamente<\/td>\n<\/tr>\n<tr>\n<th colspan=\"1\">Respiradero<\/th>\n<td colspan=\"1\">conexi\u00f3n de ventilaci\u00f3n con aleta restrictiva<\/td>\n<\/tr>\n<\/tbody>\n<\/table>\n<h4>Comunicaci\u00f3n<\/h4>\n<table class=\"table\">\n<tbody>\n<tr>\n<th colspan=\"1\">Documentaci\u00f3n<\/th>\n<td colspan=\"1\">programa almacenado en caso de corte de energ\u00eda<\/td>\n<\/tr>\n<tr>\n<th colspan=\"1\">Programaci\u00f3n<\/th>\n<td colspan=\"1\">Software AtmoCONTROL en una memoria USB para programar, administrar y transferir programas a trav\u00e9s de la interfaz Ethernet o el puerto USB<\/td>\n<\/tr>\n<\/tbody>\n<\/table>\n<h4>Seguridad<\/h4>\n<table class=\"table\">\n<tbody>\n<tr>\n<th colspan=\"1\">Control de temperatura<\/th>\n<td colspan=\"1\">limitador de temperatura mec\u00e1nico TB, clase de protecci\u00f3n 1 seg\u00fan DIN 12880 para desconectar la calefacci\u00f3n aprox. 20 \u00b0 C por encima de la temperatura nominal<\/td>\n<\/tr>\n<tr>\n<th colspan=\"1\">Control de temperatura<\/th>\n<td colspan=\"1\">monitor de sobretemperatura TWW, clase de protecci\u00f3n 3.1 o limitador de temperatura ajustable TWB, clase de protecci\u00f3n 2, seleccionable en pantalla<\/td>\n<\/tr>\n<tr>\n<th colspan=\"1\">Auto SEGURIDAD<\/th>\n<td colspan=\"1\">monitor de sobretemperatura y subtemperatura integrado adicionalmente &quot;ASF&quot;, que sigue autom\u00e1ticamente el valor nominal en un rango de tolerancia predeterminado, alarma en caso de sobretemperatura o subtemperatura, la calefacci\u00f3n se desconecta en caso de sobretemperatura<\/td>\n<\/tr>\n<tr>\n<th colspan=\"1\">Sistema de autodiagn\u00f3stico<\/th>\n<td colspan=\"1\">para an\u00e1lisis de fallas<\/td>\n<\/tr>\n<tr>\n<th colspan=\"1\">Alarma<\/th>\n<td colspan=\"1\">visual y ac\u00fastico<\/td>\n<\/tr>\n<\/tbody>\n<\/table>\n<h4>Equipamiento estandar<\/h4>\n<table class=\"table\">\n<tbody>\n<tr>\n<th colspan=\"1\">Puerta<\/th>\n<td colspan=\"1\">puerta de acero inoxidable totalmente aislada con bloqueo de 2 puntos (bloqueo de puerta de compresi\u00f3n)<\/td>\n<\/tr>\n<tr>\n<th colspan=\"1\">Internos<\/th>\n<td colspan=\"1\">1 rejilla (s) de acero inoxidable, electropulida<\/td>\n<\/tr>\n<tr>\n<th colspan=\"1\">Certificado de calibraci\u00f3n de obra<\/th>\n<td colspan=\"1\">incl. funciona certificado de calibraci\u00f3n para + 37 \u00b0 C<\/td>\n<\/tr>\n<tr>\n<th colspan=\"1\">Puerta<\/th>\n<td colspan=\"1\">puerta de vidrio interior<\/td>\n<\/tr>\n<\/tbody>\n<\/table>\n<h4>Interior de acero inoxidable<\/h4>\n<table class=\"table\">\n<tbody>\n<tr>\n<th colspan=\"1\">Interior<\/th>\n<td colspan=\"1\">interior f\u00e1cil de limpiar, de acero inoxidable, reforzado por nervaduras embutidas con calefacci\u00f3n integrada y protegida de gran superficie en los cuatro lados<\/td>\n<\/tr>\n<tr>\n<th colspan=\"1\">Volumen<\/th>\n<td colspan=\"1\">53 litros<\/td>\n<\/tr>\n<tr>\n<th colspan=\"1\">Dimensiones<\/th>\n<td colspan=\"1\">w<sub>(A)<\/sub>\u00a0xh<sub>(B)<\/sub>\u00a0xd<sub>(C)<\/sub>: 400 x 400 x 330 mm<\/td>\n<\/tr>\n<tr>\n<th colspan=\"1\">Max. n\u00famero de internos<\/th>\n<td colspan=\"1\">4<\/td>\n<\/tr>\n<tr>\n<th colspan=\"1\">Max. carga de la c\u00e1mara<\/th>\n<td colspan=\"1\">80 kilogramos<\/td>\n<\/tr>\n<tr>\n<th colspan=\"1\">Max. cargando por interno<\/th>\n<td colspan=\"1\">20 kilogramos<\/td>\n<\/tr>\n<\/tbody>\n<\/table>\n<h4>Carcasa de acero inoxidable con textura<\/h4>\n<table class=\"table\">\n<tbody>\n<tr>\n<th colspan=\"1\">Dimensiones<\/th>\n<td colspan=\"1\">w<sub>(D)<\/sub>\u00a0xh<sub>(MI)<\/sub>\u00a0xd<sub>(F)<\/sub>: 585 x 784 x 514 mm (manija de puerta d + 56 mm)<\/td>\n<\/tr>\n<tr>\n<th colspan=\"1\">Alojamiento<\/th>\n<td colspan=\"1\">trasero de acero cincado<\/td>\n<\/tr>\n<\/tbody>\n<\/table>\n<h4>Datos el\u00e9ctricos<\/h4>\n<table class=\"table\">\n<tbody>\n<tr>\n<th colspan=\"1\">Voltaje Carga el\u00e9ctrica<\/th>\n<td colspan=\"1\">230 V, 50\/60 Hz<br \/>\naprox. 1000 W<\/td>\n<\/tr>\n<tr>\n<th colspan=\"1\">Voltaje Carga el\u00e9ctrica<\/th>\n<td colspan=\"1\">115 V, 50\/60 Hz<br \/>\naprox. 900 W<\/td>\n<\/tr>\n<\/tbody>\n<\/table>\n<h4>Condiciones ambientales<\/h4>\n<table class=\"table\">\n<tbody>\n<tr>\n<th colspan=\"1\">Configurar<\/th>\n<td colspan=\"1\">La distancia entre la pared y la parte trasera del aparato debe ser de al menos 15 cm. El espacio libre desde el techo no debe ser inferior a 20 cm y el espacio libre lateral desde las paredes o los electrodom\u00e9sticos cercanos no debe ser inferior a 5 cm.<\/td>\n<\/tr>\n<tr>\n<th colspan=\"1\">Altitud de instalaci\u00f3n<\/th>\n<td colspan=\"1\">m\u00e1x. 2000 m sobre el nivel del mar<\/td>\n<\/tr>\n<tr>\n<th colspan=\"1\">Temperatura ambiente<\/th>\n<td colspan=\"1\">+5 \u00b0 C hasta +40 \u00b0 C<\/td>\n<\/tr>\n<tr>\n<th colspan=\"1\">Humedad rh<\/th>\n<td colspan=\"1\">m\u00e1x. 80 %, sin condensaci\u00f3n<\/td>\n<\/tr>\n<tr>\n<th colspan=\"1\">Categor\u00eda de sobrevoltaje<\/th>\n<td colspan=\"1\">II<\/td>\n<\/tr>\n<tr>\n<th colspan=\"1\">Grado de contaminaci\u00f3n<\/th>\n<td colspan=\"1\">2<\/td>\n<\/tr>\n<\/tbody>\n<\/table>","protected":false},"featured_media":7235,"template":"","meta":{"nf_dc_page":""},"product_brand":[],"product_cat":[110],"product_tag":[],"class_list":{"0":"post-7233","1":"product","2":"type-product","3":"status-publish","4":"has-post-thumbnail","6":"product_cat-compressor-cooled-incubator","8":"first","9":"instock","10":"shipping-taxable","11":"product-type-simple"},"yoast_head":"<!-- This site is optimized with the Yoast SEO Premium plugin v23.9 (Yoast SEO v27.4) - https:\/\/yoast.com\/product\/yoast-seo-premium-wordpress\/ -->\n<title>Incubator IN55plus - Eastwings Diagnostics Ltd<\/title>\n<meta name=\"robots\" content=\"index, follow, max-snippet:-1, max-image-preview:large, max-video-preview:-1\" \/>\n<link rel=\"canonical\" href=\"https:\/\/eastwings-diagnostics.com\/es\/producto\/incubator-in55plus\/\" \/>\n<meta property=\"og:locale\" content=\"es_ES\" \/>\n<meta property=\"og:type\" content=\"article\" \/>\n<meta property=\"og:title\" content=\"Incubator IN55plus\" \/>\n<meta property=\"og:description\" content=\"Temperature    Setting temperature range +20 to +80 \u00b0C   Working temperature range at least 5 above ambient temperature to +80 \u00b0C   Setting accuracy temperature 0.1 \u00b0C   Temperature sensor 2 Pt100 sensors DIN Class A in 4-wire-circuit for mutual monitoring, taking over functions in case of an error    Control technology    ControlCOCKPIT TwinDISPLAY. Adaptive multifunctional digital PID-microprocessor controller with 2 high-definition TFT-colour displays.   Language setting German, English, Spanish, French, Polish, Czech, Hungarian   Timer Digital backwards counter with target time setting, adjustable from 1 minute to 99 days   Function HeatBALANCE adapting the distribution of the heating performance of the upper and lower heating circuit from -50\u00a0% to +50\u00a0%   Function SetpointWAIT the process time does not start until the set temperature is reached   Calibration three freely selectable temperature values   adjustable parameters temperature (Celsius or Fahrenheit), air flap position, programme time, time zones, summertime\/wintertime   Sterilisation fixed sterilisation programme (4\u00a0hours\/160\u00b0C) for sterilisation of working chamber, not for sterilising the load    Ventilation    Convection natural convection   Fresh air Admixture of pre-heated fresh air by electronically adjustable air flap   Vent vent connection with restrictor flap    Communication    Documentation programme stored in case of power failure   Programming AtmoCONTROL software on a USB stick for programming, managing and transferring programmes via Ethernet interface or USB port    Safety    Temperature control mechanical temperature limiter TB, protection class 1 according to DIN 12880 to switch off the heating approx. 20\u00b0C above nominal temperature   Temperature control overtemperature monitor TWW, protection class 3.1 or adjustable temperature limiter TWB, protection class 2, selectable on display   AutoSAFETY additionally integrated over- and undertemperature monitor &quot;ASF&quot;, automatically following the setpoint value at a preset tolerance range, alarm in case of over- or undertemperature, heating is switched off in case of overtemperature   Autodiagnostic system for fault analysis   Alarm visual and acoustic    Standard equipment    Door fully insulated stainless steel door with 2-point locking (compression door lock)   Internals 1 stainless steel grid(s), electropolished   Works calibration certificate incl. works calibration certificate for +37\u00b0C   Door inner glass door    Stainless steel interior    Interior easy-to-clean interior,made of stainless steel, reinforced by deep drawn ribbing with integrated and protected large-area heating on four sides   Volume 53\u00a0l   Dimensions w(A)\u00a0x h(B)\u00a0x d(C): 400 x 400 x 330\u00a0mm   Max. number of internals 4   Max. loading of chamber 80\u00a0kg   Max. loading per internal 20 kg    Textured stainless steel casing    Dimensions w(D)\u00a0x h(E)\u00a0x d(F): 585 x 784 x 514\u00a0mm (d +56mm door handle)   Housing rear zinc-plated steel    Electrical data    Voltage Electrical load 230\u00a0V, 50\/60\u00a0Hz approx. 1000\u00a0W   Voltage Electrical load 115\u00a0V, 50\/60\u00a0Hz approx. 900\u00a0W    Ambient conditions    Set Up The distance between the wall and the rear of the appliance must be at least 15 cm. The clearance from the ceiling must not be less than 20 cm and the side clearance from walls or nearby appliances must not be less than 5 cm.   Altitude of installation max. 2,000 m above sea level   Ambient temperature +5 \u00b0C to +40 \u00b0C   Humidity rh max. 80 %, non-condensing   Overvoltage category II   Pollution degree 2\" \/>\n<meta property=\"og:url\" content=\"https:\/\/eastwings-diagnostics.com\/es\/producto\/incubator-in55plus\/\" \/>\n<meta property=\"og:site_name\" content=\"Eastwings Diagnostics Ltd\" \/>\n<meta property=\"article:modified_time\" content=\"2021-11-26T19:51:34+00:00\" \/>\n<meta property=\"og:image\" content=\"https:\/\/i0.wp.com\/eastwings-diagnostics.com\/wp-content\/uploads\/2021\/11\/Incubator-IN55plus-1.png?fit=480%2C346&ssl=1\" \/>\n\t<meta property=\"og:image:width\" content=\"480\" \/>\n\t<meta property=\"og:image:height\" content=\"346\" \/>\n\t<meta property=\"og:image:type\" content=\"image\/png\" \/>\n<meta name=\"twitter:card\" content=\"summary_large_image\" \/>\n<meta name=\"twitter:site\" content=\"@eastwings3\" \/>\n<script type=\"application\/ld+json\" class=\"yoast-schema-graph\">{\"@context\":\"https:\\\/\\\/schema.org\",\"@graph\":[{\"@type\":\"WebPage\",\"@id\":\"https:\\\/\\\/eastwings-diagnostics.com\\\/ru\\\/product\\\/incubator-in55plus\\\/\",\"url\":\"https:\\\/\\\/eastwings-diagnostics.com\\\/ru\\\/product\\\/incubator-in55plus\\\/\",\"name\":\"Incubator IN55plus - Eastwings Diagnostics Ltd\",\"isPartOf\":{\"@id\":\"https:\\\/\\\/eastwings-diagnostics.com\\\/#website\"},\"primaryImageOfPage\":{\"@id\":\"https:\\\/\\\/eastwings-diagnostics.com\\\/ru\\\/product\\\/incubator-in55plus\\\/#primaryimage\"},\"image\":{\"@id\":\"https:\\\/\\\/eastwings-diagnostics.com\\\/ru\\\/product\\\/incubator-in55plus\\\/#primaryimage\"},\"thumbnailUrl\":\"https:\\\/\\\/i0.wp.com\\\/eastwings-diagnostics.com\\\/wp-content\\\/uploads\\\/2021\\\/11\\\/Incubator-IN55plus-1.png?fit=480%2C346&ssl=1\",\"datePublished\":\"2021-11-26T19:47:55+00:00\",\"dateModified\":\"2021-11-26T19:51:34+00:00\",\"breadcrumb\":{\"@id\":\"https:\\\/\\\/eastwings-diagnostics.com\\\/ru\\\/product\\\/incubator-in55plus\\\/#breadcrumb\"},\"inLanguage\":\"es\",\"potentialAction\":[{\"@type\":\"ReadAction\",\"target\":[\"https:\\\/\\\/eastwings-diagnostics.com\\\/ru\\\/product\\\/incubator-in55plus\\\/\"]}]},{\"@type\":\"ImageObject\",\"inLanguage\":\"es\",\"@id\":\"https:\\\/\\\/eastwings-diagnostics.com\\\/ru\\\/product\\\/incubator-in55plus\\\/#primaryimage\",\"url\":\"https:\\\/\\\/i0.wp.com\\\/eastwings-diagnostics.com\\\/wp-content\\\/uploads\\\/2021\\\/11\\\/Incubator-IN55plus-1.png?fit=480%2C346&ssl=1\",\"contentUrl\":\"https:\\\/\\\/i0.wp.com\\\/eastwings-diagnostics.com\\\/wp-content\\\/uploads\\\/2021\\\/11\\\/Incubator-IN55plus-1.png?fit=480%2C346&ssl=1\",\"width\":480,\"height\":346,\"caption\":\"Incubator IN55plus\"},{\"@type\":\"BreadcrumbList\",\"@id\":\"https:\\\/\\\/eastwings-diagnostics.com\\\/ru\\\/product\\\/incubator-in55plus\\\/#breadcrumb\",\"itemListElement\":[{\"@type\":\"ListItem\",\"position\":1,\"name\":\"Home\",\"item\":\"https:\\\/\\\/eastwings-diagnostics.com\\\/\"},{\"@type\":\"ListItem\",\"position\":2,\"name\":\"Products\",\"item\":\"https:\\\/\\\/eastwings-diagnostics.com\\\/products\\\/\"},{\"@type\":\"ListItem\",\"position\":3,\"name\":\"Incubator IN55plus\"}]},{\"@type\":\"WebSite\",\"@id\":\"https:\\\/\\\/eastwings-diagnostics.com\\\/#website\",\"url\":\"https:\\\/\\\/eastwings-diagnostics.com\\\/\",\"name\":\"Eastwings Diagnostics Ltd\",\"description\":\"\",\"publisher\":{\"@id\":\"https:\\\/\\\/eastwings-diagnostics.com\\\/#organization\"},\"potentialAction\":[{\"@type\":\"SearchAction\",\"target\":{\"@type\":\"EntryPoint\",\"urlTemplate\":\"https:\\\/\\\/eastwings-diagnostics.com\\\/?s={search_term_string}\"},\"query-input\":{\"@type\":\"PropertyValueSpecification\",\"valueRequired\":true,\"valueName\":\"search_term_string\"}}],\"inLanguage\":\"es\"},{\"@type\":\"Organization\",\"@id\":\"https:\\\/\\\/eastwings-diagnostics.com\\\/#organization\",\"name\":\"Eastwings Diagnostics LTD\",\"url\":\"https:\\\/\\\/eastwings-diagnostics.com\\\/\",\"logo\":{\"@type\":\"ImageObject\",\"inLanguage\":\"es\",\"@id\":\"https:\\\/\\\/eastwings-diagnostics.com\\\/#\\\/schema\\\/logo\\\/image\\\/\",\"url\":\"https:\\\/\\\/eastwings-diagnostics.com\\\/wp-content\\\/uploads\\\/2021\\\/11\\\/eastwingss-diaa.png\",\"contentUrl\":\"https:\\\/\\\/eastwings-diagnostics.com\\\/wp-content\\\/uploads\\\/2021\\\/11\\\/eastwingss-diaa.png\",\"width\":512,\"height\":120,\"caption\":\"Eastwings Diagnostics LTD\"},\"image\":{\"@id\":\"https:\\\/\\\/eastwings-diagnostics.com\\\/#\\\/schema\\\/logo\\\/image\\\/\"},\"sameAs\":[\"https:\\\/\\\/x.com\\\/eastwings3\",\"http:\\\/\\\/www.linkedin.com\\\/in\\\/eastwings-diagnostics-213031226\"]}]}<\/script>\n<!-- \/ Yoast SEO Premium plugin. -->","yoast_head_json":{"title":"Incubator IN55plus - Eastwings Diagnostics Ltd","robots":{"index":"index","follow":"follow","max-snippet":"max-snippet:-1","max-image-preview":"max-image-preview:large","max-video-preview":"max-video-preview:-1"},"canonical":"https:\/\/eastwings-diagnostics.com\/es\/producto\/incubator-in55plus\/","og_locale":"es_ES","og_type":"article","og_title":"Incubator IN55plus","og_description":"Temperature    Setting temperature range +20 to +80 \u00b0C   Working temperature range at least 5 above ambient temperature to +80 \u00b0C   Setting accuracy temperature 0.1 \u00b0C   Temperature sensor 2 Pt100 sensors DIN Class A in 4-wire-circuit for mutual monitoring, taking over functions in case of an error    Control technology    ControlCOCKPIT TwinDISPLAY. Adaptive multifunctional digital PID-microprocessor controller with 2 high-definition TFT-colour displays.   Language setting German, English, Spanish, French, Polish, Czech, Hungarian   Timer Digital backwards counter with target time setting, adjustable from 1 minute to 99 days   Function HeatBALANCE adapting the distribution of the heating performance of the upper and lower heating circuit from -50\u00a0% to +50\u00a0%   Function SetpointWAIT the process time does not start until the set temperature is reached   Calibration three freely selectable temperature values   adjustable parameters temperature (Celsius or Fahrenheit), air flap position, programme time, time zones, summertime\/wintertime   Sterilisation fixed sterilisation programme (4\u00a0hours\/160\u00b0C) for sterilisation of working chamber, not for sterilising the load    Ventilation    Convection natural convection   Fresh air Admixture of pre-heated fresh air by electronically adjustable air flap   Vent vent connection with restrictor flap    Communication    Documentation programme stored in case of power failure   Programming AtmoCONTROL software on a USB stick for programming, managing and transferring programmes via Ethernet interface or USB port    Safety    Temperature control mechanical temperature limiter TB, protection class 1 according to DIN 12880 to switch off the heating approx. 20\u00b0C above nominal temperature   Temperature control overtemperature monitor TWW, protection class 3.1 or adjustable temperature limiter TWB, protection class 2, selectable on display   AutoSAFETY additionally integrated over- and undertemperature monitor \"ASF\", automatically following the setpoint value at a preset tolerance range, alarm in case of over- or undertemperature, heating is switched off in case of overtemperature   Autodiagnostic system for fault analysis   Alarm visual and acoustic    Standard equipment    Door fully insulated stainless steel door with 2-point locking (compression door lock)   Internals 1 stainless steel grid(s), electropolished   Works calibration certificate incl. works calibration certificate for +37\u00b0C   Door inner glass door    Stainless steel interior    Interior easy-to-clean interior,made of stainless steel, reinforced by deep drawn ribbing with integrated and protected large-area heating on four sides   Volume 53\u00a0l   Dimensions w(A)\u00a0x h(B)\u00a0x d(C): 400 x 400 x 330\u00a0mm   Max. number of internals 4   Max. loading of chamber 80\u00a0kg   Max. loading per internal 20 kg    Textured stainless steel casing    Dimensions w(D)\u00a0x h(E)\u00a0x d(F): 585 x 784 x 514\u00a0mm (d +56mm door handle)   Housing rear zinc-plated steel    Electrical data    Voltage Electrical load 230\u00a0V, 50\/60\u00a0Hz approx. 1000\u00a0W   Voltage Electrical load 115\u00a0V, 50\/60\u00a0Hz approx. 900\u00a0W    Ambient conditions    Set Up The distance between the wall and the rear of the appliance must be at least 15 cm. The clearance from the ceiling must not be less than 20 cm and the side clearance from walls or nearby appliances must not be less than 5 cm.   Altitude of installation max. 2,000 m above sea level   Ambient temperature +5 \u00b0C to +40 \u00b0C   Humidity rh max. 80 %, non-condensing   Overvoltage category II   Pollution degree 2","og_url":"https:\/\/eastwings-diagnostics.com\/es\/producto\/incubator-in55plus\/","og_site_name":"Eastwings Diagnostics Ltd","article_modified_time":"2021-11-26T19:51:34+00:00","og_image":[{"width":480,"height":346,"url":"https:\/\/i0.wp.com\/eastwings-diagnostics.com\/wp-content\/uploads\/2021\/11\/Incubator-IN55plus-1.png?fit=480%2C346&ssl=1","type":"image\/png"}],"twitter_card":"summary_large_image","twitter_site":"@eastwings3","schema":{"@context":"https:\/\/schema.org","@graph":[{"@type":"WebPage","@id":"https:\/\/eastwings-diagnostics.com\/ru\/product\/incubator-in55plus\/","url":"https:\/\/eastwings-diagnostics.com\/ru\/product\/incubator-in55plus\/","name":"Incubator IN55plus - Eastwings Diagnostics Ltd","isPartOf":{"@id":"https:\/\/eastwings-diagnostics.com\/#website"},"primaryImageOfPage":{"@id":"https:\/\/eastwings-diagnostics.com\/ru\/product\/incubator-in55plus\/#primaryimage"},"image":{"@id":"https:\/\/eastwings-diagnostics.com\/ru\/product\/incubator-in55plus\/#primaryimage"},"thumbnailUrl":"https:\/\/i0.wp.com\/eastwings-diagnostics.com\/wp-content\/uploads\/2021\/11\/Incubator-IN55plus-1.png?fit=480%2C346&ssl=1","datePublished":"2021-11-26T19:47:55+00:00","dateModified":"2021-11-26T19:51:34+00:00","breadcrumb":{"@id":"https:\/\/eastwings-diagnostics.com\/ru\/product\/incubator-in55plus\/#breadcrumb"},"inLanguage":"es","potentialAction":[{"@type":"ReadAction","target":["https:\/\/eastwings-diagnostics.com\/ru\/product\/incubator-in55plus\/"]}]},{"@type":"ImageObject","inLanguage":"es","@id":"https:\/\/eastwings-diagnostics.com\/ru\/product\/incubator-in55plus\/#primaryimage","url":"https:\/\/i0.wp.com\/eastwings-diagnostics.com\/wp-content\/uploads\/2021\/11\/Incubator-IN55plus-1.png?fit=480%2C346&ssl=1","contentUrl":"https:\/\/i0.wp.com\/eastwings-diagnostics.com\/wp-content\/uploads\/2021\/11\/Incubator-IN55plus-1.png?fit=480%2C346&ssl=1","width":480,"height":346,"caption":"Incubator IN55plus"},{"@type":"BreadcrumbList","@id":"https:\/\/eastwings-diagnostics.com\/ru\/product\/incubator-in55plus\/#breadcrumb","itemListElement":[{"@type":"ListItem","position":1,"name":"Home","item":"https:\/\/eastwings-diagnostics.com\/"},{"@type":"ListItem","position":2,"name":"Products","item":"https:\/\/eastwings-diagnostics.com\/products\/"},{"@type":"ListItem","position":3,"name":"Incubator IN55plus"}]},{"@type":"WebSite","@id":"https:\/\/eastwings-diagnostics.com\/#website","url":"https:\/\/eastwings-diagnostics.com\/","name":"Eastwings Diagnostics Ltd","description":"","publisher":{"@id":"https:\/\/eastwings-diagnostics.com\/#organization"},"potentialAction":[{"@type":"SearchAction","target":{"@type":"EntryPoint","urlTemplate":"https:\/\/eastwings-diagnostics.com\/?s={search_term_string}"},"query-input":{"@type":"PropertyValueSpecification","valueRequired":true,"valueName":"search_term_string"}}],"inLanguage":"es"},{"@type":"Organization","@id":"https:\/\/eastwings-diagnostics.com\/#organization","name":"Eastwings Diagnostics LTD","url":"https:\/\/eastwings-diagnostics.com\/","logo":{"@type":"ImageObject","inLanguage":"es","@id":"https:\/\/eastwings-diagnostics.com\/#\/schema\/logo\/image\/","url":"https:\/\/eastwings-diagnostics.com\/wp-content\/uploads\/2021\/11\/eastwingss-diaa.png","contentUrl":"https:\/\/eastwings-diagnostics.com\/wp-content\/uploads\/2021\/11\/eastwingss-diaa.png","width":512,"height":120,"caption":"Eastwings Diagnostics LTD"},"image":{"@id":"https:\/\/eastwings-diagnostics.com\/#\/schema\/logo\/image\/"},"sameAs":["https:\/\/x.com\/eastwings3","http:\/\/www.linkedin.com\/in\/eastwings-diagnostics-213031226"]}]}},"jetpack_sharing_enabled":true,"_links":{"self":[{"href":"https:\/\/eastwings-diagnostics.com\/es\/wp-json\/wp\/v2\/product\/7233","targetHints":{"allow":["GET"]}}],"collection":[{"href":"https:\/\/eastwings-diagnostics.com\/es\/wp-json\/wp\/v2\/product"}],"about":[{"href":"https:\/\/eastwings-diagnostics.com\/es\/wp-json\/wp\/v2\/types\/product"}],"wp:featuredmedia":[{"embeddable":true,"href":"https:\/\/eastwings-diagnostics.com\/es\/wp-json\/wp\/v2\/media\/7235"}],"wp:attachment":[{"href":"https:\/\/eastwings-diagnostics.com\/es\/wp-json\/wp\/v2\/media?parent=7233"}],"wp:term":[{"taxonomy":"product_brand","embeddable":true,"href":"https:\/\/eastwings-diagnostics.com\/es\/wp-json\/wp\/v2\/product_brand?post=7233"},{"taxonomy":"product_cat","embeddable":true,"href":"https:\/\/eastwings-diagnostics.com\/es\/wp-json\/wp\/v2\/product_cat?post=7233"},{"taxonomy":"product_tag","embeddable":true,"href":"https:\/\/eastwings-diagnostics.com\/es\/wp-json\/wp\/v2\/product_tag?post=7233"}],"curies":[{"name":"wp","href":"https:\/\/api.w.org\/{rel}","templated":true}]}}