{"id":7224,"date":"2021-11-26T19:36:42","date_gmt":"2021-11-26T19:36:42","guid":{"rendered":"https:\/\/eastwings-diagnostics.com\/?post_type=product&#038;p=7224"},"modified":"2021-11-26T19:36:43","modified_gmt":"2021-11-26T19:36:43","slug":"incubator-in30","status":"publish","type":"product","link":"https:\/\/eastwings-diagnostics.com\/es\/producto\/incubator-in30\/","title":{"rendered":"Incubadora IN30"},"content":{"rendered":"","protected":false},"excerpt":{"rendered":"<h4>Temperatura<\/h4>\n<table class=\"table\">\n<tbody>\n<tr>\n<th colspan=\"1\">Ajuste del rango de temperatura<\/th>\n<td colspan=\"1\">+20 hasta +80 \u00b0 C<\/td>\n<\/tr>\n<tr>\n<th colspan=\"1\">Rango de temperatura de trabajo<\/th>\n<td colspan=\"1\">al menos 5 por encima de la temperatura ambiente hasta +80 \u00b0 C<\/td>\n<\/tr>\n<tr>\n<th colspan=\"1\">Ajuste de la temperatura de precisi\u00f3n<\/th>\n<td colspan=\"1\">0,1 \u00b0 C<\/td>\n<\/tr>\n<tr>\n<th colspan=\"1\">Sensor de temperatura<\/th>\n<td colspan=\"1\">1 sensor Pt100 DIN clase A en circuito de 4 hilos<\/td>\n<\/tr>\n<\/tbody>\n<\/table>\n<h4>Tecnolog\u00eda de control<\/h4>\n<table class=\"table\">\n<tbody>\n<tr>\n<th colspan=\"1\">Configuraci\u00f3n de idioma<\/th>\n<td colspan=\"1\">Alem\u00e1n, ingl\u00e9s, espa\u00f1ol, franc\u00e9s, polaco, checo, h\u00fangaro<\/td>\n<\/tr>\n<tr>\n<th colspan=\"1\">ControlCOCKPIT<\/th>\n<td colspan=\"1\">SingleDISPLAY. Controlador de microprocesador PID digital multifuncional adaptable con pantalla a color TFT de alta definici\u00f3n<\/td>\n<\/tr>\n<tr>\n<th colspan=\"1\">Temporizador<\/th>\n<td colspan=\"1\">Contador de retroceso digital con ajuste de tiempo objetivo, ajustable de 1 minuto a 99 d\u00edas<\/td>\n<\/tr>\n<tr>\n<th colspan=\"1\">Funci\u00f3n SetpointWAIT<\/th>\n<td colspan=\"1\">el tiempo de proceso no comienza hasta que se alcanza la temperatura establecida<\/td>\n<\/tr>\n<tr>\n<th colspan=\"1\">Calibraci\u00f3n<\/th>\n<td colspan=\"1\">tres valores de temperatura libremente seleccionables<\/td>\n<\/tr>\n<tr>\n<th colspan=\"1\">par\u00e1metros ajustables<\/th>\n<td colspan=\"1\">temperatura (Celsius o Fahrenheit), posici\u00f3n de la aleta de aire, tiempo del programa, zonas horarias, horario de verano \/ invierno<\/td>\n<\/tr>\n<\/tbody>\n<\/table>\n<h4>Ventilaci\u00f3n<\/h4>\n<table class=\"table\">\n<tbody>\n<tr>\n<th colspan=\"1\">Convecci\u00f3n<\/th>\n<td colspan=\"1\">convecci\u00f3n natural<\/td>\n<\/tr>\n<tr>\n<th colspan=\"1\">Aire fresco<\/th>\n<td colspan=\"1\">Mezcla de aire fresco precalentado mediante trampilla de aire regulable electr\u00f3nicamente<\/td>\n<\/tr>\n<tr>\n<th colspan=\"1\">Respiradero<\/th>\n<td colspan=\"1\">conexi\u00f3n de ventilaci\u00f3n con aleta restrictiva<\/td>\n<\/tr>\n<\/tbody>\n<\/table>\n<h4>Comunicaci\u00f3n<\/h4>\n<table class=\"table\">\n<tbody>\n<tr>\n<th colspan=\"1\">Documentaci\u00f3n<\/th>\n<td colspan=\"1\">programa almacenado en caso de corte de energ\u00eda<\/td>\n<\/tr>\n<tr>\n<th colspan=\"1\">Programaci\u00f3n<\/th>\n<td colspan=\"1\">Software AtmoCONTROL para leer, gestionar y organizar el registrador de datos a trav\u00e9s de la interfaz Ethernet (se puede descargar la versi\u00f3n de prueba temporal). Memoria USB con software AtmoCONTROL disponible como accesorio (bajo demanda).<\/td>\n<\/tr>\n<\/tbody>\n<\/table>\n<h4>Seguridad<\/h4>\n<table class=\"table\">\n<tbody>\n<tr>\n<th colspan=\"1\">Control de temperatura<\/th>\n<td colspan=\"1\">monitor electr\u00f3nico de sobretemperatura regulable y limitador de temperatura mec\u00e1nico TB, clase de protecci\u00f3n 1 seg\u00fan DIN 12880 para desconectar la calefacci\u00f3n aprox. 20 \u00b0 C por encima de la temperatura nominal<\/td>\n<\/tr>\n<tr>\n<th colspan=\"1\">Sistema de autodiagn\u00f3stico<\/th>\n<td colspan=\"1\">para an\u00e1lisis de fallas<\/td>\n<\/tr>\n<\/tbody>\n<\/table>\n<h4>Equipamiento estandar<\/h4>\n<table class=\"table\">\n<tbody>\n<tr>\n<th colspan=\"1\">Puerta<\/th>\n<td colspan=\"1\">puerta de acero inoxidable totalmente aislada con bloqueo de 2 puntos (bloqueo de puerta de compresi\u00f3n)<\/td>\n<\/tr>\n<tr>\n<th colspan=\"1\">Internos<\/th>\n<td colspan=\"1\">1 rejilla (s) de acero inoxidable, electropulida<\/td>\n<\/tr>\n<tr>\n<th colspan=\"1\">Certificado de calibraci\u00f3n de obra<\/th>\n<td colspan=\"1\">incl. funciona certificado de calibraci\u00f3n para + 37 \u00b0 C<\/td>\n<\/tr>\n<tr>\n<th colspan=\"1\">Puerta<\/th>\n<td colspan=\"1\">puerta de vidrio interior<\/td>\n<\/tr>\n<\/tbody>\n<\/table>\n<h4>Interior de acero inoxidable<\/h4>\n<table class=\"table\">\n<tbody>\n<tr>\n<th colspan=\"1\">Interior<\/th>\n<td colspan=\"1\">interior f\u00e1cil de limpiar, de acero inoxidable, reforzado por nervaduras embutidas con calefacci\u00f3n integrada y protegida de gran superficie en los cuatro lados<\/td>\n<\/tr>\n<tr>\n<th colspan=\"1\">Volumen<\/th>\n<td colspan=\"1\">32 litros<\/td>\n<\/tr>\n<tr>\n<th colspan=\"1\">Dimensiones<\/th>\n<td colspan=\"1\">w<sub>(A)<\/sub>\u00a0xh<sub>(B)<\/sub>\u00a0xd<sub>(C)<\/sub>: 400 x 320 x 250 mm<\/td>\n<\/tr>\n<tr>\n<th colspan=\"1\">Max. n\u00famero de internos<\/th>\n<td colspan=\"1\">3<\/td>\n<\/tr>\n<tr>\n<th colspan=\"1\">Max. carga de la c\u00e1mara<\/th>\n<td colspan=\"1\">60 kilogramos<\/td>\n<\/tr>\n<tr>\n<th colspan=\"1\">Max. cargando por interno<\/th>\n<td colspan=\"1\">20 kilogramos<\/td>\n<\/tr>\n<\/tbody>\n<\/table>\n<h4>Carcasa de acero inoxidable con textura<\/h4>\n<table class=\"table\">\n<tbody>\n<tr>\n<th colspan=\"1\">Dimensiones<\/th>\n<td colspan=\"1\">w<sub>(D)<\/sub>\u00a0xh<sub>(MI)<\/sub>\u00a0xd<sub>(F)<\/sub>: 585 x 704 x 434 mm (manija de puerta d + 56 mm)<\/td>\n<\/tr>\n<tr>\n<th colspan=\"1\">Alojamiento<\/th>\n<td colspan=\"1\">trasero de acero cincado<\/td>\n<\/tr>\n<\/tbody>\n<\/table>\n<h4>Datos el\u00e9ctricos<\/h4>\n<table class=\"table\">\n<tbody>\n<tr>\n<th colspan=\"1\">Voltaje Carga el\u00e9ctrica<\/th>\n<td colspan=\"1\">230 V, 50\/60 Hz<br \/>\naprox. 1600 W<\/td>\n<\/tr>\n<tr>\n<th colspan=\"1\">Voltaje Carga el\u00e9ctrica<\/th>\n<td colspan=\"1\">115 V, 50\/60 Hz<br \/>\naprox. 800 W<\/td>\n<\/tr>\n<\/tbody>\n<\/table>\n<h4>Condiciones ambientales<\/h4>\n<table class=\"table\">\n<tbody>\n<tr>\n<th colspan=\"1\">Configurar<\/th>\n<td colspan=\"1\">La distancia entre la pared y la parte trasera del aparato debe ser de al menos 15 cm. El espacio libre desde el techo no debe ser inferior a 20 cm y el espacio libre lateral desde las paredes o los electrodom\u00e9sticos cercanos no debe ser inferior a 5 cm.<\/td>\n<\/tr>\n<tr>\n<th colspan=\"1\">Altitud de instalaci\u00f3n<\/th>\n<td colspan=\"1\">m\u00e1x. 2000 m sobre el nivel del mar<\/td>\n<\/tr>\n<tr>\n<th colspan=\"1\">Temperatura ambiente<\/th>\n<td colspan=\"1\">+5 \u00b0 C hasta +40 \u00b0 C<\/td>\n<\/tr>\n<tr>\n<th colspan=\"1\">Humedad rh<\/th>\n<td colspan=\"1\">m\u00e1x. 80 %, sin condensaci\u00f3n<\/td>\n<\/tr>\n<tr>\n<th colspan=\"1\">Categor\u00eda de sobrevoltaje<\/th>\n<td colspan=\"1\">II<\/td>\n<\/tr>\n<tr>\n<th colspan=\"1\">Grado de contaminaci\u00f3n<\/th>\n<td colspan=\"1\">2<\/td>\n<\/tr>\n<\/tbody>\n<\/table>","protected":false},"featured_media":7225,"template":"","meta":{"nf_dc_page":""},"product_brand":[],"product_cat":[110],"product_tag":[],"class_list":{"0":"post-7224","1":"product","2":"type-product","3":"status-publish","4":"has-post-thumbnail","6":"product_cat-compressor-cooled-incubator","8":"first","9":"instock","10":"shipping-taxable","11":"product-type-simple"},"yoast_head":"<!-- This site is optimized with the Yoast SEO Premium plugin v23.9 (Yoast SEO v27.4) - https:\/\/yoast.com\/product\/yoast-seo-premium-wordpress\/ -->\n<title>Incubator IN30 - Eastwings Diagnostics Ltd<\/title>\n<meta name=\"robots\" content=\"index, follow, max-snippet:-1, max-image-preview:large, max-video-preview:-1\" \/>\n<link rel=\"canonical\" href=\"https:\/\/eastwings-diagnostics.com\/es\/producto\/incubator-in30\/\" \/>\n<meta property=\"og:locale\" content=\"es_ES\" \/>\n<meta property=\"og:type\" content=\"article\" \/>\n<meta property=\"og:title\" content=\"Incubator IN30\" \/>\n<meta property=\"og:description\" content=\"Temperature    Setting temperature range +20 to +80 \u00b0C   Working temperature range at least 5 above ambient temperature to +80 \u00b0C   Setting accuracy temperature 0.1 \u00b0C   Temperature sensor 1 Pt100 sensor DIN class A in 4-wire-circuit    Control technology    Language setting German, English, Spanish, French, Polish, Czech, Hungarian   ControlCOCKPIT SingleDISPLAY. Adaptive multifunctional digital PID-microprocessor controller with high-definition TFT-colour display   Timer Digital backwards counter with target time setting, adjustable from 1 minute to 99 days   Function SetpointWAIT the process time does not start until the set temperature is reached   Calibration three freely selectable temperature values   adjustable parameters temperature (Celsius or Fahrenheit), air flap position, programme time, time zones, summertime\/wintertime    Ventilation    Convection natural convection   Fresh air Admixture of pre-heated fresh air by electronically adjustable air flap   Vent vent connection with restrictor flap    Communication    Documentation programme stored in case of power failure   Programming AtmoCONTROL software for reading out, managing and organising the data logger via Ethernet interface (temporary trial version can be downloaded). USB stick with AtmoCONTROL software available as accessory (on demand).    Safety    Temperature control adjustable electronic overtemperature monitor and mechanical temperature limiter TB, protection class 1 according to DIN 12880 to switch off the heating approx. 20\u00b0C above nominal temperature   Autodiagnostic system for fault analysis    Standard equipment    Door fully insulated stainless steel door with 2-point locking (compression door lock)   Internals 1 stainless steel grid(s), electropolished   Works calibration certificate incl. works calibration certificate for +37\u00b0C   Door inner glass door    Stainless steel interior    Interior easy-to-clean interior,made of stainless steel, reinforced by deep drawn ribbing with integrated and protected large-area heating on four sides   Volume 32\u00a0l   Dimensions w(A)\u00a0x h(B)\u00a0x d(C): 400 x 320 x 250\u00a0mm   Max. number of internals 3   Max. loading of chamber 60\u00a0kg   Max. loading per internal 20 kg    Textured stainless steel casing    Dimensions w(D)\u00a0x h(E)\u00a0x d(F): 585 x 704 x 434\u00a0mm (d +56mm door handle)   Housing rear zinc-plated steel    Electrical data    Voltage Electrical load 230\u00a0V, 50\/60\u00a0Hz approx. 1600\u00a0W   Voltage Electrical load 115\u00a0V, 50\/60\u00a0Hz approx. 800\u00a0W    Ambient conditions    Set Up The distance between the wall and the rear of the appliance must be at least 15 cm. The clearance from the ceiling must not be less than 20 cm and the side clearance from walls or nearby appliances must not be less than 5 cm.   Altitude of installation max. 2,000 m above sea level   Ambient temperature +5 \u00b0C to +40 \u00b0C   Humidity rh max. 80 %, non-condensing   Overvoltage category II   Pollution degree 2\" \/>\n<meta property=\"og:url\" content=\"https:\/\/eastwings-diagnostics.com\/es\/producto\/incubator-in30\/\" \/>\n<meta property=\"og:site_name\" content=\"Eastwings Diagnostics Ltd\" \/>\n<meta property=\"article:modified_time\" content=\"2021-11-26T19:36:43+00:00\" \/>\n<meta property=\"og:image\" content=\"https:\/\/i0.wp.com\/eastwings-diagnostics.com\/wp-content\/uploads\/2021\/11\/Incubator-IN30.png?fit=480%2C321&ssl=1\" \/>\n\t<meta property=\"og:image:width\" content=\"480\" \/>\n\t<meta property=\"og:image:height\" content=\"321\" \/>\n\t<meta property=\"og:image:type\" content=\"image\/png\" \/>\n<meta name=\"twitter:card\" content=\"summary_large_image\" \/>\n<meta name=\"twitter:site\" content=\"@eastwings3\" \/>\n<script type=\"application\/ld+json\" class=\"yoast-schema-graph\">{\"@context\":\"https:\\\/\\\/schema.org\",\"@graph\":[{\"@type\":\"WebPage\",\"@id\":\"https:\\\/\\\/eastwings-diagnostics.com\\\/product\\\/incubator-in30\\\/\",\"url\":\"https:\\\/\\\/eastwings-diagnostics.com\\\/product\\\/incubator-in30\\\/\",\"name\":\"Incubator IN30 - Eastwings Diagnostics Ltd\",\"isPartOf\":{\"@id\":\"https:\\\/\\\/eastwings-diagnostics.com\\\/#website\"},\"primaryImageOfPage\":{\"@id\":\"https:\\\/\\\/eastwings-diagnostics.com\\\/product\\\/incubator-in30\\\/#primaryimage\"},\"image\":{\"@id\":\"https:\\\/\\\/eastwings-diagnostics.com\\\/product\\\/incubator-in30\\\/#primaryimage\"},\"thumbnailUrl\":\"https:\\\/\\\/i0.wp.com\\\/eastwings-diagnostics.com\\\/wp-content\\\/uploads\\\/2021\\\/11\\\/Incubator-IN30.png?fit=480%2C321&ssl=1\",\"datePublished\":\"2021-11-26T19:36:42+00:00\",\"dateModified\":\"2021-11-26T19:36:43+00:00\",\"breadcrumb\":{\"@id\":\"https:\\\/\\\/eastwings-diagnostics.com\\\/product\\\/incubator-in30\\\/#breadcrumb\"},\"inLanguage\":\"es\",\"potentialAction\":[{\"@type\":\"ReadAction\",\"target\":[\"https:\\\/\\\/eastwings-diagnostics.com\\\/product\\\/incubator-in30\\\/\"]}]},{\"@type\":\"ImageObject\",\"inLanguage\":\"es\",\"@id\":\"https:\\\/\\\/eastwings-diagnostics.com\\\/product\\\/incubator-in30\\\/#primaryimage\",\"url\":\"https:\\\/\\\/i0.wp.com\\\/eastwings-diagnostics.com\\\/wp-content\\\/uploads\\\/2021\\\/11\\\/Incubator-IN30.png?fit=480%2C321&ssl=1\",\"contentUrl\":\"https:\\\/\\\/i0.wp.com\\\/eastwings-diagnostics.com\\\/wp-content\\\/uploads\\\/2021\\\/11\\\/Incubator-IN30.png?fit=480%2C321&ssl=1\",\"width\":480,\"height\":321,\"caption\":\"Incubator IN30\"},{\"@type\":\"BreadcrumbList\",\"@id\":\"https:\\\/\\\/eastwings-diagnostics.com\\\/product\\\/incubator-in30\\\/#breadcrumb\",\"itemListElement\":[{\"@type\":\"ListItem\",\"position\":1,\"name\":\"Home\",\"item\":\"https:\\\/\\\/eastwings-diagnostics.com\\\/\"},{\"@type\":\"ListItem\",\"position\":2,\"name\":\"Products\",\"item\":\"https:\\\/\\\/eastwings-diagnostics.com\\\/products\\\/\"},{\"@type\":\"ListItem\",\"position\":3,\"name\":\"Incubator IN30\"}]},{\"@type\":\"WebSite\",\"@id\":\"https:\\\/\\\/eastwings-diagnostics.com\\\/#website\",\"url\":\"https:\\\/\\\/eastwings-diagnostics.com\\\/\",\"name\":\"Eastwings Diagnostics Ltd\",\"description\":\"\",\"publisher\":{\"@id\":\"https:\\\/\\\/eastwings-diagnostics.com\\\/#organization\"},\"potentialAction\":[{\"@type\":\"SearchAction\",\"target\":{\"@type\":\"EntryPoint\",\"urlTemplate\":\"https:\\\/\\\/eastwings-diagnostics.com\\\/?s={search_term_string}\"},\"query-input\":{\"@type\":\"PropertyValueSpecification\",\"valueRequired\":true,\"valueName\":\"search_term_string\"}}],\"inLanguage\":\"es\"},{\"@type\":\"Organization\",\"@id\":\"https:\\\/\\\/eastwings-diagnostics.com\\\/#organization\",\"name\":\"Eastwings Diagnostics LTD\",\"url\":\"https:\\\/\\\/eastwings-diagnostics.com\\\/\",\"logo\":{\"@type\":\"ImageObject\",\"inLanguage\":\"es\",\"@id\":\"https:\\\/\\\/eastwings-diagnostics.com\\\/#\\\/schema\\\/logo\\\/image\\\/\",\"url\":\"https:\\\/\\\/eastwings-diagnostics.com\\\/wp-content\\\/uploads\\\/2021\\\/11\\\/eastwingss-diaa.png\",\"contentUrl\":\"https:\\\/\\\/eastwings-diagnostics.com\\\/wp-content\\\/uploads\\\/2021\\\/11\\\/eastwingss-diaa.png\",\"width\":512,\"height\":120,\"caption\":\"Eastwings Diagnostics LTD\"},\"image\":{\"@id\":\"https:\\\/\\\/eastwings-diagnostics.com\\\/#\\\/schema\\\/logo\\\/image\\\/\"},\"sameAs\":[\"https:\\\/\\\/x.com\\\/eastwings3\",\"http:\\\/\\\/www.linkedin.com\\\/in\\\/eastwings-diagnostics-213031226\"]}]}<\/script>\n<!-- \/ Yoast SEO Premium plugin. -->","yoast_head_json":{"title":"Incubator IN30 - Eastwings Diagnostics Ltd","robots":{"index":"index","follow":"follow","max-snippet":"max-snippet:-1","max-image-preview":"max-image-preview:large","max-video-preview":"max-video-preview:-1"},"canonical":"https:\/\/eastwings-diagnostics.com\/es\/producto\/incubator-in30\/","og_locale":"es_ES","og_type":"article","og_title":"Incubator IN30","og_description":"Temperature    Setting temperature range +20 to +80 \u00b0C   Working temperature range at least 5 above ambient temperature to +80 \u00b0C   Setting accuracy temperature 0.1 \u00b0C   Temperature sensor 1 Pt100 sensor DIN class A in 4-wire-circuit    Control technology    Language setting German, English, Spanish, French, Polish, Czech, Hungarian   ControlCOCKPIT SingleDISPLAY. Adaptive multifunctional digital PID-microprocessor controller with high-definition TFT-colour display   Timer Digital backwards counter with target time setting, adjustable from 1 minute to 99 days   Function SetpointWAIT the process time does not start until the set temperature is reached   Calibration three freely selectable temperature values   adjustable parameters temperature (Celsius or Fahrenheit), air flap position, programme time, time zones, summertime\/wintertime    Ventilation    Convection natural convection   Fresh air Admixture of pre-heated fresh air by electronically adjustable air flap   Vent vent connection with restrictor flap    Communication    Documentation programme stored in case of power failure   Programming AtmoCONTROL software for reading out, managing and organising the data logger via Ethernet interface (temporary trial version can be downloaded). USB stick with AtmoCONTROL software available as accessory (on demand).    Safety    Temperature control adjustable electronic overtemperature monitor and mechanical temperature limiter TB, protection class 1 according to DIN 12880 to switch off the heating approx. 20\u00b0C above nominal temperature   Autodiagnostic system for fault analysis    Standard equipment    Door fully insulated stainless steel door with 2-point locking (compression door lock)   Internals 1 stainless steel grid(s), electropolished   Works calibration certificate incl. works calibration certificate for +37\u00b0C   Door inner glass door    Stainless steel interior    Interior easy-to-clean interior,made of stainless steel, reinforced by deep drawn ribbing with integrated and protected large-area heating on four sides   Volume 32\u00a0l   Dimensions w(A)\u00a0x h(B)\u00a0x d(C): 400 x 320 x 250\u00a0mm   Max. number of internals 3   Max. loading of chamber 60\u00a0kg   Max. loading per internal 20 kg    Textured stainless steel casing    Dimensions w(D)\u00a0x h(E)\u00a0x d(F): 585 x 704 x 434\u00a0mm (d +56mm door handle)   Housing rear zinc-plated steel    Electrical data    Voltage Electrical load 230\u00a0V, 50\/60\u00a0Hz approx. 1600\u00a0W   Voltage Electrical load 115\u00a0V, 50\/60\u00a0Hz approx. 800\u00a0W    Ambient conditions    Set Up The distance between the wall and the rear of the appliance must be at least 15 cm. The clearance from the ceiling must not be less than 20 cm and the side clearance from walls or nearby appliances must not be less than 5 cm.   Altitude of installation max. 2,000 m above sea level   Ambient temperature +5 \u00b0C to +40 \u00b0C   Humidity rh max. 80 %, non-condensing   Overvoltage category II   Pollution degree 2","og_url":"https:\/\/eastwings-diagnostics.com\/es\/producto\/incubator-in30\/","og_site_name":"Eastwings Diagnostics Ltd","article_modified_time":"2021-11-26T19:36:43+00:00","og_image":[{"width":480,"height":321,"url":"https:\/\/i0.wp.com\/eastwings-diagnostics.com\/wp-content\/uploads\/2021\/11\/Incubator-IN30.png?fit=480%2C321&ssl=1","type":"image\/png"}],"twitter_card":"summary_large_image","twitter_site":"@eastwings3","schema":{"@context":"https:\/\/schema.org","@graph":[{"@type":"WebPage","@id":"https:\/\/eastwings-diagnostics.com\/product\/incubator-in30\/","url":"https:\/\/eastwings-diagnostics.com\/product\/incubator-in30\/","name":"Incubator IN30 - Eastwings Diagnostics Ltd","isPartOf":{"@id":"https:\/\/eastwings-diagnostics.com\/#website"},"primaryImageOfPage":{"@id":"https:\/\/eastwings-diagnostics.com\/product\/incubator-in30\/#primaryimage"},"image":{"@id":"https:\/\/eastwings-diagnostics.com\/product\/incubator-in30\/#primaryimage"},"thumbnailUrl":"https:\/\/i0.wp.com\/eastwings-diagnostics.com\/wp-content\/uploads\/2021\/11\/Incubator-IN30.png?fit=480%2C321&ssl=1","datePublished":"2021-11-26T19:36:42+00:00","dateModified":"2021-11-26T19:36:43+00:00","breadcrumb":{"@id":"https:\/\/eastwings-diagnostics.com\/product\/incubator-in30\/#breadcrumb"},"inLanguage":"es","potentialAction":[{"@type":"ReadAction","target":["https:\/\/eastwings-diagnostics.com\/product\/incubator-in30\/"]}]},{"@type":"ImageObject","inLanguage":"es","@id":"https:\/\/eastwings-diagnostics.com\/product\/incubator-in30\/#primaryimage","url":"https:\/\/i0.wp.com\/eastwings-diagnostics.com\/wp-content\/uploads\/2021\/11\/Incubator-IN30.png?fit=480%2C321&ssl=1","contentUrl":"https:\/\/i0.wp.com\/eastwings-diagnostics.com\/wp-content\/uploads\/2021\/11\/Incubator-IN30.png?fit=480%2C321&ssl=1","width":480,"height":321,"caption":"Incubator IN30"},{"@type":"BreadcrumbList","@id":"https:\/\/eastwings-diagnostics.com\/product\/incubator-in30\/#breadcrumb","itemListElement":[{"@type":"ListItem","position":1,"name":"Home","item":"https:\/\/eastwings-diagnostics.com\/"},{"@type":"ListItem","position":2,"name":"Products","item":"https:\/\/eastwings-diagnostics.com\/products\/"},{"@type":"ListItem","position":3,"name":"Incubator IN30"}]},{"@type":"WebSite","@id":"https:\/\/eastwings-diagnostics.com\/#website","url":"https:\/\/eastwings-diagnostics.com\/","name":"Eastwings Diagnostics Ltd","description":"","publisher":{"@id":"https:\/\/eastwings-diagnostics.com\/#organization"},"potentialAction":[{"@type":"SearchAction","target":{"@type":"EntryPoint","urlTemplate":"https:\/\/eastwings-diagnostics.com\/?s={search_term_string}"},"query-input":{"@type":"PropertyValueSpecification","valueRequired":true,"valueName":"search_term_string"}}],"inLanguage":"es"},{"@type":"Organization","@id":"https:\/\/eastwings-diagnostics.com\/#organization","name":"Eastwings Diagnostics LTD","url":"https:\/\/eastwings-diagnostics.com\/","logo":{"@type":"ImageObject","inLanguage":"es","@id":"https:\/\/eastwings-diagnostics.com\/#\/schema\/logo\/image\/","url":"https:\/\/eastwings-diagnostics.com\/wp-content\/uploads\/2021\/11\/eastwingss-diaa.png","contentUrl":"https:\/\/eastwings-diagnostics.com\/wp-content\/uploads\/2021\/11\/eastwingss-diaa.png","width":512,"height":120,"caption":"Eastwings Diagnostics LTD"},"image":{"@id":"https:\/\/eastwings-diagnostics.com\/#\/schema\/logo\/image\/"},"sameAs":["https:\/\/x.com\/eastwings3","http:\/\/www.linkedin.com\/in\/eastwings-diagnostics-213031226"]}]}},"jetpack_sharing_enabled":true,"_links":{"self":[{"href":"https:\/\/eastwings-diagnostics.com\/es\/wp-json\/wp\/v2\/product\/7224","targetHints":{"allow":["GET"]}}],"collection":[{"href":"https:\/\/eastwings-diagnostics.com\/es\/wp-json\/wp\/v2\/product"}],"about":[{"href":"https:\/\/eastwings-diagnostics.com\/es\/wp-json\/wp\/v2\/types\/product"}],"wp:featuredmedia":[{"embeddable":true,"href":"https:\/\/eastwings-diagnostics.com\/es\/wp-json\/wp\/v2\/media\/7225"}],"wp:attachment":[{"href":"https:\/\/eastwings-diagnostics.com\/es\/wp-json\/wp\/v2\/media?parent=7224"}],"wp:term":[{"taxonomy":"product_brand","embeddable":true,"href":"https:\/\/eastwings-diagnostics.com\/es\/wp-json\/wp\/v2\/product_brand?post=7224"},{"taxonomy":"product_cat","embeddable":true,"href":"https:\/\/eastwings-diagnostics.com\/es\/wp-json\/wp\/v2\/product_cat?post=7224"},{"taxonomy":"product_tag","embeddable":true,"href":"https:\/\/eastwings-diagnostics.com\/es\/wp-json\/wp\/v2\/product_tag?post=7224"}],"curies":[{"name":"wp","href":"https:\/\/api.w.org\/{rel}","templated":true}]}}