{"id":6970,"date":"2021-11-16T12:59:36","date_gmt":"2021-11-16T12:59:36","guid":{"rendered":"https:\/\/eastwings-diagnostics.com\/?post_type=product&#038;p=6970"},"modified":"2021-11-16T13:01:29","modified_gmt":"2021-11-16T13:01:29","slug":"peltier-cooled-incubator-ipp1400eco","status":"publish","type":"product","link":"https:\/\/eastwings-diagnostics.com\/es\/producto\/peltier-cooled-incubator-ipp1400eco\/","title":{"rendered":"Incubadora refrigerada por Peltier IPP1400eco"},"content":{"rendered":"","protected":false},"excerpt":{"rendered":"<h4>Temperatura<\/h4>\n<table class=\"table\">\n<tbody>\n<tr>\n<th colspan=\"1\">Ajuste del rango de temperatura<\/th>\n<td colspan=\"1\">0 hasta +70 \u00b0 C<\/td>\n<\/tr>\n<tr>\n<th colspan=\"1\">Rango de temperatura de trabajo<\/th>\n<td colspan=\"1\">sin luz: de 0 (al menos 20 por debajo de la temperatura ambiente) a + 70 \u00b0 C<\/td>\n<\/tr>\n<tr>\n<th colspan=\"1\">Ajuste de la temperatura de precisi\u00f3n<\/th>\n<td colspan=\"1\">0,1 \u00b0 C<\/td>\n<\/tr>\n<tr>\n<th colspan=\"1\">Sensor de temperatura<\/th>\n<td colspan=\"1\">1 sensor Pt100 DIN clase A en circuito de 4 hilos<\/td>\n<\/tr>\n<\/tbody>\n<\/table>\n<h4>Tecnolog\u00eda de control<\/h4>\n<table class=\"table\">\n<tbody>\n<tr>\n<th colspan=\"1\">Configuraci\u00f3n de idioma<\/th>\n<td colspan=\"1\">Alem\u00e1n, ingl\u00e9s, espa\u00f1ol, franc\u00e9s, polaco, checo, h\u00fangaro<\/td>\n<\/tr>\n<tr>\n<th colspan=\"1\">ControlCOCKPIT<\/th>\n<td colspan=\"1\">SingleDISPLAY. Controlador de microprocesador PID digital multifuncional adaptable con pantalla a color TFT de alta definici\u00f3n<\/td>\n<\/tr>\n<tr>\n<th colspan=\"1\">Temporizador<\/th>\n<td colspan=\"1\">Contador de retroceso digital con ajuste de tiempo objetivo, ajustable de 1 minuto a 99 d\u00edas<\/td>\n<\/tr>\n<tr>\n<th colspan=\"1\">Funci\u00f3n SetpointWAIT<\/th>\n<td colspan=\"1\">el tiempo de proceso no comienza hasta que se alcanza la temperatura establecida<\/td>\n<\/tr>\n<tr>\n<th colspan=\"1\">Calibraci\u00f3n<\/th>\n<td colspan=\"1\">tres valores de temperatura libremente seleccionables<\/td>\n<\/tr>\n<tr>\n<th colspan=\"1\">par\u00e1metros ajustables<\/th>\n<td colspan=\"1\">temperatura (Celsius o Fahrenheit), tiempo del programa, zonas horarias, horario de verano \/ invierno<\/td>\n<\/tr>\n<\/tbody>\n<\/table>\n<h4>Ventilaci\u00f3n<\/h4>\n<table class=\"table\">\n<tbody>\n<tr>\n<th colspan=\"1\">Convecci\u00f3n<\/th>\n<td colspan=\"1\">ventilaci\u00f3n forzada por ventilador Peltier<\/td>\n<\/tr>\n<\/tbody>\n<\/table>\n<h4>Comunicaci\u00f3n<\/h4>\n<table class=\"table\">\n<tbody>\n<tr>\n<th colspan=\"1\">Documentaci\u00f3n<\/th>\n<td colspan=\"1\">programa almacenado en caso de corte de energ\u00eda<\/td>\n<\/tr>\n<tr>\n<th colspan=\"1\">Programaci\u00f3n<\/th>\n<td colspan=\"1\">Software AtmoCONTROL para leer, gestionar y organizar el registrador de datos a trav\u00e9s de la interfaz Ethernet (se puede descargar la versi\u00f3n de prueba temporal). Memoria USB con software AtmoCONTROL disponible como accesorio (bajo demanda).<\/td>\n<\/tr>\n<\/tbody>\n<\/table>\n<h4>Seguridad<\/h4>\n<table class=\"table\">\n<tbody>\n<tr>\n<th colspan=\"1\">Control de temperatura<\/th>\n<td colspan=\"1\">monitor de sobretemperatura electr\u00f3nico ajustable y limitador de temperatura mec\u00e1nico<\/td>\n<\/tr>\n<tr>\n<th colspan=\"1\">Sistema de autodiagn\u00f3stico<\/th>\n<td colspan=\"1\">para an\u00e1lisis de fallas<\/td>\n<\/tr>\n<\/tbody>\n<\/table>\n<h4>Concepto de calefacci\u00f3n<\/h4>\n<table class=\"table\">\n<tbody>\n<tr>\n<th colspan=\"1\">Peltier<\/th>\n<td colspan=\"1\">Sistema de calefacci\u00f3n \/ refrigeraci\u00f3n Peltier de ahorro de energ\u00eda integrado en la parte trasera (principio de bomba de calor)<\/td>\n<\/tr>\n<\/tbody>\n<\/table>\n<h4>Equipamiento estandar<\/h4>\n<table class=\"table\">\n<tbody>\n<tr>\n<th colspan=\"1\">Certificado de calibraci\u00f3n de obra<\/th>\n<td colspan=\"1\">para +25 \u00b0 C y +40 \u00b0 C<\/td>\n<\/tr>\n<tr>\n<th colspan=\"1\">Internos<\/th>\n<td colspan=\"1\">4 rejillas de acero inoxidable, electropulidas<\/td>\n<\/tr>\n<tr>\n<th colspan=\"1\">Puerta<\/th>\n<td colspan=\"1\">Puertas de acero inoxidable con sectores de vidrio, lunas de vidrio interiores totalmente calefaccionadas integradas en la puerta de vidrio con visibilidad total con bloqueo de 2 puntos (cerradura de puerta de compresi\u00f3n)<\/td>\n<\/tr>\n<\/tbody>\n<\/table>\n<h4>Interior de acero inoxidable<\/h4>\n<table class=\"table\">\n<tbody>\n<tr>\n<th colspan=\"1\">Dimensiones<\/th>\n<td colspan=\"1\">w<sub>(A)<\/sub>\u00a0xh<sub>(B)<\/sub>\u00a0xd<sub>(C)<\/sub>: 1250 x 1450 x 750 mm (d menos 32 mm para ventilador - Peltier)<\/td>\n<\/tr>\n<tr>\n<th colspan=\"1\">Volumen<\/th>\n<td colspan=\"1\">1360 litros<\/td>\n<\/tr>\n<tr>\n<th colspan=\"1\">Max. n\u00famero de internos<\/th>\n<td colspan=\"1\">28<\/td>\n<\/tr>\n<tr>\n<th colspan=\"1\">Max. carga de la c\u00e1mara<\/th>\n<td colspan=\"1\">250 kilogramos<\/td>\n<\/tr>\n<tr>\n<th colspan=\"1\">Max. cargando por interno<\/th>\n<td colspan=\"1\">30 kilogramos<\/td>\n<\/tr>\n<\/tbody>\n<\/table>\n<h4>Carcasa de acero inoxidable con textura<\/h4>\n<table class=\"table\">\n<tbody>\n<tr>\n<th colspan=\"1\">Dimensiones<\/th>\n<td colspan=\"1\">w<sub>(D)<\/sub>\u00a0xh<sub>(MI)<\/sub>\u00a0xd<sub>(F)<\/sub>: 1435 x 1913 x 905 mm (d + manija de puerta de 56 mm y elemento Peltier de + 111 mm)<\/td>\n<\/tr>\n<tr>\n<th colspan=\"1\">Instalaci\u00f3n<\/th>\n<td colspan=\"1\">sobre ruedas bloqueables, regulable en altura<\/td>\n<\/tr>\n<tr>\n<th colspan=\"1\">Alojamiento<\/th>\n<td colspan=\"1\">trasero de acero cincado<\/td>\n<\/tr>\n<\/tbody>\n<\/table>\n<h4>Datos el\u00e9ctricos<\/h4>\n<table class=\"table\">\n<tbody>\n<tr>\n<th colspan=\"1\">Voltaje Carga el\u00e9ctrica<\/th>\n<td colspan=\"1\">230 V, 50\/60 Hz<br \/>\naprox. 1300 W<\/td>\n<\/tr>\n<tr>\n<th colspan=\"1\">Voltaje Carga el\u00e9ctrica<\/th>\n<td colspan=\"1\">115 V, 50\/60 Hz<br \/>\naprox. 1300 W<\/td>\n<\/tr>\n<\/tbody>\n<\/table>\n<h4>Condiciones ambientales<\/h4>\n<table class=\"table\">\n<tbody>\n<tr>\n<th colspan=\"1\">Configurar<\/th>\n<td colspan=\"1\">La distancia entre la pared y la parte trasera del aparato debe ser de al menos 15 cm. El espacio libre desde el techo no debe ser inferior a 20 cm y el espacio libre lateral desde las paredes o los electrodom\u00e9sticos cercanos no debe ser inferior a 5 cm.<\/td>\n<\/tr>\n<tr>\n<th colspan=\"1\">Temperatura ambiente<\/th>\n<td colspan=\"1\">16 \u00baC a 40 \u00baC<\/td>\n<\/tr>\n<tr>\n<th colspan=\"1\">Humedad rh<\/th>\n<td colspan=\"1\">m\u00e1x. 70 %, sin condensaci\u00f3n<\/td>\n<\/tr>\n<tr>\n<th colspan=\"1\">Altitud de instalaci\u00f3n<\/th>\n<td colspan=\"1\">m\u00e1x. 2000 m sobre el nivel del mar<\/td>\n<\/tr>\n<tr>\n<th colspan=\"1\">Categor\u00eda de sobrevoltaje<\/th>\n<td colspan=\"1\">II<\/td>\n<\/tr>\n<tr>\n<th colspan=\"1\">Grado de contaminaci\u00f3n<\/th>\n<td colspan=\"1\">2<\/td>\n<\/tr>\n<\/tbody>\n<\/table>","protected":false},"featured_media":6972,"template":"","meta":{"nf_dc_page":""},"product_brand":[],"product_cat":[91],"product_tag":[],"class_list":{"0":"post-6970","1":"product","2":"type-product","3":"status-publish","4":"has-post-thumbnail","6":"product_cat-peltier-cooled-incubator","8":"first","9":"instock","10":"sold-individually","11":"shipping-taxable","12":"product-type-simple"},"yoast_head":"<!-- This site is optimized with the Yoast SEO Premium plugin v23.9 (Yoast SEO v27.4) - https:\/\/yoast.com\/product\/yoast-seo-premium-wordpress\/ -->\n<title>Peltier-cooled incubator IPP1400eco - Eastwings Diagnostics Ltd<\/title>\n<meta name=\"robots\" content=\"index, follow, max-snippet:-1, max-image-preview:large, max-video-preview:-1\" \/>\n<link rel=\"canonical\" href=\"https:\/\/eastwings-diagnostics.com\/es\/producto\/peltier-cooled-incubator-ipp1400eco\/\" \/>\n<meta property=\"og:locale\" content=\"es_ES\" \/>\n<meta property=\"og:type\" content=\"article\" \/>\n<meta property=\"og:title\" content=\"Peltier-cooled incubator IPP1400eco\" \/>\n<meta property=\"og:description\" content=\"Temperature    Setting temperature range 0 to +70 \u00b0C   Working temperature range without light: from 0 (at least 20 below ambient temperature) to +70\u00b0C   Setting accuracy temperature 0.1 \u00b0C   Temperature sensor 1 Pt100 sensor DIN class A in 4-wire-circuit    Control technology    Language setting German, English, Spanish, French, Polish, Czech, Hungarian   ControlCOCKPIT SingleDISPLAY. Adaptive multifunctional digital PID-microprocessor controller with high-definition TFT-colour display   Timer Digital backwards counter with target time setting, adjustable from 1 minute to 99 days   Function SetpointWAIT the process time does not start until the set temperature is reached   Calibration three freely selectable temperature values   adjustable parameters temperature (Celsius or Fahrenheit), programme time, time zones, summertime\/wintertime    Ventilation    Convection forced ventilation by Peltier fan    Communication    Documentation programme stored in case of power failure   Programming AtmoCONTROL software for reading out, managing and organising the data logger via Ethernet interface (temporary trial version can be downloaded). USB stick with AtmoCONTROL software available as accessory (on demand).    Safety    Temperature control adjustable electronic overtemperature monitor and mechanical temperature limiter   Autodiagnostic system for fault analysis    Heating concept    Peltier energy-saving Peltier heating-\/cooling system integrated in the rear (heat pump principle)    Standard equipment    Works calibration certificate for +25 \u00b0C and +40 \u00b0C   Internals 4 stainless steel grid(s), electropolished   Door Stainless steel doors with glass sectors, fully heated inner glass panes integrated in the full-sight glass door with 2-point locking (compression door lock)    Stainless steel interior    Dimensions w(A)\u00a0x h(B)\u00a0x d(C): 1250 x 1450 x 750\u00a0mm (d less 32 mm for fan - Peltier)   Volume 1360\u00a0l   Max. number of internals 28   Max. loading of chamber 250\u00a0kg   Max. loading per internal 30 kg    Textured stainless steel casing    Dimensions w(D)\u00a0x h(E)\u00a0x d(F): 1435 x 1913 x 905\u00a0mm (d +56mm door handle &amp; +111mm Peltier element)   Installation on lockable castors, adjustable in height   Housing rear zinc-plated steel    Electrical data    Voltage Electrical load 230\u00a0V, 50\/60\u00a0Hz approx. 1300\u00a0W   Voltage Electrical load 115\u00a0V, 50\/60\u00a0Hz approx. 1300\u00a0W    Ambient conditions    Set Up The distance between the wall and the rear of the appliance must be at least 15 cm. The clearance from the ceiling must not be less than 20 cm and the side clearance from walls or nearby appliances must not be less than 5 cm.   Ambient temperature 16 \u00baC to 40 \u00baC   Humidity rh max. 70 %, non-condensing   Altitude of installation max. 2,000 m above sea level   Overvoltage category II   Pollution degree 2\" \/>\n<meta property=\"og:url\" content=\"https:\/\/eastwings-diagnostics.com\/es\/producto\/peltier-cooled-incubator-ipp1400eco\/\" \/>\n<meta property=\"og:site_name\" content=\"Eastwings Diagnostics Ltd\" \/>\n<meta property=\"article:modified_time\" content=\"2021-11-16T13:01:29+00:00\" \/>\n<meta property=\"og:image\" content=\"https:\/\/i0.wp.com\/eastwings-diagnostics.com\/wp-content\/uploads\/2021\/11\/Peltier-cooled-incubator-IPP1400eco.png?fit=480%2C480&ssl=1\" \/>\n\t<meta property=\"og:image:width\" content=\"480\" \/>\n\t<meta property=\"og:image:height\" content=\"480\" \/>\n\t<meta property=\"og:image:type\" content=\"image\/png\" \/>\n<meta name=\"twitter:card\" content=\"summary_large_image\" \/>\n<meta name=\"twitter:site\" content=\"@eastwings3\" \/>\n<script type=\"application\/ld+json\" class=\"yoast-schema-graph\">{\"@context\":\"https:\\\/\\\/schema.org\",\"@graph\":[{\"@type\":\"WebPage\",\"@id\":\"https:\\\/\\\/eastwings-diagnostics.com\\\/product\\\/peltier-cooled-incubator-ipp1400eco\\\/\",\"url\":\"https:\\\/\\\/eastwings-diagnostics.com\\\/product\\\/peltier-cooled-incubator-ipp1400eco\\\/\",\"name\":\"Peltier-cooled incubator IPP1400eco - Eastwings Diagnostics Ltd\",\"isPartOf\":{\"@id\":\"https:\\\/\\\/eastwings-diagnostics.com\\\/#website\"},\"primaryImageOfPage\":{\"@id\":\"https:\\\/\\\/eastwings-diagnostics.com\\\/product\\\/peltier-cooled-incubator-ipp1400eco\\\/#primaryimage\"},\"image\":{\"@id\":\"https:\\\/\\\/eastwings-diagnostics.com\\\/product\\\/peltier-cooled-incubator-ipp1400eco\\\/#primaryimage\"},\"thumbnailUrl\":\"https:\\\/\\\/i0.wp.com\\\/eastwings-diagnostics.com\\\/wp-content\\\/uploads\\\/2021\\\/11\\\/Peltier-cooled-incubator-IPP1400eco.png?fit=480%2C480&ssl=1\",\"datePublished\":\"2021-11-16T12:59:36+00:00\",\"dateModified\":\"2021-11-16T13:01:29+00:00\",\"breadcrumb\":{\"@id\":\"https:\\\/\\\/eastwings-diagnostics.com\\\/product\\\/peltier-cooled-incubator-ipp1400eco\\\/#breadcrumb\"},\"inLanguage\":\"es\",\"potentialAction\":[{\"@type\":\"ReadAction\",\"target\":[\"https:\\\/\\\/eastwings-diagnostics.com\\\/product\\\/peltier-cooled-incubator-ipp1400eco\\\/\"]}]},{\"@type\":\"ImageObject\",\"inLanguage\":\"es\",\"@id\":\"https:\\\/\\\/eastwings-diagnostics.com\\\/product\\\/peltier-cooled-incubator-ipp1400eco\\\/#primaryimage\",\"url\":\"https:\\\/\\\/i0.wp.com\\\/eastwings-diagnostics.com\\\/wp-content\\\/uploads\\\/2021\\\/11\\\/Peltier-cooled-incubator-IPP1400eco.png?fit=480%2C480&ssl=1\",\"contentUrl\":\"https:\\\/\\\/i0.wp.com\\\/eastwings-diagnostics.com\\\/wp-content\\\/uploads\\\/2021\\\/11\\\/Peltier-cooled-incubator-IPP1400eco.png?fit=480%2C480&ssl=1\",\"width\":480,\"height\":480,\"caption\":\"Peltier-cooled incubator IPP1400eco\"},{\"@type\":\"BreadcrumbList\",\"@id\":\"https:\\\/\\\/eastwings-diagnostics.com\\\/product\\\/peltier-cooled-incubator-ipp1400eco\\\/#breadcrumb\",\"itemListElement\":[{\"@type\":\"ListItem\",\"position\":1,\"name\":\"Home\",\"item\":\"https:\\\/\\\/eastwings-diagnostics.com\\\/\"},{\"@type\":\"ListItem\",\"position\":2,\"name\":\"Products\",\"item\":\"https:\\\/\\\/eastwings-diagnostics.com\\\/products\\\/\"},{\"@type\":\"ListItem\",\"position\":3,\"name\":\"Peltier-cooled incubator IPP1400eco\"}]},{\"@type\":\"WebSite\",\"@id\":\"https:\\\/\\\/eastwings-diagnostics.com\\\/#website\",\"url\":\"https:\\\/\\\/eastwings-diagnostics.com\\\/\",\"name\":\"Eastwings Diagnostics Ltd\",\"description\":\"\",\"publisher\":{\"@id\":\"https:\\\/\\\/eastwings-diagnostics.com\\\/#organization\"},\"potentialAction\":[{\"@type\":\"SearchAction\",\"target\":{\"@type\":\"EntryPoint\",\"urlTemplate\":\"https:\\\/\\\/eastwings-diagnostics.com\\\/?s={search_term_string}\"},\"query-input\":{\"@type\":\"PropertyValueSpecification\",\"valueRequired\":true,\"valueName\":\"search_term_string\"}}],\"inLanguage\":\"es\"},{\"@type\":\"Organization\",\"@id\":\"https:\\\/\\\/eastwings-diagnostics.com\\\/#organization\",\"name\":\"Eastwings Diagnostics LTD\",\"url\":\"https:\\\/\\\/eastwings-diagnostics.com\\\/\",\"logo\":{\"@type\":\"ImageObject\",\"inLanguage\":\"es\",\"@id\":\"https:\\\/\\\/eastwings-diagnostics.com\\\/#\\\/schema\\\/logo\\\/image\\\/\",\"url\":\"https:\\\/\\\/eastwings-diagnostics.com\\\/wp-content\\\/uploads\\\/2021\\\/11\\\/eastwingss-diaa.png\",\"contentUrl\":\"https:\\\/\\\/eastwings-diagnostics.com\\\/wp-content\\\/uploads\\\/2021\\\/11\\\/eastwingss-diaa.png\",\"width\":512,\"height\":120,\"caption\":\"Eastwings Diagnostics LTD\"},\"image\":{\"@id\":\"https:\\\/\\\/eastwings-diagnostics.com\\\/#\\\/schema\\\/logo\\\/image\\\/\"},\"sameAs\":[\"https:\\\/\\\/x.com\\\/eastwings3\",\"http:\\\/\\\/www.linkedin.com\\\/in\\\/eastwings-diagnostics-213031226\"]}]}<\/script>\n<!-- \/ Yoast SEO Premium plugin. -->","yoast_head_json":{"title":"Peltier-cooled incubator IPP1400eco - Eastwings Diagnostics Ltd","robots":{"index":"index","follow":"follow","max-snippet":"max-snippet:-1","max-image-preview":"max-image-preview:large","max-video-preview":"max-video-preview:-1"},"canonical":"https:\/\/eastwings-diagnostics.com\/es\/producto\/peltier-cooled-incubator-ipp1400eco\/","og_locale":"es_ES","og_type":"article","og_title":"Peltier-cooled incubator IPP1400eco","og_description":"Temperature    Setting temperature range 0 to +70 \u00b0C   Working temperature range without light: from 0 (at least 20 below ambient temperature) to +70\u00b0C   Setting accuracy temperature 0.1 \u00b0C   Temperature sensor 1 Pt100 sensor DIN class A in 4-wire-circuit    Control technology    Language setting German, English, Spanish, French, Polish, Czech, Hungarian   ControlCOCKPIT SingleDISPLAY. Adaptive multifunctional digital PID-microprocessor controller with high-definition TFT-colour display   Timer Digital backwards counter with target time setting, adjustable from 1 minute to 99 days   Function SetpointWAIT the process time does not start until the set temperature is reached   Calibration three freely selectable temperature values   adjustable parameters temperature (Celsius or Fahrenheit), programme time, time zones, summertime\/wintertime    Ventilation    Convection forced ventilation by Peltier fan    Communication    Documentation programme stored in case of power failure   Programming AtmoCONTROL software for reading out, managing and organising the data logger via Ethernet interface (temporary trial version can be downloaded). USB stick with AtmoCONTROL software available as accessory (on demand).    Safety    Temperature control adjustable electronic overtemperature monitor and mechanical temperature limiter   Autodiagnostic system for fault analysis    Heating concept    Peltier energy-saving Peltier heating-\/cooling system integrated in the rear (heat pump principle)    Standard equipment    Works calibration certificate for +25 \u00b0C and +40 \u00b0C   Internals 4 stainless steel grid(s), electropolished   Door Stainless steel doors with glass sectors, fully heated inner glass panes integrated in the full-sight glass door with 2-point locking (compression door lock)    Stainless steel interior    Dimensions w(A)\u00a0x h(B)\u00a0x d(C): 1250 x 1450 x 750\u00a0mm (d less 32 mm for fan - Peltier)   Volume 1360\u00a0l   Max. number of internals 28   Max. loading of chamber 250\u00a0kg   Max. loading per internal 30 kg    Textured stainless steel casing    Dimensions w(D)\u00a0x h(E)\u00a0x d(F): 1435 x 1913 x 905\u00a0mm (d +56mm door handle &amp; +111mm Peltier element)   Installation on lockable castors, adjustable in height   Housing rear zinc-plated steel    Electrical data    Voltage Electrical load 230\u00a0V, 50\/60\u00a0Hz approx. 1300\u00a0W   Voltage Electrical load 115\u00a0V, 50\/60\u00a0Hz approx. 1300\u00a0W    Ambient conditions    Set Up The distance between the wall and the rear of the appliance must be at least 15 cm. The clearance from the ceiling must not be less than 20 cm and the side clearance from walls or nearby appliances must not be less than 5 cm.   Ambient temperature 16 \u00baC to 40 \u00baC   Humidity rh max. 70 %, non-condensing   Altitude of installation max. 2,000 m above sea level   Overvoltage category II   Pollution degree 2","og_url":"https:\/\/eastwings-diagnostics.com\/es\/producto\/peltier-cooled-incubator-ipp1400eco\/","og_site_name":"Eastwings Diagnostics Ltd","article_modified_time":"2021-11-16T13:01:29+00:00","og_image":[{"width":480,"height":480,"url":"https:\/\/i0.wp.com\/eastwings-diagnostics.com\/wp-content\/uploads\/2021\/11\/Peltier-cooled-incubator-IPP1400eco.png?fit=480%2C480&ssl=1","type":"image\/png"}],"twitter_card":"summary_large_image","twitter_site":"@eastwings3","schema":{"@context":"https:\/\/schema.org","@graph":[{"@type":"WebPage","@id":"https:\/\/eastwings-diagnostics.com\/product\/peltier-cooled-incubator-ipp1400eco\/","url":"https:\/\/eastwings-diagnostics.com\/product\/peltier-cooled-incubator-ipp1400eco\/","name":"Peltier-cooled incubator IPP1400eco - Eastwings Diagnostics Ltd","isPartOf":{"@id":"https:\/\/eastwings-diagnostics.com\/#website"},"primaryImageOfPage":{"@id":"https:\/\/eastwings-diagnostics.com\/product\/peltier-cooled-incubator-ipp1400eco\/#primaryimage"},"image":{"@id":"https:\/\/eastwings-diagnostics.com\/product\/peltier-cooled-incubator-ipp1400eco\/#primaryimage"},"thumbnailUrl":"https:\/\/i0.wp.com\/eastwings-diagnostics.com\/wp-content\/uploads\/2021\/11\/Peltier-cooled-incubator-IPP1400eco.png?fit=480%2C480&ssl=1","datePublished":"2021-11-16T12:59:36+00:00","dateModified":"2021-11-16T13:01:29+00:00","breadcrumb":{"@id":"https:\/\/eastwings-diagnostics.com\/product\/peltier-cooled-incubator-ipp1400eco\/#breadcrumb"},"inLanguage":"es","potentialAction":[{"@type":"ReadAction","target":["https:\/\/eastwings-diagnostics.com\/product\/peltier-cooled-incubator-ipp1400eco\/"]}]},{"@type":"ImageObject","inLanguage":"es","@id":"https:\/\/eastwings-diagnostics.com\/product\/peltier-cooled-incubator-ipp1400eco\/#primaryimage","url":"https:\/\/i0.wp.com\/eastwings-diagnostics.com\/wp-content\/uploads\/2021\/11\/Peltier-cooled-incubator-IPP1400eco.png?fit=480%2C480&ssl=1","contentUrl":"https:\/\/i0.wp.com\/eastwings-diagnostics.com\/wp-content\/uploads\/2021\/11\/Peltier-cooled-incubator-IPP1400eco.png?fit=480%2C480&ssl=1","width":480,"height":480,"caption":"Peltier-cooled incubator IPP1400eco"},{"@type":"BreadcrumbList","@id":"https:\/\/eastwings-diagnostics.com\/product\/peltier-cooled-incubator-ipp1400eco\/#breadcrumb","itemListElement":[{"@type":"ListItem","position":1,"name":"Home","item":"https:\/\/eastwings-diagnostics.com\/"},{"@type":"ListItem","position":2,"name":"Products","item":"https:\/\/eastwings-diagnostics.com\/products\/"},{"@type":"ListItem","position":3,"name":"Peltier-cooled incubator IPP1400eco"}]},{"@type":"WebSite","@id":"https:\/\/eastwings-diagnostics.com\/#website","url":"https:\/\/eastwings-diagnostics.com\/","name":"Eastwings Diagnostics Ltd","description":"","publisher":{"@id":"https:\/\/eastwings-diagnostics.com\/#organization"},"potentialAction":[{"@type":"SearchAction","target":{"@type":"EntryPoint","urlTemplate":"https:\/\/eastwings-diagnostics.com\/?s={search_term_string}"},"query-input":{"@type":"PropertyValueSpecification","valueRequired":true,"valueName":"search_term_string"}}],"inLanguage":"es"},{"@type":"Organization","@id":"https:\/\/eastwings-diagnostics.com\/#organization","name":"Eastwings Diagnostics LTD","url":"https:\/\/eastwings-diagnostics.com\/","logo":{"@type":"ImageObject","inLanguage":"es","@id":"https:\/\/eastwings-diagnostics.com\/#\/schema\/logo\/image\/","url":"https:\/\/eastwings-diagnostics.com\/wp-content\/uploads\/2021\/11\/eastwingss-diaa.png","contentUrl":"https:\/\/eastwings-diagnostics.com\/wp-content\/uploads\/2021\/11\/eastwingss-diaa.png","width":512,"height":120,"caption":"Eastwings Diagnostics LTD"},"image":{"@id":"https:\/\/eastwings-diagnostics.com\/#\/schema\/logo\/image\/"},"sameAs":["https:\/\/x.com\/eastwings3","http:\/\/www.linkedin.com\/in\/eastwings-diagnostics-213031226"]}]}},"jetpack_sharing_enabled":true,"_links":{"self":[{"href":"https:\/\/eastwings-diagnostics.com\/es\/wp-json\/wp\/v2\/product\/6970","targetHints":{"allow":["GET"]}}],"collection":[{"href":"https:\/\/eastwings-diagnostics.com\/es\/wp-json\/wp\/v2\/product"}],"about":[{"href":"https:\/\/eastwings-diagnostics.com\/es\/wp-json\/wp\/v2\/types\/product"}],"wp:featuredmedia":[{"embeddable":true,"href":"https:\/\/eastwings-diagnostics.com\/es\/wp-json\/wp\/v2\/media\/6972"}],"wp:attachment":[{"href":"https:\/\/eastwings-diagnostics.com\/es\/wp-json\/wp\/v2\/media?parent=6970"}],"wp:term":[{"taxonomy":"product_brand","embeddable":true,"href":"https:\/\/eastwings-diagnostics.com\/es\/wp-json\/wp\/v2\/product_brand?post=6970"},{"taxonomy":"product_cat","embeddable":true,"href":"https:\/\/eastwings-diagnostics.com\/es\/wp-json\/wp\/v2\/product_cat?post=6970"},{"taxonomy":"product_tag","embeddable":true,"href":"https:\/\/eastwings-diagnostics.com\/es\/wp-json\/wp\/v2\/product_tag?post=6970"}],"curies":[{"name":"wp","href":"https:\/\/api.w.org\/{rel}","templated":true}]}}