{"id":6934,"date":"2021-11-16T11:01:44","date_gmt":"2021-11-16T11:01:44","guid":{"rendered":"https:\/\/eastwings-diagnostics.com\/?post_type=product&#038;p=6934"},"modified":"2021-11-16T11:03:29","modified_gmt":"2021-11-16T11:03:29","slug":"co2-incubator-ico105","status":"publish","type":"product","link":"https:\/\/eastwings-diagnostics.com\/es\/producto\/co2-incubator-ico105\/","title":{"rendered":"Incubadora de CO2 ICO105"},"content":{"rendered":"","protected":false},"excerpt":{"rendered":"<h4>Temperatura<\/h4>\n<table class=\"table\">\n<tbody>\n<tr>\n<th colspan=\"1\">Rango de temperatura de trabajo<\/th>\n<td colspan=\"1\">5 \u00b0 C por encima de la temperatura ambiente hasta +50 \u00b0 C<br \/>\nPrograma de esterilizaci\u00f3n est\u00e1ndar: 60 minutos a 180 \u00b0 C (sin quitar los sensores)<\/td>\n<\/tr>\n<tr>\n<th colspan=\"1\">Ajuste del rango de temperatura<\/th>\n<td colspan=\"1\">+18 hasta +50 \u00b0 C<\/td>\n<\/tr>\n<tr>\n<th colspan=\"1\">Ajuste de la temperatura de precisi\u00f3n<\/th>\n<td colspan=\"1\">0,1 \u00b0 C<\/td>\n<\/tr>\n<tr>\n<th colspan=\"1\">Sensor de temperatura<\/th>\n<td colspan=\"1\">2 sensores Pt100 DIN Clase A en circuito de 4 hilos para monitoreo mutuo, asumiendo funciones en caso de error<\/td>\n<\/tr>\n<tr>\n<th colspan=\"1\">Variaci\u00f3n de temperatura en la c\u00e1mara<\/th>\n<td colspan=\"1\">a + 37 \u00b0 C +\/- 0,3 K<\/td>\n<\/tr>\n<tr>\n<th colspan=\"1\">Fluctuaciones de temperatura con el tiempo<\/th>\n<td colspan=\"1\">a 37 \u00b0 C +\/- 0,1 K<\/td>\n<\/tr>\n<\/tbody>\n<\/table>\n<h4>Humedad<\/h4>\n<table class=\"table\">\n<tbody>\n<tr>\n<th colspan=\"1\">Control de humedad (est\u00e1ndar)<\/th>\n<td colspan=\"1\">Limitaci\u00f3n de la humedad gracias a un elemento Peltier; cuando el plato de agua est\u00e1 lleno e insertado, el elemento Peltier limita el valor de la humedad relativa en el interior a 93 % rh +\/- 2.5 %<\/td>\n<\/tr>\n<tr>\n<th colspan=\"1\">Ajuste de la humedad de precisi\u00f3n<\/th>\n<td colspan=\"1\">0.5 % derecho<\/td>\n<\/tr>\n<tr>\n<th colspan=\"1\">Rango de ajuste de control de humedad activo (con opci\u00f3n K7)<\/th>\n<td colspan=\"1\">40 a 97 % dcha. Y dcha.-Off<\/td>\n<\/tr>\n<\/tbody>\n<\/table>\n<h4>Control de componentes est\u00e1ndar<\/h4>\n<table class=\"table\">\n<tbody>\n<tr>\n<th colspan=\"1\">CO<sub>2<\/sub>\u00a0control<\/th>\n<td colspan=\"1\">CO electr\u00f3nico digital<sub>2<\/sub>\u00a0control con sistema NDIR de doble haz, con sistema de autodiagn\u00f3stico e indicaci\u00f3n ac\u00fastica de fallas, compensaci\u00f3n de presi\u00f3n barom\u00e9trica<\/td>\n<\/tr>\n<tr>\n<th colspan=\"1\">Rango de ajuste CO<sub>2<\/sub><\/th>\n<td colspan=\"1\">0 a 20 % CO<sub>2<\/sub><\/td>\n<\/tr>\n<tr>\n<th colspan=\"1\">Ajuste de precisi\u00f3n CO<sub>2<\/sub><\/th>\n<td colspan=\"1\">0,1%<\/td>\n<\/tr>\n<tr>\n<th colspan=\"1\">Variaci\u00f3n en el tiempo CO<sub>2<\/sub><\/th>\n<td colspan=\"1\">+\/- 0,2 % CO<sub>2<\/sub><\/td>\n<\/tr>\n<tr>\n<th colspan=\"1\">Rango de ajuste O<sub>2<\/sub><\/th>\n<td colspan=\"1\">1 hasta 20 % O<sub>2<\/sub><\/td>\n<\/tr>\n<tr>\n<th colspan=\"1\">Ajuste de precisi\u00f3n O<sub>2<\/sub><\/th>\n<td colspan=\"1\">0,1 % O<sub>2<\/sub><\/td>\n<\/tr>\n<\/tbody>\n<\/table>\n<h4>Tecnolog\u00eda de control<\/h4>\n<table class=\"table\">\n<tbody>\n<tr>\n<th colspan=\"1\">ControlCOCKPIT<\/th>\n<td colspan=\"1\">TwinDISPLAY. Controlador de microprocesador PID digital multifuncional adaptativo con 2 pantallas TFT en color de alta definici\u00f3n.<\/td>\n<\/tr>\n<tr>\n<th colspan=\"1\">Configuraci\u00f3n de idioma<\/th>\n<td colspan=\"1\">Alem\u00e1n, ingl\u00e9s, espa\u00f1ol, franc\u00e9s, polaco, checo, h\u00fangaro<\/td>\n<\/tr>\n<tr>\n<th colspan=\"1\">Funci\u00f3n SetpointWAIT<\/th>\n<td colspan=\"1\">el tiempo de proceso no comienza hasta que se alcanza la temperatura establecida<\/td>\n<\/tr>\n<tr>\n<th colspan=\"1\">Par\u00e1metros ajustables<\/th>\n<td colspan=\"1\">temperatura (Celsius o Fahrenheit), CO<sub>2<\/sub>, horario del programa, zonas horarias, horario de verano \/ invierno<\/td>\n<\/tr>\n<\/tbody>\n<\/table>\n<h4>Comunicaci\u00f3n<\/h4>\n<table class=\"table\">\n<tbody>\n<tr>\n<th colspan=\"1\">Interfaz<\/th>\n<td colspan=\"1\">LAN Ethernet, USB<\/td>\n<\/tr>\n<tr>\n<th colspan=\"1\">Documentaci\u00f3n<\/th>\n<td colspan=\"1\">programa almacenado en caso de corte de energ\u00eda<\/td>\n<\/tr>\n<tr>\n<th colspan=\"1\">Programaci\u00f3n<\/th>\n<td colspan=\"1\">Software AtmoCONTROL en una memoria USB para programar, administrar y transferir programas a trav\u00e9s de la interfaz Ethernet o el puerto USB<\/td>\n<\/tr>\n<\/tbody>\n<\/table>\n<h4>Seguridad<\/h4>\n<table class=\"table\">\n<tbody>\n<tr>\n<th colspan=\"1\">Auto SEGURIDAD<\/th>\n<td colspan=\"1\">protecci\u00f3n contra sobretemperatura y subtemperatura integrada adicionalmente &quot;ASF&quot;, que sigue autom\u00e1ticamente el valor de consigna en un rango de tolerancia preestablecido, alarma en caso de sobretemperatura o subtemperatura, la funci\u00f3n de calefacci\u00f3n se desconecta en caso de sobretemperatura, la funci\u00f3n de refrigeraci\u00f3n en caso de subtemperatura<\/td>\n<\/tr>\n<tr>\n<th colspan=\"1\">Sistema de autodiagn\u00f3stico<\/th>\n<td colspan=\"1\">diagn\u00f3stico integral de fallas para temperatura y CO<sub>2<\/sub><\/td>\n<\/tr>\n<tr>\n<th colspan=\"1\">Alarma<\/th>\n<td colspan=\"1\">visual y ac\u00fastico<\/td>\n<\/tr>\n<\/tbody>\n<\/table>\n<h4>Concepto de calefacci\u00f3n<\/h4>\n<table class=\"table\">\n<tbody>\n<tr>\n<th colspan=\"1\">6 lados<\/th>\n<td colspan=\"1\">sistema de calefacci\u00f3n multifunci\u00f3n de gran superficie en los cuatro lados con puerta adicional y calefacci\u00f3n trasera para evitar la condensaci\u00f3n<\/td>\n<\/tr>\n<\/tbody>\n<\/table>","protected":false},"featured_media":6935,"template":"","meta":{"nf_dc_page":""},"product_brand":[],"product_cat":[90],"product_tag":[],"class_list":{"0":"post-6934","1":"product","2":"type-product","3":"status-publish","4":"has-post-thumbnail","6":"product_cat-co2-incubator","8":"first","9":"instock","10":"sold-individually","11":"shipping-taxable","12":"product-type-simple"},"yoast_head":"<!-- This site is optimized with the Yoast SEO Premium plugin v23.9 (Yoast SEO v27.4) - https:\/\/yoast.com\/product\/yoast-seo-premium-wordpress\/ -->\n<title>CO2 incubator ICO105 - Eastwings Diagnostics Ltd<\/title>\n<meta name=\"robots\" content=\"index, follow, max-snippet:-1, max-image-preview:large, max-video-preview:-1\" \/>\n<link rel=\"canonical\" href=\"https:\/\/eastwings-diagnostics.com\/es\/producto\/co2-incubator-ico105\/\" \/>\n<meta property=\"og:locale\" content=\"es_ES\" \/>\n<meta property=\"og:type\" content=\"article\" \/>\n<meta property=\"og:title\" content=\"CO2 incubator ICO105\" \/>\n<meta property=\"og:description\" content=\"Temperature    Working-temperature range 5 \u00b0C above ambient temperature up to +50 \u00b0C Standard sterilisation programme: 60 minutes at 180\u00b0C (without removing the sensors)   Setting temperature range +18 to +50 \u00b0C   Setting accuracy temperature 0.1 \u00b0C   Temperature sensor 2 Pt100 sensors DIN Class A in 4-wire-circuit for mutual monitoring, taking over functions in case of an error   Temperature variation in chamber at + 37 \u00b0C +\/- 0.3 K   Temperature fluctuations with time at 37 \u00b0C +\/- 0.1 K    Humidity    Humidity control (standard) Humidity limitation thanks to a Peltier element; when water dish is full and inserted, the Peltier element limits the value of relative humidity in the interior to 93\u00a0%\u00a0rh +\/- 2.5\u00a0%   Setting accuracy humidity 0.5\u00a0% rh   Setting range active humidity control (with option K7) 40 to 97\u00a0%\u00a0rh and rh-Off    Control of standard components    CO2\u00a0control Digital electronic CO2\u00a0control with dual beam NDIR system, with auto-diagnostic system and acoustic fault indication, barometric pressure compensation   Adjustment range CO2 0 to 20\u00a0% CO2   Setting accuracy CO2 0,1%   Variation in time CO2 +\/- 0.2\u00a0% CO2   Adjustment range O2 1 to 20\u00a0% O2   Setting accuracy O2 0.1\u00a0% O2    Control technology    ControlCOCKPIT TwinDISPLAY. Adaptive multifunctional digital PID-microprocessor controller with 2 high-definition TFT-colour displays.   Language setting German, English, Spanish, French, Polish, Czech, Hungarian   Function SetpointWAIT the process time does not start until the set temperature is reached   Adjustable parameters temperature (Celsius or Fahrenheit), CO2, programme time, time zones, summertime\/wintertime    Communication    Interface Ethernet LAN, USB   Documentation programme stored in case of power failure   Programming AtmoCONTROL software on a USB stick for programming, managing and transferring programmes via Ethernet interface or USB port    Safety    AutoSAFETY additionally integrated over- and undertemperature protection &quot;ASF&quot;, automatically following the setpoint value at a preset tolerance range, alarm in case of over- or undertemperature, heating function is switched off in case of overtemperature, cooling function in case of undertemperature   Autodiagnostic system integral fault diagnostics for temperature and CO2   Alarm visual and acoustic    Heating concept    6 sides large-area multi-function heating system on four sides with additional door and back heating to avoid condensation\" \/>\n<meta property=\"og:url\" content=\"https:\/\/eastwings-diagnostics.com\/es\/producto\/co2-incubator-ico105\/\" \/>\n<meta property=\"og:site_name\" content=\"Eastwings Diagnostics Ltd\" \/>\n<meta property=\"article:modified_time\" content=\"2021-11-16T11:03:29+00:00\" \/>\n<meta property=\"og:image\" content=\"https:\/\/i0.wp.com\/eastwings-diagnostics.com\/wp-content\/uploads\/2021\/11\/CO2-incubator-ICO105.png?fit=480%2C330&ssl=1\" \/>\n\t<meta property=\"og:image:width\" content=\"480\" \/>\n\t<meta property=\"og:image:height\" content=\"330\" \/>\n\t<meta property=\"og:image:type\" content=\"image\/png\" \/>\n<meta name=\"twitter:card\" content=\"summary_large_image\" \/>\n<meta name=\"twitter:site\" content=\"@eastwings3\" \/>\n<script type=\"application\/ld+json\" class=\"yoast-schema-graph\">{\"@context\":\"https:\\\/\\\/schema.org\",\"@graph\":[{\"@type\":\"WebPage\",\"@id\":\"https:\\\/\\\/eastwings-diagnostics.com\\\/product\\\/co2-incubator-ico105\\\/\",\"url\":\"https:\\\/\\\/eastwings-diagnostics.com\\\/product\\\/co2-incubator-ico105\\\/\",\"name\":\"CO2 incubator ICO105 - Eastwings Diagnostics Ltd\",\"isPartOf\":{\"@id\":\"https:\\\/\\\/eastwings-diagnostics.com\\\/#website\"},\"primaryImageOfPage\":{\"@id\":\"https:\\\/\\\/eastwings-diagnostics.com\\\/product\\\/co2-incubator-ico105\\\/#primaryimage\"},\"image\":{\"@id\":\"https:\\\/\\\/eastwings-diagnostics.com\\\/product\\\/co2-incubator-ico105\\\/#primaryimage\"},\"thumbnailUrl\":\"https:\\\/\\\/i0.wp.com\\\/eastwings-diagnostics.com\\\/wp-content\\\/uploads\\\/2021\\\/11\\\/CO2-incubator-ICO105.png?fit=480%2C330&ssl=1\",\"datePublished\":\"2021-11-16T11:01:44+00:00\",\"dateModified\":\"2021-11-16T11:03:29+00:00\",\"breadcrumb\":{\"@id\":\"https:\\\/\\\/eastwings-diagnostics.com\\\/product\\\/co2-incubator-ico105\\\/#breadcrumb\"},\"inLanguage\":\"es\",\"potentialAction\":[{\"@type\":\"ReadAction\",\"target\":[\"https:\\\/\\\/eastwings-diagnostics.com\\\/product\\\/co2-incubator-ico105\\\/\"]}]},{\"@type\":\"ImageObject\",\"inLanguage\":\"es\",\"@id\":\"https:\\\/\\\/eastwings-diagnostics.com\\\/product\\\/co2-incubator-ico105\\\/#primaryimage\",\"url\":\"https:\\\/\\\/i0.wp.com\\\/eastwings-diagnostics.com\\\/wp-content\\\/uploads\\\/2021\\\/11\\\/CO2-incubator-ICO105.png?fit=480%2C330&ssl=1\",\"contentUrl\":\"https:\\\/\\\/i0.wp.com\\\/eastwings-diagnostics.com\\\/wp-content\\\/uploads\\\/2021\\\/11\\\/CO2-incubator-ICO105.png?fit=480%2C330&ssl=1\",\"width\":480,\"height\":330,\"caption\":\"CO2 incubator ICO105\"},{\"@type\":\"BreadcrumbList\",\"@id\":\"https:\\\/\\\/eastwings-diagnostics.com\\\/product\\\/co2-incubator-ico105\\\/#breadcrumb\",\"itemListElement\":[{\"@type\":\"ListItem\",\"position\":1,\"name\":\"Home\",\"item\":\"https:\\\/\\\/eastwings-diagnostics.com\\\/\"},{\"@type\":\"ListItem\",\"position\":2,\"name\":\"Products\",\"item\":\"https:\\\/\\\/eastwings-diagnostics.com\\\/products\\\/\"},{\"@type\":\"ListItem\",\"position\":3,\"name\":\"CO2 incubator ICO105\"}]},{\"@type\":\"WebSite\",\"@id\":\"https:\\\/\\\/eastwings-diagnostics.com\\\/#website\",\"url\":\"https:\\\/\\\/eastwings-diagnostics.com\\\/\",\"name\":\"Eastwings Diagnostics Ltd\",\"description\":\"\",\"publisher\":{\"@id\":\"https:\\\/\\\/eastwings-diagnostics.com\\\/#organization\"},\"potentialAction\":[{\"@type\":\"SearchAction\",\"target\":{\"@type\":\"EntryPoint\",\"urlTemplate\":\"https:\\\/\\\/eastwings-diagnostics.com\\\/?s={search_term_string}\"},\"query-input\":{\"@type\":\"PropertyValueSpecification\",\"valueRequired\":true,\"valueName\":\"search_term_string\"}}],\"inLanguage\":\"es\"},{\"@type\":\"Organization\",\"@id\":\"https:\\\/\\\/eastwings-diagnostics.com\\\/#organization\",\"name\":\"Eastwings Diagnostics LTD\",\"url\":\"https:\\\/\\\/eastwings-diagnostics.com\\\/\",\"logo\":{\"@type\":\"ImageObject\",\"inLanguage\":\"es\",\"@id\":\"https:\\\/\\\/eastwings-diagnostics.com\\\/#\\\/schema\\\/logo\\\/image\\\/\",\"url\":\"https:\\\/\\\/eastwings-diagnostics.com\\\/wp-content\\\/uploads\\\/2021\\\/11\\\/eastwingss-diaa.png\",\"contentUrl\":\"https:\\\/\\\/eastwings-diagnostics.com\\\/wp-content\\\/uploads\\\/2021\\\/11\\\/eastwingss-diaa.png\",\"width\":512,\"height\":120,\"caption\":\"Eastwings Diagnostics LTD\"},\"image\":{\"@id\":\"https:\\\/\\\/eastwings-diagnostics.com\\\/#\\\/schema\\\/logo\\\/image\\\/\"},\"sameAs\":[\"https:\\\/\\\/x.com\\\/eastwings3\",\"http:\\\/\\\/www.linkedin.com\\\/in\\\/eastwings-diagnostics-213031226\"]}]}<\/script>\n<!-- \/ Yoast SEO Premium plugin. -->","yoast_head_json":{"title":"CO2 incubator ICO105 - Eastwings Diagnostics Ltd","robots":{"index":"index","follow":"follow","max-snippet":"max-snippet:-1","max-image-preview":"max-image-preview:large","max-video-preview":"max-video-preview:-1"},"canonical":"https:\/\/eastwings-diagnostics.com\/es\/producto\/co2-incubator-ico105\/","og_locale":"es_ES","og_type":"article","og_title":"CO2 incubator ICO105","og_description":"Temperature    Working-temperature range 5 \u00b0C above ambient temperature up to +50 \u00b0C Standard sterilisation programme: 60 minutes at 180\u00b0C (without removing the sensors)   Setting temperature range +18 to +50 \u00b0C   Setting accuracy temperature 0.1 \u00b0C   Temperature sensor 2 Pt100 sensors DIN Class A in 4-wire-circuit for mutual monitoring, taking over functions in case of an error   Temperature variation in chamber at + 37 \u00b0C +\/- 0.3 K   Temperature fluctuations with time at 37 \u00b0C +\/- 0.1 K    Humidity    Humidity control (standard) Humidity limitation thanks to a Peltier element; when water dish is full and inserted, the Peltier element limits the value of relative humidity in the interior to 93\u00a0%\u00a0rh +\/- 2.5\u00a0%   Setting accuracy humidity 0.5\u00a0% rh   Setting range active humidity control (with option K7) 40 to 97\u00a0%\u00a0rh and rh-Off    Control of standard components    CO2\u00a0control Digital electronic CO2\u00a0control with dual beam NDIR system, with auto-diagnostic system and acoustic fault indication, barometric pressure compensation   Adjustment range CO2 0 to 20\u00a0% CO2   Setting accuracy CO2 0,1%   Variation in time CO2 +\/- 0.2\u00a0% CO2   Adjustment range O2 1 to 20\u00a0% O2   Setting accuracy O2 0.1\u00a0% O2    Control technology    ControlCOCKPIT TwinDISPLAY. Adaptive multifunctional digital PID-microprocessor controller with 2 high-definition TFT-colour displays.   Language setting German, English, Spanish, French, Polish, Czech, Hungarian   Function SetpointWAIT the process time does not start until the set temperature is reached   Adjustable parameters temperature (Celsius or Fahrenheit), CO2, programme time, time zones, summertime\/wintertime    Communication    Interface Ethernet LAN, USB   Documentation programme stored in case of power failure   Programming AtmoCONTROL software on a USB stick for programming, managing and transferring programmes via Ethernet interface or USB port    Safety    AutoSAFETY additionally integrated over- and undertemperature protection \"ASF\", automatically following the setpoint value at a preset tolerance range, alarm in case of over- or undertemperature, heating function is switched off in case of overtemperature, cooling function in case of undertemperature   Autodiagnostic system integral fault diagnostics for temperature and CO2   Alarm visual and acoustic    Heating concept    6 sides large-area multi-function heating system on four sides with additional door and back heating to avoid condensation","og_url":"https:\/\/eastwings-diagnostics.com\/es\/producto\/co2-incubator-ico105\/","og_site_name":"Eastwings Diagnostics Ltd","article_modified_time":"2021-11-16T11:03:29+00:00","og_image":[{"width":480,"height":330,"url":"https:\/\/i0.wp.com\/eastwings-diagnostics.com\/wp-content\/uploads\/2021\/11\/CO2-incubator-ICO105.png?fit=480%2C330&ssl=1","type":"image\/png"}],"twitter_card":"summary_large_image","twitter_site":"@eastwings3","schema":{"@context":"https:\/\/schema.org","@graph":[{"@type":"WebPage","@id":"https:\/\/eastwings-diagnostics.com\/product\/co2-incubator-ico105\/","url":"https:\/\/eastwings-diagnostics.com\/product\/co2-incubator-ico105\/","name":"CO2 incubator ICO105 - Eastwings Diagnostics Ltd","isPartOf":{"@id":"https:\/\/eastwings-diagnostics.com\/#website"},"primaryImageOfPage":{"@id":"https:\/\/eastwings-diagnostics.com\/product\/co2-incubator-ico105\/#primaryimage"},"image":{"@id":"https:\/\/eastwings-diagnostics.com\/product\/co2-incubator-ico105\/#primaryimage"},"thumbnailUrl":"https:\/\/i0.wp.com\/eastwings-diagnostics.com\/wp-content\/uploads\/2021\/11\/CO2-incubator-ICO105.png?fit=480%2C330&ssl=1","datePublished":"2021-11-16T11:01:44+00:00","dateModified":"2021-11-16T11:03:29+00:00","breadcrumb":{"@id":"https:\/\/eastwings-diagnostics.com\/product\/co2-incubator-ico105\/#breadcrumb"},"inLanguage":"es","potentialAction":[{"@type":"ReadAction","target":["https:\/\/eastwings-diagnostics.com\/product\/co2-incubator-ico105\/"]}]},{"@type":"ImageObject","inLanguage":"es","@id":"https:\/\/eastwings-diagnostics.com\/product\/co2-incubator-ico105\/#primaryimage","url":"https:\/\/i0.wp.com\/eastwings-diagnostics.com\/wp-content\/uploads\/2021\/11\/CO2-incubator-ICO105.png?fit=480%2C330&ssl=1","contentUrl":"https:\/\/i0.wp.com\/eastwings-diagnostics.com\/wp-content\/uploads\/2021\/11\/CO2-incubator-ICO105.png?fit=480%2C330&ssl=1","width":480,"height":330,"caption":"CO2 incubator ICO105"},{"@type":"BreadcrumbList","@id":"https:\/\/eastwings-diagnostics.com\/product\/co2-incubator-ico105\/#breadcrumb","itemListElement":[{"@type":"ListItem","position":1,"name":"Home","item":"https:\/\/eastwings-diagnostics.com\/"},{"@type":"ListItem","position":2,"name":"Products","item":"https:\/\/eastwings-diagnostics.com\/products\/"},{"@type":"ListItem","position":3,"name":"CO2 incubator ICO105"}]},{"@type":"WebSite","@id":"https:\/\/eastwings-diagnostics.com\/#website","url":"https:\/\/eastwings-diagnostics.com\/","name":"Eastwings Diagnostics Ltd","description":"","publisher":{"@id":"https:\/\/eastwings-diagnostics.com\/#organization"},"potentialAction":[{"@type":"SearchAction","target":{"@type":"EntryPoint","urlTemplate":"https:\/\/eastwings-diagnostics.com\/?s={search_term_string}"},"query-input":{"@type":"PropertyValueSpecification","valueRequired":true,"valueName":"search_term_string"}}],"inLanguage":"es"},{"@type":"Organization","@id":"https:\/\/eastwings-diagnostics.com\/#organization","name":"Eastwings Diagnostics LTD","url":"https:\/\/eastwings-diagnostics.com\/","logo":{"@type":"ImageObject","inLanguage":"es","@id":"https:\/\/eastwings-diagnostics.com\/#\/schema\/logo\/image\/","url":"https:\/\/eastwings-diagnostics.com\/wp-content\/uploads\/2021\/11\/eastwingss-diaa.png","contentUrl":"https:\/\/eastwings-diagnostics.com\/wp-content\/uploads\/2021\/11\/eastwingss-diaa.png","width":512,"height":120,"caption":"Eastwings Diagnostics LTD"},"image":{"@id":"https:\/\/eastwings-diagnostics.com\/#\/schema\/logo\/image\/"},"sameAs":["https:\/\/x.com\/eastwings3","http:\/\/www.linkedin.com\/in\/eastwings-diagnostics-213031226"]}]}},"jetpack_sharing_enabled":true,"_links":{"self":[{"href":"https:\/\/eastwings-diagnostics.com\/es\/wp-json\/wp\/v2\/product\/6934","targetHints":{"allow":["GET"]}}],"collection":[{"href":"https:\/\/eastwings-diagnostics.com\/es\/wp-json\/wp\/v2\/product"}],"about":[{"href":"https:\/\/eastwings-diagnostics.com\/es\/wp-json\/wp\/v2\/types\/product"}],"wp:featuredmedia":[{"embeddable":true,"href":"https:\/\/eastwings-diagnostics.com\/es\/wp-json\/wp\/v2\/media\/6935"}],"wp:attachment":[{"href":"https:\/\/eastwings-diagnostics.com\/es\/wp-json\/wp\/v2\/media?parent=6934"}],"wp:term":[{"taxonomy":"product_brand","embeddable":true,"href":"https:\/\/eastwings-diagnostics.com\/es\/wp-json\/wp\/v2\/product_brand?post=6934"},{"taxonomy":"product_cat","embeddable":true,"href":"https:\/\/eastwings-diagnostics.com\/es\/wp-json\/wp\/v2\/product_cat?post=6934"},{"taxonomy":"product_tag","embeddable":true,"href":"https:\/\/eastwings-diagnostics.com\/es\/wp-json\/wp\/v2\/product_tag?post=6934"}],"curies":[{"name":"wp","href":"https:\/\/api.w.org\/{rel}","templated":true}]}}